{"id":1291,"date":"2025-02-06T15:49:01","date_gmt":"2025-02-06T14:49:01","guid":{"rendered":"https:\/\/eyeofthewind.net\/?page_id=1291"},"modified":"2026-04-02T11:54:52","modified_gmt":"2026-04-02T09:54:52","slug":"atlantic-crossing","status":"publish","type":"page","link":"https:\/\/eyeofthewind.net\/en\/atlantikueberquerung\/","title":{"rendered":"Trans-Atlantic"},"content":{"rendered":"<div class=\"gb-container gb-container-ada8cba4 fadein alignfull\">\n<div class=\"gb-container gb-container-525ea1d0\">\n\n<h2 class=\"gb-headline gb-headline-5d570db3 gb-headline-text\">Atlantik Segelt\u00f6rns mit der Eye of the Wind<\/h2>\n\n\n\n<p class=\"has-text-align-center\">Blauwassersegeln! <strong>Mitsgeln auf den Weiten des Ozeans!<\/strong> F\u00fcr viele Reisende ist eine Atlantik\u00fcberquerung mit dem Segelschiff ein lang ersehntes Abenteuer. Trans-Atlantik mit dem Gro\u00dfsegler,&nbsp;<strong>mehrere Wochen nur den weiten Ozean<\/strong>&nbsp;um sich herum zu haben \u2013 das setzt sich in der Erinnerung fest.&nbsp;<strong>Segeln im Einklang mit der Natur<\/strong>&nbsp;steht bei einer solchen Reise im Vordergrund; Passagiere und Stammbesatzung wachsen w\u00e4hrend eines solchen T\u00f6rns noch st\u00e4rker zusammen als sonst.<\/p>\n\n\n<div class=\"jet-listing-grid--blocks\"data-element-id=\"c763ff42-91ac-4f0d-ba69-9d2b8d68c9c5\"data-listing-type=\"blocks\"data-is-block=\"jet-engine\/listing-grid\"><div class=\"jet-listing-grid jet-listing\"><div class=\"jet-listing-not-found jet-listing-grid__items\" data-nav=\"{&quot;enabled&quot;:false,&quot;type&quot;:null,&quot;more_el&quot;:null,&quot;query&quot;:[],&quot;widget_settings&quot;:{&quot;lisitng_id&quot;:437,&quot;posts_num&quot;:6,&quot;columns&quot;:3,&quot;columns_tablet&quot;:3,&quot;columns_mobile&quot;:1,&quot;column_min_width&quot;:240,&quot;column_min_width_tablet&quot;:240,&quot;column_min_width_mobile&quot;:240,&quot;inline_columns_css&quot;:true,&quot;is_archive_template&quot;:&quot;&quot;,&quot;post_status&quot;:[&quot;publish&quot;],&quot;use_random_posts_num&quot;:&quot;&quot;,&quot;max_posts_num&quot;:6,&quot;not_found_message&quot;:&quot;F\\u00fcr dieses Segelrevier sind momentan keine T\\u00f6rnangebote verf\\u00fcgbar.&quot;,&quot;is_masonry&quot;:false,&quot;equal_columns_height&quot;:&quot;&quot;,&quot;use_load_more&quot;:&quot;&quot;,&quot;load_more_id&quot;:&quot;&quot;,&quot;load_more_type&quot;:&quot;click&quot;,&quot;load_more_offset&quot;:null,&quot;use_custom_post_types&quot;:&quot;&quot;,&quot;custom_post_types&quot;:[],&quot;hide_widget_if&quot;:&quot;&quot;,&quot;carousel_enabled&quot;:&quot;&quot;,&quot;slides_to_scroll&quot;:1,&quot;arrows&quot;:true,&quot;arrow_icon&quot;:&quot;fa fa-angle-left&quot;,&quot;dots&quot;:&quot;&quot;,&quot;autoplay&quot;:true,&quot;pause_on_hover&quot;:true,&quot;autoplay_speed&quot;:5000,&quot;infinite&quot;:true,&quot;center_mode&quot;:&quot;&quot;,&quot;effect&quot;:&quot;slide&quot;,&quot;speed&quot;:500,&quot;inject_alternative_items&quot;:&quot;&quot;,&quot;injection_items&quot;:[],&quot;scroll_slider_enabled&quot;:&quot;&quot;,&quot;scroll_slider_on&quot;:[&quot;desktop&quot;,&quot;tablet&quot;,&quot;mobile&quot;],&quot;custom_query&quot;:true,&quot;custom_query_id&quot;:&quot;12&quot;,&quot;_element_id&quot;:&quot;&quot;,&quot;collapse_first_last_gap&quot;:false,&quot;list_tag_selection&quot;:&quot;&quot;,&quot;list_items_wrapper_tag&quot;:&quot;div&quot;,&quot;list_item_tag&quot;:&quot;div&quot;,&quot;empty_items_wrapper_tag&quot;:&quot;div&quot;}}\" data-listing-source=\"query\" data-listing-id=\"437\" data-query-id=\"12\" data-queried-id=\"1291|WP_Post\">F\u00fcr dieses Segelrevier sind momentan keine T\u00f6rnangebote verf\u00fcgbar.<\/div><\/div><\/div>\n<\/div>\n<\/div>","protected":false},"excerpt":{"rendered":"<p>Atlantik Segelt\u00f6rns mit der Eye of the Wind Blauwassersegeln! Mitsgeln auf den Weiten des Ozeans! F\u00fcr viele Reisende ist eine Atlantik\u00fcberquerung mit dem Segelschiff ein lang ersehntes Abenteuer. Trans-Atlantik mit dem Gro\u00dfsegler,&nbsp;mehrere Wochen nur den weiten Ozean&nbsp;um sich herum zu haben \u2013 das setzt sich in der Erinnerung fest.&nbsp;Segeln im Einklang mit der Natur&nbsp;steht bei [&hellip;]<\/p>\n","protected":false},"author":1,"featured_media":2113,"parent":0,"menu_order":0,"comment_status":"closed","ping_status":"closed","template":"","meta":{"_acf_changed":false,"_vp_format_video_url":"","_vp_image_focal_point":[],"footnotes":""},"class_list":["post-1291","page","type-page","status-publish","has-post-thumbnail","hentry"],"blocksy_meta":[],"acf":[],"yoast_head":"<!-- This site is optimized with the Yoast SEO plugin v27.3 - https:\/\/yoast.com\/product\/yoast-seo-wordpress\/ -->\n<title>Trans-Atlantik - Segelschiff Charter &amp; Reisen - Eye of the Wind<\/title>\n<meta name=\"robots\" content=\"index, follow, max-snippet:-1, max-image-preview:large, max-video-preview:-1\" \/>\n<link rel=\"canonical\" href=\"https:\/\/eyeofthewind.net\/en\/atlantic-crossing\/\" \/>\n<meta property=\"og:locale\" content=\"en_GB\" \/>\n<meta property=\"og:type\" content=\"article\" \/>\n<meta property=\"og:title\" content=\"Trans-Atlantik - Segelschiff Charter &amp; Reisen - Eye of the Wind\" \/>\n<meta property=\"og:description\" content=\"Atlantik Segelt\u00f6rns mit der Eye of the Wind Blauwassersegeln! Mitsgeln auf den Weiten des Ozeans! F\u00fcr viele Reisende ist eine Atlantik\u00fcberquerung mit dem Segelschiff ein lang ersehntes Abenteuer. Trans-Atlantik mit dem Gro\u00dfsegler,&nbsp;mehrere Wochen nur den weiten Ozean&nbsp;um sich herum zu haben \u2013 das setzt sich in der Erinnerung fest.&nbsp;Segeln im Einklang mit der Natur&nbsp;steht bei [&hellip;]\" \/>\n<meta property=\"og:url\" content=\"https:\/\/eyeofthewind.net\/en\/atlantic-crossing\/\" \/>\n<meta property=\"og:site_name\" content=\"Segelschiff Charter &amp; Reisen - Eye of the Wind\" \/>\n<meta property=\"article:modified_time\" content=\"2026-04-02T09:54:52+00:00\" \/>\n<meta property=\"og:image\" content=\"https:\/\/eyeofthewind.net\/wp-content\/uploads\/2025\/03\/IMG_1331-b.jpg\" \/>\n\t<meta property=\"og:image:width\" content=\"1024\" \/>\n\t<meta property=\"og:image:height\" content=\"713\" \/>\n\t<meta property=\"og:image:type\" content=\"image\/jpeg\" \/>\n<meta name=\"twitter:card\" content=\"summary_large_image\" \/>\n<meta name=\"twitter:label1\" content=\"Estimated reading time\" \/>\n\t<meta name=\"twitter:data1\" content=\"1 minute\" \/>\n<script type=\"application\/ld+json\" class=\"yoast-schema-graph\">{\"@context\":\"https:\\\/\\\/schema.org\",\"@graph\":[{\"@type\":\"WebPage\",\"@id\":\"https:\\\/\\\/eyeofthewind.net\\\/atlantikueberquerung\\\/\",\"url\":\"https:\\\/\\\/eyeofthewind.net\\\/atlantikueberquerung\\\/\",\"name\":\"Trans-Atlantik - Segelschiff Charter &amp; Reisen - Eye of the Wind\",\"isPartOf\":{\"@id\":\"https:\\\/\\\/eyeofthewind.net\\\/#website\"},\"primaryImageOfPage\":{\"@id\":\"https:\\\/\\\/eyeofthewind.net\\\/atlantikueberquerung\\\/#primaryimage\"},\"image\":{\"@id\":\"https:\\\/\\\/eyeofthewind.net\\\/atlantikueberquerung\\\/#primaryimage\"},\"thumbnailUrl\":\"https:\\\/\\\/eyeofthewind.net\\\/wp-content\\\/uploads\\\/2025\\\/03\\\/IMG_1331-b.jpg\",\"datePublished\":\"2025-02-06T14:49:01+00:00\",\"dateModified\":\"2026-04-02T09:54:52+00:00\",\"breadcrumb\":{\"@id\":\"https:\\\/\\\/eyeofthewind.net\\\/atlantikueberquerung\\\/#breadcrumb\"},\"inLanguage\":\"en-GB\",\"potentialAction\":[{\"@type\":\"ReadAction\",\"target\":[\"https:\\\/\\\/eyeofthewind.net\\\/atlantikueberquerung\\\/\"]}]},{\"@type\":\"ImageObject\",\"inLanguage\":\"en-GB\",\"@id\":\"https:\\\/\\\/eyeofthewind.net\\\/atlantikueberquerung\\\/#primaryimage\",\"url\":\"https:\\\/\\\/eyeofthewind.net\\\/wp-content\\\/uploads\\\/2025\\\/03\\\/IMG_1331-b.jpg\",\"contentUrl\":\"https:\\\/\\\/eyeofthewind.net\\\/wp-content\\\/uploads\\\/2025\\\/03\\\/IMG_1331-b.jpg\",\"width\":1024,\"height\":713},{\"@type\":\"BreadcrumbList\",\"@id\":\"https:\\\/\\\/eyeofthewind.net\\\/atlantikueberquerung\\\/#breadcrumb\",\"itemListElement\":[{\"@type\":\"ListItem\",\"position\":1,\"name\":\"Startseite\",\"item\":\"https:\\\/\\\/eyeofthewind.net\\\/\"},{\"@type\":\"ListItem\",\"position\":2,\"name\":\"Trans-Atlantik\"}]},{\"@type\":\"WebSite\",\"@id\":\"https:\\\/\\\/eyeofthewind.net\\\/#website\",\"url\":\"https:\\\/\\\/eyeofthewind.net\\\/\",\"name\":\"Segelschiff Charter &amp; Reisen - Eye of the Wind\",\"description\":\"Segelurlaub mit der Eye of the Wind: Segelt\u00f6rns zwischen Ostsee, Kanaren und Karibik. Jeder kann mitsegeln! Mehr zu Ihrer Segelreise.\",\"publisher\":{\"@id\":\"https:\\\/\\\/eyeofthewind.net\\\/#organization\"},\"potentialAction\":[{\"@type\":\"SearchAction\",\"target\":{\"@type\":\"EntryPoint\",\"urlTemplate\":\"https:\\\/\\\/eyeofthewind.net\\\/?s={search_term_string}\"},\"query-input\":{\"@type\":\"PropertyValueSpecification\",\"valueRequired\":true,\"valueName\":\"search_term_string\"}}],\"inLanguage\":\"en-GB\"},{\"@type\":\"Organization\",\"@id\":\"https:\\\/\\\/eyeofthewind.net\\\/#organization\",\"name\":\"Segelschiff Charter &amp; Reisen - Eye of the Wind\",\"url\":\"https:\\\/\\\/eyeofthewind.net\\\/\",\"logo\":{\"@type\":\"ImageObject\",\"inLanguage\":\"en-GB\",\"@id\":\"https:\\\/\\\/eyeofthewind.net\\\/#\\\/schema\\\/logo\\\/image\\\/\",\"url\":\"https:\\\/\\\/eyeofthewind.net\\\/wp-content\\\/uploads\\\/2024\\\/10\\\/L_Eye_weiss.svg\",\"contentUrl\":\"https:\\\/\\\/eyeofthewind.net\\\/wp-content\\\/uploads\\\/2024\\\/10\\\/L_Eye_weiss.svg\",\"width\":202,\"height\":123,\"caption\":\"Segelschiff Charter &amp; Reisen - Eye of the Wind\"},\"image\":{\"@id\":\"https:\\\/\\\/eyeofthewind.net\\\/#\\\/schema\\\/logo\\\/image\\\/\"}}]}<\/script>\n<!-- \/ Yoast SEO plugin. -->","yoast_head_json":{"title":"Trans-Atlantic - Sailing Ship Charter &amp; Travelling - Eye of the Wind","robots":{"index":"index","follow":"follow","max-snippet":"max-snippet:-1","max-image-preview":"max-image-preview:large","max-video-preview":"max-video-preview:-1"},"canonical":"https:\/\/eyeofthewind.net\/en\/atlantic-crossing\/","og_locale":"en_GB","og_type":"article","og_title":"Trans-Atlantik - Segelschiff Charter &amp; Reisen - Eye of the Wind","og_description":"Atlantik Segelt\u00f6rns mit der Eye of the Wind Blauwassersegeln! Mitsgeln auf den Weiten des Ozeans! F\u00fcr viele Reisende ist eine Atlantik\u00fcberquerung mit dem Segelschiff ein lang ersehntes Abenteuer. Trans-Atlantik mit dem Gro\u00dfsegler,&nbsp;mehrere Wochen nur den weiten Ozean&nbsp;um sich herum zu haben \u2013 das setzt sich in der Erinnerung fest.&nbsp;Segeln im Einklang mit der Natur&nbsp;steht bei [&hellip;]","og_url":"https:\/\/eyeofthewind.net\/en\/atlantic-crossing\/","og_site_name":"Segelschiff Charter &amp; Reisen - Eye of the Wind","article_modified_time":"2026-04-02T09:54:52+00:00","og_image":[{"width":1024,"height":713,"url":"https:\/\/eyeofthewind.net\/wp-content\/uploads\/2025\/03\/IMG_1331-b.jpg","type":"image\/jpeg"}],"twitter_card":"summary_large_image","twitter_misc":{"Estimated reading time":"1 minute"},"schema":{"@context":"https:\/\/schema.org","@graph":[{"@type":"WebPage","@id":"https:\/\/eyeofthewind.net\/atlantikueberquerung\/","url":"https:\/\/eyeofthewind.net\/atlantikueberquerung\/","name":"Trans-Atlantic - Sailing Ship Charter &amp; Travelling - Eye of the Wind","isPartOf":{"@id":"https:\/\/eyeofthewind.net\/#website"},"primaryImageOfPage":{"@id":"https:\/\/eyeofthewind.net\/atlantikueberquerung\/#primaryimage"},"image":{"@id":"https:\/\/eyeofthewind.net\/atlantikueberquerung\/#primaryimage"},"thumbnailUrl":"https:\/\/eyeofthewind.net\/wp-content\/uploads\/2025\/03\/IMG_1331-b.jpg","datePublished":"2025-02-06T14:49:01+00:00","dateModified":"2026-04-02T09:54:52+00:00","breadcrumb":{"@id":"https:\/\/eyeofthewind.net\/atlantikueberquerung\/#breadcrumb"},"inLanguage":"en-GB","potentialAction":[{"@type":"ReadAction","target":["https:\/\/eyeofthewind.net\/atlantikueberquerung\/"]}]},{"@type":"ImageObject","inLanguage":"en-GB","@id":"https:\/\/eyeofthewind.net\/atlantikueberquerung\/#primaryimage","url":"https:\/\/eyeofthewind.net\/wp-content\/uploads\/2025\/03\/IMG_1331-b.jpg","contentUrl":"https:\/\/eyeofthewind.net\/wp-content\/uploads\/2025\/03\/IMG_1331-b.jpg","width":1024,"height":713},{"@type":"BreadcrumbList","@id":"https:\/\/eyeofthewind.net\/atlantikueberquerung\/#breadcrumb","itemListElement":[{"@type":"ListItem","position":1,"name":"Startseite","item":"https:\/\/eyeofthewind.net\/"},{"@type":"ListItem","position":2,"name":"Trans-Atlantik"}]},{"@type":"WebSite","@id":"https:\/\/eyeofthewind.net\/#website","url":"https:\/\/eyeofthewind.net\/","name":"Sailing Ship Charter &amp; Travelling - Eye of the Wind","description":"Sailing holidays with the Eye of the Wind: sailing trips between the Baltic Sea, Canary Islands and Caribbean. Anyone can sail with us! More about your sailing holiday.","publisher":{"@id":"https:\/\/eyeofthewind.net\/#organization"},"potentialAction":[{"@type":"SearchAction","target":{"@type":"EntryPoint","urlTemplate":"https:\/\/eyeofthewind.net\/?s={search_term_string}"},"query-input":{"@type":"PropertyValueSpecification","valueRequired":true,"valueName":"search_term_string"}}],"inLanguage":"en-GB"},{"@type":"Organization","@id":"https:\/\/eyeofthewind.net\/#organization","name":"Sailing Ship Charter &amp; Travelling - Eye of the Wind","url":"https:\/\/eyeofthewind.net\/","logo":{"@type":"ImageObject","inLanguage":"en-GB","@id":"https:\/\/eyeofthewind.net\/#\/schema\/logo\/image\/","url":"https:\/\/eyeofthewind.net\/wp-content\/uploads\/2024\/10\/L_Eye_weiss.svg","contentUrl":"https:\/\/eyeofthewind.net\/wp-content\/uploads\/2024\/10\/L_Eye_weiss.svg","width":202,"height":123,"caption":"Segelschiff Charter &amp; Reisen - Eye of the Wind"},"image":{"@id":"https:\/\/eyeofthewind.net\/#\/schema\/logo\/image\/"}}]}},"_links":{"self":[{"href":"https:\/\/eyeofthewind.net\/en\/wp-json\/wp\/v2\/pages\/1291","targetHints":{"allow":["GET"]}}],"collection":[{"href":"https:\/\/eyeofthewind.net\/en\/wp-json\/wp\/v2\/pages"}],"about":[{"href":"https:\/\/eyeofthewind.net\/en\/wp-json\/wp\/v2\/types\/page"}],"author":[{"embeddable":true,"href":"https:\/\/eyeofthewind.net\/en\/wp-json\/wp\/v2\/users\/1"}],"replies":[{"embeddable":true,"href":"https:\/\/eyeofthewind.net\/en\/wp-json\/wp\/v2\/comments?post=1291"}],"version-history":[{"count":11,"href":"https:\/\/eyeofthewind.net\/en\/wp-json\/wp\/v2\/pages\/1291\/revisions"}],"predecessor-version":[{"id":6364,"href":"https:\/\/eyeofthewind.net\/en\/wp-json\/wp\/v2\/pages\/1291\/revisions\/6364"}],"wp:featuredmedia":[{"embeddable":true,"href":"https:\/\/eyeofthewind.net\/en\/wp-json\/wp\/v2\/media\/2113"}],"wp:attachment":[{"href":"https:\/\/eyeofthewind.net\/en\/wp-json\/wp\/v2\/media?parent=1291"}],"curies":[{"name":"wp","href":"https:\/\/api.w.org\/{rel}","templated":true}]}}