{"id":1301,"date":"2025-02-11T13:11:58","date_gmt":"2025-02-11T12:11:58","guid":{"rendered":"https:\/\/eyeofthewind.net\/?page_id=1301"},"modified":"2025-04-10T09:54:12","modified_gmt":"2025-04-10T07:54:12","slug":"what-to-expect","status":"publish","type":"page","link":"https:\/\/eyeofthewind.net\/en\/was-sie-erwartet\/","title":{"rendered":"What to expect"},"content":{"rendered":"<div class=\"gb-container gb-container-3ebc3178 fadein alignfull\">\n<div class=\"gb-container gb-container-a16c7b43\">\n\n<h2 class=\"wp-block-heading\">Tradition and comfort on board<\/h2>\n\n\n\n<div style=\"height:53px\" aria-hidden=\"true\" class=\"wp-block-spacer\"><\/div>\n\n\n\n<figure class=\"wp-block-embed is-type-video is-provider-youtube wp-block-embed-youtube wp-embed-aspect-16-9 wp-has-aspect-ratio\"><div class=\"wp-block-embed__wrapper\">\n<iframe loading=\"lazy\" title=\"Tall ship Eye of the Wind\" width=\"1290\" height=\"726\" src=\"https:\/\/www.youtube.com\/embed\/7IdffAEaEiU?start=16&#038;feature=oembed\" frameborder=\"0\" allow=\"accelerometer; autoplay; clipboard-write; encrypted-media; gyroscope; picture-in-picture; web-share\" referrerpolicy=\"strict-origin-when-cross-origin\" allowfullscreen><\/iframe>\n<\/div><\/figure>\n\n\n\n<p class=\"has-text-align-left translation-block\"><br><strong>Sailing on this tall ship<\/strong>, which is over 100 years old, is like taking a <strong>leisurely trip<\/strong> back in time \u2013 combined with the <strong>comfort and safety standards<\/strong> of the present day.<\/p>\n\n\n\n<p class=\"has-text-align-left translation-block\">From the very first minute, our <a href=\"\/en\/crew\" target=\"_self\"><strong>friendly crew<\/strong><\/a> of seafarers and trainees will take care of <strong>your well-being on board<\/strong>, provide you with meals and give you tips for an <strong>eventful shore leave<\/strong>.<\/p>\n\n\n\n<p class=\"has-text-align-left translation-block\">Sailing is carried out <strong>in the traditional way <\/strong>by hand; nothing on deck happens \"at the touch of a button\". You are welcome to <strong>participate in sailing activities<\/strong> at any time and on a voluntary basis, and of course you can also <strong>take the helm<\/strong> yourself and steer the course, tie sailor's knots, climb the mast and enjoy a unique view from the very front of the bowsprit. Our competent <a href=\"\/en\/crew\" target=\"_self\"><strong>regular crew<\/strong><\/a> will provide you with expert and safe support in all weather conditions. Of course, you are also welcome to <strong>simply relax<\/strong>, enjoy the power of the wind, <strong>observe nature<\/strong>, count nautical miles and forget about everyday life. On longer voyages, <strong>stopovers are usually planned<\/strong> at short notice and, whenever possible, by <strong>taking your wishes into account<\/strong>. In this way, you will experience a sailing trip with the Eye of the Wind as a pleasant maritime <strong>mixture of adventure and comfort, of participation and enjoyment<\/strong>. You will always be well catered for, as <strong>all travel offers include full board<\/strong> (excluding soft drinks and alcoholic beverages).<\/p>\n\n\n\n<p class=\"has-text-align-left translation-block\">The varied <strong>\u00a0<a href=\"\/en\/cruise\/sailplan\/\" target=\"_self\">sailing plan<\/a><\/strong> offers the right trip for every taste: the options range <strong>from a day trip lasting several hours<\/strong> during a harbour festival to a three-day taster trip or a week-long discovery trip <strong>up to several weeks of blue water sailing<\/strong> across the Atlantic!<\/p>\n\n\n\n<p class=\"has-text-align-left translation-block\">The <strong>choice of sailing areas<\/strong> depends on the season. In the summer months, we visit attractive ports on European seas, which vary from year to year. The waters around <strong>Scandinavia<\/strong> and along the German, British, French and Spanish coasts are particularly favoured destinations at this time of year. During the winter months, the Eye of the Wind sets sail for the <strong>Canary Islands<\/strong>, the Mediterranean or the <strong>Caribbean Sea<\/strong>. Is your dream destination not listed in the <a href=\"\/en\/cruise\/sailplan\/\" target=\"_self\"><strong>sailing plan<\/strong><\/a>? \u2013 Then please <a href=\"\/en\/service\/contact\/\" target=\"_self\">contact us<\/a> with your individual travel request!<\/p>\n\n\n\n<p class=\"has-text-align-left translation-block\">Please also browse through our on-board brochure (at the bottom of this page). It will give you an impression of <strong>a typical itinerary<\/strong> and practical tips for everyday life on board. We will be happy to send you your own personal copy in printed form <a href=\"\/en\/service\/contact\/\" target=\"_self\">on request<\/a>.<\/p>\n\n<\/div>\n<\/div>\n\n<div class=\"gb-container gb-container-719fcc08 fadein alignfull\">\n<div class=\"gb-container gb-container-dd1b6351\">\n\n<h2 class=\"gb-headline gb-headline-ff8b0162 gb-headline-text\">Please read our on-board brochure<\/h2>\n\n\n\n<p class=\"has-text-align-center\">You can download the on-board brochure (PDF format) here:<\/p>\n\n\n\n<figure class=\"gb-block-image gb-block-image-0f36d5bc\"><a href=\"https:\/\/eyeofthewind.net\/wp-content\/uploads\/2024\/12\/Bordbuch.pdf\" target=\"_blank\" rel=\"noopener noreferrer nofollow\"><img loading=\"lazy\" decoding=\"async\" width=\"937\" height=\"673\" class=\"gb-image gb-image-0f36d5bc\" src=\"https:\/\/eyeofthewind.net\/wp-content\/uploads\/2025\/02\/Bordbuch_Titel.jpg\" alt=\"\" title=\"Logbook_Title\" srcset=\"https:\/\/eyeofthewind.net\/wp-content\/uploads\/2025\/02\/Bordbuch_Titel.jpg 937w, https:\/\/eyeofthewind.net\/wp-content\/uploads\/2025\/02\/Bordbuch_Titel-500x359.jpg 500w, https:\/\/eyeofthewind.net\/wp-content\/uploads\/2025\/02\/Bordbuch_Titel-300x215.jpg 300w, https:\/\/eyeofthewind.net\/wp-content\/uploads\/2025\/02\/Bordbuch_Titel-768x552.jpg 768w, https:\/\/eyeofthewind.net\/wp-content\/uploads\/2025\/02\/Bordbuch_Titel-18x12.jpg 18w, https:\/\/eyeofthewind.net\/wp-content\/uploads\/2025\/02\/Bordbuch_Titel-800x575.jpg 800w\" sizes=\"auto, (max-width: 937px) 100vw, 937px\" \/><\/a><\/figure>\n\n<\/div>\n<\/div>","protected":false},"excerpt":{"rendered":"<p>Tradition und Komfort an Bord Das Mitsegeln auf unserem \u00fcber 100 Jahre alten Windjammer ist wie eine\u00a0gem\u00fctliche Reise\u00a0in die Vergangenheit \u2013 verbunden mit dem\u00a0Komfort und den Sicherheits-Standards\u00a0der Gegenwart. Von der ersten Minute an k\u00fcmmert sich unsere freundliche, aus festangestellten Seeleuten und Trainees bestehende\u00a0Crew\u00a0um\u00a0Ihr Wohlbefinden auf dem Schiff, sorgt f\u00fcr Ihre Verpflegung und gibt Ratschl\u00e4ge f\u00fcr [&hellip;]<\/p>\n","protected":false},"author":1,"featured_media":2535,"parent":0,"menu_order":0,"comment_status":"closed","ping_status":"closed","template":"","meta":{"_acf_changed":false,"_vp_format_video_url":"","_vp_image_focal_point":[],"footnotes":""},"class_list":["post-1301","page","type-page","status-publish","has-post-thumbnail","hentry"],"blocksy_meta":[],"acf":[],"yoast_head":"<!-- This site is optimized with the Yoast SEO plugin v27.3 - https:\/\/yoast.com\/product\/yoast-seo-wordpress\/ -->\n<title>Was Sie erwartet - Segelschiff Charter &amp; Reisen - Eye of the Wind<\/title>\n<meta name=\"robots\" content=\"index, follow, max-snippet:-1, max-image-preview:large, max-video-preview:-1\" \/>\n<link rel=\"canonical\" href=\"https:\/\/eyeofthewind.net\/en\/what-to-expect\/\" \/>\n<meta property=\"og:locale\" content=\"en_GB\" \/>\n<meta property=\"og:type\" content=\"article\" \/>\n<meta property=\"og:title\" content=\"Was Sie erwartet - Segelschiff Charter &amp; Reisen - Eye of the Wind\" \/>\n<meta property=\"og:description\" content=\"Tradition und Komfort an Bord Das Mitsegeln auf unserem \u00fcber 100 Jahre alten Windjammer ist wie eine\u00a0gem\u00fctliche Reise\u00a0in die Vergangenheit \u2013 verbunden mit dem\u00a0Komfort und den Sicherheits-Standards\u00a0der Gegenwart. Von der ersten Minute an k\u00fcmmert sich unsere freundliche, aus festangestellten Seeleuten und Trainees bestehende\u00a0Crew\u00a0um\u00a0Ihr Wohlbefinden auf dem Schiff, sorgt f\u00fcr Ihre Verpflegung und gibt Ratschl\u00e4ge f\u00fcr [&hellip;]\" \/>\n<meta property=\"og:url\" content=\"https:\/\/eyeofthewind.net\/en\/what-to-expect\/\" \/>\n<meta property=\"og:site_name\" content=\"Segelschiff Charter &amp; Reisen - Eye of the Wind\" \/>\n<meta property=\"article:modified_time\" content=\"2025-04-10T07:54:12+00:00\" \/>\n<meta property=\"og:image\" content=\"https:\/\/eyeofthewind.net\/wp-content\/uploads\/2025\/04\/IMG_89979001pank-e1744271644698.jpg\" \/>\n\t<meta property=\"og:image:width\" content=\"1024\" \/>\n\t<meta property=\"og:image:height\" content=\"602\" \/>\n\t<meta property=\"og:image:type\" content=\"image\/jpeg\" \/>\n<meta name=\"twitter:card\" content=\"summary_large_image\" \/>\n<meta name=\"twitter:label1\" content=\"Estimated reading time\" \/>\n\t<meta name=\"twitter:data1\" content=\"3 minutes\" \/>\n<script type=\"application\/ld+json\" class=\"yoast-schema-graph\">{\"@context\":\"https:\\\/\\\/schema.org\",\"@graph\":[{\"@type\":\"WebPage\",\"@id\":\"https:\\\/\\\/eyeofthewind.net\\\/en\\\/what-to-expect\\\/\",\"url\":\"https:\\\/\\\/eyeofthewind.net\\\/en\\\/what-to-expect\\\/\",\"name\":\"Was Sie erwartet - Segelschiff Charter &amp; Reisen - Eye of the Wind\",\"isPartOf\":{\"@id\":\"https:\\\/\\\/eyeofthewind.net\\\/#website\"},\"primaryImageOfPage\":{\"@id\":\"https:\\\/\\\/eyeofthewind.net\\\/en\\\/what-to-expect\\\/#primaryimage\"},\"image\":{\"@id\":\"https:\\\/\\\/eyeofthewind.net\\\/en\\\/what-to-expect\\\/#primaryimage\"},\"thumbnailUrl\":\"https:\\\/\\\/eyeofthewind.net\\\/wp-content\\\/uploads\\\/2025\\\/04\\\/IMG_89979001pank-e1744271644698.jpg\",\"datePublished\":\"2025-02-11T12:11:58+00:00\",\"dateModified\":\"2025-04-10T07:54:12+00:00\",\"breadcrumb\":{\"@id\":\"https:\\\/\\\/eyeofthewind.net\\\/en\\\/what-to-expect\\\/#breadcrumb\"},\"inLanguage\":\"en-GB\",\"potentialAction\":[{\"@type\":\"ReadAction\",\"target\":[\"https:\\\/\\\/eyeofthewind.net\\\/en\\\/what-to-expect\\\/\"]}]},{\"@type\":\"ImageObject\",\"inLanguage\":\"en-GB\",\"@id\":\"https:\\\/\\\/eyeofthewind.net\\\/en\\\/what-to-expect\\\/#primaryimage\",\"url\":\"https:\\\/\\\/eyeofthewind.net\\\/wp-content\\\/uploads\\\/2025\\\/04\\\/IMG_89979001pank-e1744271644698.jpg\",\"contentUrl\":\"https:\\\/\\\/eyeofthewind.net\\\/wp-content\\\/uploads\\\/2025\\\/04\\\/IMG_89979001pank-e1744271644698.jpg\",\"width\":1024,\"height\":602},{\"@type\":\"BreadcrumbList\",\"@id\":\"https:\\\/\\\/eyeofthewind.net\\\/en\\\/what-to-expect\\\/#breadcrumb\",\"itemListElement\":[{\"@type\":\"ListItem\",\"position\":1,\"name\":\"Startseite\",\"item\":\"https:\\\/\\\/eyeofthewind.net\\\/\"},{\"@type\":\"ListItem\",\"position\":2,\"name\":\"Was Sie erwartet\"}]},{\"@type\":\"WebSite\",\"@id\":\"https:\\\/\\\/eyeofthewind.net\\\/#website\",\"url\":\"https:\\\/\\\/eyeofthewind.net\\\/\",\"name\":\"Segelschiff Charter &amp; Reisen - Eye of the Wind\",\"description\":\"Segelurlaub mit der Eye of the Wind: Segelt\u00f6rns zwischen Ostsee, Kanaren und Karibik. Jeder kann mitsegeln! Mehr zu Ihrer Segelreise.\",\"publisher\":{\"@id\":\"https:\\\/\\\/eyeofthewind.net\\\/#organization\"},\"potentialAction\":[{\"@type\":\"SearchAction\",\"target\":{\"@type\":\"EntryPoint\",\"urlTemplate\":\"https:\\\/\\\/eyeofthewind.net\\\/?s={search_term_string}\"},\"query-input\":{\"@type\":\"PropertyValueSpecification\",\"valueRequired\":true,\"valueName\":\"search_term_string\"}}],\"inLanguage\":\"en-GB\"},{\"@type\":\"Organization\",\"@id\":\"https:\\\/\\\/eyeofthewind.net\\\/#organization\",\"name\":\"Segelschiff Charter &amp; Reisen - Eye of the Wind\",\"url\":\"https:\\\/\\\/eyeofthewind.net\\\/\",\"logo\":{\"@type\":\"ImageObject\",\"inLanguage\":\"en-GB\",\"@id\":\"https:\\\/\\\/eyeofthewind.net\\\/#\\\/schema\\\/logo\\\/image\\\/\",\"url\":\"https:\\\/\\\/eyeofthewind.net\\\/wp-content\\\/uploads\\\/2024\\\/10\\\/L_Eye_weiss.svg\",\"contentUrl\":\"https:\\\/\\\/eyeofthewind.net\\\/wp-content\\\/uploads\\\/2024\\\/10\\\/L_Eye_weiss.svg\",\"width\":202,\"height\":123,\"caption\":\"Segelschiff Charter &amp; Reisen - Eye of the Wind\"},\"image\":{\"@id\":\"https:\\\/\\\/eyeofthewind.net\\\/#\\\/schema\\\/logo\\\/image\\\/\"}}]}<\/script>\n<!-- \/ Yoast SEO plugin. -->","yoast_head_json":{"title":"What to expect - Sailboat Charter &amp; Travel - Eye of the Wind","robots":{"index":"index","follow":"follow","max-snippet":"max-snippet:-1","max-image-preview":"max-image-preview:large","max-video-preview":"max-video-preview:-1"},"canonical":"https:\/\/eyeofthewind.net\/en\/what-to-expect\/","og_locale":"en_GB","og_type":"article","og_title":"Was Sie erwartet - Segelschiff Charter &amp; Reisen - Eye of the Wind","og_description":"Tradition und Komfort an Bord Das Mitsegeln auf unserem \u00fcber 100 Jahre alten Windjammer ist wie eine\u00a0gem\u00fctliche Reise\u00a0in die Vergangenheit \u2013 verbunden mit dem\u00a0Komfort und den Sicherheits-Standards\u00a0der Gegenwart. Von der ersten Minute an k\u00fcmmert sich unsere freundliche, aus festangestellten Seeleuten und Trainees bestehende\u00a0Crew\u00a0um\u00a0Ihr Wohlbefinden auf dem Schiff, sorgt f\u00fcr Ihre Verpflegung und gibt Ratschl\u00e4ge f\u00fcr [&hellip;]","og_url":"https:\/\/eyeofthewind.net\/en\/what-to-expect\/","og_site_name":"Segelschiff Charter &amp; Reisen - Eye of the Wind","article_modified_time":"2025-04-10T07:54:12+00:00","og_image":[{"width":1024,"height":602,"url":"https:\/\/eyeofthewind.net\/wp-content\/uploads\/2025\/04\/IMG_89979001pank-e1744271644698.jpg","type":"image\/jpeg"}],"twitter_card":"summary_large_image","twitter_misc":{"Estimated reading time":"3 minutes"},"schema":{"@context":"https:\/\/schema.org","@graph":[{"@type":"WebPage","@id":"https:\/\/eyeofthewind.net\/en\/what-to-expect\/","url":"https:\/\/eyeofthewind.net\/en\/what-to-expect\/","name":"What to expect - Sailboat Charter &amp; Travel - Eye of the Wind","isPartOf":{"@id":"https:\/\/eyeofthewind.net\/#website"},"primaryImageOfPage":{"@id":"https:\/\/eyeofthewind.net\/en\/what-to-expect\/#primaryimage"},"image":{"@id":"https:\/\/eyeofthewind.net\/en\/what-to-expect\/#primaryimage"},"thumbnailUrl":"https:\/\/eyeofthewind.net\/wp-content\/uploads\/2025\/04\/IMG_89979001pank-e1744271644698.jpg","datePublished":"2025-02-11T12:11:58+00:00","dateModified":"2025-04-10T07:54:12+00:00","breadcrumb":{"@id":"https:\/\/eyeofthewind.net\/en\/what-to-expect\/#breadcrumb"},"inLanguage":"en-GB","potentialAction":[{"@type":"ReadAction","target":["https:\/\/eyeofthewind.net\/en\/what-to-expect\/"]}]},{"@type":"ImageObject","inLanguage":"en-GB","@id":"https:\/\/eyeofthewind.net\/en\/what-to-expect\/#primaryimage","url":"https:\/\/eyeofthewind.net\/wp-content\/uploads\/2025\/04\/IMG_89979001pank-e1744271644698.jpg","contentUrl":"https:\/\/eyeofthewind.net\/wp-content\/uploads\/2025\/04\/IMG_89979001pank-e1744271644698.jpg","width":1024,"height":602},{"@type":"BreadcrumbList","@id":"https:\/\/eyeofthewind.net\/en\/what-to-expect\/#breadcrumb","itemListElement":[{"@type":"ListItem","position":1,"name":"Startseite","item":"https:\/\/eyeofthewind.net\/"},{"@type":"ListItem","position":2,"name":"Was Sie erwartet"}]},{"@type":"WebSite","@id":"https:\/\/eyeofthewind.net\/#website","url":"https:\/\/eyeofthewind.net\/","name":"Sailing Ship Charter &amp; Travelling - Eye of the Wind","description":"Sailing holidays with the Eye of the Wind: sailing trips between the Baltic Sea, Canary Islands and Caribbean. Anyone can sail with us! More about your sailing holiday.","publisher":{"@id":"https:\/\/eyeofthewind.net\/#organization"},"potentialAction":[{"@type":"SearchAction","target":{"@type":"EntryPoint","urlTemplate":"https:\/\/eyeofthewind.net\/?s={search_term_string}"},"query-input":{"@type":"PropertyValueSpecification","valueRequired":true,"valueName":"search_term_string"}}],"inLanguage":"en-GB"},{"@type":"Organization","@id":"https:\/\/eyeofthewind.net\/#organization","name":"Sailing Ship Charter &amp; Travelling - Eye of the Wind","url":"https:\/\/eyeofthewind.net\/","logo":{"@type":"ImageObject","inLanguage":"en-GB","@id":"https:\/\/eyeofthewind.net\/#\/schema\/logo\/image\/","url":"https:\/\/eyeofthewind.net\/wp-content\/uploads\/2024\/10\/L_Eye_weiss.svg","contentUrl":"https:\/\/eyeofthewind.net\/wp-content\/uploads\/2024\/10\/L_Eye_weiss.svg","width":202,"height":123,"caption":"Segelschiff Charter &amp; Reisen - Eye of the Wind"},"image":{"@id":"https:\/\/eyeofthewind.net\/#\/schema\/logo\/image\/"}}]}},"_links":{"self":[{"href":"https:\/\/eyeofthewind.net\/en\/wp-json\/wp\/v2\/pages\/1301","targetHints":{"allow":["GET"]}}],"collection":[{"href":"https:\/\/eyeofthewind.net\/en\/wp-json\/wp\/v2\/pages"}],"about":[{"href":"https:\/\/eyeofthewind.net\/en\/wp-json\/wp\/v2\/types\/page"}],"author":[{"embeddable":true,"href":"https:\/\/eyeofthewind.net\/en\/wp-json\/wp\/v2\/users\/1"}],"replies":[{"embeddable":true,"href":"https:\/\/eyeofthewind.net\/en\/wp-json\/wp\/v2\/comments?post=1301"}],"version-history":[{"count":20,"href":"https:\/\/eyeofthewind.net\/en\/wp-json\/wp\/v2\/pages\/1301\/revisions"}],"predecessor-version":[{"id":2534,"href":"https:\/\/eyeofthewind.net\/en\/wp-json\/wp\/v2\/pages\/1301\/revisions\/2534"}],"wp:featuredmedia":[{"embeddable":true,"href":"https:\/\/eyeofthewind.net\/en\/wp-json\/wp\/v2\/media\/2535"}],"wp:attachment":[{"href":"https:\/\/eyeofthewind.net\/en\/wp-json\/wp\/v2\/media?parent=1301"}],"curies":[{"name":"wp","href":"https:\/\/api.w.org\/{rel}","templated":true}]}}