{"id":3043,"date":"2025-05-23T14:08:09","date_gmt":"2025-05-23T12:08:09","guid":{"rendered":"https:\/\/eyeofthewind.net\/?page_id=3043"},"modified":"2026-04-07T11:51:41","modified_gmt":"2026-04-07T09:51:41","slug":"vouchers","status":"publish","type":"page","link":"https:\/\/eyeofthewind.net\/en\/gutscheine\/","title":{"rendered":"Gift Vouchers"},"content":{"rendered":"<div class=\"gb-container gb-container-719fcc08 fadein alignfull\">\n<div class=\"gb-container gb-container-dd1b6351\">\n\n<h2 class=\"gb-headline gb-headline-ff8b0162 gb-headline-text\">Eye of the Wind Geschenk-Gutschein<\/h2>\n\n\n\n<p class=\"has-text-align-center\">Hier k\u00f6nnen Sie einen Geschenk-Gutschein nach Ihren eigenen Vorgaben bestellen \u2013 entweder Sie w\u00e4hlen einen\u00a0<a href=\"\/mitsegeln\/toernplan\/\" target=\"_blank\" rel=\"noreferrer noopener\">T\u00f6rn<\/a>\u00a0aus oder Sie geben einen beliebigen Gutscheinbetrag ein. Der Name des Gutscheinempf\u00e4ngers wird auf dem Gutschein angegeben.<\/p>\n\n\n\n<div style=\"height:100px\" aria-hidden=\"true\" class=\"wp-block-spacer\"><\/div>\n\n\n<div class=\"frm_forms  with_frm_style frm_style_ey-of-the-wind\" id=\"frm_form_7_container\" data-token=\"a1c84871a94025d001bdb5814d690d87\">\n<form enctype=\"multipart\/form-data\" method=\"post\" class=\"frm-show-form  frm_pro_form \" id=\"form_llkhz42\" data-token=\"a1c84871a94025d001bdb5814d690d87\">\n<div class=\"frm_form_fields \">\n<fieldset>\n<legend class=\"frm_screen_reader\">Gutschein<\/legend>\r\n\r\n<div class=\"frm_fields_container\">\n<input type=\"hidden\" name=\"frm_action\" value=\"create\" \/>\n<input type=\"hidden\" name=\"form_id\" value=\"7\" \/>\n<input type=\"hidden\" name=\"frm_hide_fields_7\" id=\"frm_hide_fields_7\" value=\"\" \/>\n<input type=\"hidden\" name=\"form_key\" value=\"llkhz42\" \/>\n<input type=\"hidden\" name=\"item_meta[0]\" value=\"\" \/>\n<input type=\"hidden\" id=\"frm_submit_entry_7\" name=\"frm_submit_entry_7\" value=\"1807da0689\" \/><input type=\"hidden\" name=\"_wp_http_referer\" value=\"\/en\/wp-json\/wp\/v2\/pages\/3043\" \/><div id=\"frm_field_75_container\" class=\"frm_form_field form-field  frm_required_field frm_top_container\">\r\n\t<label for=\"field_8qwej\" id=\"field_8qwej_label\" class=\"frm_primary_label\">Buchungsnummer oder Gutscheinwert\r\n\t\t<span class=\"frm_required\" aria-hidden=\"true\">*<\/span>\r\n\t<\/label>\r\n\t<input  type=\"text\" id=\"field_8qwej\" name=\"item_meta[75]\" value=\"\"  required=\"required\" title=\"Bitte dieses Feld ausf\u00fcllen\" data-reqmsg=\"Buchungsnummer oder Gutscheinwert ist ein Pflichtfeld und muss ausgef\u00fcllt werden\" aria-required=\"true\" data-invmsg=\"Buchungsnummer oder Gutscheinwert ist ung\u00fcltig\" aria-invalid=\"false\"   \/>\r\n\t\r\n\t\r\n<\/div>\n<div id=\"frm_field_76_container\" class=\"frm_form_field form-field  frm_required_field frm_top_container\">\r\n\t<label for=\"field_9qjee\" id=\"field_9qjee_label\" class=\"frm_primary_label\">Gutscheinempf\u00e4nger \r\n\t\t<span class=\"frm_required\" aria-hidden=\"true\">*<\/span>\r\n\t<\/label>\r\n\t<input  type=\"text\" id=\"field_9qjee\" name=\"item_meta[76]\" value=\"\"  required=\"required\" title=\"Bitte dieses Feld ausf\u00fcllen\" data-reqmsg=\"Gutscheinempf\u00e4nger  ist ein Pflichtfeld und muss ausgef\u00fcllt werden\" aria-required=\"true\" data-invmsg=\"Gutscheinempf\u00e4nger  ist ung\u00fcltig\" aria-invalid=\"false\"   \/>\r\n\t\r\n\t\r\n<\/div>\n<div id=\"frm_field_77_container\" class=\"frm_form_field form-field  frm_top_container\">\r\n\t<label for=\"field_pdnlg\" id=\"field_pdnlg_label\" class=\"frm_primary_label\"> Rechnungsadresse\r\n\t\t<span class=\"frm_required\" aria-hidden=\"true\"><\/span>\r\n\t<\/label>\r\n\t<input  type=\"text\" id=\"field_pdnlg\" name=\"item_meta[77]\" value=\"\"  data-invmsg=\" Rechnungsadresse ist ung\u00fcltig\" aria-invalid=\"false\"   aria-describedby=\"frm_desc_field_pdnlg\" \/>\r\n\t<div class=\"frm_description\" id=\"frm_desc_field_pdnlg\">Tragen Sie hier Ihre vollst\u00e4ndige Rechnungsadresse ein, wenn diese von der unten angegebenen Lieferadresse abweicht.<\/div>\r\n\t\r\n<\/div>\n<div id=\"frm_field_64_container\" class=\"frm_form_field form-field  frm_top_container frm4 frm_first\">\r\n\t<label for=\"field_salutation32\" id=\"field_salutation32_label\" class=\"frm_primary_label\">Anrede\r\n\t\t<span class=\"frm_required\" aria-hidden=\"true\"><\/span>\r\n\t<\/label>\r\n\t\t\t<select name=\"item_meta[64]\" id=\"field_salutation32\"  data-frmval=\"Frau\" data-invmsg=\"Anrede ist ung\u00fcltig\" aria-invalid=\"false\"  >\n\t\t<option  value=\"Frau\" selected='selected'>Frau<\/option><option  value=\"Herr\">Herr<\/option><option  value=\"keine Angabe\">keine Angabe<\/option>\t<\/select>\n\t\r\n\t\r\n\t\r\n<\/div>\n<div id=\"frm_field_65_container\" class=\"frm_form_field form-field  frm_required_field frm_top_container frm4\">\r\n\t<label for=\"field_firstname32\" id=\"field_firstname32_label\" class=\"frm_primary_label\">Vorname\r\n\t\t<span class=\"frm_required\" aria-hidden=\"true\">*<\/span>\r\n\t<\/label>\r\n\t<input  type=\"text\" id=\"field_firstname32\" name=\"item_meta[65]\" value=\"\"  required=\"required\" title=\"Bitte dieses Feld ausf\u00fcllen\" data-reqmsg=\"Bitte geben Sie Ihren Vornamen ein.\" aria-required=\"true\" data-invmsg=\"Vorname ist ung\u00fcltig\" aria-invalid=\"false\"   \/>\r\n\t\r\n\t\r\n<\/div>\n<div id=\"frm_field_66_container\" class=\"frm_form_field form-field  frm_required_field frm_top_container frm4\">\r\n\t<label for=\"field_lastname32\" id=\"field_lastname32_label\" class=\"frm_primary_label\">Nachname\r\n\t\t<span class=\"frm_required\" aria-hidden=\"true\">*<\/span>\r\n\t<\/label>\r\n\t<input  type=\"text\" id=\"field_lastname32\" name=\"item_meta[66]\" value=\"\"  required=\"required\" title=\"Bitte dieses Feld ausf\u00fcllen\" data-reqmsg=\"Bitte geben Sie Ihren Nachnamen ein.\" aria-required=\"true\" data-invmsg=\"Nachname ist ung\u00fcltig\" aria-invalid=\"false\"   \/>\r\n\t\r\n\t\r\n<\/div>\n<div id=\"frm_field_67_container\" class=\"frm_form_field form-field  frm_required_field frm_top_container frm6 frm_first\">\r\n\t<label for=\"field_email3\" id=\"field_email3_label\" class=\"frm_primary_label\">E-Mail\r\n\t\t<span class=\"frm_required\" aria-hidden=\"true\">*<\/span>\r\n\t<\/label>\r\n\t<input type=\"email\" id=\"field_email3\" name=\"item_meta[67]\" value=\"\"  required=\"required\" title=\"Bitte dieses Feld ausf\u00fcllen\" autocomplete=\"email\"  data-reqmsg=\"Bitte geben Sie Ihre E-Mail Adresse ein.\" aria-required=\"true\" data-invmsg=\"Bitte geben Sie Ihre E-Mail Adresse ein.\" aria-invalid=\"false\"  \/>\r\n\t\r\n\t\r\n<\/div>\n<div id=\"frm_field_68_container\" class=\"frm_form_field form-field  frm_top_container frm6\">\r\n\t<label for=\"field_phone3\" id=\"field_phone3_label\" class=\"frm_primary_label\">Telefon\r\n\t\t<span class=\"frm_required\" aria-hidden=\"true\"><\/span>\r\n\t<\/label>\r\n\t<input  type=\"text\" id=\"field_phone3\" name=\"item_meta[68]\" value=\"\"  data-invmsg=\"Telefon ist ung\u00fcltig\" aria-invalid=\"false\"   \/>\r\n\t\r\n\t\r\n<\/div>\n<div id=\"frm_field_69_container\" class=\"frm_form_field form-field  frm_required_field frm_top_container frm3 frm_first\">\r\n\t<label for=\"field_street2\" id=\"field_street2_label\" class=\"frm_primary_label\">Stra\u00dfe und Hausnummer\r\n\t\t<span class=\"frm_required\" aria-hidden=\"true\">*<\/span>\r\n\t<\/label>\r\n\t<input  type=\"text\" id=\"field_street2\" name=\"item_meta[69]\" value=\"\"  required=\"required\" title=\"Bitte dieses Feld ausf\u00fcllen\" data-reqmsg=\"Stra\u00dfe und Hausnummer kann nicht leer sein.\" aria-required=\"true\" data-invmsg=\"Stra\u00dfe und Hausnummer ist ung\u00fcltig\" aria-invalid=\"false\"   \/>\r\n\t\r\n\t\r\n<\/div>\n<div id=\"frm_field_70_container\" class=\"frm_form_field form-field  frm_required_field frm_top_container frm3\">\r\n\t<label for=\"field_zip2\" id=\"field_zip2_label\" class=\"frm_primary_label\">PLZ\r\n\t\t<span class=\"frm_required\" aria-hidden=\"true\">*<\/span>\r\n\t<\/label>\r\n\t<input  type=\"text\" id=\"field_zip2\" name=\"item_meta[70]\" value=\"\"  required=\"required\" title=\"Bitte dieses Feld ausf\u00fcllen\" data-reqmsg=\"Bitte geben Sie Ihren Wohnort mit Postleitzahl ein.\" aria-required=\"true\" data-invmsg=\"PLZ ist ung\u00fcltig\" aria-invalid=\"false\"   \/>\r\n\t\r\n\t\r\n<\/div>\n<div id=\"frm_field_71_container\" class=\"frm_form_field form-field  frm_required_field frm_top_container frm3\">\r\n\t<label for=\"field_city2\" id=\"field_city2_label\" class=\"frm_primary_label\">Ort\r\n\t\t<span class=\"frm_required\" aria-hidden=\"true\">*<\/span>\r\n\t<\/label>\r\n\t<input  type=\"text\" id=\"field_city2\" name=\"item_meta[71]\" value=\"\"  required=\"required\" title=\"Bitte dieses Feld ausf\u00fcllen\" data-reqmsg=\"Bitte geben Sie Ihren Wohnort mit Postleitzahl ein.\" aria-required=\"true\" data-invmsg=\"Ort ist ung\u00fcltig\" aria-invalid=\"false\"   \/>\r\n\t\r\n\t\r\n<\/div>\n<div id=\"frm_field_72_container\" class=\"frm_form_field form-field  frm_top_container frm3\">\r\n\t<label for=\"field_set272\" id=\"field_set272_label\" class=\"frm_primary_label\">Land\r\n\t\t<span class=\"frm_required\" aria-hidden=\"true\"><\/span>\r\n\t<\/label>\r\n\t<input  type=\"text\" id=\"field_set272\" name=\"item_meta[72]\" value=\"\"  data-invmsg=\"Land ist ung\u00fcltig\" aria-invalid=\"false\"   \/>\r\n\t\r\n\t\r\n<\/div>\n<div id=\"frm_field_183_container\" class=\"frm_form_field form-field  frm_top_container nlbox vertical_radio\">\n\t<div  id=\"field_nlbox23_label\" class=\"frm_primary_label\">\n\t\t<span class=\"frm_required\" aria-hidden=\"true\"><\/span>\n\t<\/div>\n\t<div class=\"frm_opt_container\" aria-labelledby=\"field_nlbox23_label\" role=\"group\">\t\t<div class=\"frm_checkbox\" id=\"frm_checkbox_183-0\">\t\t\t<label  for=\"field_nlbox23-0\">\n\t\t\t<input type=\"checkbox\" name=\"item_meta[183][]\" id=\"field_nlbox23-0\" value=\"Ich m\u00f6chte den Eye of the Wind Newsletter kostenlos per E-Mail erhalten.\"  data-frmval=\"Eye_Newsletter\" data-invmsg=\"This field ist ung\u00fcltig\"   \/> Ich m\u00f6chte den Eye of the Wind Newsletter kostenlos per E-Mail erhalten.<\/label><\/div>\n<\/div>\n\t\n\t\n<\/div>\n\t\t<input  type=\"hidden\" name=\"item_meta[186]\" id=\"field_subscription33\" value=\"Eye_Newsletter\"  data-frmval=\"Eye_Newsletter\"   \/>\n\t\t\t\t<input  type=\"hidden\" name=\"item_meta[82]\" id=\"field_redirectsuccess24\" value=\"\/danke-fuer-ihre-bestellung-buchung\/\"  data-frmval=\"\/danke-fuer-ihre-bestellung-buchung\/\"   \/>\n\t\t<div id=\"frm_field_74_container\" class=\"frm_form_field form-field \">\r\n\t<div class=\"frm_submit frm_flex\">\r\n<button class=\"frm_button_submit frm_final_submit\" type=\"submit\"   formnovalidate=\"formnovalidate\">SENDEN<\/button>\r\n\r\n\r\n\r\n<\/div>\r\n<\/div>\n\t<input type=\"hidden\" name=\"item_key\" value=\"\" \/>\n\t\t\t<div id=\"frm_field_198_container\">\n\t\t\t<label for=\"field_gkrmo\" >\n\t\t\t\tIf you are human, leave this field blank.\t\t\t<\/label>\n\t\t\t<input  id=\"field_gkrmo\" type=\"text\" class=\"frm_form_field form-field frm_verify\" name=\"item_meta[198]\" value=\"\"  \/>\n\t\t<\/div>\n\t\t<input name=\"frm_state\" type=\"hidden\" value=\"nkfP8U1wswIeyr\/86vLg0z9VfFXU0UOIpuZL6lCDhpwTTviXUe6X7GAFWvlcMG8c\" \/><\/div>\n<\/fieldset>\n<\/div>\n\n<\/form>\n<\/div>\n\n\n\n<p class=\"has-text-align-center\">Es gelten die&nbsp;<a href=\"\/agb-und-lizenzbedingungen\/\" target=\"_blank\" rel=\"noreferrer noopener\">Allgemeinen Gesch\u00e4ftsbedingungen<\/a>.<br><br>Wir erheben Ihre Daten gem\u00e4\u00df Art. 6 Abs. 1 Buchst. b) und f) DSGVO <br>zur ordnungsgem\u00e4\u00dfen Abwicklung unserer Gesch\u00e4ftsvorg\u00e4nge sowie zur Mitteilung von Produktinformationen. <br>Weitere Informationen finden Sie in unserer <a href=\"\/datenschutz\/\">Datenschutzerkl\u00e4rung<\/a>.<\/p>\n\n<\/div>\n<\/div>","protected":false},"excerpt":{"rendered":"<p>Eye of the Wind Geschenk-Gutschein Hier k\u00f6nnen Sie einen Geschenk-Gutschein nach Ihren eigenen Vorgaben bestellen \u2013 entweder Sie w\u00e4hlen einen\u00a0T\u00f6rn\u00a0aus oder Sie geben einen beliebigen Gutscheinbetrag ein. Der Name des Gutscheinempf\u00e4ngers wird auf dem Gutschein angegeben. Es gelten die&nbsp;Allgemeinen Gesch\u00e4ftsbedingungen. Wir erheben Ihre Daten gem\u00e4\u00df Art. 6 Abs. 1 Buchst. b) und f) DSGVO zur [&hellip;]<\/p>\n","protected":false},"author":1,"featured_media":1928,"parent":0,"menu_order":0,"comment_status":"closed","ping_status":"closed","template":"","meta":{"_acf_changed":false,"_vp_format_video_url":"","_vp_image_focal_point":[],"footnotes":""},"class_list":["post-3043","page","type-page","status-publish","has-post-thumbnail","hentry"],"blocksy_meta":[],"acf":[],"yoast_head":"<!-- This site is optimized with the Yoast SEO plugin v27.3 - https:\/\/yoast.com\/product\/yoast-seo-wordpress\/ -->\n<title>Gutscheine - Segelschiff Charter &amp; Reisen - Eye of the Wind<\/title>\n<meta name=\"robots\" content=\"index, follow, max-snippet:-1, max-image-preview:large, max-video-preview:-1\" \/>\n<link rel=\"canonical\" href=\"https:\/\/eyeofthewind.net\/en\/vouchers\/\" \/>\n<meta property=\"og:locale\" content=\"en_GB\" \/>\n<meta property=\"og:type\" content=\"article\" \/>\n<meta property=\"og:title\" content=\"Gutscheine - Segelschiff Charter &amp; Reisen - Eye of the Wind\" \/>\n<meta property=\"og:description\" content=\"Eye of the Wind Geschenk-Gutschein Hier k\u00f6nnen Sie einen Geschenk-Gutschein nach Ihren eigenen Vorgaben bestellen \u2013 entweder Sie w\u00e4hlen einen\u00a0T\u00f6rn\u00a0aus oder Sie geben einen beliebigen Gutscheinbetrag ein. Der Name des Gutscheinempf\u00e4ngers wird auf dem Gutschein angegeben. Es gelten die&nbsp;Allgemeinen Gesch\u00e4ftsbedingungen. Wir erheben Ihre Daten gem\u00e4\u00df Art. 6 Abs. 1 Buchst. b) und f) DSGVO zur [&hellip;]\" \/>\n<meta property=\"og:url\" content=\"https:\/\/eyeofthewind.net\/en\/vouchers\/\" \/>\n<meta property=\"og:site_name\" content=\"Segelschiff Charter &amp; Reisen - Eye of the Wind\" \/>\n<meta property=\"article:modified_time\" content=\"2026-04-07T09:51:41+00:00\" \/>\n<meta property=\"og:image\" content=\"https:\/\/eyeofthewind.net\/wp-content\/uploads\/2025\/03\/DSC08624-b.jpg\" \/>\n\t<meta property=\"og:image:width\" content=\"850\" \/>\n\t<meta property=\"og:image:height\" content=\"1176\" \/>\n\t<meta property=\"og:image:type\" content=\"image\/jpeg\" \/>\n<meta name=\"twitter:card\" content=\"summary_large_image\" \/>\n<meta name=\"twitter:label1\" content=\"Estimated reading time\" \/>\n\t<meta name=\"twitter:data1\" content=\"1 minute\" \/>\n<script type=\"application\/ld+json\" class=\"yoast-schema-graph\">{\"@context\":\"https:\\\/\\\/schema.org\",\"@graph\":[{\"@type\":\"WebPage\",\"@id\":\"https:\\\/\\\/eyeofthewind.net\\\/gutscheine\\\/\",\"url\":\"https:\\\/\\\/eyeofthewind.net\\\/gutscheine\\\/\",\"name\":\"Gutscheine - Segelschiff Charter &amp; Reisen - Eye of the Wind\",\"isPartOf\":{\"@id\":\"https:\\\/\\\/eyeofthewind.net\\\/#website\"},\"primaryImageOfPage\":{\"@id\":\"https:\\\/\\\/eyeofthewind.net\\\/gutscheine\\\/#primaryimage\"},\"image\":{\"@id\":\"https:\\\/\\\/eyeofthewind.net\\\/gutscheine\\\/#primaryimage\"},\"thumbnailUrl\":\"https:\\\/\\\/eyeofthewind.net\\\/wp-content\\\/uploads\\\/2025\\\/03\\\/DSC08624-b.jpg\",\"datePublished\":\"2025-05-23T12:08:09+00:00\",\"dateModified\":\"2026-04-07T09:51:41+00:00\",\"breadcrumb\":{\"@id\":\"https:\\\/\\\/eyeofthewind.net\\\/gutscheine\\\/#breadcrumb\"},\"inLanguage\":\"en-GB\",\"potentialAction\":[{\"@type\":\"ReadAction\",\"target\":[\"https:\\\/\\\/eyeofthewind.net\\\/gutscheine\\\/\"]}]},{\"@type\":\"ImageObject\",\"inLanguage\":\"en-GB\",\"@id\":\"https:\\\/\\\/eyeofthewind.net\\\/gutscheine\\\/#primaryimage\",\"url\":\"https:\\\/\\\/eyeofthewind.net\\\/wp-content\\\/uploads\\\/2025\\\/03\\\/DSC08624-b.jpg\",\"contentUrl\":\"https:\\\/\\\/eyeofthewind.net\\\/wp-content\\\/uploads\\\/2025\\\/03\\\/DSC08624-b.jpg\",\"width\":850,\"height\":1176,\"caption\":\"Teilnahmebedingungen Gewinnspiel freude beim segeln\"},{\"@type\":\"BreadcrumbList\",\"@id\":\"https:\\\/\\\/eyeofthewind.net\\\/gutscheine\\\/#breadcrumb\",\"itemListElement\":[{\"@type\":\"ListItem\",\"position\":1,\"name\":\"Startseite\",\"item\":\"https:\\\/\\\/eyeofthewind.net\\\/\"},{\"@type\":\"ListItem\",\"position\":2,\"name\":\"Gutscheine\"}]},{\"@type\":\"WebSite\",\"@id\":\"https:\\\/\\\/eyeofthewind.net\\\/#website\",\"url\":\"https:\\\/\\\/eyeofthewind.net\\\/\",\"name\":\"Segelschiff Charter &amp; Reisen - Eye of the Wind\",\"description\":\"Segelurlaub mit der Eye of the Wind: Segelt\u00f6rns zwischen Ostsee, Kanaren und Karibik. Jeder kann mitsegeln! Mehr zu Ihrer Segelreise.\",\"publisher\":{\"@id\":\"https:\\\/\\\/eyeofthewind.net\\\/#organization\"},\"potentialAction\":[{\"@type\":\"SearchAction\",\"target\":{\"@type\":\"EntryPoint\",\"urlTemplate\":\"https:\\\/\\\/eyeofthewind.net\\\/?s={search_term_string}\"},\"query-input\":{\"@type\":\"PropertyValueSpecification\",\"valueRequired\":true,\"valueName\":\"search_term_string\"}}],\"inLanguage\":\"en-GB\"},{\"@type\":\"Organization\",\"@id\":\"https:\\\/\\\/eyeofthewind.net\\\/#organization\",\"name\":\"Segelschiff Charter &amp; Reisen - Eye of the Wind\",\"url\":\"https:\\\/\\\/eyeofthewind.net\\\/\",\"logo\":{\"@type\":\"ImageObject\",\"inLanguage\":\"en-GB\",\"@id\":\"https:\\\/\\\/eyeofthewind.net\\\/#\\\/schema\\\/logo\\\/image\\\/\",\"url\":\"https:\\\/\\\/eyeofthewind.net\\\/wp-content\\\/uploads\\\/2024\\\/10\\\/L_Eye_weiss.svg\",\"contentUrl\":\"https:\\\/\\\/eyeofthewind.net\\\/wp-content\\\/uploads\\\/2024\\\/10\\\/L_Eye_weiss.svg\",\"width\":202,\"height\":123,\"caption\":\"Segelschiff Charter &amp; Reisen - Eye of the Wind\"},\"image\":{\"@id\":\"https:\\\/\\\/eyeofthewind.net\\\/#\\\/schema\\\/logo\\\/image\\\/\"}}]}<\/script>\n<!-- \/ Yoast SEO plugin. -->","yoast_head_json":{"title":"Vouchers - Sailing ship charter &amp; travel - Eye of the Wind","robots":{"index":"index","follow":"follow","max-snippet":"max-snippet:-1","max-image-preview":"max-image-preview:large","max-video-preview":"max-video-preview:-1"},"canonical":"https:\/\/eyeofthewind.net\/en\/vouchers\/","og_locale":"en_GB","og_type":"article","og_title":"Gutscheine - Segelschiff Charter &amp; Reisen - Eye of the Wind","og_description":"Eye of the Wind Geschenk-Gutschein Hier k\u00f6nnen Sie einen Geschenk-Gutschein nach Ihren eigenen Vorgaben bestellen \u2013 entweder Sie w\u00e4hlen einen\u00a0T\u00f6rn\u00a0aus oder Sie geben einen beliebigen Gutscheinbetrag ein. Der Name des Gutscheinempf\u00e4ngers wird auf dem Gutschein angegeben. Es gelten die&nbsp;Allgemeinen Gesch\u00e4ftsbedingungen. Wir erheben Ihre Daten gem\u00e4\u00df Art. 6 Abs. 1 Buchst. b) und f) DSGVO zur [&hellip;]","og_url":"https:\/\/eyeofthewind.net\/en\/vouchers\/","og_site_name":"Segelschiff Charter &amp; Reisen - Eye of the Wind","article_modified_time":"2026-04-07T09:51:41+00:00","og_image":[{"width":850,"height":1176,"url":"https:\/\/eyeofthewind.net\/wp-content\/uploads\/2025\/03\/DSC08624-b.jpg","type":"image\/jpeg"}],"twitter_card":"summary_large_image","twitter_misc":{"Estimated reading time":"1 minute"},"schema":{"@context":"https:\/\/schema.org","@graph":[{"@type":"WebPage","@id":"https:\/\/eyeofthewind.net\/gutscheine\/","url":"https:\/\/eyeofthewind.net\/gutscheine\/","name":"Vouchers - Sailing ship charter &amp; travel - Eye of the Wind","isPartOf":{"@id":"https:\/\/eyeofthewind.net\/#website"},"primaryImageOfPage":{"@id":"https:\/\/eyeofthewind.net\/gutscheine\/#primaryimage"},"image":{"@id":"https:\/\/eyeofthewind.net\/gutscheine\/#primaryimage"},"thumbnailUrl":"https:\/\/eyeofthewind.net\/wp-content\/uploads\/2025\/03\/DSC08624-b.jpg","datePublished":"2025-05-23T12:08:09+00:00","dateModified":"2026-04-07T09:51:41+00:00","breadcrumb":{"@id":"https:\/\/eyeofthewind.net\/gutscheine\/#breadcrumb"},"inLanguage":"en-GB","potentialAction":[{"@type":"ReadAction","target":["https:\/\/eyeofthewind.net\/gutscheine\/"]}]},{"@type":"ImageObject","inLanguage":"en-GB","@id":"https:\/\/eyeofthewind.net\/gutscheine\/#primaryimage","url":"https:\/\/eyeofthewind.net\/wp-content\/uploads\/2025\/03\/DSC08624-b.jpg","contentUrl":"https:\/\/eyeofthewind.net\/wp-content\/uploads\/2025\/03\/DSC08624-b.jpg","width":850,"height":1176,"caption":"Teilnahmebedingungen Gewinnspiel freude beim segeln"},{"@type":"BreadcrumbList","@id":"https:\/\/eyeofthewind.net\/gutscheine\/#breadcrumb","itemListElement":[{"@type":"ListItem","position":1,"name":"Startseite","item":"https:\/\/eyeofthewind.net\/"},{"@type":"ListItem","position":2,"name":"Gutscheine"}]},{"@type":"WebSite","@id":"https:\/\/eyeofthewind.net\/#website","url":"https:\/\/eyeofthewind.net\/","name":"Sailing Ship Charter &amp; Travelling - Eye of the Wind","description":"Sailing holidays with the Eye of the Wind: sailing trips between the Baltic Sea, Canary Islands and Caribbean. Anyone can sail with us! More about your sailing holiday.","publisher":{"@id":"https:\/\/eyeofthewind.net\/#organization"},"potentialAction":[{"@type":"SearchAction","target":{"@type":"EntryPoint","urlTemplate":"https:\/\/eyeofthewind.net\/?s={search_term_string}"},"query-input":{"@type":"PropertyValueSpecification","valueRequired":true,"valueName":"search_term_string"}}],"inLanguage":"en-GB"},{"@type":"Organization","@id":"https:\/\/eyeofthewind.net\/#organization","name":"Sailing Ship Charter &amp; Travelling - Eye of the Wind","url":"https:\/\/eyeofthewind.net\/","logo":{"@type":"ImageObject","inLanguage":"en-GB","@id":"https:\/\/eyeofthewind.net\/#\/schema\/logo\/image\/","url":"https:\/\/eyeofthewind.net\/wp-content\/uploads\/2024\/10\/L_Eye_weiss.svg","contentUrl":"https:\/\/eyeofthewind.net\/wp-content\/uploads\/2024\/10\/L_Eye_weiss.svg","width":202,"height":123,"caption":"Segelschiff Charter &amp; Reisen - Eye of the Wind"},"image":{"@id":"https:\/\/eyeofthewind.net\/#\/schema\/logo\/image\/"}}]}},"_links":{"self":[{"href":"https:\/\/eyeofthewind.net\/en\/wp-json\/wp\/v2\/pages\/3043","targetHints":{"allow":["GET"]}}],"collection":[{"href":"https:\/\/eyeofthewind.net\/en\/wp-json\/wp\/v2\/pages"}],"about":[{"href":"https:\/\/eyeofthewind.net\/en\/wp-json\/wp\/v2\/types\/page"}],"author":[{"embeddable":true,"href":"https:\/\/eyeofthewind.net\/en\/wp-json\/wp\/v2\/users\/1"}],"replies":[{"embeddable":true,"href":"https:\/\/eyeofthewind.net\/en\/wp-json\/wp\/v2\/comments?post=3043"}],"version-history":[{"count":12,"href":"https:\/\/eyeofthewind.net\/en\/wp-json\/wp\/v2\/pages\/3043\/revisions"}],"predecessor-version":[{"id":6419,"href":"https:\/\/eyeofthewind.net\/en\/wp-json\/wp\/v2\/pages\/3043\/revisions\/6419"}],"wp:featuredmedia":[{"embeddable":true,"href":"https:\/\/eyeofthewind.net\/en\/wp-json\/wp\/v2\/media\/1928"}],"wp:attachment":[{"href":"https:\/\/eyeofthewind.net\/en\/wp-json\/wp\/v2\/media?parent=3043"}],"curies":[{"name":"wp","href":"https:\/\/api.w.org\/{rel}","templated":true}]}}