{"id":3208,"date":"2025-06-11T13:22:20","date_gmt":"2025-06-11T11:22:20","guid":{"rendered":"https:\/\/eyeofthewind.net\/?page_id=3208"},"modified":"2025-08-08T14:45:26","modified_gmt":"2025-08-08T12:45:26","slug":"confirmation-newsletter-registration","status":"publish","type":"page","link":"https:\/\/eyeofthewind.net\/en\/bestaetigung-newsletter-anmeldung\/","title":{"rendered":"Confirmation - Newsletter subscription"},"content":{"rendered":"<div class=\"gb-container gb-container-73abb8f6\">\n<div class=\"gb-container gb-container-3ff98c55 webo-ol\">\n\n<figure class=\"gb-block-image gb-block-image-348e9673\"><img decoding=\"async\" class=\"gb-image gb-image-348e9673\" src=\"https:\/\/eyeofthewind.net\/wp-content\/uploads\/2024\/10\/L_Eye_weiss.svg\" alt=\"\" title=\"L_Eye_white\"\/><\/figure>\n\n\n\n<h2 class=\"wp-block-heading has-text-align-center has-palette-color-8-color has-text-color has-link-color wp-elements-34dbb9a021747d02432bf980863f9a95\">Ahoy! Thank you for subscribing to our newsletter!<\/h2>\n\n\n\n<p class=\"has-text-align-center has-palette-color-8-color has-text-color has-link-color wp-elements-63acaccfc8a4c78c4c85953327a89d9a\"><br>This completes the registration process. You will now immediately receive the current issue of the logbook and the new issues at regular intervals.<\/p>\n\n\n\n<p class=\"has-text-align-center has-palette-color-8-color has-text-color has-link-color wp-elements-2b908e12c85b3f00f72d045cde7a6bcc\">This concludes the registration process. You will receive the current issue of the logbook immediately and the new issues at regular intervals.<\/p>\n\n\n\n<p class=\"has-text-align-center has-palette-color-8-color has-text-color has-link-color wp-elements-4ba2e0aa0edf2cd25d542aca45ea04e8\">Your Eye of the Wind team<\/p>\n\n\n\n<a class=\"gb-button gb-button-371ac15d gb-button-text webo-btn webo-internal-link\" href=\"\/en\/\">Back to the homepage<\/a>\n\n<\/div>\n<\/div>","protected":false},"excerpt":{"rendered":"<p>Ahoi! Vielen Dank f\u00fcr Ihre Newsletter-Anmeldung! Hiermit ist der Anmeldevorgang abgeschlossen. Sie erhalten jetzt sofort die aktuelle Ausgabe des Logbuchs und in regelm\u00e4\u00dfigen Abst\u00e4nden die neuen Ausgaben. This concludes the registration process. You will receive the current issue of the logbook immediately and the new issues at regular intervals. Ihr Team der Eye of the [&hellip;]<\/p>\n","protected":false},"author":1,"featured_media":0,"parent":0,"menu_order":0,"comment_status":"closed","ping_status":"closed","template":"","meta":{"_acf_changed":false,"_vp_format_video_url":"","_vp_image_focal_point":[],"footnotes":""},"class_list":["post-3208","page","type-page","status-publish","hentry"],"blocksy_meta":{"has_hero_section":"disabled","vertical_spacing_source":"custom","content_area_spacing":"none","disable_header":"yes","disable_footer":"yes","background":{"background_type":"image","background_pattern":"type-1","background_image":{"attachment_id":314,"x":0,"y":0,"url":"https:\/\/eyeofthewind.net\/wp-content\/uploads\/2024\/10\/thierry-meier-PKEPAeMBOIU-unsplash.jpg"},"gradient":"linear-gradient(135deg,rgba(6,147,227,1) 0%,rgb(155,81,224) 100%)","background_repeat":"no-repeat","background_size":"cover","background_attachment":"scroll","patternColor":{"default":{"color":"#e5e7ea"}},"overlayColor":{"default":{"color":"rgba(25, 42, 61, 0.24)"}},"backgroundColor":{"default":{"color":"rgba(25, 42, 61, 0.57)"}}},"styles_descriptor":{"styles":{"desktop":"[data-prefix=\"single_page\"] {background-position:0% 0%;background-size:cover;background-repeat:no-repeat;background-color:rgba(25, 42, 61, 0.57);background-image:linear-gradient(rgba(25, 42, 61, 0.24), rgba(25, 42, 61, 0.24)), url(https:\/\/eyeofthewind.net\/wp-content\/uploads\/2024\/10\/thierry-meier-PKEPAeMBOIU-unsplash.jpg);}","tablet":"","mobile":""},"google_fonts":[],"version":6}},"acf":[],"yoast_head":"<!-- This site is optimized with the Yoast SEO plugin v27.3 - https:\/\/yoast.com\/product\/yoast-seo-wordpress\/ -->\n<title>Bestaetigung - Newsletter-Anmeldung - Segelschiff Charter &amp; Reisen - Eye of the Wind<\/title>\n<meta name=\"robots\" content=\"index, follow, max-snippet:-1, max-image-preview:large, max-video-preview:-1\" \/>\n<link rel=\"canonical\" href=\"https:\/\/eyeofthewind.net\/en\/confirmation-newsletter-registration\/\" \/>\n<meta property=\"og:locale\" content=\"en_GB\" \/>\n<meta property=\"og:type\" content=\"article\" \/>\n<meta property=\"og:title\" content=\"Bestaetigung - Newsletter-Anmeldung - Segelschiff Charter &amp; Reisen - Eye of the Wind\" \/>\n<meta property=\"og:description\" content=\"Ahoi! Vielen Dank f\u00fcr Ihre Newsletter-Anmeldung! Hiermit ist der Anmeldevorgang abgeschlossen. Sie erhalten jetzt sofort die aktuelle Ausgabe des Logbuchs und in regelm\u00e4\u00dfigen Abst\u00e4nden die neuen Ausgaben. This concludes the registration process. You will receive the current issue of the logbook immediately and the new issues at regular intervals. Ihr Team der Eye of the [&hellip;]\" \/>\n<meta property=\"og:url\" content=\"https:\/\/eyeofthewind.net\/en\/confirmation-newsletter-registration\/\" \/>\n<meta property=\"og:site_name\" content=\"Segelschiff Charter &amp; Reisen - Eye of the Wind\" \/>\n<meta property=\"article:modified_time\" content=\"2025-08-08T12:45:26+00:00\" \/>\n<meta property=\"og:image\" content=\"https:\/\/eyeofthewind.net\/wp-content\/uploads\/2024\/10\/L_Eye_weiss.svg\" \/>\n<meta name=\"twitter:card\" content=\"summary_large_image\" \/>\n<meta name=\"twitter:label1\" content=\"Estimated reading time\" \/>\n\t<meta name=\"twitter:data1\" content=\"1 minute\" \/>\n<script type=\"application\/ld+json\" class=\"yoast-schema-graph\">{\"@context\":\"https:\\\/\\\/schema.org\",\"@graph\":[{\"@type\":\"WebPage\",\"@id\":\"https:\\\/\\\/eyeofthewind.net\\\/bestaetigung-newsletter-anmeldung\\\/\",\"url\":\"https:\\\/\\\/eyeofthewind.net\\\/bestaetigung-newsletter-anmeldung\\\/\",\"name\":\"Bestaetigung - Newsletter-Anmeldung - Segelschiff Charter &amp; Reisen - Eye of the Wind\",\"isPartOf\":{\"@id\":\"https:\\\/\\\/eyeofthewind.net\\\/#website\"},\"primaryImageOfPage\":{\"@id\":\"https:\\\/\\\/eyeofthewind.net\\\/bestaetigung-newsletter-anmeldung\\\/#primaryimage\"},\"image\":{\"@id\":\"https:\\\/\\\/eyeofthewind.net\\\/bestaetigung-newsletter-anmeldung\\\/#primaryimage\"},\"thumbnailUrl\":\"https:\\\/\\\/eyeofthewind.net\\\/wp-content\\\/uploads\\\/2024\\\/10\\\/L_Eye_weiss.svg\",\"datePublished\":\"2025-06-11T11:22:20+00:00\",\"dateModified\":\"2025-08-08T12:45:26+00:00\",\"breadcrumb\":{\"@id\":\"https:\\\/\\\/eyeofthewind.net\\\/bestaetigung-newsletter-anmeldung\\\/#breadcrumb\"},\"inLanguage\":\"en-GB\",\"potentialAction\":[{\"@type\":\"ReadAction\",\"target\":[\"https:\\\/\\\/eyeofthewind.net\\\/bestaetigung-newsletter-anmeldung\\\/\"]}]},{\"@type\":\"ImageObject\",\"inLanguage\":\"en-GB\",\"@id\":\"https:\\\/\\\/eyeofthewind.net\\\/bestaetigung-newsletter-anmeldung\\\/#primaryimage\",\"url\":\"https:\\\/\\\/eyeofthewind.net\\\/wp-content\\\/uploads\\\/2024\\\/10\\\/L_Eye_weiss.svg\",\"contentUrl\":\"https:\\\/\\\/eyeofthewind.net\\\/wp-content\\\/uploads\\\/2024\\\/10\\\/L_Eye_weiss.svg\"},{\"@type\":\"BreadcrumbList\",\"@id\":\"https:\\\/\\\/eyeofthewind.net\\\/bestaetigung-newsletter-anmeldung\\\/#breadcrumb\",\"itemListElement\":[{\"@type\":\"ListItem\",\"position\":1,\"name\":\"Startseite\",\"item\":\"https:\\\/\\\/eyeofthewind.net\\\/\"},{\"@type\":\"ListItem\",\"position\":2,\"name\":\"Bestaetigung &#8211; Newsletter-Anmeldung\"}]},{\"@type\":\"WebSite\",\"@id\":\"https:\\\/\\\/eyeofthewind.net\\\/#website\",\"url\":\"https:\\\/\\\/eyeofthewind.net\\\/\",\"name\":\"Segelschiff Charter &amp; Reisen - Eye of the Wind\",\"description\":\"Segelurlaub mit der Eye of the Wind: Segelt\u00f6rns zwischen Ostsee, Kanaren und Karibik. Jeder kann mitsegeln! Mehr zu Ihrer Segelreise.\",\"publisher\":{\"@id\":\"https:\\\/\\\/eyeofthewind.net\\\/#organization\"},\"potentialAction\":[{\"@type\":\"SearchAction\",\"target\":{\"@type\":\"EntryPoint\",\"urlTemplate\":\"https:\\\/\\\/eyeofthewind.net\\\/?s={search_term_string}\"},\"query-input\":{\"@type\":\"PropertyValueSpecification\",\"valueRequired\":true,\"valueName\":\"search_term_string\"}}],\"inLanguage\":\"en-GB\"},{\"@type\":\"Organization\",\"@id\":\"https:\\\/\\\/eyeofthewind.net\\\/#organization\",\"name\":\"Segelschiff Charter &amp; Reisen - Eye of the Wind\",\"url\":\"https:\\\/\\\/eyeofthewind.net\\\/\",\"logo\":{\"@type\":\"ImageObject\",\"inLanguage\":\"en-GB\",\"@id\":\"https:\\\/\\\/eyeofthewind.net\\\/#\\\/schema\\\/logo\\\/image\\\/\",\"url\":\"https:\\\/\\\/eyeofthewind.net\\\/wp-content\\\/uploads\\\/2024\\\/10\\\/L_Eye_weiss.svg\",\"contentUrl\":\"https:\\\/\\\/eyeofthewind.net\\\/wp-content\\\/uploads\\\/2024\\\/10\\\/L_Eye_weiss.svg\",\"width\":202,\"height\":123,\"caption\":\"Segelschiff Charter &amp; Reisen - Eye of the Wind\"},\"image\":{\"@id\":\"https:\\\/\\\/eyeofthewind.net\\\/#\\\/schema\\\/logo\\\/image\\\/\"}}]}<\/script>\n<!-- \/ Yoast SEO plugin. -->","yoast_head_json":{"title":"Confirmation - Newsletter subscription - Sailboat Charter &amp; Travel - Eye of the Wind","robots":{"index":"index","follow":"follow","max-snippet":"max-snippet:-1","max-image-preview":"max-image-preview:large","max-video-preview":"max-video-preview:-1"},"canonical":"https:\/\/eyeofthewind.net\/en\/confirmation-newsletter-registration\/","og_locale":"en_GB","og_type":"article","og_title":"Bestaetigung - Newsletter-Anmeldung - Segelschiff Charter &amp; Reisen - Eye of the Wind","og_description":"Ahoi! Vielen Dank f\u00fcr Ihre Newsletter-Anmeldung! Hiermit ist der Anmeldevorgang abgeschlossen. Sie erhalten jetzt sofort die aktuelle Ausgabe des Logbuchs und in regelm\u00e4\u00dfigen Abst\u00e4nden die neuen Ausgaben. This concludes the registration process. You will receive the current issue of the logbook immediately and the new issues at regular intervals. Ihr Team der Eye of the [&hellip;]","og_url":"https:\/\/eyeofthewind.net\/en\/confirmation-newsletter-registration\/","og_site_name":"Segelschiff Charter &amp; Reisen - Eye of the Wind","article_modified_time":"2025-08-08T12:45:26+00:00","og_image":[{"url":"https:\/\/eyeofthewind.net\/wp-content\/uploads\/2024\/10\/L_Eye_weiss.svg","type":"","width":"","height":""}],"twitter_card":"summary_large_image","twitter_misc":{"Estimated reading time":"1 minute"},"schema":{"@context":"https:\/\/schema.org","@graph":[{"@type":"WebPage","@id":"https:\/\/eyeofthewind.net\/bestaetigung-newsletter-anmeldung\/","url":"https:\/\/eyeofthewind.net\/bestaetigung-newsletter-anmeldung\/","name":"Confirmation - Newsletter subscription - Sailboat Charter &amp; Travel - Eye of the Wind","isPartOf":{"@id":"https:\/\/eyeofthewind.net\/#website"},"primaryImageOfPage":{"@id":"https:\/\/eyeofthewind.net\/bestaetigung-newsletter-anmeldung\/#primaryimage"},"image":{"@id":"https:\/\/eyeofthewind.net\/bestaetigung-newsletter-anmeldung\/#primaryimage"},"thumbnailUrl":"https:\/\/eyeofthewind.net\/wp-content\/uploads\/2024\/10\/L_Eye_weiss.svg","datePublished":"2025-06-11T11:22:20+00:00","dateModified":"2025-08-08T12:45:26+00:00","breadcrumb":{"@id":"https:\/\/eyeofthewind.net\/bestaetigung-newsletter-anmeldung\/#breadcrumb"},"inLanguage":"en-GB","potentialAction":[{"@type":"ReadAction","target":["https:\/\/eyeofthewind.net\/bestaetigung-newsletter-anmeldung\/"]}]},{"@type":"ImageObject","inLanguage":"en-GB","@id":"https:\/\/eyeofthewind.net\/bestaetigung-newsletter-anmeldung\/#primaryimage","url":"https:\/\/eyeofthewind.net\/wp-content\/uploads\/2024\/10\/L_Eye_weiss.svg","contentUrl":"https:\/\/eyeofthewind.net\/wp-content\/uploads\/2024\/10\/L_Eye_weiss.svg"},{"@type":"BreadcrumbList","@id":"https:\/\/eyeofthewind.net\/bestaetigung-newsletter-anmeldung\/#breadcrumb","itemListElement":[{"@type":"ListItem","position":1,"name":"Startseite","item":"https:\/\/eyeofthewind.net\/"},{"@type":"ListItem","position":2,"name":"Bestaetigung &#8211; Newsletter-Anmeldung"}]},{"@type":"WebSite","@id":"https:\/\/eyeofthewind.net\/#website","url":"https:\/\/eyeofthewind.net\/","name":"Sailing Ship Charter &amp; Travelling - Eye of the Wind","description":"Sailing holidays with the Eye of the Wind: sailing trips between the Baltic Sea, Canary Islands and Caribbean. Anyone can sail with us! More about your sailing holiday.","publisher":{"@id":"https:\/\/eyeofthewind.net\/#organization"},"potentialAction":[{"@type":"SearchAction","target":{"@type":"EntryPoint","urlTemplate":"https:\/\/eyeofthewind.net\/?s={search_term_string}"},"query-input":{"@type":"PropertyValueSpecification","valueRequired":true,"valueName":"search_term_string"}}],"inLanguage":"en-GB"},{"@type":"Organization","@id":"https:\/\/eyeofthewind.net\/#organization","name":"Sailing Ship Charter &amp; Travelling - Eye of the Wind","url":"https:\/\/eyeofthewind.net\/","logo":{"@type":"ImageObject","inLanguage":"en-GB","@id":"https:\/\/eyeofthewind.net\/#\/schema\/logo\/image\/","url":"https:\/\/eyeofthewind.net\/wp-content\/uploads\/2024\/10\/L_Eye_weiss.svg","contentUrl":"https:\/\/eyeofthewind.net\/wp-content\/uploads\/2024\/10\/L_Eye_weiss.svg","width":202,"height":123,"caption":"Segelschiff Charter &amp; Reisen - Eye of the Wind"},"image":{"@id":"https:\/\/eyeofthewind.net\/#\/schema\/logo\/image\/"}}]}},"_links":{"self":[{"href":"https:\/\/eyeofthewind.net\/en\/wp-json\/wp\/v2\/pages\/3208","targetHints":{"allow":["GET"]}}],"collection":[{"href":"https:\/\/eyeofthewind.net\/en\/wp-json\/wp\/v2\/pages"}],"about":[{"href":"https:\/\/eyeofthewind.net\/en\/wp-json\/wp\/v2\/types\/page"}],"author":[{"embeddable":true,"href":"https:\/\/eyeofthewind.net\/en\/wp-json\/wp\/v2\/users\/1"}],"replies":[{"embeddable":true,"href":"https:\/\/eyeofthewind.net\/en\/wp-json\/wp\/v2\/comments?post=3208"}],"version-history":[{"count":1,"href":"https:\/\/eyeofthewind.net\/en\/wp-json\/wp\/v2\/pages\/3208\/revisions"}],"predecessor-version":[{"id":3209,"href":"https:\/\/eyeofthewind.net\/en\/wp-json\/wp\/v2\/pages\/3208\/revisions\/3209"}],"wp:attachment":[{"href":"https:\/\/eyeofthewind.net\/en\/wp-json\/wp\/v2\/media?parent=3208"}],"curies":[{"name":"wp","href":"https:\/\/api.w.org\/{rel}","templated":true}]}}