{"id":501,"date":"2024-11-21T13:40:20","date_gmt":"2024-11-21T12:40:20","guid":{"rendered":"https:\/\/eyeofthewind.net\/?page_id=501"},"modified":"2025-10-21T11:03:54","modified_gmt":"2025-10-21T09:03:54","slug":"cruise","status":"publish","type":"page","link":"https:\/\/eyeofthewind.net\/en\/mitsegeln\/","title":{"rendered":"Trips"},"content":{"rendered":"<div class=\"gb-container gb-container-3ebc3178 fadein alignfull\">\n<div class=\"gb-container gb-container-a16c7b43\">\n\n<h2 class=\"gb-headline gb-headline-9c545c36 gb-headline-text\"><img decoding=\"async\" src=\"https:\/\/eyeofthewind.net\/wp-content\/uploads\/2024\/11\/anchor_60dp_134484-_FILL0_wght200_GRAD0_opsz48.svg\" alt=\"\"><br>Your sailing trip on a tall ship<\/h2>\n\n\n\n<p class=\"has-text-align-left\">Sail along on a square-rigged windjammer: North Sea, Baltic Sea, Canary Islands, Caribbean or Trans-Atlantic.<\/p>\n\n\n\n<p class=\"translation-block\"><strong>Welcome aboard!<\/strong> On the Eye of the Wind, you can sail with us all year round. During the summer months, we take you on <strong>sailing trips to the wonderful landscapes and most beautiful cities of the north: <\/strong>Hamburg, Oslo, Amsterdam, and others \u2013 the thought of large port cities with their special maritime atmosphere awakens <strong>the wanderlust and dreams of boundless seafaring<\/strong>.<\/p>\n\n\n\n<p class=\"translation-block\">Bermuda, Barbados, the Azores \u2013 we can also make these dream destinations for your sailing holiday in tropical island paradises come true. During the winter months, the tall ship cruises <strong>through the azure waters of the Atlantic Ocean and the Caribbean islands<\/strong>.<\/p>\n\n\n\n<div style=\"height:60px\" aria-hidden=\"true\" class=\"wp-block-spacer\"><\/div>\n\n\n\n<h2 class=\"wp-block-heading has-text-align-center\">Your sailing holiday: relaxation at sea, adventure ashore<\/h2>\n\n\n\n<p class=\"translation-block\"><br><strong>Sailing on a tall ship<\/strong> is an experience for all the senses: breathe in the sea air, feel the vastness of the ocean, participate actively in sailing manoeuvres (on a voluntary basis), let our ship's cook spoil you with a variety of dishes, relax on deck and explore attractive harbour towns when you go ashore. Enjoy the <strong>exclusivity of a small group<\/strong> and friendly interaction with each other: with a maximum of 12 guests, a personal and cheerful atmosphere on board is guaranteed.  <a href=\"\/en\/crew\/\" target=\"_self\"><strong>Our friendly crew<\/strong><\/a>, comfortable cabins with private bathrooms and delicious food ensure <strong>a holiday filled with enjoyment and relaxation<\/strong> from day one.<\/p>\n\n\n\n<div style=\"height:60px\" aria-hidden=\"true\" class=\"wp-block-spacer\"><\/div>\n\n\n\n<h2 class=\"wp-block-heading has-text-align-center\">Variety of destinations: the cruise plan<\/h2>\n\n\n\n<p><br>Do you dream of a&nbsp;<strong>across the Atlantic<\/strong>&nbsp;on a&nbsp;<strong>traditional tall ships<\/strong>? Or would you like to discover sailing on a sailing ship for the first time and experience a&nbsp;<strong>Short trip<\/strong>&nbsp;try it out?<\/p>\n\n\n\n<p>Choose from our&nbsp;<strong><a href=\"\/en\/cruise\/sailingplan\/\">versatile cruise plan<\/a><\/strong>&nbsp;the right offer for sailing with us - from the <strong>day trip lasting several hours to the four-week Atlantic crossing<\/strong>!<\/p>\n\n\n\n<p>On your sailing trip with the Eye of the Wind you can<strong>&nbsp;Simply enjoy the experience of nature at sea&nbsp;<\/strong>or - on a voluntary basis and under the guidance of the experienced crew<strong>&nbsp;actively participate in the sailing manoeuvres on deck<\/strong>&nbsp;and move the tall ship towards the next destination. Gliding through the waves under set sails is a special holiday feeling - come on board and experience it for yourself during your sailing trip on the windjammer!<\/p>\n\n\n\n<div style=\"height:60px\" aria-hidden=\"true\" class=\"wp-block-spacer\"><\/div>\n\n<\/div>\n\n<div class=\"gb-container gb-container-2b66d7f5\">\n<div class=\"gb-grid-wrapper gb-grid-wrapper-bcaae4c5\">\n<div class=\"gb-grid-column gb-grid-column-1e7d1b74\"><div class=\"gb-container gb-container-1e7d1b74\">\n<div class=\"gb-container gb-container-6beb9f05\">\n\n<h3 class=\"gb-headline gb-headline-5fedc63c gb-headline-text\"><br><\/h3>\n\n\n\n<a class=\"gb-button gb-button-3e16f6d4 gb-button-text webo-btn webo-internal-link\" href=\"\/en\/cruise\/sailingplan\/\">Sailing Plan<\/a>\n\n<\/div>\n<\/div><\/div>\n\n<div class=\"gb-grid-column gb-grid-column-64148f3a\"><div class=\"gb-container gb-container-64148f3a\">\n<div class=\"gb-container gb-container-990e63b6\">\n\n<h3 class=\"gb-headline gb-headline-a02da906 gb-headline-text\"><br><\/h3>\n\n\n\n<a class=\"gb-button gb-button-16f7fa7b gb-button-text webo-btn webo-internal-link\" href=\"\/en\/cruise\/day-trips\/\">Day Trips<\/a>\n\n<\/div>\n<\/div><\/div>\n\n<div class=\"gb-grid-column gb-grid-column-1352a7df\"><div class=\"gb-container gb-container-1352a7df\">\n<div class=\"gb-container gb-container-3a6f917d\">\n\n<h3 class=\"gb-headline gb-headline-7703d0ce gb-headline-text\"><br><\/h3>\n\n\n\n<a class=\"gb-button gb-button-8d5a2f2e gb-button-text webo-btn webo-internal-link\" href=\"\/en\/what-to-expect\/\">What to expect<\/a>\n\n<\/div>\n<\/div><\/div>\n\n<div class=\"gb-grid-column gb-grid-column-76c37371\"><div class=\"gb-container gb-container-76c37371\">\n<div class=\"gb-container gb-container-183c2497\">\n\n<h3 class=\"gb-headline gb-headline-9a601193 gb-headline-text\"><br><\/h3>\n\n\n\n<a class=\"gb-button gb-button-38d28d58 gb-button-text webo-btn webo-internal-link\" href=\"\/en\/cruise\/youth-program\/\">Youth Program<\/a>\n\n<\/div>\n<\/div><\/div>\n<\/div>\n<\/div>\n<\/div>\n\n<div class=\"gb-container gb-container-719fcc08 fadein alignfull\">\n<div class=\"gb-container gb-container-dd1b6351\">\n\n<h2 class=\"gb-headline gb-headline-ff8b0162 gb-headline-text\">Our sailing schedule<\/h2>\n\n\n\n<p class=\"has-text-align-center\">You can download our current sailing schedule as a PDF document here:<\/p>\n\n\n<div class=\"gb-container gb-container-600a2a1d\">\n<div class=\"gb-container gb-container-08ecdfef\">\n\n<i class=\"far fa-file-pdf\"><\/i>\n\n\n<div class=\"jet-listing-dynamic-link-block\"data-is-block=\"jet-engine\/dynamic-link\"><div class=\"jet-listing jet-listing-dynamic-link\"><a href=\"https:\/\/eyeofthewind.net\/wp-content\/uploads\/2026\/03\/Eye-of-the-Wind-Itinerary-03-2026.pdf\" class=\"jet-listing-dynamic-link__link\" target=\"_blank\"><span class=\"jet-listing-dynamic-link__label\">DOWNLOAD SAILING PLAN<\/span><\/a><\/div><\/div>\n<\/div>\n<\/div>\n<\/div>\n<\/div>\n\n\n<div style=\"height:60px\" aria-hidden=\"true\" class=\"wp-block-spacer\"><\/div>\n\n\n\n\n\n\n\n<p><\/p>","protected":false},"excerpt":{"rendered":"<p>Mitsegeln auf dem Gro\u00dfsegler Mitsegeln auf dem Windjammer: Nord- und Ostsee, Kanaren, Karibik oder Transatlantik. Willkommen an Bord!&nbsp;Auf der Eye of the Wind haben Sie ganzj\u00e4hrig die M\u00f6glichkeit mitzusegeln. In den Sommermonaten nehmen wir Sie mit auf Segelt\u00f6rns&nbsp;in die&nbsp;wundervollen Landschaften und in die sch\u00f6nsten Metropolen des Nordens: Hamburg, Oslo, Amsterdam und andere \u2013 der Gedanke [&hellip;]<\/p>\n","protected":false},"author":1,"featured_media":2401,"parent":0,"menu_order":0,"comment_status":"closed","ping_status":"closed","template":"","meta":{"_acf_changed":false,"_vp_format_video_url":"","_vp_image_focal_point":[],"footnotes":""},"class_list":["post-501","page","type-page","status-publish","has-post-thumbnail","hentry"],"blocksy_meta":[],"acf":[],"yoast_head":"<!-- This site is optimized with the Yoast SEO plugin v27.3 - https:\/\/yoast.com\/product\/yoast-seo-wordpress\/ -->\n<title>Mitsegeln - Segelschiff Charter &amp; Reisen - Eye of the Wind<\/title>\n<meta name=\"robots\" content=\"index, follow, max-snippet:-1, max-image-preview:large, max-video-preview:-1\" \/>\n<link rel=\"canonical\" href=\"https:\/\/eyeofthewind.net\/en\/cruise\/\" \/>\n<meta property=\"og:locale\" content=\"en_GB\" \/>\n<meta property=\"og:type\" content=\"article\" \/>\n<meta property=\"og:title\" content=\"Mitsegeln - Segelschiff Charter &amp; Reisen - Eye of the Wind\" \/>\n<meta property=\"og:description\" content=\"Mitsegeln auf dem Gro\u00dfsegler Mitsegeln auf dem Windjammer: Nord- und Ostsee, Kanaren, Karibik oder Transatlantik. Willkommen an Bord!&nbsp;Auf der Eye of the Wind haben Sie ganzj\u00e4hrig die M\u00f6glichkeit mitzusegeln. In den Sommermonaten nehmen wir Sie mit auf Segelt\u00f6rns&nbsp;in die&nbsp;wundervollen Landschaften und in die sch\u00f6nsten Metropolen des Nordens: Hamburg, Oslo, Amsterdam und andere \u2013 der Gedanke [&hellip;]\" \/>\n<meta property=\"og:url\" content=\"https:\/\/eyeofthewind.net\/en\/cruise\/\" \/>\n<meta property=\"og:site_name\" content=\"Segelschiff Charter &amp; Reisen - Eye of the Wind\" \/>\n<meta property=\"article:modified_time\" content=\"2025-10-21T09:03:54+00:00\" \/>\n<meta property=\"og:image\" content=\"https:\/\/eyeofthewind.net\/wp-content\/uploads\/2025\/04\/IMG_9973-scaled-e1744187529936.jpg\" \/>\n\t<meta property=\"og:image:width\" content=\"2560\" \/>\n\t<meta property=\"og:image:height\" content=\"1033\" \/>\n\t<meta property=\"og:image:type\" content=\"image\/jpeg\" \/>\n<meta name=\"twitter:card\" content=\"summary_large_image\" \/>\n<meta name=\"twitter:label1\" content=\"Estimated reading time\" \/>\n\t<meta name=\"twitter:data1\" content=\"3 minutes\" \/>\n<script type=\"application\/ld+json\" class=\"yoast-schema-graph\">{\"@context\":\"https:\\\/\\\/schema.org\",\"@graph\":[{\"@type\":\"WebPage\",\"@id\":\"https:\\\/\\\/eyeofthewind.net\\\/mitsegeln\\\/\",\"url\":\"https:\\\/\\\/eyeofthewind.net\\\/mitsegeln\\\/\",\"name\":\"Mitsegeln - Segelschiff Charter &amp; Reisen - Eye of the Wind\",\"isPartOf\":{\"@id\":\"https:\\\/\\\/eyeofthewind.net\\\/#website\"},\"primaryImageOfPage\":{\"@id\":\"https:\\\/\\\/eyeofthewind.net\\\/mitsegeln\\\/#primaryimage\"},\"image\":{\"@id\":\"https:\\\/\\\/eyeofthewind.net\\\/mitsegeln\\\/#primaryimage\"},\"thumbnailUrl\":\"https:\\\/\\\/eyeofthewind.net\\\/wp-content\\\/uploads\\\/2025\\\/04\\\/IMG_9973-scaled-e1744187529936.jpg\",\"datePublished\":\"2024-11-21T12:40:20+00:00\",\"dateModified\":\"2025-10-21T09:03:54+00:00\",\"breadcrumb\":{\"@id\":\"https:\\\/\\\/eyeofthewind.net\\\/mitsegeln\\\/#breadcrumb\"},\"inLanguage\":\"en-GB\",\"potentialAction\":[{\"@type\":\"ReadAction\",\"target\":[\"https:\\\/\\\/eyeofthewind.net\\\/mitsegeln\\\/\"]}]},{\"@type\":\"ImageObject\",\"inLanguage\":\"en-GB\",\"@id\":\"https:\\\/\\\/eyeofthewind.net\\\/mitsegeln\\\/#primaryimage\",\"url\":\"https:\\\/\\\/eyeofthewind.net\\\/wp-content\\\/uploads\\\/2025\\\/04\\\/IMG_9973-scaled-e1744187529936.jpg\",\"contentUrl\":\"https:\\\/\\\/eyeofthewind.net\\\/wp-content\\\/uploads\\\/2025\\\/04\\\/IMG_9973-scaled-e1744187529936.jpg\",\"width\":2560,\"height\":1033},{\"@type\":\"BreadcrumbList\",\"@id\":\"https:\\\/\\\/eyeofthewind.net\\\/mitsegeln\\\/#breadcrumb\",\"itemListElement\":[{\"@type\":\"ListItem\",\"position\":1,\"name\":\"Startseite\",\"item\":\"https:\\\/\\\/eyeofthewind.net\\\/\"},{\"@type\":\"ListItem\",\"position\":2,\"name\":\"Mitsegeln\"}]},{\"@type\":\"WebSite\",\"@id\":\"https:\\\/\\\/eyeofthewind.net\\\/#website\",\"url\":\"https:\\\/\\\/eyeofthewind.net\\\/\",\"name\":\"Segelschiff Charter &amp; Reisen - Eye of the Wind\",\"description\":\"Segelurlaub mit der Eye of the Wind: Segelt\u00f6rns zwischen Ostsee, Kanaren und Karibik. Jeder kann mitsegeln! Mehr zu Ihrer Segelreise.\",\"publisher\":{\"@id\":\"https:\\\/\\\/eyeofthewind.net\\\/#organization\"},\"potentialAction\":[{\"@type\":\"SearchAction\",\"target\":{\"@type\":\"EntryPoint\",\"urlTemplate\":\"https:\\\/\\\/eyeofthewind.net\\\/?s={search_term_string}\"},\"query-input\":{\"@type\":\"PropertyValueSpecification\",\"valueRequired\":true,\"valueName\":\"search_term_string\"}}],\"inLanguage\":\"en-GB\"},{\"@type\":\"Organization\",\"@id\":\"https:\\\/\\\/eyeofthewind.net\\\/#organization\",\"name\":\"Segelschiff Charter &amp; Reisen - Eye of the Wind\",\"url\":\"https:\\\/\\\/eyeofthewind.net\\\/\",\"logo\":{\"@type\":\"ImageObject\",\"inLanguage\":\"en-GB\",\"@id\":\"https:\\\/\\\/eyeofthewind.net\\\/#\\\/schema\\\/logo\\\/image\\\/\",\"url\":\"https:\\\/\\\/eyeofthewind.net\\\/wp-content\\\/uploads\\\/2024\\\/10\\\/L_Eye_weiss.svg\",\"contentUrl\":\"https:\\\/\\\/eyeofthewind.net\\\/wp-content\\\/uploads\\\/2024\\\/10\\\/L_Eye_weiss.svg\",\"width\":202,\"height\":123,\"caption\":\"Segelschiff Charter &amp; Reisen - Eye of the Wind\"},\"image\":{\"@id\":\"https:\\\/\\\/eyeofthewind.net\\\/#\\\/schema\\\/logo\\\/image\\\/\"}}]}<\/script>\n<!-- \/ Yoast SEO plugin. -->","yoast_head_json":{"title":"Mitsegeln - Sailing Ship Charter &amp; Travelling - Eye of the Wind","robots":{"index":"index","follow":"follow","max-snippet":"max-snippet:-1","max-image-preview":"max-image-preview:large","max-video-preview":"max-video-preview:-1"},"canonical":"https:\/\/eyeofthewind.net\/en\/cruise\/","og_locale":"en_GB","og_type":"article","og_title":"Mitsegeln - Segelschiff Charter &amp; Reisen - Eye of the Wind","og_description":"Mitsegeln auf dem Gro\u00dfsegler Mitsegeln auf dem Windjammer: Nord- und Ostsee, Kanaren, Karibik oder Transatlantik. Willkommen an Bord!&nbsp;Auf der Eye of the Wind haben Sie ganzj\u00e4hrig die M\u00f6glichkeit mitzusegeln. In den Sommermonaten nehmen wir Sie mit auf Segelt\u00f6rns&nbsp;in die&nbsp;wundervollen Landschaften und in die sch\u00f6nsten Metropolen des Nordens: Hamburg, Oslo, Amsterdam und andere \u2013 der Gedanke [&hellip;]","og_url":"https:\/\/eyeofthewind.net\/en\/cruise\/","og_site_name":"Segelschiff Charter &amp; Reisen - Eye of the Wind","article_modified_time":"2025-10-21T09:03:54+00:00","og_image":[{"width":2560,"height":1033,"url":"https:\/\/eyeofthewind.net\/wp-content\/uploads\/2025\/04\/IMG_9973-scaled-e1744187529936.jpg","type":"image\/jpeg"}],"twitter_card":"summary_large_image","twitter_misc":{"Estimated reading time":"3 minutes"},"schema":{"@context":"https:\/\/schema.org","@graph":[{"@type":"WebPage","@id":"https:\/\/eyeofthewind.net\/mitsegeln\/","url":"https:\/\/eyeofthewind.net\/mitsegeln\/","name":"Mitsegeln - Sailing Ship Charter &amp; Travelling - Eye of the Wind","isPartOf":{"@id":"https:\/\/eyeofthewind.net\/#website"},"primaryImageOfPage":{"@id":"https:\/\/eyeofthewind.net\/mitsegeln\/#primaryimage"},"image":{"@id":"https:\/\/eyeofthewind.net\/mitsegeln\/#primaryimage"},"thumbnailUrl":"https:\/\/eyeofthewind.net\/wp-content\/uploads\/2025\/04\/IMG_9973-scaled-e1744187529936.jpg","datePublished":"2024-11-21T12:40:20+00:00","dateModified":"2025-10-21T09:03:54+00:00","breadcrumb":{"@id":"https:\/\/eyeofthewind.net\/mitsegeln\/#breadcrumb"},"inLanguage":"en-GB","potentialAction":[{"@type":"ReadAction","target":["https:\/\/eyeofthewind.net\/mitsegeln\/"]}]},{"@type":"ImageObject","inLanguage":"en-GB","@id":"https:\/\/eyeofthewind.net\/mitsegeln\/#primaryimage","url":"https:\/\/eyeofthewind.net\/wp-content\/uploads\/2025\/04\/IMG_9973-scaled-e1744187529936.jpg","contentUrl":"https:\/\/eyeofthewind.net\/wp-content\/uploads\/2025\/04\/IMG_9973-scaled-e1744187529936.jpg","width":2560,"height":1033},{"@type":"BreadcrumbList","@id":"https:\/\/eyeofthewind.net\/mitsegeln\/#breadcrumb","itemListElement":[{"@type":"ListItem","position":1,"name":"Startseite","item":"https:\/\/eyeofthewind.net\/"},{"@type":"ListItem","position":2,"name":"Mitsegeln"}]},{"@type":"WebSite","@id":"https:\/\/eyeofthewind.net\/#website","url":"https:\/\/eyeofthewind.net\/","name":"Sailing Ship Charter &amp; Travelling - Eye of the Wind","description":"Sailing holidays with the Eye of the Wind: sailing trips between the Baltic Sea, Canary Islands and Caribbean. Anyone can sail with us! More about your sailing holiday.","publisher":{"@id":"https:\/\/eyeofthewind.net\/#organization"},"potentialAction":[{"@type":"SearchAction","target":{"@type":"EntryPoint","urlTemplate":"https:\/\/eyeofthewind.net\/?s={search_term_string}"},"query-input":{"@type":"PropertyValueSpecification","valueRequired":true,"valueName":"search_term_string"}}],"inLanguage":"en-GB"},{"@type":"Organization","@id":"https:\/\/eyeofthewind.net\/#organization","name":"Sailing Ship Charter &amp; Travelling - Eye of the Wind","url":"https:\/\/eyeofthewind.net\/","logo":{"@type":"ImageObject","inLanguage":"en-GB","@id":"https:\/\/eyeofthewind.net\/#\/schema\/logo\/image\/","url":"https:\/\/eyeofthewind.net\/wp-content\/uploads\/2024\/10\/L_Eye_weiss.svg","contentUrl":"https:\/\/eyeofthewind.net\/wp-content\/uploads\/2024\/10\/L_Eye_weiss.svg","width":202,"height":123,"caption":"Segelschiff Charter &amp; Reisen - Eye of the Wind"},"image":{"@id":"https:\/\/eyeofthewind.net\/#\/schema\/logo\/image\/"}}]}},"_links":{"self":[{"href":"https:\/\/eyeofthewind.net\/en\/wp-json\/wp\/v2\/pages\/501","targetHints":{"allow":["GET"]}}],"collection":[{"href":"https:\/\/eyeofthewind.net\/en\/wp-json\/wp\/v2\/pages"}],"about":[{"href":"https:\/\/eyeofthewind.net\/en\/wp-json\/wp\/v2\/types\/page"}],"author":[{"embeddable":true,"href":"https:\/\/eyeofthewind.net\/en\/wp-json\/wp\/v2\/users\/1"}],"replies":[{"embeddable":true,"href":"https:\/\/eyeofthewind.net\/en\/wp-json\/wp\/v2\/comments?post=501"}],"version-history":[{"count":51,"href":"https:\/\/eyeofthewind.net\/en\/wp-json\/wp\/v2\/pages\/501\/revisions"}],"predecessor-version":[{"id":4920,"href":"https:\/\/eyeofthewind.net\/en\/wp-json\/wp\/v2\/pages\/501\/revisions\/4920"}],"wp:featuredmedia":[{"embeddable":true,"href":"https:\/\/eyeofthewind.net\/en\/wp-json\/wp\/v2\/media\/2401"}],"wp:attachment":[{"href":"https:\/\/eyeofthewind.net\/en\/wp-json\/wp\/v2\/media?parent=501"}],"curies":[{"name":"wp","href":"https:\/\/api.w.org\/{rel}","templated":true}]}}