{"id":59,"date":"2024-09-20T08:56:16","date_gmt":"2024-09-20T06:56:16","guid":{"rendered":"https:\/\/eyeofthewind.net\/impressum\/"},"modified":"2025-09-18T11:43:37","modified_gmt":"2025-09-18T09:43:37","slug":"imprint","status":"publish","type":"page","link":"https:\/\/eyeofthewind.net\/en\/impressum\/","title":{"rendered":"Imprint"},"content":{"rendered":"<p><br><br><strong>FORUM train &amp; sail GmbH<br>Mandichost.18<br>86504 Merching<\/strong><\/p>\n\n\n\n<p><strong><br>Represented by:<\/strong><\/p>\n\n\n\n<p><strong>Managing Director<br><\/strong>Mr Ronald Herkert<\/p>\n\n\n\n<p><strong><br>Contact:<\/strong><\/p>\n\n\n\n<p><strong>Telephone:<\/strong>&nbsp;+49 (0)8233 381-227<br><strong>Fax:<\/strong>&nbsp;+49 (0)8233 381-9943<br><strong>E-Mail:&nbsp;<\/strong><a href=\"mailto:info@eyeofthewind.net?subject=EYE%20OF%20THE%20WIND\">info@eyeofthewind.net<\/a><\/p>\n\n\n\n<p><strong><br>Sales tax ID:<\/strong><br>Sales tax identification number according to \u00a7 27 a sales tax law:<br>DE 266 342 159<\/p>\n\n\n\n<p><strong><br>Business identification number:<\/strong><br>Business identification number in accordance with \u00a7 139 c of the German Fiscal Code:<br>DE 266 342 159<\/p>\n\n\n\n<p><strong><br>Place of jurisdiction:<\/strong><br>AG Augsburg<\/p>\n\n\n\n<p><strong><br>Commercial register:<\/strong><br>HRB 24442<\/p>\n\n\n\n<p><\/p>\n\n\n\n<p><br><strong>Competent supervisory authority for the provision of audiovisual media services:<\/strong><br>Bayerische Landeszentrale f\u00fcr neue Medien (BLM)<br>Heinrich-L\u00fcbke-Stra\u00dfe 27, 81737 Munich, Germany<br>Telephone: +49 89 63808-0<br>E-Mail:&nbsp;<a href=\"mailto:info@blm.de\">info@blm.de<\/a><br>Website: www.blm.de<\/p>\n\n\n\n<p><br><strong>Responsible for journalistic-editorial content according to \u00a7 18 Abs. 2 MStV:<\/strong><br>Mr Ronald Herkert<br>FORUM train &amp; sail GmbH<br>Mandichost.18<br>86504 Merching<\/p>\n\n\n\n<p><strong><br>Bank details:&nbsp;<\/strong>HypoVereinsbank Augsburg<br><strong>IBAN:<\/strong>&nbsp;DE 867 202 007 003 597 932 00<br><strong>SWIFT-BIC:<\/strong>&nbsp;HYVEDEMM408<\/p>\n\n\n\n<p><strong><br>Managing Director:<\/strong>&nbsp;Ronald Herkert<\/p>\n\n\n\n<p><strong><br>Realisation:<\/strong><br>FORUM train&amp;sail GmbH<br>Mandichost.18<br>86504 Merching<br>Telephone: +49 (0)8233 381-227<br>Fax: +49 (0)8233 381-9943<br>E-Mail:&nbsp;<a href=\"mailto:info@eyeofthewind.net?subject=EYE%20OF%20THE%20WIND\">info@eyeofthewind.net<\/a><\/p>\n\n\n\n<p><br><strong>Complaints procedure:<\/strong><br>We are legally obliged to inform you of our e-mail address. This is: info(at)eyeofthewind.net. We endeavour to settle any differences of opinion arising from our contract by mutual agreement. Furthermore, we are not obliged to participate in arbitration proceedings and will decide on a case-by-case basis whether to participate in such proceedings.<\/p>\n\n\n\n<p><a href=\"\/en\/terms-and-conditions-and-licence-conditions\/\"><br>General Terms and Conditions<\/a><\/p>\n\n\n\n<p><strong><br>Special notes:<\/strong><br>Your right of cancellation expires prematurely if the contract has been completely fulfilled by both parties at your express request before you have exercised your right of cancellation.<br><\/p>\n\n\n\n<p><strong>Liability for content:<\/strong><br>As a service provider, we are responsible for our own content on these pages in accordance with Section 7 (1) TMG (German Telemedia Act) and general legislation. According to \u00a7\u00a7 8 to 10 TMG, however, we as a service provider are not obliged to monitor transmitted or stored third-party information or to investigate circumstances that indicate illegal activity.<\/p>\n\n\n\n<p>Obligations to remove or block the use of information in accordance with general legislation remain unaffected by this. However, liability in this respect is only possible from the time we become aware of a specific infringement. As soon as we become aware of such infringements, we will remove this content immediately.<\/p>\n\n\n\n<p><strong><br>Liability for links:<\/strong><br>Our website contains links to external third-party websites over whose content we have no influence. Therefore, we cannot accept any liability for this third-party content. The respective provider or operator of the pages is always responsible for the content of the linked pages. The linked pages were checked for possible legal violations at the time of linking. Illegal contents were not recognisable at the time of linking. <\/p>\n\n\n\n<p>However, permanent monitoring of the content of the linked pages is not reasonable without concrete evidence of an infringement. If we become aware of any legal infringements, we will remove such links immediately.<\/p>\n\n\n\n<p><strong><br>Photos:<br><\/strong>The photos used were taken by the following photographers:<br>Frank Anders, Klaus Andrews, Hans Peter Bleck, Mario B\u00f6ttcher, H. Bolton, Ayla Diesing, Gordon Dixon, Thomas Frigge, Priska Fuhrmann, David Garry, Ronald Herkert, Jenny Horne, Ulf Kaack, Ina Koys, Jan Phillip Lauer, Tobias Lenich, Lovall Pics, Manuel Miserok, Relax Foto, Linda Steward, Andreas Weber.<\/p>\n\n\n\n<p><strong><br>Image rights:<\/strong><br>FORUM train &amp; sail GmbH<\/p>\n\n\n\n<figure class=\"wp-block-image size-full\"><img loading=\"lazy\" decoding=\"async\" width=\"300\" height=\"57\" src=\"https:\/\/eyeofthewind.net\/wp-content\/uploads\/2025\/01\/Reference-claim-transparent_300px.png\" alt=\"\" class=\"wp-image-1082\" srcset=\"https:\/\/eyeofthewind.net\/wp-content\/uploads\/2025\/01\/Reference-claim-transparent_300px.png 300w, https:\/\/eyeofthewind.net\/wp-content\/uploads\/2025\/01\/Reference-claim-transparent_300px-18x3.png 18w\" sizes=\"auto, (max-width: 300px) 100vw, 300px\" \/><\/figure>\n\n\n\n<p>FORUM train &amp; sail GmbH is a subsidiary of the internationally operating&nbsp;<a href=\"https:\/\/www.forum-media.com\/de\/\" target=\"_blank\" rel=\"noreferrer noopener\">FORUM MEDIA GROUP<\/a>. Founded in 1988, the company focuses on providing decision-relevant information for business customers, professional training and further education as well as magazines, special interest publications and events for end customers.<\/p>","protected":false},"excerpt":{"rendered":"<p>FORUM train &amp; sail GmbHMandichostra\u00dfe 1886504 Merching Vertreten durch: Gesch\u00e4ftsf\u00fchrerHerr Ronald Herkert Kontakt: Telefon:&nbsp;+49 (0)8233 381-227Telefax:&nbsp;+49 (0)8233 381-9943E-Mail:&nbsp;info@eyeofthewind.net Umsatzsteuer-ID:Umsatzsteuer-Identifikationsnummer gem\u00e4\u00df \u00a7 27 a Umsatzsteuergesetz:DE 266 342 159 Wirtschafts-Identifikationsnummer:Wirtschafts-Identifikationsnummer gem\u00e4\u00df \u00a7 139 c Abgabenordnung:DE 266 342 159 Gerichtsstand:AG Augsburg Handelsregister:HRB 24442 Zust\u00e4ndige Aufsichtsbeh\u00f6rde f\u00fcr das Angebot audiovisueller Mediendienste:Bayerische Landeszentrale f\u00fcr neue Medien (BLM)Heinrich-L\u00fcbke-Stra\u00dfe 27, 81737 M\u00fcnchenTelefon: [&hellip;]<\/p>\n","protected":false},"author":1,"featured_media":2021,"parent":0,"menu_order":0,"comment_status":"closed","ping_status":"closed","template":"","meta":{"_acf_changed":false,"_vp_format_video_url":"","_vp_image_focal_point":[],"footnotes":""},"class_list":["post-59","page","type-page","status-publish","has-post-thumbnail","hentry"],"blocksy_meta":[],"acf":[],"yoast_head":"<!-- This site is optimized with the Yoast SEO plugin v27.3 - https:\/\/yoast.com\/product\/yoast-seo-wordpress\/ -->\n<title>Impressum - Segelschiff Charter &amp; Reisen - Eye of the Wind<\/title>\n<meta name=\"robots\" content=\"index, follow, max-snippet:-1, max-image-preview:large, max-video-preview:-1\" \/>\n<link rel=\"canonical\" href=\"https:\/\/eyeofthewind.net\/en\/imprint\/\" \/>\n<meta property=\"og:locale\" content=\"en_GB\" \/>\n<meta property=\"og:type\" content=\"article\" \/>\n<meta property=\"og:title\" content=\"Impressum - Segelschiff Charter &amp; Reisen - Eye of the Wind\" \/>\n<meta property=\"og:description\" content=\"FORUM train &amp; sail GmbHMandichostra\u00dfe 1886504 Merching Vertreten durch: Gesch\u00e4ftsf\u00fchrerHerr Ronald Herkert Kontakt: Telefon:&nbsp;+49 (0)8233 381-227Telefax:&nbsp;+49 (0)8233 381-9943E-Mail:&nbsp;info@eyeofthewind.net Umsatzsteuer-ID:Umsatzsteuer-Identifikationsnummer gem\u00e4\u00df \u00a7 27 a Umsatzsteuergesetz:DE 266 342 159 Wirtschafts-Identifikationsnummer:Wirtschafts-Identifikationsnummer gem\u00e4\u00df \u00a7 139 c Abgabenordnung:DE 266 342 159 Gerichtsstand:AG Augsburg Handelsregister:HRB 24442 Zust\u00e4ndige Aufsichtsbeh\u00f6rde f\u00fcr das Angebot audiovisueller Mediendienste:Bayerische Landeszentrale f\u00fcr neue Medien (BLM)Heinrich-L\u00fcbke-Stra\u00dfe 27, 81737 M\u00fcnchenTelefon: [&hellip;]\" \/>\n<meta property=\"og:url\" content=\"https:\/\/eyeofthewind.net\/en\/imprint\/\" \/>\n<meta property=\"og:site_name\" content=\"Segelschiff Charter &amp; Reisen - Eye of the Wind\" \/>\n<meta property=\"article:modified_time\" content=\"2025-09-18T09:43:37+00:00\" \/>\n<meta property=\"og:image\" content=\"https:\/\/eyeofthewind.net\/wp-content\/uploads\/2025\/03\/IMG_5461-k.jpg\" \/>\n\t<meta property=\"og:image:width\" content=\"1024\" \/>\n\t<meta property=\"og:image:height\" content=\"683\" \/>\n\t<meta property=\"og:image:type\" content=\"image\/jpeg\" \/>\n<meta name=\"twitter:card\" content=\"summary_large_image\" \/>\n<meta name=\"twitter:label1\" content=\"Estimated reading time\" \/>\n\t<meta name=\"twitter:data1\" content=\"4 minutes\" \/>\n<script type=\"application\/ld+json\" class=\"yoast-schema-graph\">{\"@context\":\"https:\\\/\\\/schema.org\",\"@graph\":[{\"@type\":\"WebPage\",\"@id\":\"https:\\\/\\\/eyeofthewind.net\\\/impressum\\\/\",\"url\":\"https:\\\/\\\/eyeofthewind.net\\\/impressum\\\/\",\"name\":\"Impressum - Segelschiff Charter &amp; Reisen - Eye of the Wind\",\"isPartOf\":{\"@id\":\"https:\\\/\\\/eyeofthewind.net\\\/#website\"},\"primaryImageOfPage\":{\"@id\":\"https:\\\/\\\/eyeofthewind.net\\\/impressum\\\/#primaryimage\"},\"image\":{\"@id\":\"https:\\\/\\\/eyeofthewind.net\\\/impressum\\\/#primaryimage\"},\"thumbnailUrl\":\"https:\\\/\\\/eyeofthewind.net\\\/wp-content\\\/uploads\\\/2025\\\/03\\\/IMG_5461-k.jpg\",\"datePublished\":\"2024-09-20T06:56:16+00:00\",\"dateModified\":\"2025-09-18T09:43:37+00:00\",\"breadcrumb\":{\"@id\":\"https:\\\/\\\/eyeofthewind.net\\\/impressum\\\/#breadcrumb\"},\"inLanguage\":\"en-GB\",\"potentialAction\":[{\"@type\":\"ReadAction\",\"target\":[\"https:\\\/\\\/eyeofthewind.net\\\/impressum\\\/\"]}]},{\"@type\":\"ImageObject\",\"inLanguage\":\"en-GB\",\"@id\":\"https:\\\/\\\/eyeofthewind.net\\\/impressum\\\/#primaryimage\",\"url\":\"https:\\\/\\\/eyeofthewind.net\\\/wp-content\\\/uploads\\\/2025\\\/03\\\/IMG_5461-k.jpg\",\"contentUrl\":\"https:\\\/\\\/eyeofthewind.net\\\/wp-content\\\/uploads\\\/2025\\\/03\\\/IMG_5461-k.jpg\",\"width\":1024,\"height\":683},{\"@type\":\"BreadcrumbList\",\"@id\":\"https:\\\/\\\/eyeofthewind.net\\\/impressum\\\/#breadcrumb\",\"itemListElement\":[{\"@type\":\"ListItem\",\"position\":1,\"name\":\"Startseite\",\"item\":\"https:\\\/\\\/eyeofthewind.net\\\/\"},{\"@type\":\"ListItem\",\"position\":2,\"name\":\"Impressum\"}]},{\"@type\":\"WebSite\",\"@id\":\"https:\\\/\\\/eyeofthewind.net\\\/#website\",\"url\":\"https:\\\/\\\/eyeofthewind.net\\\/\",\"name\":\"Segelschiff Charter &amp; Reisen - Eye of the Wind\",\"description\":\"Segelurlaub mit der Eye of the Wind: Segelt\u00f6rns zwischen Ostsee, Kanaren und Karibik. Jeder kann mitsegeln! Mehr zu Ihrer Segelreise.\",\"publisher\":{\"@id\":\"https:\\\/\\\/eyeofthewind.net\\\/#organization\"},\"potentialAction\":[{\"@type\":\"SearchAction\",\"target\":{\"@type\":\"EntryPoint\",\"urlTemplate\":\"https:\\\/\\\/eyeofthewind.net\\\/?s={search_term_string}\"},\"query-input\":{\"@type\":\"PropertyValueSpecification\",\"valueRequired\":true,\"valueName\":\"search_term_string\"}}],\"inLanguage\":\"en-GB\"},{\"@type\":\"Organization\",\"@id\":\"https:\\\/\\\/eyeofthewind.net\\\/#organization\",\"name\":\"Segelschiff Charter &amp; Reisen - Eye of the Wind\",\"url\":\"https:\\\/\\\/eyeofthewind.net\\\/\",\"logo\":{\"@type\":\"ImageObject\",\"inLanguage\":\"en-GB\",\"@id\":\"https:\\\/\\\/eyeofthewind.net\\\/#\\\/schema\\\/logo\\\/image\\\/\",\"url\":\"https:\\\/\\\/eyeofthewind.net\\\/wp-content\\\/uploads\\\/2024\\\/10\\\/L_Eye_weiss.svg\",\"contentUrl\":\"https:\\\/\\\/eyeofthewind.net\\\/wp-content\\\/uploads\\\/2024\\\/10\\\/L_Eye_weiss.svg\",\"width\":202,\"height\":123,\"caption\":\"Segelschiff Charter &amp; Reisen - Eye of the Wind\"},\"image\":{\"@id\":\"https:\\\/\\\/eyeofthewind.net\\\/#\\\/schema\\\/logo\\\/image\\\/\"}}]}<\/script>\n<!-- \/ Yoast SEO plugin. -->","yoast_head_json":{"title":"Imprint - Sailing Ship Charter &amp; Travelling - Eye of the Wind","robots":{"index":"index","follow":"follow","max-snippet":"max-snippet:-1","max-image-preview":"max-image-preview:large","max-video-preview":"max-video-preview:-1"},"canonical":"https:\/\/eyeofthewind.net\/en\/imprint\/","og_locale":"en_GB","og_type":"article","og_title":"Impressum - Segelschiff Charter &amp; Reisen - Eye of the Wind","og_description":"FORUM train &amp; sail GmbHMandichostra\u00dfe 1886504 Merching Vertreten durch: Gesch\u00e4ftsf\u00fchrerHerr Ronald Herkert Kontakt: Telefon:&nbsp;+49 (0)8233 381-227Telefax:&nbsp;+49 (0)8233 381-9943E-Mail:&nbsp;info@eyeofthewind.net Umsatzsteuer-ID:Umsatzsteuer-Identifikationsnummer gem\u00e4\u00df \u00a7 27 a Umsatzsteuergesetz:DE 266 342 159 Wirtschafts-Identifikationsnummer:Wirtschafts-Identifikationsnummer gem\u00e4\u00df \u00a7 139 c Abgabenordnung:DE 266 342 159 Gerichtsstand:AG Augsburg Handelsregister:HRB 24442 Zust\u00e4ndige Aufsichtsbeh\u00f6rde f\u00fcr das Angebot audiovisueller Mediendienste:Bayerische Landeszentrale f\u00fcr neue Medien (BLM)Heinrich-L\u00fcbke-Stra\u00dfe 27, 81737 M\u00fcnchenTelefon: [&hellip;]","og_url":"https:\/\/eyeofthewind.net\/en\/imprint\/","og_site_name":"Segelschiff Charter &amp; Reisen - Eye of the Wind","article_modified_time":"2025-09-18T09:43:37+00:00","og_image":[{"width":1024,"height":683,"url":"https:\/\/eyeofthewind.net\/wp-content\/uploads\/2025\/03\/IMG_5461-k.jpg","type":"image\/jpeg"}],"twitter_card":"summary_large_image","twitter_misc":{"Estimated reading time":"4 minutes"},"schema":{"@context":"https:\/\/schema.org","@graph":[{"@type":"WebPage","@id":"https:\/\/eyeofthewind.net\/impressum\/","url":"https:\/\/eyeofthewind.net\/impressum\/","name":"Imprint - Sailing Ship Charter &amp; Travelling - Eye of the Wind","isPartOf":{"@id":"https:\/\/eyeofthewind.net\/#website"},"primaryImageOfPage":{"@id":"https:\/\/eyeofthewind.net\/impressum\/#primaryimage"},"image":{"@id":"https:\/\/eyeofthewind.net\/impressum\/#primaryimage"},"thumbnailUrl":"https:\/\/eyeofthewind.net\/wp-content\/uploads\/2025\/03\/IMG_5461-k.jpg","datePublished":"2024-09-20T06:56:16+00:00","dateModified":"2025-09-18T09:43:37+00:00","breadcrumb":{"@id":"https:\/\/eyeofthewind.net\/impressum\/#breadcrumb"},"inLanguage":"en-GB","potentialAction":[{"@type":"ReadAction","target":["https:\/\/eyeofthewind.net\/impressum\/"]}]},{"@type":"ImageObject","inLanguage":"en-GB","@id":"https:\/\/eyeofthewind.net\/impressum\/#primaryimage","url":"https:\/\/eyeofthewind.net\/wp-content\/uploads\/2025\/03\/IMG_5461-k.jpg","contentUrl":"https:\/\/eyeofthewind.net\/wp-content\/uploads\/2025\/03\/IMG_5461-k.jpg","width":1024,"height":683},{"@type":"BreadcrumbList","@id":"https:\/\/eyeofthewind.net\/impressum\/#breadcrumb","itemListElement":[{"@type":"ListItem","position":1,"name":"Startseite","item":"https:\/\/eyeofthewind.net\/"},{"@type":"ListItem","position":2,"name":"Impressum"}]},{"@type":"WebSite","@id":"https:\/\/eyeofthewind.net\/#website","url":"https:\/\/eyeofthewind.net\/","name":"Sailing Ship Charter &amp; Travelling - Eye of the Wind","description":"Sailing holidays with the Eye of the Wind: sailing trips between the Baltic Sea, Canary Islands and Caribbean. Anyone can sail with us! More about your sailing holiday.","publisher":{"@id":"https:\/\/eyeofthewind.net\/#organization"},"potentialAction":[{"@type":"SearchAction","target":{"@type":"EntryPoint","urlTemplate":"https:\/\/eyeofthewind.net\/?s={search_term_string}"},"query-input":{"@type":"PropertyValueSpecification","valueRequired":true,"valueName":"search_term_string"}}],"inLanguage":"en-GB"},{"@type":"Organization","@id":"https:\/\/eyeofthewind.net\/#organization","name":"Sailing Ship Charter &amp; Travelling - Eye of the Wind","url":"https:\/\/eyeofthewind.net\/","logo":{"@type":"ImageObject","inLanguage":"en-GB","@id":"https:\/\/eyeofthewind.net\/#\/schema\/logo\/image\/","url":"https:\/\/eyeofthewind.net\/wp-content\/uploads\/2024\/10\/L_Eye_weiss.svg","contentUrl":"https:\/\/eyeofthewind.net\/wp-content\/uploads\/2024\/10\/L_Eye_weiss.svg","width":202,"height":123,"caption":"Segelschiff Charter &amp; Reisen - Eye of the Wind"},"image":{"@id":"https:\/\/eyeofthewind.net\/#\/schema\/logo\/image\/"}}]}},"_links":{"self":[{"href":"https:\/\/eyeofthewind.net\/en\/wp-json\/wp\/v2\/pages\/59","targetHints":{"allow":["GET"]}}],"collection":[{"href":"https:\/\/eyeofthewind.net\/en\/wp-json\/wp\/v2\/pages"}],"about":[{"href":"https:\/\/eyeofthewind.net\/en\/wp-json\/wp\/v2\/types\/page"}],"author":[{"embeddable":true,"href":"https:\/\/eyeofthewind.net\/en\/wp-json\/wp\/v2\/users\/1"}],"replies":[{"embeddable":true,"href":"https:\/\/eyeofthewind.net\/en\/wp-json\/wp\/v2\/comments?post=59"}],"version-history":[{"count":19,"href":"https:\/\/eyeofthewind.net\/en\/wp-json\/wp\/v2\/pages\/59\/revisions"}],"predecessor-version":[{"id":4638,"href":"https:\/\/eyeofthewind.net\/en\/wp-json\/wp\/v2\/pages\/59\/revisions\/4638"}],"wp:featuredmedia":[{"embeddable":true,"href":"https:\/\/eyeofthewind.net\/en\/wp-json\/wp\/v2\/media\/2021"}],"wp:attachment":[{"href":"https:\/\/eyeofthewind.net\/en\/wp-json\/wp\/v2\/media?parent=59"}],"curies":[{"name":"wp","href":"https:\/\/api.w.org\/{rel}","templated":true}]}}