{"id":637,"date":"2024-11-22T14:04:20","date_gmt":"2024-11-22T13:04:20","guid":{"rendered":"https:\/\/eyeofthewind.net\/?page_id=637"},"modified":"2025-04-08T13:36:11","modified_gmt":"2025-04-08T11:36:11","slug":"anniversary-celebration","status":"publish","type":"page","link":"https:\/\/eyeofthewind.net\/en\/mitsegeln\/feier-jubilaeum\/","title":{"rendered":"Celebration &amp; Anniversary"},"content":{"rendered":"<div class=\"gb-container gb-container-719fcc08 fadein alignfull\">\n<div class=\"gb-container gb-container-dd1b6351\">\n\n<h2 class=\"gb-headline gb-headline-ff8b0162 gb-headline-text\">Your private event on board a sailing ship<\/h2>\n\n\n\n<p class=\"has-text-align-left translation-block\">Birthdays, milestone wedding anniversaries, company anniversaries, family celebrations or reunions ... there are <strong>many occasions to celebrate<\/strong>. Would you like to give your special <strong>celebration a tasteful maritime setting<\/strong>? On board the Eye of the Wind, you can offer your guests and yourself a <strong>unique environment with a ship and harbour atmosphere<\/strong>.<\/p>\n\n\n\n<p class=\"has-text-align-left translation-block\"><br>We are happy to assist you in planning your <strong>individual wishes for the design of the event<\/strong>: Would you like to take advantage of the culinary skills of our ship's chef or order your own catering? Are you planning a sailing trip lasting several hours or would you prefer to stay in the harbour? Would you like to offer your guests overnight accommodation on board? \u2013 Many things are possible, so <strong>\u00a0<a href=\"\/en\/service\/contact\" target=\"_self\">please contact us<\/a><\/strong>.<\/p>\n\n\n\n<p class=\"has-text-align-left translation-block\">The spacious deck, an enclosed deck saloon and a library saloon on the lower deck are available for your use. You can combine your celebration <strong>with an overnight stay on board for your guests<\/strong>. Please note that overnight stays on board are possible for a maximum of twelve people.\n<br><br>\nDue to the Eye of the Wind's long-term <strong><a href=\"\/en\/cruise\/sailplan\/\" target=\"_self\">sailing schedule<\/a><\/strong>, it is advisable to plan approximately six months in advance. In individual cases, short-term requests can also be accommodated. Please <strong><a href=\"\/en\/service\/contact\" target=\"_self\">contact us<\/a><\/strong> for more information.<\/p>\n\n<\/div>\n<\/div>","protected":false},"excerpt":{"rendered":"<p>Ihre private Veranstaltung an Bord eines Segelschiffs Geburtstag, &#8222;runder&#8220; Hochzeitstag, Firmen-Jubil\u00e4um, Familienfest oder Wiedersehens-Treffen &#8230; es gibt&nbsp;viele Anl\u00e4sse zum Feiern. M\u00f6chten Sie Ihrem besonderen&nbsp;Fest einen geschmackvollen maritimen Rahmen&nbsp;geben? &#8211; An Bord der Eye of the Wind bieten Sie Ihren G\u00e4sten und sich selbst ein einzigartiges&nbsp;Umfeld aus Schiffs- und Hafen-Atmosp\u00e4hre. Bei der Planung Ihrer\u00a0individuellen W\u00fcnsche zur [&hellip;]<\/p>\n","protected":false},"author":1,"featured_media":2378,"parent":501,"menu_order":0,"comment_status":"closed","ping_status":"closed","template":"","meta":{"_acf_changed":false,"_vp_format_video_url":"","_vp_image_focal_point":[],"footnotes":""},"class_list":["post-637","page","type-page","status-publish","has-post-thumbnail","hentry"],"blocksy_meta":[],"acf":[],"yoast_head":"<!-- This site is optimized with the Yoast SEO plugin v27.3 - https:\/\/yoast.com\/product\/yoast-seo-wordpress\/ -->\n<title>Feier &amp; Jubil\u00e4um - Segelschiff Charter &amp; Reisen - Eye of the Wind<\/title>\n<meta name=\"robots\" content=\"index, follow, max-snippet:-1, max-image-preview:large, max-video-preview:-1\" \/>\n<link rel=\"canonical\" href=\"https:\/\/eyeofthewind.net\/en\/cruise\/anniversary-celebration\/\" \/>\n<meta property=\"og:locale\" content=\"en_GB\" \/>\n<meta property=\"og:type\" content=\"article\" \/>\n<meta property=\"og:title\" content=\"Feier &amp; Jubil\u00e4um - Segelschiff Charter &amp; Reisen - Eye of the Wind\" \/>\n<meta property=\"og:description\" content=\"Ihre private Veranstaltung an Bord eines Segelschiffs Geburtstag, &#8222;runder&#8220; Hochzeitstag, Firmen-Jubil\u00e4um, Familienfest oder Wiedersehens-Treffen &#8230; es gibt&nbsp;viele Anl\u00e4sse zum Feiern. M\u00f6chten Sie Ihrem besonderen&nbsp;Fest einen geschmackvollen maritimen Rahmen&nbsp;geben? &#8211; An Bord der Eye of the Wind bieten Sie Ihren G\u00e4sten und sich selbst ein einzigartiges&nbsp;Umfeld aus Schiffs- und Hafen-Atmosp\u00e4hre. Bei der Planung Ihrer\u00a0individuellen W\u00fcnsche zur [&hellip;]\" \/>\n<meta property=\"og:url\" content=\"https:\/\/eyeofthewind.net\/en\/cruise\/anniversary-celebration\/\" \/>\n<meta property=\"og:site_name\" content=\"Segelschiff Charter &amp; Reisen - Eye of the Wind\" \/>\n<meta property=\"article:modified_time\" content=\"2025-04-08T11:36:11+00:00\" \/>\n<meta property=\"og:image\" content=\"https:\/\/eyeofthewind.net\/wp-content\/uploads\/2025\/04\/Feier_komp-1-e1744112252872.jpg\" \/>\n\t<meta property=\"og:image:width\" content=\"1080\" \/>\n\t<meta property=\"og:image:height\" content=\"317\" \/>\n\t<meta property=\"og:image:type\" content=\"image\/jpeg\" \/>\n<meta name=\"twitter:card\" content=\"summary_large_image\" \/>\n<meta name=\"twitter:label1\" content=\"Estimated reading time\" \/>\n\t<meta name=\"twitter:data1\" content=\"2 minutes\" \/>\n<script type=\"application\/ld+json\" class=\"yoast-schema-graph\">{\"@context\":\"https:\\\/\\\/schema.org\",\"@graph\":[{\"@type\":\"WebPage\",\"@id\":\"https:\\\/\\\/eyeofthewind.net\\\/en\\\/cruise\\\/anniversary-celebration\\\/\",\"url\":\"https:\\\/\\\/eyeofthewind.net\\\/en\\\/cruise\\\/anniversary-celebration\\\/\",\"name\":\"Feier &amp; Jubil\u00e4um - Segelschiff Charter &amp; Reisen - Eye of the Wind\",\"isPartOf\":{\"@id\":\"https:\\\/\\\/eyeofthewind.net\\\/#website\"},\"primaryImageOfPage\":{\"@id\":\"https:\\\/\\\/eyeofthewind.net\\\/en\\\/cruise\\\/anniversary-celebration\\\/#primaryimage\"},\"image\":{\"@id\":\"https:\\\/\\\/eyeofthewind.net\\\/en\\\/cruise\\\/anniversary-celebration\\\/#primaryimage\"},\"thumbnailUrl\":\"https:\\\/\\\/eyeofthewind.net\\\/wp-content\\\/uploads\\\/2025\\\/04\\\/Feier_komp-1-e1744112252872.jpg\",\"datePublished\":\"2024-11-22T13:04:20+00:00\",\"dateModified\":\"2025-04-08T11:36:11+00:00\",\"breadcrumb\":{\"@id\":\"https:\\\/\\\/eyeofthewind.net\\\/en\\\/cruise\\\/anniversary-celebration\\\/#breadcrumb\"},\"inLanguage\":\"en-GB\",\"potentialAction\":[{\"@type\":\"ReadAction\",\"target\":[\"https:\\\/\\\/eyeofthewind.net\\\/en\\\/cruise\\\/anniversary-celebration\\\/\"]}]},{\"@type\":\"ImageObject\",\"inLanguage\":\"en-GB\",\"@id\":\"https:\\\/\\\/eyeofthewind.net\\\/en\\\/cruise\\\/anniversary-celebration\\\/#primaryimage\",\"url\":\"https:\\\/\\\/eyeofthewind.net\\\/wp-content\\\/uploads\\\/2025\\\/04\\\/Feier_komp-1-e1744112252872.jpg\",\"contentUrl\":\"https:\\\/\\\/eyeofthewind.net\\\/wp-content\\\/uploads\\\/2025\\\/04\\\/Feier_komp-1-e1744112252872.jpg\",\"width\":1080,\"height\":317},{\"@type\":\"BreadcrumbList\",\"@id\":\"https:\\\/\\\/eyeofthewind.net\\\/en\\\/cruise\\\/anniversary-celebration\\\/#breadcrumb\",\"itemListElement\":[{\"@type\":\"ListItem\",\"position\":1,\"name\":\"Startseite\",\"item\":\"https:\\\/\\\/eyeofthewind.net\\\/\"},{\"@type\":\"ListItem\",\"position\":2,\"name\":\"Mitsegeln\",\"item\":\"https:\\\/\\\/eyeofthewind.net\\\/mitsegeln\\\/\"},{\"@type\":\"ListItem\",\"position\":3,\"name\":\"Feier &amp; Jubil\u00e4um\"}]},{\"@type\":\"WebSite\",\"@id\":\"https:\\\/\\\/eyeofthewind.net\\\/#website\",\"url\":\"https:\\\/\\\/eyeofthewind.net\\\/\",\"name\":\"Segelschiff Charter &amp; Reisen - Eye of the Wind\",\"description\":\"Segelurlaub mit der Eye of the Wind: Segelt\u00f6rns zwischen Ostsee, Kanaren und Karibik. Jeder kann mitsegeln! Mehr zu Ihrer Segelreise.\",\"publisher\":{\"@id\":\"https:\\\/\\\/eyeofthewind.net\\\/#organization\"},\"potentialAction\":[{\"@type\":\"SearchAction\",\"target\":{\"@type\":\"EntryPoint\",\"urlTemplate\":\"https:\\\/\\\/eyeofthewind.net\\\/?s={search_term_string}\"},\"query-input\":{\"@type\":\"PropertyValueSpecification\",\"valueRequired\":true,\"valueName\":\"search_term_string\"}}],\"inLanguage\":\"en-GB\"},{\"@type\":\"Organization\",\"@id\":\"https:\\\/\\\/eyeofthewind.net\\\/#organization\",\"name\":\"Segelschiff Charter &amp; Reisen - Eye of the Wind\",\"url\":\"https:\\\/\\\/eyeofthewind.net\\\/\",\"logo\":{\"@type\":\"ImageObject\",\"inLanguage\":\"en-GB\",\"@id\":\"https:\\\/\\\/eyeofthewind.net\\\/#\\\/schema\\\/logo\\\/image\\\/\",\"url\":\"https:\\\/\\\/eyeofthewind.net\\\/wp-content\\\/uploads\\\/2024\\\/10\\\/L_Eye_weiss.svg\",\"contentUrl\":\"https:\\\/\\\/eyeofthewind.net\\\/wp-content\\\/uploads\\\/2024\\\/10\\\/L_Eye_weiss.svg\",\"width\":202,\"height\":123,\"caption\":\"Segelschiff Charter &amp; Reisen - Eye of the Wind\"},\"image\":{\"@id\":\"https:\\\/\\\/eyeofthewind.net\\\/#\\\/schema\\\/logo\\\/image\\\/\"}}]}<\/script>\n<!-- \/ Yoast SEO plugin. -->","yoast_head_json":{"title":"Celebration &amp; Anniversary - Sailing Ship Charter &amp; Travelling - Eye of the Wind","robots":{"index":"index","follow":"follow","max-snippet":"max-snippet:-1","max-image-preview":"max-image-preview:large","max-video-preview":"max-video-preview:-1"},"canonical":"https:\/\/eyeofthewind.net\/en\/cruise\/anniversary-celebration\/","og_locale":"en_GB","og_type":"article","og_title":"Feier &amp; Jubil\u00e4um - Segelschiff Charter &amp; Reisen - Eye of the Wind","og_description":"Ihre private Veranstaltung an Bord eines Segelschiffs Geburtstag, &#8222;runder&#8220; Hochzeitstag, Firmen-Jubil\u00e4um, Familienfest oder Wiedersehens-Treffen &#8230; es gibt&nbsp;viele Anl\u00e4sse zum Feiern. M\u00f6chten Sie Ihrem besonderen&nbsp;Fest einen geschmackvollen maritimen Rahmen&nbsp;geben? &#8211; An Bord der Eye of the Wind bieten Sie Ihren G\u00e4sten und sich selbst ein einzigartiges&nbsp;Umfeld aus Schiffs- und Hafen-Atmosp\u00e4hre. Bei der Planung Ihrer\u00a0individuellen W\u00fcnsche zur [&hellip;]","og_url":"https:\/\/eyeofthewind.net\/en\/cruise\/anniversary-celebration\/","og_site_name":"Segelschiff Charter &amp; Reisen - Eye of the Wind","article_modified_time":"2025-04-08T11:36:11+00:00","og_image":[{"width":1080,"height":317,"url":"https:\/\/eyeofthewind.net\/wp-content\/uploads\/2025\/04\/Feier_komp-1-e1744112252872.jpg","type":"image\/jpeg"}],"twitter_card":"summary_large_image","twitter_misc":{"Estimated reading time":"2 minutes"},"schema":{"@context":"https:\/\/schema.org","@graph":[{"@type":"WebPage","@id":"https:\/\/eyeofthewind.net\/en\/cruise\/anniversary-celebration\/","url":"https:\/\/eyeofthewind.net\/en\/cruise\/anniversary-celebration\/","name":"Celebration &amp; Anniversary - Sailing Ship Charter &amp; Travelling - Eye of the Wind","isPartOf":{"@id":"https:\/\/eyeofthewind.net\/#website"},"primaryImageOfPage":{"@id":"https:\/\/eyeofthewind.net\/en\/cruise\/anniversary-celebration\/#primaryimage"},"image":{"@id":"https:\/\/eyeofthewind.net\/en\/cruise\/anniversary-celebration\/#primaryimage"},"thumbnailUrl":"https:\/\/eyeofthewind.net\/wp-content\/uploads\/2025\/04\/Feier_komp-1-e1744112252872.jpg","datePublished":"2024-11-22T13:04:20+00:00","dateModified":"2025-04-08T11:36:11+00:00","breadcrumb":{"@id":"https:\/\/eyeofthewind.net\/en\/cruise\/anniversary-celebration\/#breadcrumb"},"inLanguage":"en-GB","potentialAction":[{"@type":"ReadAction","target":["https:\/\/eyeofthewind.net\/en\/cruise\/anniversary-celebration\/"]}]},{"@type":"ImageObject","inLanguage":"en-GB","@id":"https:\/\/eyeofthewind.net\/en\/cruise\/anniversary-celebration\/#primaryimage","url":"https:\/\/eyeofthewind.net\/wp-content\/uploads\/2025\/04\/Feier_komp-1-e1744112252872.jpg","contentUrl":"https:\/\/eyeofthewind.net\/wp-content\/uploads\/2025\/04\/Feier_komp-1-e1744112252872.jpg","width":1080,"height":317},{"@type":"BreadcrumbList","@id":"https:\/\/eyeofthewind.net\/en\/cruise\/anniversary-celebration\/#breadcrumb","itemListElement":[{"@type":"ListItem","position":1,"name":"Startseite","item":"https:\/\/eyeofthewind.net\/"},{"@type":"ListItem","position":2,"name":"Mitsegeln","item":"https:\/\/eyeofthewind.net\/mitsegeln\/"},{"@type":"ListItem","position":3,"name":"Feier &amp; Jubil\u00e4um"}]},{"@type":"WebSite","@id":"https:\/\/eyeofthewind.net\/#website","url":"https:\/\/eyeofthewind.net\/","name":"Sailing Ship Charter &amp; Travelling - Eye of the Wind","description":"Sailing holidays with the Eye of the Wind: sailing trips between the Baltic Sea, Canary Islands and Caribbean. Anyone can sail with us! More about your sailing holiday.","publisher":{"@id":"https:\/\/eyeofthewind.net\/#organization"},"potentialAction":[{"@type":"SearchAction","target":{"@type":"EntryPoint","urlTemplate":"https:\/\/eyeofthewind.net\/?s={search_term_string}"},"query-input":{"@type":"PropertyValueSpecification","valueRequired":true,"valueName":"search_term_string"}}],"inLanguage":"en-GB"},{"@type":"Organization","@id":"https:\/\/eyeofthewind.net\/#organization","name":"Sailing Ship Charter &amp; Travelling - Eye of the Wind","url":"https:\/\/eyeofthewind.net\/","logo":{"@type":"ImageObject","inLanguage":"en-GB","@id":"https:\/\/eyeofthewind.net\/#\/schema\/logo\/image\/","url":"https:\/\/eyeofthewind.net\/wp-content\/uploads\/2024\/10\/L_Eye_weiss.svg","contentUrl":"https:\/\/eyeofthewind.net\/wp-content\/uploads\/2024\/10\/L_Eye_weiss.svg","width":202,"height":123,"caption":"Segelschiff Charter &amp; Reisen - Eye of the Wind"},"image":{"@id":"https:\/\/eyeofthewind.net\/#\/schema\/logo\/image\/"}}]}},"_links":{"self":[{"href":"https:\/\/eyeofthewind.net\/en\/wp-json\/wp\/v2\/pages\/637","targetHints":{"allow":["GET"]}}],"collection":[{"href":"https:\/\/eyeofthewind.net\/en\/wp-json\/wp\/v2\/pages"}],"about":[{"href":"https:\/\/eyeofthewind.net\/en\/wp-json\/wp\/v2\/types\/page"}],"author":[{"embeddable":true,"href":"https:\/\/eyeofthewind.net\/en\/wp-json\/wp\/v2\/users\/1"}],"replies":[{"embeddable":true,"href":"https:\/\/eyeofthewind.net\/en\/wp-json\/wp\/v2\/comments?post=637"}],"version-history":[{"count":9,"href":"https:\/\/eyeofthewind.net\/en\/wp-json\/wp\/v2\/pages\/637\/revisions"}],"predecessor-version":[{"id":2381,"href":"https:\/\/eyeofthewind.net\/en\/wp-json\/wp\/v2\/pages\/637\/revisions\/2381"}],"up":[{"embeddable":true,"href":"https:\/\/eyeofthewind.net\/en\/wp-json\/wp\/v2\/pages\/501"}],"wp:featuredmedia":[{"embeddable":true,"href":"https:\/\/eyeofthewind.net\/en\/wp-json\/wp\/v2\/media\/2378"}],"wp:attachment":[{"href":"https:\/\/eyeofthewind.net\/en\/wp-json\/wp\/v2\/media?parent=637"}],"curies":[{"name":"wp","href":"https:\/\/api.w.org\/{rel}","templated":true}]}}