{"id":643,"date":"2024-11-22T14:06:39","date_gmt":"2024-11-22T13:06:39","guid":{"rendered":"https:\/\/eyeofthewind.net\/?page_id=643"},"modified":"2025-04-09T12:47:42","modified_gmt":"2025-04-09T10:47:42","slug":"charter","status":"publish","type":"page","link":"https:\/\/eyeofthewind.net\/en\/charter\/","title":{"rendered":"Charter"},"content":{"rendered":"<div class=\"gb-container gb-container-3ebc3178 fadein alignfull\">\n<div class=\"gb-container gb-container-a16c7b43\">\n\n<h2 class=\"gb-headline gb-headline-9c545c36 gb-headline-text\"><img decoding=\"async\" src=\"https:\/\/eyeofthewind.net\/wp-content\/uploads\/2024\/11\/anchor_60dp_134484-_FILL0_wght200_GRAD0_opsz48.svg\" alt=\"\"><br>Sailing ship charter for private individuals and companies<\/h2>\n\n\n\n<p class=\"has-text-align-left\"><strong>Charter the tall ship Eye of the Wind.<\/strong><\/p>\n\n\n\n<p>Would you like to spend an unforgettable time at sea with your family, friends, club or company employees? \u2013 You can charter our sailing ship!<\/p>\n\n\n\n<p class=\"translation-block\">For <strong>business and private sailing trips, day events and multi-day voyages<\/strong>, we have the <strong>perfect ship for your crew<\/strong>. You can hire our unique traditional tall ship with crew and <strong>plan your own individual sailing trip<\/strong>.<\/p>\n\n\n\n<p class=\"translation-block\">With an individual charter, you can make the Eye of the Wind your \"own\" ship. Unlike our day trips and cruises, <strong>you decide on the port of departure, destination, course and duration of your stay on board<\/strong>. From a one-day charter, for example for your birthday party, wedding party or a photo shoot, to a sea voyage lasting several days, we will find <strong>the right offer for your ideas<\/strong>.<\/p>\n\n\n\n<p class=\"translation-block\">Make your incentive, corporate event or upcoming company outing an unforgettable experience and book the tall ship for <strong>your corporate event<\/strong>. The windjammer is available for your corporate event in an <strong>extraordinary maritime setting<\/strong> as well as for short trips as a select incentive for your employees.<\/p>\n\n\n\n<h2 class=\"wp-block-heading has-text-align-center\">Full charter at special conditions<\/h2>\n\n\n\n<p class=\"translation-block\"><br><strong>Sail with good friends<\/strong> or your team to fantastic destinations! Book the entire ship as a <strong>full charter at special rates<\/strong>.<\/p>\n\n\n\n<p class=\"translation-block\">We would be happy to put together a tailor-made offer for <strong>your individual charter trip<\/strong>, taking into account <strong>your route preferences<\/strong> and advising you on possible shore excursions or special events on board. Whether you are a private individual or a company looking for incentives, product presentations, training courses, anniversaries or private events, <strong>sailing ship charters<\/strong> offer an exclusive maritime <strong>atmosphere on board the Eye of the Wind<\/strong>.\n<br><br>\nYour guests will be accommodated in <a href=\"\/en\/ship\/gallery\/gallery-cabins\/\" target=\"_self\">comfortable cabins<\/a> on the sailing ship. Please note that for trips lasting several days, the capacity on board is limited to a maximum of twelve passengers. For day trips without overnight stays, it is also possible to accommodate more than twelve people by individual arrangement.<\/p>\n\n\n\n<p class=\"translation-block\">Charter rates per day for the entire ship <a href=\"\/en\/service\/contact\" target=\"_self\">on request<\/a>. Contact us for a non-binding full charter offer and plan your individual sailing adventure.<\/p>\n\n\n\n<p class=\"has-text-align-left translation-block\">We make <strong>your dream of having your \"own\" ship<\/strong> come true and look forward to hearing your wishes!<\/p>\n\n\n\n<div style=\"height:60px\" aria-hidden=\"true\" class=\"wp-block-spacer\"><\/div>\n\n<\/div>\n\n<div class=\"gb-container gb-container-2b66d7f5\">\n\n<div class=\"wp-block-group is-layout-constrained wp-block-group-is-layout-constrained\"><div class=\"gb-grid-wrapper gb-grid-wrapper-bcaae4c5\">\n<div class=\"gb-grid-column gb-grid-column-1e7d1b74\"><div class=\"gb-container gb-container-1e7d1b74\">\n<div class=\"gb-container gb-container-6beb9f05\">\n\n<h3 class=\"gb-headline gb-headline-5fedc63c gb-headline-text\"><br><\/h3>\n\n\n\n<a class=\"gb-button gb-button-3e16f6d4 gb-button-text webo-btn webo-internal-link\" href=\"\/en\/charter\/private-charter\/\">Private Charter<\/a>\n\n<\/div>\n<\/div><\/div>\n\n<div class=\"gb-grid-column gb-grid-column-64148f3a\"><div class=\"gb-container gb-container-64148f3a\">\n<div class=\"gb-container gb-container-990e63b6\">\n\n<h3 class=\"gb-headline gb-headline-a02da906 gb-headline-text\"><br><\/h3>\n\n\n\n<a class=\"gb-button gb-button-16f7fa7b gb-button-text webo-btn webo-internal-link\" href=\"\/en\/charter\/company-associations\/\">Companies &amp; Clubs<\/a>\n\n<\/div>\n<\/div><\/div>\n\n<div class=\"gb-grid-column gb-grid-column-b174cb7e\"><div class=\"gb-container gb-container-b174cb7e\">\n<div class=\"gb-container gb-container-1a58858e\">\n\n<h3 class=\"gb-headline gb-headline-5ee56a0f gb-headline-text\"><br><\/h3>\n\n\n\n<a class=\"gb-button gb-button-ae286490 gb-button-text webo-btn webo-internal-link\" href=\"\/en\/cruise\/anniversary-celebration\/\">Celebration &amp; Anniversary<\/a>\n\n<\/div>\n<\/div><\/div>\n\n<div class=\"gb-grid-column gb-grid-column-0bdb1152\"><div class=\"gb-container gb-container-0bdb1152\">\n<div class=\"gb-container gb-container-8a03d631\">\n\n<h3 class=\"gb-headline gb-headline-3833331b gb-headline-text\"><br><\/h3>\n\n\n\n<a class=\"gb-button gb-button-7cd4eee1 gb-button-text webo-btn webo-internal-link\" href=\"\/en\/charter\/leadership-training\/\">Leadership Training<\/a>\n\n<\/div>\n<\/div><\/div>\n<\/div><\/div>\n\n<\/div>\n<\/div>","protected":false},"excerpt":{"rendered":"<p>Segelschiff Charter f\u00fcr Privatpersonen und Unternehmen Chartern Sie den Gro\u00dfsegler Eye of the Wind. M\u00f6chten Sie mit Ihrer Familie, Ihrem Freundeskreis, Ihrem Verein oder mit den Mitarbeitern Ihres Unternehmens eine unvergessliche Zeit auf dem Meer verbringen? \u2013 Sie k\u00f6nnen unser Segelschiff chartern! F\u00fcr&nbsp;gesch\u00e4ftliche und private Segelt\u00f6rns, Tagesveranstaltungen&nbsp;und&nbsp;mehrt\u00e4gige Reisen&nbsp;finden Sie bei uns&nbsp;ein eigenes Schiff f\u00fcr Ihre [&hellip;]<\/p>\n","protected":false},"author":1,"featured_media":2185,"parent":0,"menu_order":0,"comment_status":"closed","ping_status":"closed","template":"","meta":{"_acf_changed":false,"_vp_format_video_url":"","_vp_image_focal_point":[],"footnotes":""},"class_list":["post-643","page","type-page","status-publish","has-post-thumbnail","hentry"],"blocksy_meta":[],"acf":[],"yoast_head":"<!-- This site is optimized with the Yoast SEO plugin v27.3 - https:\/\/yoast.com\/product\/yoast-seo-wordpress\/ -->\n<title>Charter - Segelschiff Charter &amp; Reisen - Eye of the Wind<\/title>\n<meta name=\"robots\" content=\"index, follow, max-snippet:-1, max-image-preview:large, max-video-preview:-1\" \/>\n<link rel=\"canonical\" href=\"https:\/\/eyeofthewind.net\/en\/charter\/\" \/>\n<meta property=\"og:locale\" content=\"en_GB\" \/>\n<meta property=\"og:type\" content=\"article\" \/>\n<meta property=\"og:title\" content=\"Charter - Segelschiff Charter &amp; Reisen - Eye of the Wind\" \/>\n<meta property=\"og:description\" content=\"Segelschiff Charter f\u00fcr Privatpersonen und Unternehmen Chartern Sie den Gro\u00dfsegler Eye of the Wind. M\u00f6chten Sie mit Ihrer Familie, Ihrem Freundeskreis, Ihrem Verein oder mit den Mitarbeitern Ihres Unternehmens eine unvergessliche Zeit auf dem Meer verbringen? \u2013 Sie k\u00f6nnen unser Segelschiff chartern! F\u00fcr&nbsp;gesch\u00e4ftliche und private Segelt\u00f6rns, Tagesveranstaltungen&nbsp;und&nbsp;mehrt\u00e4gige Reisen&nbsp;finden Sie bei uns&nbsp;ein eigenes Schiff f\u00fcr Ihre [&hellip;]\" \/>\n<meta property=\"og:url\" content=\"https:\/\/eyeofthewind.net\/en\/charter\/\" \/>\n<meta property=\"og:site_name\" content=\"Segelschiff Charter &amp; Reisen - Eye of the Wind\" \/>\n<meta property=\"article:modified_time\" content=\"2025-04-09T10:47:42+00:00\" \/>\n<meta property=\"og:image\" content=\"https:\/\/eyeofthewind.net\/wp-content\/uploads\/2025\/04\/H.P.-Junginger.jpg\" \/>\n\t<meta property=\"og:image:width\" content=\"2048\" \/>\n\t<meta property=\"og:image:height\" content=\"1536\" \/>\n\t<meta property=\"og:image:type\" content=\"image\/jpeg\" \/>\n<meta name=\"twitter:card\" content=\"summary_large_image\" \/>\n<meta name=\"twitter:label1\" content=\"Estimated reading time\" \/>\n\t<meta name=\"twitter:data1\" content=\"3 minutes\" \/>\n<script type=\"application\/ld+json\" class=\"yoast-schema-graph\">{\"@context\":\"https:\\\/\\\/schema.org\",\"@graph\":[{\"@type\":\"WebPage\",\"@id\":\"https:\\\/\\\/eyeofthewind.net\\\/charter\\\/\",\"url\":\"https:\\\/\\\/eyeofthewind.net\\\/charter\\\/\",\"name\":\"Charter - Segelschiff Charter &amp; Reisen - Eye of the Wind\",\"isPartOf\":{\"@id\":\"https:\\\/\\\/eyeofthewind.net\\\/#website\"},\"primaryImageOfPage\":{\"@id\":\"https:\\\/\\\/eyeofthewind.net\\\/charter\\\/#primaryimage\"},\"image\":{\"@id\":\"https:\\\/\\\/eyeofthewind.net\\\/charter\\\/#primaryimage\"},\"thumbnailUrl\":\"https:\\\/\\\/eyeofthewind.net\\\/wp-content\\\/uploads\\\/2025\\\/04\\\/H.P.-Junginger.jpg\",\"datePublished\":\"2024-11-22T13:06:39+00:00\",\"dateModified\":\"2025-04-09T10:47:42+00:00\",\"breadcrumb\":{\"@id\":\"https:\\\/\\\/eyeofthewind.net\\\/charter\\\/#breadcrumb\"},\"inLanguage\":\"en-GB\",\"potentialAction\":[{\"@type\":\"ReadAction\",\"target\":[\"https:\\\/\\\/eyeofthewind.net\\\/charter\\\/\"]}]},{\"@type\":\"ImageObject\",\"inLanguage\":\"en-GB\",\"@id\":\"https:\\\/\\\/eyeofthewind.net\\\/charter\\\/#primaryimage\",\"url\":\"https:\\\/\\\/eyeofthewind.net\\\/wp-content\\\/uploads\\\/2025\\\/04\\\/H.P.-Junginger.jpg\",\"contentUrl\":\"https:\\\/\\\/eyeofthewind.net\\\/wp-content\\\/uploads\\\/2025\\\/04\\\/H.P.-Junginger.jpg\",\"width\":2048,\"height\":1536},{\"@type\":\"BreadcrumbList\",\"@id\":\"https:\\\/\\\/eyeofthewind.net\\\/charter\\\/#breadcrumb\",\"itemListElement\":[{\"@type\":\"ListItem\",\"position\":1,\"name\":\"Startseite\",\"item\":\"https:\\\/\\\/eyeofthewind.net\\\/\"},{\"@type\":\"ListItem\",\"position\":2,\"name\":\"Charter\"}]},{\"@type\":\"WebSite\",\"@id\":\"https:\\\/\\\/eyeofthewind.net\\\/#website\",\"url\":\"https:\\\/\\\/eyeofthewind.net\\\/\",\"name\":\"Segelschiff Charter &amp; Reisen - Eye of the Wind\",\"description\":\"Segelurlaub mit der Eye of the Wind: Segelt\u00f6rns zwischen Ostsee, Kanaren und Karibik. Jeder kann mitsegeln! Mehr zu Ihrer Segelreise.\",\"publisher\":{\"@id\":\"https:\\\/\\\/eyeofthewind.net\\\/#organization\"},\"potentialAction\":[{\"@type\":\"SearchAction\",\"target\":{\"@type\":\"EntryPoint\",\"urlTemplate\":\"https:\\\/\\\/eyeofthewind.net\\\/?s={search_term_string}\"},\"query-input\":{\"@type\":\"PropertyValueSpecification\",\"valueRequired\":true,\"valueName\":\"search_term_string\"}}],\"inLanguage\":\"en-GB\"},{\"@type\":\"Organization\",\"@id\":\"https:\\\/\\\/eyeofthewind.net\\\/#organization\",\"name\":\"Segelschiff Charter &amp; Reisen - Eye of the Wind\",\"url\":\"https:\\\/\\\/eyeofthewind.net\\\/\",\"logo\":{\"@type\":\"ImageObject\",\"inLanguage\":\"en-GB\",\"@id\":\"https:\\\/\\\/eyeofthewind.net\\\/#\\\/schema\\\/logo\\\/image\\\/\",\"url\":\"https:\\\/\\\/eyeofthewind.net\\\/wp-content\\\/uploads\\\/2024\\\/10\\\/L_Eye_weiss.svg\",\"contentUrl\":\"https:\\\/\\\/eyeofthewind.net\\\/wp-content\\\/uploads\\\/2024\\\/10\\\/L_Eye_weiss.svg\",\"width\":202,\"height\":123,\"caption\":\"Segelschiff Charter &amp; Reisen - Eye of the Wind\"},\"image\":{\"@id\":\"https:\\\/\\\/eyeofthewind.net\\\/#\\\/schema\\\/logo\\\/image\\\/\"}}]}<\/script>\n<!-- \/ Yoast SEO plugin. -->","yoast_head_json":{"title":"Charter - Sailing Ship Charter &amp; Travelling - Eye of the Wind","robots":{"index":"index","follow":"follow","max-snippet":"max-snippet:-1","max-image-preview":"max-image-preview:large","max-video-preview":"max-video-preview:-1"},"canonical":"https:\/\/eyeofthewind.net\/en\/charter\/","og_locale":"en_GB","og_type":"article","og_title":"Charter - Segelschiff Charter &amp; Reisen - Eye of the Wind","og_description":"Segelschiff Charter f\u00fcr Privatpersonen und Unternehmen Chartern Sie den Gro\u00dfsegler Eye of the Wind. M\u00f6chten Sie mit Ihrer Familie, Ihrem Freundeskreis, Ihrem Verein oder mit den Mitarbeitern Ihres Unternehmens eine unvergessliche Zeit auf dem Meer verbringen? \u2013 Sie k\u00f6nnen unser Segelschiff chartern! F\u00fcr&nbsp;gesch\u00e4ftliche und private Segelt\u00f6rns, Tagesveranstaltungen&nbsp;und&nbsp;mehrt\u00e4gige Reisen&nbsp;finden Sie bei uns&nbsp;ein eigenes Schiff f\u00fcr Ihre [&hellip;]","og_url":"https:\/\/eyeofthewind.net\/en\/charter\/","og_site_name":"Segelschiff Charter &amp; Reisen - Eye of the Wind","article_modified_time":"2025-04-09T10:47:42+00:00","og_image":[{"width":2048,"height":1536,"url":"https:\/\/eyeofthewind.net\/wp-content\/uploads\/2025\/04\/H.P.-Junginger.jpg","type":"image\/jpeg"}],"twitter_card":"summary_large_image","twitter_misc":{"Estimated reading time":"3 minutes"},"schema":{"@context":"https:\/\/schema.org","@graph":[{"@type":"WebPage","@id":"https:\/\/eyeofthewind.net\/charter\/","url":"https:\/\/eyeofthewind.net\/charter\/","name":"Charter - Sailing Ship Charter &amp; Travelling - Eye of the Wind","isPartOf":{"@id":"https:\/\/eyeofthewind.net\/#website"},"primaryImageOfPage":{"@id":"https:\/\/eyeofthewind.net\/charter\/#primaryimage"},"image":{"@id":"https:\/\/eyeofthewind.net\/charter\/#primaryimage"},"thumbnailUrl":"https:\/\/eyeofthewind.net\/wp-content\/uploads\/2025\/04\/H.P.-Junginger.jpg","datePublished":"2024-11-22T13:06:39+00:00","dateModified":"2025-04-09T10:47:42+00:00","breadcrumb":{"@id":"https:\/\/eyeofthewind.net\/charter\/#breadcrumb"},"inLanguage":"en-GB","potentialAction":[{"@type":"ReadAction","target":["https:\/\/eyeofthewind.net\/charter\/"]}]},{"@type":"ImageObject","inLanguage":"en-GB","@id":"https:\/\/eyeofthewind.net\/charter\/#primaryimage","url":"https:\/\/eyeofthewind.net\/wp-content\/uploads\/2025\/04\/H.P.-Junginger.jpg","contentUrl":"https:\/\/eyeofthewind.net\/wp-content\/uploads\/2025\/04\/H.P.-Junginger.jpg","width":2048,"height":1536},{"@type":"BreadcrumbList","@id":"https:\/\/eyeofthewind.net\/charter\/#breadcrumb","itemListElement":[{"@type":"ListItem","position":1,"name":"Startseite","item":"https:\/\/eyeofthewind.net\/"},{"@type":"ListItem","position":2,"name":"Charter"}]},{"@type":"WebSite","@id":"https:\/\/eyeofthewind.net\/#website","url":"https:\/\/eyeofthewind.net\/","name":"Sailing Ship Charter &amp; Travelling - Eye of the Wind","description":"Sailing holidays with the Eye of the Wind: sailing trips between the Baltic Sea, Canary Islands and Caribbean. Anyone can sail with us! More about your sailing holiday.","publisher":{"@id":"https:\/\/eyeofthewind.net\/#organization"},"potentialAction":[{"@type":"SearchAction","target":{"@type":"EntryPoint","urlTemplate":"https:\/\/eyeofthewind.net\/?s={search_term_string}"},"query-input":{"@type":"PropertyValueSpecification","valueRequired":true,"valueName":"search_term_string"}}],"inLanguage":"en-GB"},{"@type":"Organization","@id":"https:\/\/eyeofthewind.net\/#organization","name":"Sailing Ship Charter &amp; Travelling - Eye of the Wind","url":"https:\/\/eyeofthewind.net\/","logo":{"@type":"ImageObject","inLanguage":"en-GB","@id":"https:\/\/eyeofthewind.net\/#\/schema\/logo\/image\/","url":"https:\/\/eyeofthewind.net\/wp-content\/uploads\/2024\/10\/L_Eye_weiss.svg","contentUrl":"https:\/\/eyeofthewind.net\/wp-content\/uploads\/2024\/10\/L_Eye_weiss.svg","width":202,"height":123,"caption":"Segelschiff Charter &amp; Reisen - Eye of the Wind"},"image":{"@id":"https:\/\/eyeofthewind.net\/#\/schema\/logo\/image\/"}}]}},"_links":{"self":[{"href":"https:\/\/eyeofthewind.net\/en\/wp-json\/wp\/v2\/pages\/643","targetHints":{"allow":["GET"]}}],"collection":[{"href":"https:\/\/eyeofthewind.net\/en\/wp-json\/wp\/v2\/pages"}],"about":[{"href":"https:\/\/eyeofthewind.net\/en\/wp-json\/wp\/v2\/types\/page"}],"author":[{"embeddable":true,"href":"https:\/\/eyeofthewind.net\/en\/wp-json\/wp\/v2\/users\/1"}],"replies":[{"embeddable":true,"href":"https:\/\/eyeofthewind.net\/en\/wp-json\/wp\/v2\/comments?post=643"}],"version-history":[{"count":17,"href":"https:\/\/eyeofthewind.net\/en\/wp-json\/wp\/v2\/pages\/643\/revisions"}],"predecessor-version":[{"id":2495,"href":"https:\/\/eyeofthewind.net\/en\/wp-json\/wp\/v2\/pages\/643\/revisions\/2495"}],"wp:featuredmedia":[{"embeddable":true,"href":"https:\/\/eyeofthewind.net\/en\/wp-json\/wp\/v2\/media\/2185"}],"wp:attachment":[{"href":"https:\/\/eyeofthewind.net\/en\/wp-json\/wp\/v2\/media?parent=643"}],"curies":[{"name":"wp","href":"https:\/\/api.w.org\/{rel}","templated":true}]}}