{"id":647,"date":"2024-11-22T14:08:11","date_gmt":"2024-11-22T13:08:11","guid":{"rendered":"https:\/\/eyeofthewind.net\/?page_id=647"},"modified":"2025-11-12T10:03:17","modified_gmt":"2025-11-12T09:03:17","slug":"company-associations","status":"publish","type":"page","link":"https:\/\/eyeofthewind.net\/en\/charter\/firmen-vereine\/","title":{"rendered":"Companies &amp; Clubs"},"content":{"rendered":"<div class=\"gb-container gb-container-3ebc3178 fadein alignfull\">\n<div class=\"gb-container gb-container-a16c7b43\">\n\n<h2 class=\"gb-headline gb-headline-9c545c36 gb-headline-text\">Your company event or incentive on a sailing ship<\/h2>\n\n\n\n<p class=\"translation-block\">Offer your employees an unforgettable experience and your customers a high-quality event in a sophisticated setting. Chartering the entire ship is ideal for strategy and project discussions, marketing rounds and meetings, employee incentives, company celebrations and excursions, customer loyalty measures, festivals and events ... The windjammer is available for <strong>your corporate event in an extraordinary maritime setting<\/strong>, as well as for short trips as a <strong>select incentive measure for your employees<\/strong> and as an effective means of customer loyalty. Welcome aboard \u2013 a stylish time at sea awaits you and your guests!<\/p>\n\n\n\n<p class=\"translation-block\"><strong>Some model examples:<\/strong> A <a href=\"\/en\/cruise\/day-trips\/\" target=\"_self\">day or evening trip as part of a major maritime event<\/a> is a memorable company event, whether as a staff outing or a premium event for your customers. Two- to three-day short trips in the enchanting Danish South Sea are ideal as <strong>incentive trips for your customers<\/strong>. A week-long sailing trip to the Canary Islands will <strong>boost your employees' motivation and team spirit<\/strong> in the long term. We will of course be happy to assist you with the individual planning of your incentive programme and discuss all services with you, from the itinerary to the catering of your choice \u2013 <a href=\"\/en\/service\/contact\" target=\"_self\">please contact us<\/a>.<\/p>\n\n\n\n<p class=\"translation-block\">As with all <a href=\"https:\/\/www.forum-media.com\/en\/about-us\/\" target=\"_blank\" rel=\"noreferrer noopener\">FORUM MEDIA GROUP<\/a> services, this offer is also subject to our <strong>customer satisfaction<\/strong> promise based on the principle of <strong>\"more benefits than costs\"<\/strong>: we offer our customers genuine added value \u2013 with every product and every contact.<\/p>\n\n<\/div>\n<\/div>","protected":false},"excerpt":{"rendered":"<p>Ihr Firmen-Event oder Incentive auf dem Segelschiff Bieten Sie Ihren Mitarbeitern ein unvergessliches Erlebnis und Ihren Kunden eine hochwertige Veranstaltung in anspruchsvollem Ambiente. Die Vercharterung des ganzen Schiffes eignet sich f\u00fcr Strategie- und Projektbesprechungen, Marketing-Runden und Meetings, Mitarbeiter-Incentives, Firmenfeiern und -ausfl\u00fcge, Kundenbindungsma\u00dfnahmen, Festivals und Veranstaltungen \u2026 Der Windjammer steht f\u00fcr Ihre&nbsp;Firmenveranstaltung im au\u00dfergew\u00f6hnlichen maritimen Rahmen&nbsp;ebenso [&hellip;]<\/p>\n","protected":false},"author":1,"featured_media":2178,"parent":643,"menu_order":0,"comment_status":"closed","ping_status":"closed","template":"","meta":{"_acf_changed":false,"_vp_format_video_url":"","_vp_image_focal_point":[],"footnotes":""},"class_list":["post-647","page","type-page","status-publish","has-post-thumbnail","hentry"],"blocksy_meta":[],"acf":[],"yoast_head":"<!-- This site is optimized with the Yoast SEO plugin v27.3 - https:\/\/yoast.com\/product\/yoast-seo-wordpress\/ -->\n<title>Firmen &amp; Vereine - Segelschiff Charter &amp; Reisen - Eye of the Wind<\/title>\n<meta name=\"robots\" content=\"index, follow, max-snippet:-1, max-image-preview:large, max-video-preview:-1\" \/>\n<link rel=\"canonical\" href=\"https:\/\/eyeofthewind.net\/en\/charter\/company-associations\/\" \/>\n<meta property=\"og:locale\" content=\"en_GB\" \/>\n<meta property=\"og:type\" content=\"article\" \/>\n<meta property=\"og:title\" content=\"Firmen &amp; Vereine - Segelschiff Charter &amp; Reisen - Eye of the Wind\" \/>\n<meta property=\"og:description\" content=\"Ihr Firmen-Event oder Incentive auf dem Segelschiff Bieten Sie Ihren Mitarbeitern ein unvergessliches Erlebnis und Ihren Kunden eine hochwertige Veranstaltung in anspruchsvollem Ambiente. Die Vercharterung des ganzen Schiffes eignet sich f\u00fcr Strategie- und Projektbesprechungen, Marketing-Runden und Meetings, Mitarbeiter-Incentives, Firmenfeiern und -ausfl\u00fcge, Kundenbindungsma\u00dfnahmen, Festivals und Veranstaltungen \u2026 Der Windjammer steht f\u00fcr Ihre&nbsp;Firmenveranstaltung im au\u00dfergew\u00f6hnlichen maritimen Rahmen&nbsp;ebenso [&hellip;]\" \/>\n<meta property=\"og:url\" content=\"https:\/\/eyeofthewind.net\/en\/charter\/company-associations\/\" \/>\n<meta property=\"og:site_name\" content=\"Segelschiff Charter &amp; Reisen - Eye of the Wind\" \/>\n<meta property=\"article:modified_time\" content=\"2025-11-12T09:03:17+00:00\" \/>\n<meta property=\"og:image\" content=\"https:\/\/eyeofthewind.net\/wp-content\/uploads\/2025\/04\/Incentive-scaled.jpg\" \/>\n\t<meta property=\"og:image:width\" content=\"2560\" \/>\n\t<meta property=\"og:image:height\" content=\"1701\" \/>\n\t<meta property=\"og:image:type\" content=\"image\/jpeg\" \/>\n<meta name=\"twitter:card\" content=\"summary_large_image\" \/>\n<meta name=\"twitter:label1\" content=\"Estimated reading time\" \/>\n\t<meta name=\"twitter:data1\" content=\"2 minutes\" \/>\n<script type=\"application\/ld+json\" class=\"yoast-schema-graph\">{\"@context\":\"https:\\\/\\\/schema.org\",\"@graph\":[{\"@type\":\"WebPage\",\"@id\":\"https:\\\/\\\/eyeofthewind.net\\\/charter\\\/firmen-vereine\\\/\",\"url\":\"https:\\\/\\\/eyeofthewind.net\\\/charter\\\/firmen-vereine\\\/\",\"name\":\"Firmen &amp; Vereine - Segelschiff Charter &amp; Reisen - Eye of the Wind\",\"isPartOf\":{\"@id\":\"https:\\\/\\\/eyeofthewind.net\\\/#website\"},\"primaryImageOfPage\":{\"@id\":\"https:\\\/\\\/eyeofthewind.net\\\/charter\\\/firmen-vereine\\\/#primaryimage\"},\"image\":{\"@id\":\"https:\\\/\\\/eyeofthewind.net\\\/charter\\\/firmen-vereine\\\/#primaryimage\"},\"thumbnailUrl\":\"https:\\\/\\\/eyeofthewind.net\\\/wp-content\\\/uploads\\\/2025\\\/04\\\/Incentive-scaled.jpg\",\"datePublished\":\"2024-11-22T13:08:11+00:00\",\"dateModified\":\"2025-11-12T09:03:17+00:00\",\"breadcrumb\":{\"@id\":\"https:\\\/\\\/eyeofthewind.net\\\/charter\\\/firmen-vereine\\\/#breadcrumb\"},\"inLanguage\":\"en-GB\",\"potentialAction\":[{\"@type\":\"ReadAction\",\"target\":[\"https:\\\/\\\/eyeofthewind.net\\\/charter\\\/firmen-vereine\\\/\"]}]},{\"@type\":\"ImageObject\",\"inLanguage\":\"en-GB\",\"@id\":\"https:\\\/\\\/eyeofthewind.net\\\/charter\\\/firmen-vereine\\\/#primaryimage\",\"url\":\"https:\\\/\\\/eyeofthewind.net\\\/wp-content\\\/uploads\\\/2025\\\/04\\\/Incentive-scaled.jpg\",\"contentUrl\":\"https:\\\/\\\/eyeofthewind.net\\\/wp-content\\\/uploads\\\/2025\\\/04\\\/Incentive-scaled.jpg\",\"width\":2560,\"height\":1701},{\"@type\":\"BreadcrumbList\",\"@id\":\"https:\\\/\\\/eyeofthewind.net\\\/charter\\\/firmen-vereine\\\/#breadcrumb\",\"itemListElement\":[{\"@type\":\"ListItem\",\"position\":1,\"name\":\"Startseite\",\"item\":\"https:\\\/\\\/eyeofthewind.net\\\/\"},{\"@type\":\"ListItem\",\"position\":2,\"name\":\"Charter\",\"item\":\"https:\\\/\\\/eyeofthewind.net\\\/charter\\\/\"},{\"@type\":\"ListItem\",\"position\":3,\"name\":\"Firmen &amp; Vereine\"}]},{\"@type\":\"WebSite\",\"@id\":\"https:\\\/\\\/eyeofthewind.net\\\/#website\",\"url\":\"https:\\\/\\\/eyeofthewind.net\\\/\",\"name\":\"Segelschiff Charter &amp; Reisen - Eye of the Wind\",\"description\":\"Segelurlaub mit der Eye of the Wind: Segelt\u00f6rns zwischen Ostsee, Kanaren und Karibik. Jeder kann mitsegeln! Mehr zu Ihrer Segelreise.\",\"publisher\":{\"@id\":\"https:\\\/\\\/eyeofthewind.net\\\/#organization\"},\"potentialAction\":[{\"@type\":\"SearchAction\",\"target\":{\"@type\":\"EntryPoint\",\"urlTemplate\":\"https:\\\/\\\/eyeofthewind.net\\\/?s={search_term_string}\"},\"query-input\":{\"@type\":\"PropertyValueSpecification\",\"valueRequired\":true,\"valueName\":\"search_term_string\"}}],\"inLanguage\":\"en-GB\"},{\"@type\":\"Organization\",\"@id\":\"https:\\\/\\\/eyeofthewind.net\\\/#organization\",\"name\":\"Segelschiff Charter &amp; Reisen - Eye of the Wind\",\"url\":\"https:\\\/\\\/eyeofthewind.net\\\/\",\"logo\":{\"@type\":\"ImageObject\",\"inLanguage\":\"en-GB\",\"@id\":\"https:\\\/\\\/eyeofthewind.net\\\/#\\\/schema\\\/logo\\\/image\\\/\",\"url\":\"https:\\\/\\\/eyeofthewind.net\\\/wp-content\\\/uploads\\\/2024\\\/10\\\/L_Eye_weiss.svg\",\"contentUrl\":\"https:\\\/\\\/eyeofthewind.net\\\/wp-content\\\/uploads\\\/2024\\\/10\\\/L_Eye_weiss.svg\",\"width\":202,\"height\":123,\"caption\":\"Segelschiff Charter &amp; Reisen - Eye of the Wind\"},\"image\":{\"@id\":\"https:\\\/\\\/eyeofthewind.net\\\/#\\\/schema\\\/logo\\\/image\\\/\"}}]}<\/script>\n<!-- \/ Yoast SEO plugin. -->","yoast_head_json":{"title":"Companies &amp; Associations - Sailing Ship Charter &amp; Travelling - Eye of the Wind","robots":{"index":"index","follow":"follow","max-snippet":"max-snippet:-1","max-image-preview":"max-image-preview:large","max-video-preview":"max-video-preview:-1"},"canonical":"https:\/\/eyeofthewind.net\/en\/charter\/company-associations\/","og_locale":"en_GB","og_type":"article","og_title":"Firmen &amp; Vereine - Segelschiff Charter &amp; Reisen - Eye of the Wind","og_description":"Ihr Firmen-Event oder Incentive auf dem Segelschiff Bieten Sie Ihren Mitarbeitern ein unvergessliches Erlebnis und Ihren Kunden eine hochwertige Veranstaltung in anspruchsvollem Ambiente. Die Vercharterung des ganzen Schiffes eignet sich f\u00fcr Strategie- und Projektbesprechungen, Marketing-Runden und Meetings, Mitarbeiter-Incentives, Firmenfeiern und -ausfl\u00fcge, Kundenbindungsma\u00dfnahmen, Festivals und Veranstaltungen \u2026 Der Windjammer steht f\u00fcr Ihre&nbsp;Firmenveranstaltung im au\u00dfergew\u00f6hnlichen maritimen Rahmen&nbsp;ebenso [&hellip;]","og_url":"https:\/\/eyeofthewind.net\/en\/charter\/company-associations\/","og_site_name":"Segelschiff Charter &amp; Reisen - Eye of the Wind","article_modified_time":"2025-11-12T09:03:17+00:00","og_image":[{"width":2560,"height":1701,"url":"https:\/\/eyeofthewind.net\/wp-content\/uploads\/2025\/04\/Incentive-scaled.jpg","type":"image\/jpeg"}],"twitter_card":"summary_large_image","twitter_misc":{"Estimated reading time":"2 minutes"},"schema":{"@context":"https:\/\/schema.org","@graph":[{"@type":"WebPage","@id":"https:\/\/eyeofthewind.net\/charter\/firmen-vereine\/","url":"https:\/\/eyeofthewind.net\/charter\/firmen-vereine\/","name":"Companies &amp; Associations - Sailing Ship Charter &amp; Travelling - Eye of the Wind","isPartOf":{"@id":"https:\/\/eyeofthewind.net\/#website"},"primaryImageOfPage":{"@id":"https:\/\/eyeofthewind.net\/charter\/firmen-vereine\/#primaryimage"},"image":{"@id":"https:\/\/eyeofthewind.net\/charter\/firmen-vereine\/#primaryimage"},"thumbnailUrl":"https:\/\/eyeofthewind.net\/wp-content\/uploads\/2025\/04\/Incentive-scaled.jpg","datePublished":"2024-11-22T13:08:11+00:00","dateModified":"2025-11-12T09:03:17+00:00","breadcrumb":{"@id":"https:\/\/eyeofthewind.net\/charter\/firmen-vereine\/#breadcrumb"},"inLanguage":"en-GB","potentialAction":[{"@type":"ReadAction","target":["https:\/\/eyeofthewind.net\/charter\/firmen-vereine\/"]}]},{"@type":"ImageObject","inLanguage":"en-GB","@id":"https:\/\/eyeofthewind.net\/charter\/firmen-vereine\/#primaryimage","url":"https:\/\/eyeofthewind.net\/wp-content\/uploads\/2025\/04\/Incentive-scaled.jpg","contentUrl":"https:\/\/eyeofthewind.net\/wp-content\/uploads\/2025\/04\/Incentive-scaled.jpg","width":2560,"height":1701},{"@type":"BreadcrumbList","@id":"https:\/\/eyeofthewind.net\/charter\/firmen-vereine\/#breadcrumb","itemListElement":[{"@type":"ListItem","position":1,"name":"Startseite","item":"https:\/\/eyeofthewind.net\/"},{"@type":"ListItem","position":2,"name":"Charter","item":"https:\/\/eyeofthewind.net\/charter\/"},{"@type":"ListItem","position":3,"name":"Firmen &amp; Vereine"}]},{"@type":"WebSite","@id":"https:\/\/eyeofthewind.net\/#website","url":"https:\/\/eyeofthewind.net\/","name":"Sailing Ship Charter &amp; Travelling - Eye of the Wind","description":"Sailing holidays with the Eye of the Wind: sailing trips between the Baltic Sea, Canary Islands and Caribbean. Anyone can sail with us! More about your sailing holiday.","publisher":{"@id":"https:\/\/eyeofthewind.net\/#organization"},"potentialAction":[{"@type":"SearchAction","target":{"@type":"EntryPoint","urlTemplate":"https:\/\/eyeofthewind.net\/?s={search_term_string}"},"query-input":{"@type":"PropertyValueSpecification","valueRequired":true,"valueName":"search_term_string"}}],"inLanguage":"en-GB"},{"@type":"Organization","@id":"https:\/\/eyeofthewind.net\/#organization","name":"Sailing Ship Charter &amp; Travelling - Eye of the Wind","url":"https:\/\/eyeofthewind.net\/","logo":{"@type":"ImageObject","inLanguage":"en-GB","@id":"https:\/\/eyeofthewind.net\/#\/schema\/logo\/image\/","url":"https:\/\/eyeofthewind.net\/wp-content\/uploads\/2024\/10\/L_Eye_weiss.svg","contentUrl":"https:\/\/eyeofthewind.net\/wp-content\/uploads\/2024\/10\/L_Eye_weiss.svg","width":202,"height":123,"caption":"Segelschiff Charter &amp; Reisen - Eye of the Wind"},"image":{"@id":"https:\/\/eyeofthewind.net\/#\/schema\/logo\/image\/"}}]}},"_links":{"self":[{"href":"https:\/\/eyeofthewind.net\/en\/wp-json\/wp\/v2\/pages\/647","targetHints":{"allow":["GET"]}}],"collection":[{"href":"https:\/\/eyeofthewind.net\/en\/wp-json\/wp\/v2\/pages"}],"about":[{"href":"https:\/\/eyeofthewind.net\/en\/wp-json\/wp\/v2\/types\/page"}],"author":[{"embeddable":true,"href":"https:\/\/eyeofthewind.net\/en\/wp-json\/wp\/v2\/users\/1"}],"replies":[{"embeddable":true,"href":"https:\/\/eyeofthewind.net\/en\/wp-json\/wp\/v2\/comments?post=647"}],"version-history":[{"count":11,"href":"https:\/\/eyeofthewind.net\/en\/wp-json\/wp\/v2\/pages\/647\/revisions"}],"predecessor-version":[{"id":5118,"href":"https:\/\/eyeofthewind.net\/en\/wp-json\/wp\/v2\/pages\/647\/revisions\/5118"}],"up":[{"embeddable":true,"href":"https:\/\/eyeofthewind.net\/en\/wp-json\/wp\/v2\/pages\/643"}],"wp:featuredmedia":[{"embeddable":true,"href":"https:\/\/eyeofthewind.net\/en\/wp-json\/wp\/v2\/media\/2178"}],"wp:attachment":[{"href":"https:\/\/eyeofthewind.net\/en\/wp-json\/wp\/v2\/media?parent=647"}],"curies":[{"name":"wp","href":"https:\/\/api.w.org\/{rel}","templated":true}]}}