{"id":651,"date":"2024-11-22T14:10:35","date_gmt":"2024-11-22T13:10:35","guid":{"rendered":"https:\/\/eyeofthewind.net\/?page_id=651"},"modified":"2025-11-19T09:27:44","modified_gmt":"2025-11-19T08:27:44","slug":"service","status":"publish","type":"page","link":"https:\/\/eyeofthewind.net\/en\/service\/","title":{"rendered":"Service"},"content":{"rendered":"<div class=\"gb-container gb-container-3ebc3178 fadein alignfull\">\n<div class=\"gb-container gb-container-a16c7b43\">\n\n<h2 class=\"gb-headline gb-headline-9c545c36 gb-headline-text\"><img decoding=\"async\" src=\"https:\/\/eyeofthewind.net\/wp-content\/uploads\/2024\/11\/anchor_60dp_134484-_FILL0_wght200_GRAD0_opsz48.svg\" alt=\"\"><br>Service and practical tips<\/h2>\n\n\n\n<p class=\"translation-block\">Here you will find all the important information about your sailing trip with the Eye of the Wind: <a href=\"\/en\/faq\/\" target=\"_self\">answers to frequently asked questions<\/a>, useful information about arriving and departing by <a href=\"\/en\/service\/flyandsail\/\" target=\"_self\">plane<\/a> or <a href=\"\/en\/service\/railandsail\/\" target=\"_self\">train<\/a>, <a href=\"\/en\/service\/travel-insurance\/\" target=\"_self\">travel insurance<\/a>, <a href=\"\/en\/service\/practical-tips\/\" target=\"_self\">tips<\/a> for your stay at sea and our <a href=\"\/en\/service\/partner\/\" target=\"_self\">partners<\/a>.<\/p>\n\n\n\n<h2 class=\"wp-block-heading has-text-align-center\">Very personal<\/h2>\n\n\n\n<p class=\"translation-block\"><br>Contact and booking: Do you have any questions about the ship or our offers? \u2013 We will be happy to advise you personally!<br>\nPlease \u00a0<a href=\"\/en\/service\/contact\" target=\"_self\">give us a call<\/a> or use the <a href=\"\/en\/service\/contact\" target=\"_self\">contact form<\/a> or the chat function.<\/p>\n\n\n\n<h2 class=\"wp-block-heading has-text-align-center\">Newsletter<\/h2>\n\n\n\n<p class=\"translation-block\"><br>Subscribe to our free <a href=\"\/en\/service\/logbook\/\" target=\"_self\">newsletter<\/a>, which will keep you regularly informed about news concerning the traditional sailing ship Eye of the Wind, special destinations, the <a href=\"\/en\/crew\" target=\"_self\">ship's crew<\/a> and other topics related to our services.<\/p>\n\n\n\n<h2 class=\"wp-block-heading has-text-align-center\">Competition<\/h2>\n\n\n\n<p class=\"has-text-align-left translation-block\"><br>Enter our <a href=\"\/en\/service\/competition\/\" target=\"_self\">competition<\/a> and win a <a href=\"\/en\/cruise\/sailplan\/\" target=\"_self\">sailing trip<\/a> on the Eye of the Wind. We give away one trip every month!<\/p>\n\n\n\n<div style=\"height:60px\" aria-hidden=\"true\" class=\"wp-block-spacer\"><\/div>\n\n<\/div>\n\n<div class=\"gb-container gb-container-2b66d7f5\">\n<div class=\"gb-grid-wrapper gb-grid-wrapper-bcaae4c5\">\n<div class=\"gb-grid-column gb-grid-column-1e7d1b74\"><div class=\"gb-container gb-container-1e7d1b74\">\n<div class=\"gb-container gb-container-6beb9f05\">\n\n<h3 class=\"gb-headline gb-headline-5fedc63c gb-headline-text\"><br><\/h3>\n\n\n\n<a class=\"gb-button gb-button-3e16f6d4 gb-button-text webo-btn webo-internal-link\" href=\"\/en\/about\/\">About us<\/a>\n\n<\/div>\n<\/div><\/div>\n\n<div class=\"gb-grid-column gb-grid-column-b7c135fd\"><div class=\"gb-container gb-container-b7c135fd\">\n<div class=\"gb-container gb-container-55ae4b1a\">\n\n<h3 class=\"gb-headline gb-headline-346b62d5 gb-headline-text\"><br><\/h3>\n\n\n\n<a class=\"gb-button gb-button-e18fe173 gb-button-text webo-btn webo-internal-link\" href=\"\/en\/service\/contact\/\">Contact<\/a>\n\n<\/div>\n<\/div><\/div>\n\n<div class=\"gb-grid-column gb-grid-column-1352a7df\"><div class=\"gb-container gb-container-1352a7df\">\n<div class=\"gb-container gb-container-3a6f917d\">\n\n<h3 class=\"gb-headline gb-headline-7703d0ce gb-headline-text\"><br><\/h3>\n\n\n\n<a class=\"gb-button gb-button-8d5a2f2e gb-button-text webo-btn webo-internal-link\" href=\"\/en\/service\/logbook\/\">Newsletter<\/a>\n\n<\/div>\n<\/div><\/div>\n\n<div class=\"gb-grid-column gb-grid-column-cf8f41d2\"><div class=\"gb-container gb-container-cf8f41d2\">\n<div class=\"gb-container gb-container-0db97cc4\">\n\n<h3 class=\"gb-headline gb-headline-ffe996b6 gb-headline-text\"><br><\/h3>\n\n\n\n<a class=\"gb-button gb-button-ac154a01 gb-button-text webo-btn webo-internal-link\" href=\"\/en\/blog\/\">Blog<\/a>\n\n<\/div>\n<\/div><\/div>\n\n<div class=\"gb-grid-column gb-grid-column-f906626a\"><div class=\"gb-container gb-container-f906626a\">\n<div class=\"gb-container gb-container-17c8cd46\">\n\n<h3 class=\"gb-headline gb-headline-d23282ea gb-headline-text\"><br><\/h3>\n\n\n\n<a class=\"gb-button gb-button-29450b15 gb-button-text webo-btn webo-internal-link\" href=\"\/en\/faq\/\">FAQ<\/a>\n\n<\/div>\n<\/div><\/div>\n\n<div class=\"gb-grid-column gb-grid-column-64148f3a\"><div class=\"gb-container gb-container-64148f3a\">\n<div class=\"gb-container gb-container-990e63b6\">\n\n<h3 class=\"gb-headline gb-headline-a02da906 gb-headline-text\"><br><\/h3>\n\n\n\n<a class=\"gb-button gb-button-16f7fa7b gb-button-text webo-btn webo-internal-link\" href=\"\/en\/service\/practical-tips\/\">Practical Advice<\/a>\n\n<\/div>\n<\/div><\/div>\n\n<div class=\"gb-grid-column gb-grid-column-0bdb1152\"><div class=\"gb-container gb-container-0bdb1152\">\n<div class=\"gb-container gb-container-8a03d631\">\n\n<h3 class=\"gb-headline gb-headline-3833331b gb-headline-text\"><br><\/h3>\n\n\n\n<a class=\"gb-button gb-button-7cd4eee1 gb-button-text webo-btn webo-internal-link\" href=\"\/en\/service\/flyandsail\/\">ARRIVAL BY AIR<\/a>\n\n<\/div>\n<\/div><\/div>\n\n<div class=\"gb-grid-column gb-grid-column-76c37371\"><div class=\"gb-container gb-container-76c37371\">\n<div class=\"gb-container gb-container-183c2497\">\n\n<h3 class=\"gb-headline gb-headline-9a601193 gb-headline-text\"><br><\/h3>\n\n\n\n<a class=\"gb-button gb-button-38d28d58 gb-button-text webo-btn webo-internal-link\" href=\"\/en\/service\/railandsail\/\">Arrival by train<\/a>\n\n<\/div>\n<\/div><\/div>\n\n<div class=\"gb-grid-column gb-grid-column-fb6cadbb\"><div class=\"gb-container gb-container-fb6cadbb\">\n<div class=\"gb-container gb-container-99e0669e\">\n\n<h3 class=\"gb-headline gb-headline-f8f5eb21 gb-headline-text\"><br><\/h3>\n\n\n\n<a class=\"gb-button gb-button-65fc0ed4 gb-button-text webo-btn webo-internal-link\" href=\"\/en\/service\/travel-insurance\/\">TRAVEL Insurance<\/a>\n\n<\/div>\n<\/div><\/div>\n\n<div class=\"gb-grid-column gb-grid-column-0ad511ee\"><div class=\"gb-container gb-container-0ad511ee\">\n<div class=\"gb-container gb-container-638ce9f2\">\n\n<h3 class=\"gb-headline gb-headline-78b962f7 gb-headline-text\"><br><\/h3>\n\n\n\n<a class=\"gb-button gb-button-df526405 gb-button-text webo-btn webo-internal-link\" href=\"\/en\/service\/competition\/\">Competition<\/a>\n\n<\/div>\n<\/div><\/div>\n\n<div class=\"gb-grid-column gb-grid-column-a20be79c\"><div class=\"gb-container gb-container-a20be79c\">\n<div class=\"gb-container gb-container-dea523c0\">\n\n<h3 class=\"gb-headline gb-headline-8b3ea7df gb-headline-text\"><br><\/h3>\n\n\n\n<a class=\"gb-button gb-button-9a1ba7a0 gb-button-text webo-btn webo-internal-link\" href=\"\/en\/service\/press\/\">Media<\/a>\n\n<\/div>\n<\/div><\/div>\n\n<div class=\"gb-grid-column gb-grid-column-1544b94f\"><div class=\"gb-container gb-container-1544b94f\">\n<div class=\"gb-container gb-container-fad6d92e\">\n\n<h3 class=\"gb-headline gb-headline-30da2e17 gb-headline-text\"><br><\/h3>\n\n\n\n<a class=\"gb-button gb-button-f9465c41 gb-button-text webo-btn webo-internal-link\" href=\"\/en\/service\/partner\/\">Partner<\/a>\n\n<\/div>\n<\/div><\/div>\n<\/div>\n<\/div>\n<\/div>","protected":false},"excerpt":{"rendered":"<p>Service und praktische Tipps Hier finden Sie alle wichtigen Informationen rund um Ihren Segelt\u00f6rn mit der Eye of the Wind: Antworten auf h\u00e4ufig gestellte Fragen, Wissenswertes \u00fcber An- und Abreise mit dem&nbsp;Flugzeug&nbsp;oder der&nbsp;Bahn,&nbsp;Reiseversicherung,&nbsp;Tipps&nbsp;f\u00fcr Ihren Aufenthalt auf See sowie unsere&nbsp;Partner. Ganz pers\u00f6nlich Kontakt und Buchung: Haben Sie Fragen zum Schiff oder zu unseren Angeboten? &#8211; Gerne [&hellip;]<\/p>\n","protected":false},"author":1,"featured_media":2301,"parent":0,"menu_order":0,"comment_status":"closed","ping_status":"closed","template":"","meta":{"_acf_changed":false,"_vp_format_video_url":"","_vp_image_focal_point":[],"footnotes":""},"class_list":["post-651","page","type-page","status-publish","has-post-thumbnail","hentry"],"blocksy_meta":{"disable_featured_image":"no","styles_descriptor":{"styles":{"desktop":"","tablet":"","mobile":""},"google_fonts":[],"version":6}},"acf":[],"yoast_head":"<!-- This site is optimized with the Yoast SEO plugin v27.3 - https:\/\/yoast.com\/product\/yoast-seo-wordpress\/ -->\n<title>Service - Segelschiff Charter &amp; Reisen - Eye of the Wind<\/title>\n<meta name=\"robots\" content=\"index, follow, max-snippet:-1, max-image-preview:large, max-video-preview:-1\" \/>\n<link rel=\"canonical\" href=\"https:\/\/eyeofthewind.net\/en\/service\/\" \/>\n<meta property=\"og:locale\" content=\"en_GB\" \/>\n<meta property=\"og:type\" content=\"article\" \/>\n<meta property=\"og:title\" content=\"Service - Segelschiff Charter &amp; Reisen - Eye of the Wind\" \/>\n<meta property=\"og:description\" content=\"Service und praktische Tipps Hier finden Sie alle wichtigen Informationen rund um Ihren Segelt\u00f6rn mit der Eye of the Wind: Antworten auf h\u00e4ufig gestellte Fragen, Wissenswertes \u00fcber An- und Abreise mit dem&nbsp;Flugzeug&nbsp;oder der&nbsp;Bahn,&nbsp;Reiseversicherung,&nbsp;Tipps&nbsp;f\u00fcr Ihren Aufenthalt auf See sowie unsere&nbsp;Partner. Ganz pers\u00f6nlich Kontakt und Buchung: Haben Sie Fragen zum Schiff oder zu unseren Angeboten? &#8211; Gerne [&hellip;]\" \/>\n<meta property=\"og:url\" content=\"https:\/\/eyeofthewind.net\/en\/service\/\" \/>\n<meta property=\"og:site_name\" content=\"Segelschiff Charter &amp; Reisen - Eye of the Wind\" \/>\n<meta property=\"article:modified_time\" content=\"2025-11-19T08:27:44+00:00\" \/>\n<meta property=\"og:image\" content=\"https:\/\/eyeofthewind.net\/wp-content\/uploads\/2025\/04\/IMG_5426-k.jpg\" \/>\n\t<meta property=\"og:image:width\" content=\"1024\" \/>\n\t<meta property=\"og:image:height\" content=\"683\" \/>\n\t<meta property=\"og:image:type\" content=\"image\/jpeg\" \/>\n<meta name=\"twitter:card\" content=\"summary_large_image\" \/>\n<meta name=\"twitter:label1\" content=\"Estimated reading time\" \/>\n\t<meta name=\"twitter:data1\" content=\"2 minutes\" \/>\n<script type=\"application\/ld+json\" class=\"yoast-schema-graph\">{\"@context\":\"https:\\\/\\\/schema.org\",\"@graph\":[{\"@type\":\"WebPage\",\"@id\":\"https:\\\/\\\/eyeofthewind.net\\\/service\\\/\",\"url\":\"https:\\\/\\\/eyeofthewind.net\\\/service\\\/\",\"name\":\"Service - Segelschiff Charter &amp; Reisen - Eye of the Wind\",\"isPartOf\":{\"@id\":\"https:\\\/\\\/eyeofthewind.net\\\/#website\"},\"primaryImageOfPage\":{\"@id\":\"https:\\\/\\\/eyeofthewind.net\\\/service\\\/#primaryimage\"},\"image\":{\"@id\":\"https:\\\/\\\/eyeofthewind.net\\\/service\\\/#primaryimage\"},\"thumbnailUrl\":\"https:\\\/\\\/eyeofthewind.net\\\/wp-content\\\/uploads\\\/2025\\\/04\\\/IMG_5426-k.jpg\",\"datePublished\":\"2024-11-22T13:10:35+00:00\",\"dateModified\":\"2025-11-19T08:27:44+00:00\",\"breadcrumb\":{\"@id\":\"https:\\\/\\\/eyeofthewind.net\\\/service\\\/#breadcrumb\"},\"inLanguage\":\"en-GB\",\"potentialAction\":[{\"@type\":\"ReadAction\",\"target\":[\"https:\\\/\\\/eyeofthewind.net\\\/service\\\/\"]}]},{\"@type\":\"ImageObject\",\"inLanguage\":\"en-GB\",\"@id\":\"https:\\\/\\\/eyeofthewind.net\\\/service\\\/#primaryimage\",\"url\":\"https:\\\/\\\/eyeofthewind.net\\\/wp-content\\\/uploads\\\/2025\\\/04\\\/IMG_5426-k.jpg\",\"contentUrl\":\"https:\\\/\\\/eyeofthewind.net\\\/wp-content\\\/uploads\\\/2025\\\/04\\\/IMG_5426-k.jpg\",\"width\":1024,\"height\":683},{\"@type\":\"BreadcrumbList\",\"@id\":\"https:\\\/\\\/eyeofthewind.net\\\/service\\\/#breadcrumb\",\"itemListElement\":[{\"@type\":\"ListItem\",\"position\":1,\"name\":\"Startseite\",\"item\":\"https:\\\/\\\/eyeofthewind.net\\\/\"},{\"@type\":\"ListItem\",\"position\":2,\"name\":\"Service\"}]},{\"@type\":\"WebSite\",\"@id\":\"https:\\\/\\\/eyeofthewind.net\\\/#website\",\"url\":\"https:\\\/\\\/eyeofthewind.net\\\/\",\"name\":\"Segelschiff Charter &amp; Reisen - Eye of the Wind\",\"description\":\"Segelurlaub mit der Eye of the Wind: Segelt\u00f6rns zwischen Ostsee, Kanaren und Karibik. Jeder kann mitsegeln! Mehr zu Ihrer Segelreise.\",\"publisher\":{\"@id\":\"https:\\\/\\\/eyeofthewind.net\\\/#organization\"},\"potentialAction\":[{\"@type\":\"SearchAction\",\"target\":{\"@type\":\"EntryPoint\",\"urlTemplate\":\"https:\\\/\\\/eyeofthewind.net\\\/?s={search_term_string}\"},\"query-input\":{\"@type\":\"PropertyValueSpecification\",\"valueRequired\":true,\"valueName\":\"search_term_string\"}}],\"inLanguage\":\"en-GB\"},{\"@type\":\"Organization\",\"@id\":\"https:\\\/\\\/eyeofthewind.net\\\/#organization\",\"name\":\"Segelschiff Charter &amp; Reisen - Eye of the Wind\",\"url\":\"https:\\\/\\\/eyeofthewind.net\\\/\",\"logo\":{\"@type\":\"ImageObject\",\"inLanguage\":\"en-GB\",\"@id\":\"https:\\\/\\\/eyeofthewind.net\\\/#\\\/schema\\\/logo\\\/image\\\/\",\"url\":\"https:\\\/\\\/eyeofthewind.net\\\/wp-content\\\/uploads\\\/2024\\\/10\\\/L_Eye_weiss.svg\",\"contentUrl\":\"https:\\\/\\\/eyeofthewind.net\\\/wp-content\\\/uploads\\\/2024\\\/10\\\/L_Eye_weiss.svg\",\"width\":202,\"height\":123,\"caption\":\"Segelschiff Charter &amp; Reisen - Eye of the Wind\"},\"image\":{\"@id\":\"https:\\\/\\\/eyeofthewind.net\\\/#\\\/schema\\\/logo\\\/image\\\/\"}}]}<\/script>\n<!-- \/ Yoast SEO plugin. -->","yoast_head_json":{"title":"Service - Sailboat Charter &amp; Travel - Eye of the Wind","robots":{"index":"index","follow":"follow","max-snippet":"max-snippet:-1","max-image-preview":"max-image-preview:large","max-video-preview":"max-video-preview:-1"},"canonical":"https:\/\/eyeofthewind.net\/en\/service\/","og_locale":"en_GB","og_type":"article","og_title":"Service - Segelschiff Charter &amp; Reisen - Eye of the Wind","og_description":"Service und praktische Tipps Hier finden Sie alle wichtigen Informationen rund um Ihren Segelt\u00f6rn mit der Eye of the Wind: Antworten auf h\u00e4ufig gestellte Fragen, Wissenswertes \u00fcber An- und Abreise mit dem&nbsp;Flugzeug&nbsp;oder der&nbsp;Bahn,&nbsp;Reiseversicherung,&nbsp;Tipps&nbsp;f\u00fcr Ihren Aufenthalt auf See sowie unsere&nbsp;Partner. Ganz pers\u00f6nlich Kontakt und Buchung: Haben Sie Fragen zum Schiff oder zu unseren Angeboten? &#8211; Gerne [&hellip;]","og_url":"https:\/\/eyeofthewind.net\/en\/service\/","og_site_name":"Segelschiff Charter &amp; Reisen - Eye of the Wind","article_modified_time":"2025-11-19T08:27:44+00:00","og_image":[{"width":1024,"height":683,"url":"https:\/\/eyeofthewind.net\/wp-content\/uploads\/2025\/04\/IMG_5426-k.jpg","type":"image\/jpeg"}],"twitter_card":"summary_large_image","twitter_misc":{"Estimated reading time":"2 minutes"},"schema":{"@context":"https:\/\/schema.org","@graph":[{"@type":"WebPage","@id":"https:\/\/eyeofthewind.net\/service\/","url":"https:\/\/eyeofthewind.net\/service\/","name":"Service - Sailboat Charter &amp; Travel - Eye of the Wind","isPartOf":{"@id":"https:\/\/eyeofthewind.net\/#website"},"primaryImageOfPage":{"@id":"https:\/\/eyeofthewind.net\/service\/#primaryimage"},"image":{"@id":"https:\/\/eyeofthewind.net\/service\/#primaryimage"},"thumbnailUrl":"https:\/\/eyeofthewind.net\/wp-content\/uploads\/2025\/04\/IMG_5426-k.jpg","datePublished":"2024-11-22T13:10:35+00:00","dateModified":"2025-11-19T08:27:44+00:00","breadcrumb":{"@id":"https:\/\/eyeofthewind.net\/service\/#breadcrumb"},"inLanguage":"en-GB","potentialAction":[{"@type":"ReadAction","target":["https:\/\/eyeofthewind.net\/service\/"]}]},{"@type":"ImageObject","inLanguage":"en-GB","@id":"https:\/\/eyeofthewind.net\/service\/#primaryimage","url":"https:\/\/eyeofthewind.net\/wp-content\/uploads\/2025\/04\/IMG_5426-k.jpg","contentUrl":"https:\/\/eyeofthewind.net\/wp-content\/uploads\/2025\/04\/IMG_5426-k.jpg","width":1024,"height":683},{"@type":"BreadcrumbList","@id":"https:\/\/eyeofthewind.net\/service\/#breadcrumb","itemListElement":[{"@type":"ListItem","position":1,"name":"Startseite","item":"https:\/\/eyeofthewind.net\/"},{"@type":"ListItem","position":2,"name":"Service"}]},{"@type":"WebSite","@id":"https:\/\/eyeofthewind.net\/#website","url":"https:\/\/eyeofthewind.net\/","name":"Sailing Ship Charter &amp; Travelling - Eye of the Wind","description":"Sailing holidays with the Eye of the Wind: sailing trips between the Baltic Sea, Canary Islands and Caribbean. Anyone can sail with us! More about your sailing holiday.","publisher":{"@id":"https:\/\/eyeofthewind.net\/#organization"},"potentialAction":[{"@type":"SearchAction","target":{"@type":"EntryPoint","urlTemplate":"https:\/\/eyeofthewind.net\/?s={search_term_string}"},"query-input":{"@type":"PropertyValueSpecification","valueRequired":true,"valueName":"search_term_string"}}],"inLanguage":"en-GB"},{"@type":"Organization","@id":"https:\/\/eyeofthewind.net\/#organization","name":"Sailing Ship Charter &amp; Travelling - Eye of the Wind","url":"https:\/\/eyeofthewind.net\/","logo":{"@type":"ImageObject","inLanguage":"en-GB","@id":"https:\/\/eyeofthewind.net\/#\/schema\/logo\/image\/","url":"https:\/\/eyeofthewind.net\/wp-content\/uploads\/2024\/10\/L_Eye_weiss.svg","contentUrl":"https:\/\/eyeofthewind.net\/wp-content\/uploads\/2024\/10\/L_Eye_weiss.svg","width":202,"height":123,"caption":"Segelschiff Charter &amp; Reisen - Eye of the Wind"},"image":{"@id":"https:\/\/eyeofthewind.net\/#\/schema\/logo\/image\/"}}]}},"_links":{"self":[{"href":"https:\/\/eyeofthewind.net\/en\/wp-json\/wp\/v2\/pages\/651","targetHints":{"allow":["GET"]}}],"collection":[{"href":"https:\/\/eyeofthewind.net\/en\/wp-json\/wp\/v2\/pages"}],"about":[{"href":"https:\/\/eyeofthewind.net\/en\/wp-json\/wp\/v2\/types\/page"}],"author":[{"embeddable":true,"href":"https:\/\/eyeofthewind.net\/en\/wp-json\/wp\/v2\/users\/1"}],"replies":[{"embeddable":true,"href":"https:\/\/eyeofthewind.net\/en\/wp-json\/wp\/v2\/comments?post=651"}],"version-history":[{"count":50,"href":"https:\/\/eyeofthewind.net\/en\/wp-json\/wp\/v2\/pages\/651\/revisions"}],"predecessor-version":[{"id":5161,"href":"https:\/\/eyeofthewind.net\/en\/wp-json\/wp\/v2\/pages\/651\/revisions\/5161"}],"wp:featuredmedia":[{"embeddable":true,"href":"https:\/\/eyeofthewind.net\/en\/wp-json\/wp\/v2\/media\/2301"}],"wp:attachment":[{"href":"https:\/\/eyeofthewind.net\/en\/wp-json\/wp\/v2\/media?parent=651"}],"curies":[{"name":"wp","href":"https:\/\/api.w.org\/{rel}","templated":true}]}}