{"id":659,"date":"2024-11-22T14:12:47","date_gmt":"2024-11-22T13:12:47","guid":{"rendered":"https:\/\/eyeofthewind.net\/?page_id=659"},"modified":"2026-01-07T07:37:47","modified_gmt":"2026-01-07T06:37:47","slug":"contact","status":"publish","type":"page","link":"https:\/\/eyeofthewind.net\/en\/service\/kontakt\/","title":{"rendered":"Contact"},"content":{"rendered":"<div class=\"gb-container gb-container-96bc58cf alignfull\">\n<div class=\"gb-container gb-container-a64aa91a\">\n<div class=\"gb-grid-wrapper gb-grid-wrapper-9ba2b9f1\">\n<div class=\"gb-grid-column gb-grid-column-ec956ca5\"><div class=\"gb-container gb-container-ec956ca5\">\n\n<h2 class=\"gb-headline gb-headline-12630cab gb-headline-text\">Ihre Ansprechpartnerin im Schiffsb\u00fcro<\/h2>\n\n\n\n<p><strong>f\u00fcr Segelreisen, Charter, Firmen-Events, Trainings, Presse, Werbung und Shop:<\/strong><\/p>\n\n\n\n<p>Julia Nieborowsky<\/p>\n\n\n\n<p><strong>Sie erreichen uns pers\u00f6nlich zu folgenden Gesch\u00e4ftszeiten:<\/strong><\/p>\n\n\n\n<p>Montag \u2013 Donnerstag: 8.00 \u2013 12.00 und 13.00 \u2013 17.00 Uhr<br>Freitag: 8.00 \u2013 12.00 und 13.00 \u2013 15.00 Uhr<\/p>\n\n\n\n<p style=\"margin-top:-40px\"><br>European Time (Amsterdam, Berlin, Paris)<br><\/p>\n\n\n\n<p><strong>FORUM train &amp; sail GmbH<\/strong><br>Mandichostra\u00dfe 18<br>86504 Merching<br>Deutschland<br><br>Telefon: +49 8233 381-227<br>Fax: +49 8233 381-9943<br>E-Mail:&nbsp;<a href=\"mailto:info@eyeofthewind.net\">info@eyeofthewind.net<\/a><\/p>\n\n<\/div><\/div>\n\n<div class=\"gb-grid-column gb-grid-column-cf993920\"><div class=\"gb-container gb-container-cf993920\">\n\n<figure class=\"wp-block-image size-full\"><img loading=\"lazy\" decoding=\"async\" width=\"1849\" height=\"2560\" src=\"https:\/\/eyeofthewind.net\/wp-content\/uploads\/2025\/02\/Julia_fuer_Webseite_k-scaled.jpg\" alt=\"\" class=\"wp-image-1639\" srcset=\"https:\/\/eyeofthewind.net\/wp-content\/uploads\/2025\/02\/Julia_fuer_Webseite_k-scaled.jpg 1849w, https:\/\/eyeofthewind.net\/wp-content\/uploads\/2025\/02\/Julia_fuer_Webseite_k-500x692.jpg 500w, https:\/\/eyeofthewind.net\/wp-content\/uploads\/2025\/02\/Julia_fuer_Webseite_k-217x300.jpg 217w, https:\/\/eyeofthewind.net\/wp-content\/uploads\/2025\/02\/Julia_fuer_Webseite_k-740x1024.jpg 740w, https:\/\/eyeofthewind.net\/wp-content\/uploads\/2025\/02\/Julia_fuer_Webseite_k-768x1063.jpg 768w, https:\/\/eyeofthewind.net\/wp-content\/uploads\/2025\/02\/Julia_fuer_Webseite_k-1109x1536.jpg 1109w, https:\/\/eyeofthewind.net\/wp-content\/uploads\/2025\/02\/Julia_fuer_Webseite_k-1479x2048.jpg 1479w, https:\/\/eyeofthewind.net\/wp-content\/uploads\/2025\/02\/Julia_fuer_Webseite_k-9x12.jpg 9w, https:\/\/eyeofthewind.net\/wp-content\/uploads\/2025\/02\/Julia_fuer_Webseite_k-800x1108.jpg 800w, https:\/\/eyeofthewind.net\/wp-content\/uploads\/2025\/02\/Julia_fuer_Webseite_k-1280x1772.jpg 1280w, https:\/\/eyeofthewind.net\/wp-content\/uploads\/2025\/02\/Julia_fuer_Webseite_k-1920x2658.jpg 1920w\" sizes=\"auto, (max-width: 1849px) 100vw, 1849px\" \/><figcaption class=\"wp-element-caption\">Julia Nieborowsky<\/figcaption><\/figure>\n\n<\/div><\/div>\n<\/div>\n<\/div>\n<\/div>\n\n<div class=\"gb-container gb-container-719fcc08 fadein alignfull\">\n<div class=\"gb-container gb-container-dd1b6351\">\n\n<h2 class=\"gb-headline gb-headline-ff8b0162 gb-headline-text\">Kontaktformular<\/h2>\n\n\n<div class=\"frm_forms  with_frm_style frm_style_ey-of-the-wind\" id=\"frm_form_2_container\" data-token=\"f6aad956ae80247bf78aee55bb129544\">\n<form enctype=\"multipart\/form-data\" method=\"post\" class=\"frm-show-form  frm_pro_form \" id=\"form_llkhz\" data-token=\"f6aad956ae80247bf78aee55bb129544\">\n<div class=\"frm_form_fields \">\n<fieldset>\n<legend class=\"frm_screen_reader\">Kontaktformular<\/legend>\r\n\r\n<div class=\"frm_fields_container\">\n<input type=\"hidden\" name=\"frm_action\" value=\"create\" \/>\n<input type=\"hidden\" name=\"form_id\" value=\"2\" \/>\n<input type=\"hidden\" name=\"frm_hide_fields_2\" id=\"frm_hide_fields_2\" value=\"\" \/>\n<input type=\"hidden\" name=\"form_key\" value=\"llkhz\" \/>\n<input type=\"hidden\" name=\"item_meta[0]\" value=\"\" \/>\n<input type=\"hidden\" id=\"frm_submit_entry_2\" name=\"frm_submit_entry_2\" value=\"9ce5aac8c0\" \/><input type=\"hidden\" name=\"_wp_http_referer\" value=\"\/en\/wp-json\/wp\/v2\/pages\/659\" \/><div id=\"frm_field_49_container\" class=\"frm_form_field form-field  frm_top_container frm4 frm_first\">\r\n\t<label for=\"field_salutation\" id=\"field_salutation_label\" class=\"frm_primary_label\">Anrede\r\n\t\t<span class=\"frm_required\" aria-hidden=\"true\"><\/span>\r\n\t<\/label>\r\n\t\t\t<select name=\"item_meta[49]\" id=\"field_salutation\"  data-frmval=\"Frau\" data-invmsg=\"Anrede ist ung\u00fcltig\" aria-invalid=\"false\"  >\n\t\t<option  value=\"Frau\" selected='selected'>Frau<\/option><option  value=\"Herr\">Herr<\/option><option  value=\"Keine Angabe\">Keine Angabe<\/option>\t<\/select>\n\t\r\n\t\r\n\t\r\n<\/div>\n<div id=\"frm_field_12_container\" class=\"frm_form_field form-field  frm_required_field frm_top_container frm4\">\r\n\t<label for=\"field_firstname\" id=\"field_firstname_label\" class=\"frm_primary_label\">Vorname\r\n\t\t<span class=\"frm_required\" aria-hidden=\"true\">*<\/span>\r\n\t<\/label>\r\n\t<input  type=\"text\" id=\"field_firstname\" name=\"item_meta[12]\" value=\"\"  required=\"required\" title=\"Bitte dieses Feld ausf\u00fcllen\" data-reqmsg=\"Bitte geben Sie Ihren Vornamen ein.\" aria-required=\"true\" data-invmsg=\"Vorname ist ung\u00fcltig\" aria-invalid=\"false\"   \/>\r\n\t\r\n\t\r\n<\/div>\n<div id=\"frm_field_13_container\" class=\"frm_form_field form-field  frm_required_field frm_top_container frm4\">\r\n\t<label for=\"field_lastname\" id=\"field_lastname_label\" class=\"frm_primary_label\">Nachname\r\n\t\t<span class=\"frm_required\" aria-hidden=\"true\">*<\/span>\r\n\t<\/label>\r\n\t<input  type=\"text\" id=\"field_lastname\" name=\"item_meta[13]\" value=\"\"  required=\"required\" title=\"Bitte dieses Feld ausf\u00fcllen\" data-reqmsg=\"Bitte geben Sie Ihren Nachnamen ein.\" aria-required=\"true\" data-invmsg=\"Nachname ist ung\u00fcltig\" aria-invalid=\"false\"   \/>\r\n\t\r\n\t\r\n<\/div>\n<div id=\"frm_field_14_container\" class=\"frm_form_field form-field  frm_required_field frm_top_container frm6 frm_first\">\r\n\t<label for=\"field_email4\" id=\"field_email4_label\" class=\"frm_primary_label\">E-Mail\r\n\t\t<span class=\"frm_required\" aria-hidden=\"true\">*<\/span>\r\n\t<\/label>\r\n\t<input type=\"email\" id=\"field_email4\" name=\"item_meta[14]\" value=\"\"  required=\"required\" title=\"Bitte dieses Feld ausf\u00fcllen\" autocomplete=\"email\"  data-reqmsg=\"Bitte geben Sie Ihre E-Mail Adresse ein.\" aria-required=\"true\" data-invmsg=\"E-Mail ist ung\u00fcltig\" aria-invalid=\"false\"  \/>\r\n\t\r\n\t\r\n<\/div>\n<div id=\"frm_field_38_container\" class=\"frm_form_field form-field  frm_top_container frm6\">\r\n\t<label for=\"field_phone\" id=\"field_phone_label\" class=\"frm_primary_label\">Telefon\r\n\t\t<span class=\"frm_required\" aria-hidden=\"true\"><\/span>\r\n\t<\/label>\r\n\t<input  type=\"text\" id=\"field_phone\" name=\"item_meta[38]\" value=\"\"  data-invmsg=\"Telefon ist ung\u00fcltig\" aria-invalid=\"false\"   \/>\r\n\t\r\n\t\r\n<\/div>\n<div id=\"frm_field_17_container\" class=\"frm_form_field form-field  frm_required_field frm_top_container\">\r\n\t<label for=\"field_4eios\" id=\"field_4eios_label\" class=\"frm_primary_label\">Ihre Nachricht\r\n\t\t<span class=\"frm_required\" aria-hidden=\"true\">*<\/span>\r\n\t<\/label>\r\n\t<textarea name=\"item_meta[17]\" id=\"field_4eios\" rows=\"5\"  required=\"required\" title=\"Bitte dieses Feld ausf\u00fcllen\" data-reqmsg=\"Bitte senden Sie uns eine Nachricht.\" aria-required=\"true\" data-invmsg=\"Ihre Nachricht ist ung\u00fcltig\" aria-invalid=\"false\"  ><\/textarea>\r\n\t\r\n\t\r\n<\/div>\n<div id=\"frm_field_179_container\" class=\"frm_form_field form-field  frm_top_container nlbox vertical_radio\">\r\n\t<div  id=\"field_nlbox22_label\" class=\"frm_primary_label\">\r\n\t\t<span class=\"frm_required\" aria-hidden=\"true\"><\/span>\r\n\t<\/div>\r\n\t<div class=\"frm_opt_container\" aria-labelledby=\"field_nlbox22_label\" role=\"group\">\t\t<div class=\"frm_checkbox\" id=\"frm_checkbox_179-0\">\t\t\t<label  for=\"field_nlbox22-0\">\n\t\t\t<input type=\"checkbox\" name=\"item_meta[179][]\" id=\"field_nlbox22-0\" value=\"Ich m\u00f6chte den Eye of the Wind Newsletter kostenlos per E-Mail erhalten.\"  data-frmval=\"[&quot;Eye_Newsletter&quot;]\" data-invmsg=\"This field ist ung\u00fcltig\"   \/> Ich m\u00f6chte den Eye of the Wind Newsletter kostenlos per E-Mail erhalten.<\/label><\/div>\n<\/div>\r\n\t\r\n\t\r\n<\/div>\n<div id=\"frm_field_51_container\" class=\"frm_form_field form-field  frm_top_container vertical_radio\">\r\n\t<div  id=\"field_eye_reisen_label\" class=\"frm_primary_label\">\r\n\t\t<span class=\"frm_required\" aria-hidden=\"true\"><\/span>\r\n\t<\/div>\r\n\t<div class=\"frm_opt_container\" aria-labelledby=\"field_eye_reisen_label\" role=\"group\">\t\t<div class=\"frm_checkbox\" id=\"frm_checkbox_51-0\">\t\t\t<label  for=\"field_eye_reisen-0\">\n\t\t\t<input type=\"checkbox\" name=\"item_meta[51][]\" id=\"field_eye_reisen-0\" value=\"Bitte senden Sie mir kostenlos Ihren aktuellen T\u00f6rnplan (als PDF-Dokument) und das Bordbuch (als PDF-Dokument) zu.\"  data-invmsg=\"This field ist ung\u00fcltig\"   \/> Bitte senden Sie mir kostenlos Ihren aktuellen T\u00f6rnplan (als PDF-Dokument) und das Bordbuch (als PDF-Dokument) zu.<\/label><\/div>\n<\/div>\r\n\t\r\n\t\r\n<\/div>\n\t\t<input  type=\"hidden\" name=\"item_meta[182]\" id=\"field_subscription32\" value=\"Eye_Newsletter\"  data-frmval=\"Eye_Newsletter\"   \/>\n\t\t\t\t<input  type=\"hidden\" name=\"item_meta[53]\" id=\"field_redirectsuccess22\" value=\"\/danke-fuer-ihre-nachricht\/\"  data-frmval=\"\/danke-fuer-ihre-nachricht\/\"   \/>\n\t\t<div id=\"frm_field_11_container\" class=\"frm_form_field form-field \">\r\n\t<div class=\"frm_submit frm_flex\">\r\n<button class=\"frm_button_submit frm_final_submit\" type=\"submit\"   formnovalidate=\"formnovalidate\">SENDEN<\/button>\r\n\r\n\r\n\r\n<\/div>\r\n<\/div>\n\t<input type=\"hidden\" name=\"item_key\" value=\"\" \/>\n\t\t\t<div id=\"frm_field_198_container\">\n\t\t\t<label for=\"field_x7xqj\" >\n\t\t\t\tIf you are human, leave this field blank.\t\t\t<\/label>\n\t\t\t<input  id=\"field_x7xqj\" type=\"text\" class=\"frm_form_field form-field frm_verify\" name=\"item_meta[198]\" value=\"\"  \/>\n\t\t<\/div>\n\t\t<input name=\"frm_state\" type=\"hidden\" value=\"nkfP8U1wswIeyr\/86vLg07xPgxl66ZUDiwSgdmw3jJ5uCi91vo0B8aI8+0tJx1Gi\" \/><\/div>\n<\/fieldset>\n<\/div>\n\n<\/form>\n<\/div>\n\n<\/div>\n<\/div>\n\n\n<p class=\"has-text-align-center\">Wir erheben Ihre Daten gem\u00e4\u00df Art. 6 Abs. 1 Buchst. b) und f) DSGVO <br>zur ordnungsgem\u00e4\u00dfen Abwicklung unserer Gesch\u00e4ftsvorg\u00e4nge sowie zur Mitteilung von Produktinformationen.<br>Weitere Informationen finden Sie in unserer Datenschutzerkl\u00e4rung: <a href=\"https:\/\/www.eyeofthewind.net\/de\/datenschutz\">eyeofthewind.net\/de\/datenschutz<\/a><\/p>\n","protected":false},"excerpt":{"rendered":"<p>Contact form We collect your data in accordance with Art. 6 (1) (b) and (f) GDPR for the proper processing of our business transactions and for the communication of product information. further information can be found in our privacy policy: eyeofthewind.net\/en\/data-protection<\/p>","protected":false},"author":1,"featured_media":1913,"parent":651,"menu_order":0,"comment_status":"closed","ping_status":"closed","template":"","meta":{"_acf_changed":false,"_vp_format_video_url":"","_vp_image_focal_point":[],"footnotes":""},"class_list":["post-659","page","type-page","status-publish","has-post-thumbnail","hentry"],"blocksy_meta":[],"acf":[],"yoast_head":"<!-- This site is optimized with the Yoast SEO plugin v27.3 - https:\/\/yoast.com\/product\/yoast-seo-wordpress\/ -->\n<title>Kontakt - Segelschiff Charter &amp; Reisen - Eye of the Wind<\/title>\n<meta name=\"robots\" content=\"index, follow, max-snippet:-1, max-image-preview:large, max-video-preview:-1\" \/>\n<link rel=\"canonical\" href=\"https:\/\/eyeofthewind.net\/en\/service\/contact\/\" \/>\n<meta property=\"og:locale\" content=\"en_GB\" \/>\n<meta property=\"og:type\" content=\"article\" \/>\n<meta property=\"og:title\" content=\"Kontakt - Segelschiff Charter &amp; Reisen - Eye of the Wind\" \/>\n<meta property=\"og:description\" content=\"Kontaktformular Wir erheben Ihre Daten gem\u00e4\u00df Art. 6 Abs. 1 Buchst. b) und f) DSGVO zur ordnungsgem\u00e4\u00dfen Abwicklung unserer Gesch\u00e4ftsvorg\u00e4nge sowie zur Mitteilung von Produktinformationen.Weitere Informationen finden Sie in unserer Datenschutzerkl\u00e4rung: eyeofthewind.net\/de\/datenschutz\" \/>\n<meta property=\"og:url\" content=\"https:\/\/eyeofthewind.net\/en\/service\/contact\/\" \/>\n<meta property=\"og:site_name\" content=\"Segelschiff Charter &amp; Reisen - Eye of the Wind\" \/>\n<meta property=\"article:modified_time\" content=\"2026-01-07T06:37:47+00:00\" \/>\n<meta property=\"og:image\" content=\"https:\/\/eyeofthewind.net\/wp-content\/uploads\/2025\/03\/IMG_0005-k.jpg\" \/>\n\t<meta property=\"og:image:width\" content=\"1024\" \/>\n\t<meta property=\"og:image:height\" content=\"683\" \/>\n\t<meta property=\"og:image:type\" content=\"image\/jpeg\" \/>\n<meta name=\"twitter:card\" content=\"summary_large_image\" \/>\n<meta name=\"twitter:label1\" content=\"Estimated reading time\" \/>\n\t<meta name=\"twitter:data1\" content=\"1 minute\" \/>\n<script type=\"application\/ld+json\" class=\"yoast-schema-graph\">{\"@context\":\"https:\\\/\\\/schema.org\",\"@graph\":[{\"@type\":\"WebPage\",\"@id\":\"https:\\\/\\\/eyeofthewind.net\\\/service\\\/kontakt\\\/\",\"url\":\"https:\\\/\\\/eyeofthewind.net\\\/service\\\/kontakt\\\/\",\"name\":\"Kontakt - Segelschiff Charter &amp; Reisen - Eye of the Wind\",\"isPartOf\":{\"@id\":\"https:\\\/\\\/eyeofthewind.net\\\/#website\"},\"primaryImageOfPage\":{\"@id\":\"https:\\\/\\\/eyeofthewind.net\\\/service\\\/kontakt\\\/#primaryimage\"},\"image\":{\"@id\":\"https:\\\/\\\/eyeofthewind.net\\\/service\\\/kontakt\\\/#primaryimage\"},\"thumbnailUrl\":\"https:\\\/\\\/eyeofthewind.net\\\/wp-content\\\/uploads\\\/2025\\\/03\\\/IMG_0005-k.jpg\",\"datePublished\":\"2024-11-22T13:12:47+00:00\",\"dateModified\":\"2026-01-07T06:37:47+00:00\",\"breadcrumb\":{\"@id\":\"https:\\\/\\\/eyeofthewind.net\\\/service\\\/kontakt\\\/#breadcrumb\"},\"inLanguage\":\"en-GB\",\"potentialAction\":[{\"@type\":\"ReadAction\",\"target\":[\"https:\\\/\\\/eyeofthewind.net\\\/service\\\/kontakt\\\/\"]}]},{\"@type\":\"ImageObject\",\"inLanguage\":\"en-GB\",\"@id\":\"https:\\\/\\\/eyeofthewind.net\\\/service\\\/kontakt\\\/#primaryimage\",\"url\":\"https:\\\/\\\/eyeofthewind.net\\\/wp-content\\\/uploads\\\/2025\\\/03\\\/IMG_0005-k.jpg\",\"contentUrl\":\"https:\\\/\\\/eyeofthewind.net\\\/wp-content\\\/uploads\\\/2025\\\/03\\\/IMG_0005-k.jpg\",\"width\":1024,\"height\":683},{\"@type\":\"BreadcrumbList\",\"@id\":\"https:\\\/\\\/eyeofthewind.net\\\/service\\\/kontakt\\\/#breadcrumb\",\"itemListElement\":[{\"@type\":\"ListItem\",\"position\":1,\"name\":\"Startseite\",\"item\":\"https:\\\/\\\/eyeofthewind.net\\\/\"},{\"@type\":\"ListItem\",\"position\":2,\"name\":\"Service\",\"item\":\"https:\\\/\\\/eyeofthewind.net\\\/service\\\/\"},{\"@type\":\"ListItem\",\"position\":3,\"name\":\"Kontakt\"}]},{\"@type\":\"WebSite\",\"@id\":\"https:\\\/\\\/eyeofthewind.net\\\/#website\",\"url\":\"https:\\\/\\\/eyeofthewind.net\\\/\",\"name\":\"Segelschiff Charter &amp; Reisen - Eye of the Wind\",\"description\":\"Segelurlaub mit der Eye of the Wind: Segelt\u00f6rns zwischen Ostsee, Kanaren und Karibik. Jeder kann mitsegeln! Mehr zu Ihrer Segelreise.\",\"publisher\":{\"@id\":\"https:\\\/\\\/eyeofthewind.net\\\/#organization\"},\"potentialAction\":[{\"@type\":\"SearchAction\",\"target\":{\"@type\":\"EntryPoint\",\"urlTemplate\":\"https:\\\/\\\/eyeofthewind.net\\\/?s={search_term_string}\"},\"query-input\":{\"@type\":\"PropertyValueSpecification\",\"valueRequired\":true,\"valueName\":\"search_term_string\"}}],\"inLanguage\":\"en-GB\"},{\"@type\":\"Organization\",\"@id\":\"https:\\\/\\\/eyeofthewind.net\\\/#organization\",\"name\":\"Segelschiff Charter &amp; Reisen - Eye of the Wind\",\"url\":\"https:\\\/\\\/eyeofthewind.net\\\/\",\"logo\":{\"@type\":\"ImageObject\",\"inLanguage\":\"en-GB\",\"@id\":\"https:\\\/\\\/eyeofthewind.net\\\/#\\\/schema\\\/logo\\\/image\\\/\",\"url\":\"https:\\\/\\\/eyeofthewind.net\\\/wp-content\\\/uploads\\\/2024\\\/10\\\/L_Eye_weiss.svg\",\"contentUrl\":\"https:\\\/\\\/eyeofthewind.net\\\/wp-content\\\/uploads\\\/2024\\\/10\\\/L_Eye_weiss.svg\",\"width\":202,\"height\":123,\"caption\":\"Segelschiff Charter &amp; Reisen - Eye of the Wind\"},\"image\":{\"@id\":\"https:\\\/\\\/eyeofthewind.net\\\/#\\\/schema\\\/logo\\\/image\\\/\"}}]}<\/script>\n<!-- \/ Yoast SEO plugin. -->","yoast_head_json":{"title":"Contact - Sailboat Charter &amp; Travel - Eye of the Wind","robots":{"index":"index","follow":"follow","max-snippet":"max-snippet:-1","max-image-preview":"max-image-preview:large","max-video-preview":"max-video-preview:-1"},"canonical":"https:\/\/eyeofthewind.net\/en\/service\/contact\/","og_locale":"en_GB","og_type":"article","og_title":"Kontakt - Segelschiff Charter &amp; Reisen - Eye of the Wind","og_description":"Kontaktformular Wir erheben Ihre Daten gem\u00e4\u00df Art. 6 Abs. 1 Buchst. b) und f) DSGVO zur ordnungsgem\u00e4\u00dfen Abwicklung unserer Gesch\u00e4ftsvorg\u00e4nge sowie zur Mitteilung von Produktinformationen.Weitere Informationen finden Sie in unserer Datenschutzerkl\u00e4rung: eyeofthewind.net\/de\/datenschutz","og_url":"https:\/\/eyeofthewind.net\/en\/service\/contact\/","og_site_name":"Segelschiff Charter &amp; Reisen - Eye of the Wind","article_modified_time":"2026-01-07T06:37:47+00:00","og_image":[{"width":1024,"height":683,"url":"https:\/\/eyeofthewind.net\/wp-content\/uploads\/2025\/03\/IMG_0005-k.jpg","type":"image\/jpeg"}],"twitter_card":"summary_large_image","twitter_misc":{"Estimated reading time":"1 minute"},"schema":{"@context":"https:\/\/schema.org","@graph":[{"@type":"WebPage","@id":"https:\/\/eyeofthewind.net\/service\/kontakt\/","url":"https:\/\/eyeofthewind.net\/service\/kontakt\/","name":"Contact - Sailboat Charter &amp; Travel - Eye of the Wind","isPartOf":{"@id":"https:\/\/eyeofthewind.net\/#website"},"primaryImageOfPage":{"@id":"https:\/\/eyeofthewind.net\/service\/kontakt\/#primaryimage"},"image":{"@id":"https:\/\/eyeofthewind.net\/service\/kontakt\/#primaryimage"},"thumbnailUrl":"https:\/\/eyeofthewind.net\/wp-content\/uploads\/2025\/03\/IMG_0005-k.jpg","datePublished":"2024-11-22T13:12:47+00:00","dateModified":"2026-01-07T06:37:47+00:00","breadcrumb":{"@id":"https:\/\/eyeofthewind.net\/service\/kontakt\/#breadcrumb"},"inLanguage":"en-GB","potentialAction":[{"@type":"ReadAction","target":["https:\/\/eyeofthewind.net\/service\/kontakt\/"]}]},{"@type":"ImageObject","inLanguage":"en-GB","@id":"https:\/\/eyeofthewind.net\/service\/kontakt\/#primaryimage","url":"https:\/\/eyeofthewind.net\/wp-content\/uploads\/2025\/03\/IMG_0005-k.jpg","contentUrl":"https:\/\/eyeofthewind.net\/wp-content\/uploads\/2025\/03\/IMG_0005-k.jpg","width":1024,"height":683},{"@type":"BreadcrumbList","@id":"https:\/\/eyeofthewind.net\/service\/kontakt\/#breadcrumb","itemListElement":[{"@type":"ListItem","position":1,"name":"Startseite","item":"https:\/\/eyeofthewind.net\/"},{"@type":"ListItem","position":2,"name":"Service","item":"https:\/\/eyeofthewind.net\/service\/"},{"@type":"ListItem","position":3,"name":"Kontakt"}]},{"@type":"WebSite","@id":"https:\/\/eyeofthewind.net\/#website","url":"https:\/\/eyeofthewind.net\/","name":"Sailing Ship Charter &amp; Travelling - Eye of the Wind","description":"Sailing holidays with the Eye of the Wind: sailing trips between the Baltic Sea, Canary Islands and Caribbean. Anyone can sail with us! More about your sailing holiday.","publisher":{"@id":"https:\/\/eyeofthewind.net\/#organization"},"potentialAction":[{"@type":"SearchAction","target":{"@type":"EntryPoint","urlTemplate":"https:\/\/eyeofthewind.net\/?s={search_term_string}"},"query-input":{"@type":"PropertyValueSpecification","valueRequired":true,"valueName":"search_term_string"}}],"inLanguage":"en-GB"},{"@type":"Organization","@id":"https:\/\/eyeofthewind.net\/#organization","name":"Sailing Ship Charter &amp; Travelling - Eye of the Wind","url":"https:\/\/eyeofthewind.net\/","logo":{"@type":"ImageObject","inLanguage":"en-GB","@id":"https:\/\/eyeofthewind.net\/#\/schema\/logo\/image\/","url":"https:\/\/eyeofthewind.net\/wp-content\/uploads\/2024\/10\/L_Eye_weiss.svg","contentUrl":"https:\/\/eyeofthewind.net\/wp-content\/uploads\/2024\/10\/L_Eye_weiss.svg","width":202,"height":123,"caption":"Segelschiff Charter &amp; Reisen - Eye of the Wind"},"image":{"@id":"https:\/\/eyeofthewind.net\/#\/schema\/logo\/image\/"}}]}},"_links":{"self":[{"href":"https:\/\/eyeofthewind.net\/en\/wp-json\/wp\/v2\/pages\/659","targetHints":{"allow":["GET"]}}],"collection":[{"href":"https:\/\/eyeofthewind.net\/en\/wp-json\/wp\/v2\/pages"}],"about":[{"href":"https:\/\/eyeofthewind.net\/en\/wp-json\/wp\/v2\/types\/page"}],"author":[{"embeddable":true,"href":"https:\/\/eyeofthewind.net\/en\/wp-json\/wp\/v2\/users\/1"}],"replies":[{"embeddable":true,"href":"https:\/\/eyeofthewind.net\/en\/wp-json\/wp\/v2\/comments?post=659"}],"version-history":[{"count":38,"href":"https:\/\/eyeofthewind.net\/en\/wp-json\/wp\/v2\/pages\/659\/revisions"}],"predecessor-version":[{"id":5790,"href":"https:\/\/eyeofthewind.net\/en\/wp-json\/wp\/v2\/pages\/659\/revisions\/5790"}],"up":[{"embeddable":true,"href":"https:\/\/eyeofthewind.net\/en\/wp-json\/wp\/v2\/pages\/651"}],"wp:featuredmedia":[{"embeddable":true,"href":"https:\/\/eyeofthewind.net\/en\/wp-json\/wp\/v2\/media\/1913"}],"wp:attachment":[{"href":"https:\/\/eyeofthewind.net\/en\/wp-json\/wp\/v2\/media?parent=659"}],"curies":[{"name":"wp","href":"https:\/\/api.w.org\/{rel}","templated":true}]}}