{"id":663,"date":"2024-11-22T14:14:41","date_gmt":"2024-11-22T13:14:41","guid":{"rendered":"https:\/\/eyeofthewind.net\/?page_id=663"},"modified":"2025-12-11T11:46:34","modified_gmt":"2025-12-11T10:46:34","slug":"railandsail","status":"publish","type":"page","link":"https:\/\/eyeofthewind.net\/en\/service\/railandsail\/","title":{"rendered":"Arrival by train"},"content":{"rendered":"<div class=\"gb-container gb-container-3ebc3178 fadein alignfull\">\n<div class=\"gb-container gb-container-a16c7b43\">\n\n<h2 class=\"gb-headline gb-headline-9c545c36 gb-headline-text\">Your rail connection to the ship<\/h2>\n\n\n\n<p>Our tip for a comfortable journey by train: Take advantage of our offer&nbsp;<strong>\"Rail &amp; Sail\"<\/strong>.<br>Good for the environment, convenient for you: travel cheaply by train to your sailing trip, day trip or leadership training in all German harbour cities.<\/p>\n\n\n\n<p>With the cooperation offer from AKADEMIE HERKERT and Deutsche Bahn, you can travel relaxed and comfortably to FORUM train &amp; sail GmbH events. By switching to rail travel, you are helping the environment and actively contributing to climate protection.<\/p>\n\n\n\n<p class=\"translation-block\">With your booking confirmation, you will receive an access code from us for registration and online booking <strong><a href=\"https:\/\/www.akademie-herkert.de\/bahn\" target=\"_blank\" rel=\"noreferrer noopener\">at this link to the AKADEMIE HERKERT<\/a><\/strong>.<\/p>\n\n<\/div>\n<\/div>","protected":false},"excerpt":{"rendered":"<p>&#8222;Mit der Bahn zur Brigg&#8220; Unser Tipp f\u00fcr eine bequeme Anreise mit der Bahn: Nutzen Sie unser Angebot&nbsp;&#8222;Rail &amp; Sail \u2013 mit dem Zug zum Schiff&#8220;.Gut f\u00fcr die Umwelt, bequem f\u00fcr Sie: Reisen Sie g\u00fcnstig mit der Bahn zu Ihrer Segelreise, zum Tagest\u00f6rn oder zum F\u00fchrungskr\u00e4fte-Training in allen deutschen Hafenst\u00e4dten. Mit dem Kooperationsangebot der\u00a0AKADEMIE HERKERT [&hellip;]<\/p>\n","protected":false},"author":1,"featured_media":2333,"parent":651,"menu_order":0,"comment_status":"closed","ping_status":"closed","template":"","meta":{"_acf_changed":false,"_vp_format_video_url":"","_vp_image_focal_point":[],"footnotes":""},"class_list":["post-663","page","type-page","status-publish","has-post-thumbnail","hentry"],"blocksy_meta":[],"acf":[],"yoast_head":"<!-- This site is optimized with the Yoast SEO plugin v27.3 - https:\/\/yoast.com\/product\/yoast-seo-wordpress\/ -->\n<title>Anreise mit Bahn - Segelschiff Charter &amp; Reisen - Eye of the Wind<\/title>\n<meta name=\"robots\" content=\"index, follow, max-snippet:-1, max-image-preview:large, max-video-preview:-1\" \/>\n<link rel=\"canonical\" href=\"https:\/\/eyeofthewind.net\/en\/service\/railandsail\/\" \/>\n<meta property=\"og:locale\" content=\"en_GB\" \/>\n<meta property=\"og:type\" content=\"article\" \/>\n<meta property=\"og:title\" content=\"Anreise mit Bahn - Segelschiff Charter &amp; Reisen - Eye of the Wind\" \/>\n<meta property=\"og:description\" content=\"&#8222;Mit der Bahn zur Brigg&#8220; Unser Tipp f\u00fcr eine bequeme Anreise mit der Bahn: Nutzen Sie unser Angebot&nbsp;&#8222;Rail &amp; Sail \u2013 mit dem Zug zum Schiff&#8220;.Gut f\u00fcr die Umwelt, bequem f\u00fcr Sie: Reisen Sie g\u00fcnstig mit der Bahn zu Ihrer Segelreise, zum Tagest\u00f6rn oder zum F\u00fchrungskr\u00e4fte-Training in allen deutschen Hafenst\u00e4dten. Mit dem Kooperationsangebot der\u00a0AKADEMIE HERKERT [&hellip;]\" \/>\n<meta property=\"og:url\" content=\"https:\/\/eyeofthewind.net\/en\/service\/railandsail\/\" \/>\n<meta property=\"og:site_name\" content=\"Segelschiff Charter &amp; Reisen - Eye of the Wind\" \/>\n<meta property=\"article:modified_time\" content=\"2025-12-11T10:46:34+00:00\" \/>\n<meta property=\"og:image\" content=\"https:\/\/eyeofthewind.net\/wp-content\/uploads\/2025\/04\/railandsail-1-e1744098788698.jpg\" \/>\n\t<meta property=\"og:image:width\" content=\"744\" \/>\n\t<meta property=\"og:image:height\" content=\"559\" \/>\n\t<meta property=\"og:image:type\" content=\"image\/jpeg\" \/>\n<meta name=\"twitter:card\" content=\"summary_large_image\" \/>\n<meta name=\"twitter:label1\" content=\"Estimated reading time\" \/>\n\t<meta name=\"twitter:data1\" content=\"1 minute\" \/>\n<script type=\"application\/ld+json\" class=\"yoast-schema-graph\">{\"@context\":\"https:\\\/\\\/schema.org\",\"@graph\":[{\"@type\":\"WebPage\",\"@id\":\"https:\\\/\\\/eyeofthewind.net\\\/service\\\/railandsail\\\/\",\"url\":\"https:\\\/\\\/eyeofthewind.net\\\/service\\\/railandsail\\\/\",\"name\":\"Anreise mit Bahn - Segelschiff Charter &amp; Reisen - Eye of the Wind\",\"isPartOf\":{\"@id\":\"https:\\\/\\\/eyeofthewind.net\\\/#website\"},\"primaryImageOfPage\":{\"@id\":\"https:\\\/\\\/eyeofthewind.net\\\/service\\\/railandsail\\\/#primaryimage\"},\"image\":{\"@id\":\"https:\\\/\\\/eyeofthewind.net\\\/service\\\/railandsail\\\/#primaryimage\"},\"thumbnailUrl\":\"https:\\\/\\\/eyeofthewind.net\\\/wp-content\\\/uploads\\\/2025\\\/04\\\/railandsail-1-e1744098788698.jpg\",\"datePublished\":\"2024-11-22T13:14:41+00:00\",\"dateModified\":\"2025-12-11T10:46:34+00:00\",\"breadcrumb\":{\"@id\":\"https:\\\/\\\/eyeofthewind.net\\\/service\\\/railandsail\\\/#breadcrumb\"},\"inLanguage\":\"en-GB\",\"potentialAction\":[{\"@type\":\"ReadAction\",\"target\":[\"https:\\\/\\\/eyeofthewind.net\\\/service\\\/railandsail\\\/\"]}]},{\"@type\":\"ImageObject\",\"inLanguage\":\"en-GB\",\"@id\":\"https:\\\/\\\/eyeofthewind.net\\\/service\\\/railandsail\\\/#primaryimage\",\"url\":\"https:\\\/\\\/eyeofthewind.net\\\/wp-content\\\/uploads\\\/2025\\\/04\\\/railandsail-1-e1744098788698.jpg\",\"contentUrl\":\"https:\\\/\\\/eyeofthewind.net\\\/wp-content\\\/uploads\\\/2025\\\/04\\\/railandsail-1-e1744098788698.jpg\",\"width\":744,\"height\":559},{\"@type\":\"BreadcrumbList\",\"@id\":\"https:\\\/\\\/eyeofthewind.net\\\/service\\\/railandsail\\\/#breadcrumb\",\"itemListElement\":[{\"@type\":\"ListItem\",\"position\":1,\"name\":\"Startseite\",\"item\":\"https:\\\/\\\/eyeofthewind.net\\\/\"},{\"@type\":\"ListItem\",\"position\":2,\"name\":\"Service\",\"item\":\"https:\\\/\\\/eyeofthewind.net\\\/service\\\/\"},{\"@type\":\"ListItem\",\"position\":3,\"name\":\"Anreise mit Bahn\"}]},{\"@type\":\"WebSite\",\"@id\":\"https:\\\/\\\/eyeofthewind.net\\\/#website\",\"url\":\"https:\\\/\\\/eyeofthewind.net\\\/\",\"name\":\"Segelschiff Charter &amp; Reisen - Eye of the Wind\",\"description\":\"Segelurlaub mit der Eye of the Wind: Segelt\u00f6rns zwischen Ostsee, Kanaren und Karibik. Jeder kann mitsegeln! Mehr zu Ihrer Segelreise.\",\"publisher\":{\"@id\":\"https:\\\/\\\/eyeofthewind.net\\\/#organization\"},\"potentialAction\":[{\"@type\":\"SearchAction\",\"target\":{\"@type\":\"EntryPoint\",\"urlTemplate\":\"https:\\\/\\\/eyeofthewind.net\\\/?s={search_term_string}\"},\"query-input\":{\"@type\":\"PropertyValueSpecification\",\"valueRequired\":true,\"valueName\":\"search_term_string\"}}],\"inLanguage\":\"en-GB\"},{\"@type\":\"Organization\",\"@id\":\"https:\\\/\\\/eyeofthewind.net\\\/#organization\",\"name\":\"Segelschiff Charter &amp; Reisen - Eye of the Wind\",\"url\":\"https:\\\/\\\/eyeofthewind.net\\\/\",\"logo\":{\"@type\":\"ImageObject\",\"inLanguage\":\"en-GB\",\"@id\":\"https:\\\/\\\/eyeofthewind.net\\\/#\\\/schema\\\/logo\\\/image\\\/\",\"url\":\"https:\\\/\\\/eyeofthewind.net\\\/wp-content\\\/uploads\\\/2024\\\/10\\\/L_Eye_weiss.svg\",\"contentUrl\":\"https:\\\/\\\/eyeofthewind.net\\\/wp-content\\\/uploads\\\/2024\\\/10\\\/L_Eye_weiss.svg\",\"width\":202,\"height\":123,\"caption\":\"Segelschiff Charter &amp; Reisen - Eye of the Wind\"},\"image\":{\"@id\":\"https:\\\/\\\/eyeofthewind.net\\\/#\\\/schema\\\/logo\\\/image\\\/\"}}]}<\/script>\n<!-- \/ Yoast SEO plugin. -->","yoast_head_json":{"title":"Travelling by train - Sailing ship charter &amp; travel - Eye of the Wind","robots":{"index":"index","follow":"follow","max-snippet":"max-snippet:-1","max-image-preview":"max-image-preview:large","max-video-preview":"max-video-preview:-1"},"canonical":"https:\/\/eyeofthewind.net\/en\/service\/railandsail\/","og_locale":"en_GB","og_type":"article","og_title":"Anreise mit Bahn - Segelschiff Charter &amp; Reisen - Eye of the Wind","og_description":"&#8222;Mit der Bahn zur Brigg&#8220; Unser Tipp f\u00fcr eine bequeme Anreise mit der Bahn: Nutzen Sie unser Angebot&nbsp;&#8222;Rail &amp; Sail \u2013 mit dem Zug zum Schiff&#8220;.Gut f\u00fcr die Umwelt, bequem f\u00fcr Sie: Reisen Sie g\u00fcnstig mit der Bahn zu Ihrer Segelreise, zum Tagest\u00f6rn oder zum F\u00fchrungskr\u00e4fte-Training in allen deutschen Hafenst\u00e4dten. Mit dem Kooperationsangebot der\u00a0AKADEMIE HERKERT [&hellip;]","og_url":"https:\/\/eyeofthewind.net\/en\/service\/railandsail\/","og_site_name":"Segelschiff Charter &amp; Reisen - Eye of the Wind","article_modified_time":"2025-12-11T10:46:34+00:00","og_image":[{"width":744,"height":559,"url":"https:\/\/eyeofthewind.net\/wp-content\/uploads\/2025\/04\/railandsail-1-e1744098788698.jpg","type":"image\/jpeg"}],"twitter_card":"summary_large_image","twitter_misc":{"Estimated reading time":"1 minute"},"schema":{"@context":"https:\/\/schema.org","@graph":[{"@type":"WebPage","@id":"https:\/\/eyeofthewind.net\/service\/railandsail\/","url":"https:\/\/eyeofthewind.net\/service\/railandsail\/","name":"Travelling by train - Sailing ship charter &amp; travel - Eye of the Wind","isPartOf":{"@id":"https:\/\/eyeofthewind.net\/#website"},"primaryImageOfPage":{"@id":"https:\/\/eyeofthewind.net\/service\/railandsail\/#primaryimage"},"image":{"@id":"https:\/\/eyeofthewind.net\/service\/railandsail\/#primaryimage"},"thumbnailUrl":"https:\/\/eyeofthewind.net\/wp-content\/uploads\/2025\/04\/railandsail-1-e1744098788698.jpg","datePublished":"2024-11-22T13:14:41+00:00","dateModified":"2025-12-11T10:46:34+00:00","breadcrumb":{"@id":"https:\/\/eyeofthewind.net\/service\/railandsail\/#breadcrumb"},"inLanguage":"en-GB","potentialAction":[{"@type":"ReadAction","target":["https:\/\/eyeofthewind.net\/service\/railandsail\/"]}]},{"@type":"ImageObject","inLanguage":"en-GB","@id":"https:\/\/eyeofthewind.net\/service\/railandsail\/#primaryimage","url":"https:\/\/eyeofthewind.net\/wp-content\/uploads\/2025\/04\/railandsail-1-e1744098788698.jpg","contentUrl":"https:\/\/eyeofthewind.net\/wp-content\/uploads\/2025\/04\/railandsail-1-e1744098788698.jpg","width":744,"height":559},{"@type":"BreadcrumbList","@id":"https:\/\/eyeofthewind.net\/service\/railandsail\/#breadcrumb","itemListElement":[{"@type":"ListItem","position":1,"name":"Startseite","item":"https:\/\/eyeofthewind.net\/"},{"@type":"ListItem","position":2,"name":"Service","item":"https:\/\/eyeofthewind.net\/service\/"},{"@type":"ListItem","position":3,"name":"Anreise mit Bahn"}]},{"@type":"WebSite","@id":"https:\/\/eyeofthewind.net\/#website","url":"https:\/\/eyeofthewind.net\/","name":"Sailing Ship Charter &amp; Travelling - Eye of the Wind","description":"Sailing holidays with the Eye of the Wind: sailing trips between the Baltic Sea, Canary Islands and Caribbean. Anyone can sail with us! More about your sailing holiday.","publisher":{"@id":"https:\/\/eyeofthewind.net\/#organization"},"potentialAction":[{"@type":"SearchAction","target":{"@type":"EntryPoint","urlTemplate":"https:\/\/eyeofthewind.net\/?s={search_term_string}"},"query-input":{"@type":"PropertyValueSpecification","valueRequired":true,"valueName":"search_term_string"}}],"inLanguage":"en-GB"},{"@type":"Organization","@id":"https:\/\/eyeofthewind.net\/#organization","name":"Sailing Ship Charter &amp; Travelling - Eye of the Wind","url":"https:\/\/eyeofthewind.net\/","logo":{"@type":"ImageObject","inLanguage":"en-GB","@id":"https:\/\/eyeofthewind.net\/#\/schema\/logo\/image\/","url":"https:\/\/eyeofthewind.net\/wp-content\/uploads\/2024\/10\/L_Eye_weiss.svg","contentUrl":"https:\/\/eyeofthewind.net\/wp-content\/uploads\/2024\/10\/L_Eye_weiss.svg","width":202,"height":123,"caption":"Segelschiff Charter &amp; Reisen - Eye of the Wind"},"image":{"@id":"https:\/\/eyeofthewind.net\/#\/schema\/logo\/image\/"}}]}},"_links":{"self":[{"href":"https:\/\/eyeofthewind.net\/en\/wp-json\/wp\/v2\/pages\/663","targetHints":{"allow":["GET"]}}],"collection":[{"href":"https:\/\/eyeofthewind.net\/en\/wp-json\/wp\/v2\/pages"}],"about":[{"href":"https:\/\/eyeofthewind.net\/en\/wp-json\/wp\/v2\/types\/page"}],"author":[{"embeddable":true,"href":"https:\/\/eyeofthewind.net\/en\/wp-json\/wp\/v2\/users\/1"}],"replies":[{"embeddable":true,"href":"https:\/\/eyeofthewind.net\/en\/wp-json\/wp\/v2\/comments?post=663"}],"version-history":[{"count":5,"href":"https:\/\/eyeofthewind.net\/en\/wp-json\/wp\/v2\/pages\/663\/revisions"}],"predecessor-version":[{"id":5586,"href":"https:\/\/eyeofthewind.net\/en\/wp-json\/wp\/v2\/pages\/663\/revisions\/5586"}],"up":[{"embeddable":true,"href":"https:\/\/eyeofthewind.net\/en\/wp-json\/wp\/v2\/pages\/651"}],"wp:featuredmedia":[{"embeddable":true,"href":"https:\/\/eyeofthewind.net\/en\/wp-json\/wp\/v2\/media\/2333"}],"wp:attachment":[{"href":"https:\/\/eyeofthewind.net\/en\/wp-json\/wp\/v2\/media?parent=663"}],"curies":[{"name":"wp","href":"https:\/\/api.w.org\/{rel}","templated":true}]}}