{"id":667,"date":"2024-11-22T14:16:20","date_gmt":"2024-11-22T13:16:20","guid":{"rendered":"https:\/\/eyeofthewind.net\/?page_id=667"},"modified":"2025-04-08T09:28:57","modified_gmt":"2025-04-08T07:28:57","slug":"flyandsail","status":"publish","type":"page","link":"https:\/\/eyeofthewind.net\/en\/service\/flyandsail\/","title":{"rendered":"Arrival by air"},"content":{"rendered":"<div class=\"gb-container gb-container-3ebc3178 fadein alignfull\">\n<div class=\"gb-container gb-container-a16c7b43\">\n\n<h2 class=\"gb-headline gb-headline-9c545c36 gb-headline-text\">Your flight connection to the ship<\/h2>\n\n\n\n<p>Our tip for travelling to destinations and ports that are preferably accessible by plane:<\/p>\n\n\n\n<p class=\"translation-block\">As a reliable partner travel agency, <a href=\"https:\/\/www.flights-and-more.com\/yachtcharterfluege\" target=\"_blank\" rel=\"noreferrer noopener\"><strong>KT-Reisedienst GmbH &amp; Co. KG<\/strong><\/a> will create a personalised flight offer for you on request and take care of your flight booking. The travel service also organises rebookings, cancellations, trip extensions and changes to the departure or destination airport with experience and competence.<\/p>\n\n\n\n<p><strong>Contact<\/strong><\/p>\n\n\n\n<p>KT-Reisedienst GmbH &amp; Co. KG<br>L\u00f6ffelholzstr. 20<br>90441 Nuremberg<br>Germany<br>Phone +49 911 4864-585<br><a href=\"mailto:contact@flights-and-more.com?subject=Flug-Anfrage%20Eye%20of%20the%20Wind\" target=\"_blank\" rel=\"noreferrer noopener\"><\/a><a href=\"mailto:contact@flights-and-more.com\">contact@flights-and-more.com<\/a><br><br><a href=\"http:\/\/www.flights-and-more.com\/yachtcharterfluege\" target=\"_blank\" rel=\"noreferrer noopener\">www.flights-and-more.com\/yachtcharterfluege<\/a><\/p>\n\n<\/div>\n<\/div>","protected":false},"excerpt":{"rendered":"<p>Ihre Flugverbindung zum Schiff Unser Tipp f\u00fcr die Anreise zu Reisezielen und H\u00e4fen, die vorzugsweise per Flugzeug erreichbar sind: Als zuverl\u00e4ssiges Partner-Reiseb\u00fcro&nbsp;erstellt&nbsp;KT-Reisedienst GmbH &amp; Co. KG&nbsp;Ihnen auf Wunsch ein individuelles Flugangebot und erledigt Ihre Flugbuchung. Auch Umbuchungen, Stornierungen, T\u00f6rnverl\u00e4ngerungen und \u00c4nderung des Start- oder Zielflughafens organisiert der Reisedienst mit Erfahrung und Kompetenz. Kontakt KT-Reisedienst GmbH [&hellip;]<\/p>\n","protected":false},"author":1,"featured_media":2028,"parent":651,"menu_order":0,"comment_status":"closed","ping_status":"closed","template":"","meta":{"_acf_changed":false,"_vp_format_video_url":"","_vp_image_focal_point":[],"footnotes":""},"class_list":["post-667","page","type-page","status-publish","has-post-thumbnail","hentry"],"blocksy_meta":[],"acf":[],"yoast_head":"<!-- This site is optimized with the Yoast SEO plugin v27.3 - https:\/\/yoast.com\/product\/yoast-seo-wordpress\/ -->\n<title>Anreise per Flugzeug - Segelschiff Charter &amp; Reisen - Eye of the Wind<\/title>\n<meta name=\"robots\" content=\"index, follow, max-snippet:-1, max-image-preview:large, max-video-preview:-1\" \/>\n<link rel=\"canonical\" href=\"https:\/\/eyeofthewind.net\/en\/service\/flyandsail\/\" \/>\n<meta property=\"og:locale\" content=\"en_GB\" \/>\n<meta property=\"og:type\" content=\"article\" \/>\n<meta property=\"og:title\" content=\"Anreise per Flugzeug - Segelschiff Charter &amp; Reisen - Eye of the Wind\" \/>\n<meta property=\"og:description\" content=\"Ihre Flugverbindung zum Schiff Unser Tipp f\u00fcr die Anreise zu Reisezielen und H\u00e4fen, die vorzugsweise per Flugzeug erreichbar sind: Als zuverl\u00e4ssiges Partner-Reiseb\u00fcro&nbsp;erstellt&nbsp;KT-Reisedienst GmbH &amp; Co. KG&nbsp;Ihnen auf Wunsch ein individuelles Flugangebot und erledigt Ihre Flugbuchung. Auch Umbuchungen, Stornierungen, T\u00f6rnverl\u00e4ngerungen und \u00c4nderung des Start- oder Zielflughafens organisiert der Reisedienst mit Erfahrung und Kompetenz. Kontakt KT-Reisedienst GmbH [&hellip;]\" \/>\n<meta property=\"og:url\" content=\"https:\/\/eyeofthewind.net\/en\/service\/flyandsail\/\" \/>\n<meta property=\"og:site_name\" content=\"Segelschiff Charter &amp; Reisen - Eye of the Wind\" \/>\n<meta property=\"article:modified_time\" content=\"2025-04-08T07:28:57+00:00\" \/>\n<meta property=\"og:image\" content=\"https:\/\/eyeofthewind.net\/wp-content\/uploads\/2025\/03\/eyeofthewind-3-scaled-e1744097551138.jpg\" \/>\n\t<meta property=\"og:image:width\" content=\"2014\" \/>\n\t<meta property=\"og:image:height\" content=\"1443\" \/>\n\t<meta property=\"og:image:type\" content=\"image\/jpeg\" \/>\n<meta name=\"twitter:card\" content=\"summary_large_image\" \/>\n<meta name=\"twitter:label1\" content=\"Estimated reading time\" \/>\n\t<meta name=\"twitter:data1\" content=\"1 minute\" \/>\n<script type=\"application\/ld+json\" class=\"yoast-schema-graph\">{\"@context\":\"https:\\\/\\\/schema.org\",\"@graph\":[{\"@type\":\"WebPage\",\"@id\":\"https:\\\/\\\/eyeofthewind.net\\\/en\\\/service\\\/flyandsail\\\/\",\"url\":\"https:\\\/\\\/eyeofthewind.net\\\/en\\\/service\\\/flyandsail\\\/\",\"name\":\"Anreise per Flugzeug - Segelschiff Charter &amp; Reisen - Eye of the Wind\",\"isPartOf\":{\"@id\":\"https:\\\/\\\/eyeofthewind.net\\\/#website\"},\"primaryImageOfPage\":{\"@id\":\"https:\\\/\\\/eyeofthewind.net\\\/en\\\/service\\\/flyandsail\\\/#primaryimage\"},\"image\":{\"@id\":\"https:\\\/\\\/eyeofthewind.net\\\/en\\\/service\\\/flyandsail\\\/#primaryimage\"},\"thumbnailUrl\":\"https:\\\/\\\/eyeofthewind.net\\\/wp-content\\\/uploads\\\/2025\\\/03\\\/eyeofthewind-3-scaled-e1744097551138.jpg\",\"datePublished\":\"2024-11-22T13:16:20+00:00\",\"dateModified\":\"2025-04-08T07:28:57+00:00\",\"breadcrumb\":{\"@id\":\"https:\\\/\\\/eyeofthewind.net\\\/en\\\/service\\\/flyandsail\\\/#breadcrumb\"},\"inLanguage\":\"en-GB\",\"potentialAction\":[{\"@type\":\"ReadAction\",\"target\":[\"https:\\\/\\\/eyeofthewind.net\\\/en\\\/service\\\/flyandsail\\\/\"]}]},{\"@type\":\"ImageObject\",\"inLanguage\":\"en-GB\",\"@id\":\"https:\\\/\\\/eyeofthewind.net\\\/en\\\/service\\\/flyandsail\\\/#primaryimage\",\"url\":\"https:\\\/\\\/eyeofthewind.net\\\/wp-content\\\/uploads\\\/2025\\\/03\\\/eyeofthewind-3-scaled-e1744097551138.jpg\",\"contentUrl\":\"https:\\\/\\\/eyeofthewind.net\\\/wp-content\\\/uploads\\\/2025\\\/03\\\/eyeofthewind-3-scaled-e1744097551138.jpg\",\"width\":2014,\"height\":1443},{\"@type\":\"BreadcrumbList\",\"@id\":\"https:\\\/\\\/eyeofthewind.net\\\/en\\\/service\\\/flyandsail\\\/#breadcrumb\",\"itemListElement\":[{\"@type\":\"ListItem\",\"position\":1,\"name\":\"Startseite\",\"item\":\"https:\\\/\\\/eyeofthewind.net\\\/\"},{\"@type\":\"ListItem\",\"position\":2,\"name\":\"Service\",\"item\":\"https:\\\/\\\/eyeofthewind.net\\\/service\\\/\"},{\"@type\":\"ListItem\",\"position\":3,\"name\":\"Anreise per Flugzeug\"}]},{\"@type\":\"WebSite\",\"@id\":\"https:\\\/\\\/eyeofthewind.net\\\/#website\",\"url\":\"https:\\\/\\\/eyeofthewind.net\\\/\",\"name\":\"Segelschiff Charter &amp; Reisen - Eye of the Wind\",\"description\":\"Segelurlaub mit der Eye of the Wind: Segelt\u00f6rns zwischen Ostsee, Kanaren und Karibik. Jeder kann mitsegeln! Mehr zu Ihrer Segelreise.\",\"publisher\":{\"@id\":\"https:\\\/\\\/eyeofthewind.net\\\/#organization\"},\"potentialAction\":[{\"@type\":\"SearchAction\",\"target\":{\"@type\":\"EntryPoint\",\"urlTemplate\":\"https:\\\/\\\/eyeofthewind.net\\\/?s={search_term_string}\"},\"query-input\":{\"@type\":\"PropertyValueSpecification\",\"valueRequired\":true,\"valueName\":\"search_term_string\"}}],\"inLanguage\":\"en-GB\"},{\"@type\":\"Organization\",\"@id\":\"https:\\\/\\\/eyeofthewind.net\\\/#organization\",\"name\":\"Segelschiff Charter &amp; Reisen - Eye of the Wind\",\"url\":\"https:\\\/\\\/eyeofthewind.net\\\/\",\"logo\":{\"@type\":\"ImageObject\",\"inLanguage\":\"en-GB\",\"@id\":\"https:\\\/\\\/eyeofthewind.net\\\/#\\\/schema\\\/logo\\\/image\\\/\",\"url\":\"https:\\\/\\\/eyeofthewind.net\\\/wp-content\\\/uploads\\\/2024\\\/10\\\/L_Eye_weiss.svg\",\"contentUrl\":\"https:\\\/\\\/eyeofthewind.net\\\/wp-content\\\/uploads\\\/2024\\\/10\\\/L_Eye_weiss.svg\",\"width\":202,\"height\":123,\"caption\":\"Segelschiff Charter &amp; Reisen - Eye of the Wind\"},\"image\":{\"@id\":\"https:\\\/\\\/eyeofthewind.net\\\/#\\\/schema\\\/logo\\\/image\\\/\"}}]}<\/script>\n<!-- \/ Yoast SEO plugin. -->","yoast_head_json":{"title":"Travelling by plane - Sailing Ship Charter &amp; Travel - Eye of the Wind","robots":{"index":"index","follow":"follow","max-snippet":"max-snippet:-1","max-image-preview":"max-image-preview:large","max-video-preview":"max-video-preview:-1"},"canonical":"https:\/\/eyeofthewind.net\/en\/service\/flyandsail\/","og_locale":"en_GB","og_type":"article","og_title":"Anreise per Flugzeug - Segelschiff Charter &amp; Reisen - Eye of the Wind","og_description":"Ihre Flugverbindung zum Schiff Unser Tipp f\u00fcr die Anreise zu Reisezielen und H\u00e4fen, die vorzugsweise per Flugzeug erreichbar sind: Als zuverl\u00e4ssiges Partner-Reiseb\u00fcro&nbsp;erstellt&nbsp;KT-Reisedienst GmbH &amp; Co. KG&nbsp;Ihnen auf Wunsch ein individuelles Flugangebot und erledigt Ihre Flugbuchung. Auch Umbuchungen, Stornierungen, T\u00f6rnverl\u00e4ngerungen und \u00c4nderung des Start- oder Zielflughafens organisiert der Reisedienst mit Erfahrung und Kompetenz. Kontakt KT-Reisedienst GmbH [&hellip;]","og_url":"https:\/\/eyeofthewind.net\/en\/service\/flyandsail\/","og_site_name":"Segelschiff Charter &amp; Reisen - Eye of the Wind","article_modified_time":"2025-04-08T07:28:57+00:00","og_image":[{"width":2014,"height":1443,"url":"https:\/\/eyeofthewind.net\/wp-content\/uploads\/2025\/03\/eyeofthewind-3-scaled-e1744097551138.jpg","type":"image\/jpeg"}],"twitter_card":"summary_large_image","twitter_misc":{"Estimated reading time":"1 minute"},"schema":{"@context":"https:\/\/schema.org","@graph":[{"@type":"WebPage","@id":"https:\/\/eyeofthewind.net\/en\/service\/flyandsail\/","url":"https:\/\/eyeofthewind.net\/en\/service\/flyandsail\/","name":"Travelling by plane - Sailing Ship Charter &amp; Travel - Eye of the Wind","isPartOf":{"@id":"https:\/\/eyeofthewind.net\/#website"},"primaryImageOfPage":{"@id":"https:\/\/eyeofthewind.net\/en\/service\/flyandsail\/#primaryimage"},"image":{"@id":"https:\/\/eyeofthewind.net\/en\/service\/flyandsail\/#primaryimage"},"thumbnailUrl":"https:\/\/eyeofthewind.net\/wp-content\/uploads\/2025\/03\/eyeofthewind-3-scaled-e1744097551138.jpg","datePublished":"2024-11-22T13:16:20+00:00","dateModified":"2025-04-08T07:28:57+00:00","breadcrumb":{"@id":"https:\/\/eyeofthewind.net\/en\/service\/flyandsail\/#breadcrumb"},"inLanguage":"en-GB","potentialAction":[{"@type":"ReadAction","target":["https:\/\/eyeofthewind.net\/en\/service\/flyandsail\/"]}]},{"@type":"ImageObject","inLanguage":"en-GB","@id":"https:\/\/eyeofthewind.net\/en\/service\/flyandsail\/#primaryimage","url":"https:\/\/eyeofthewind.net\/wp-content\/uploads\/2025\/03\/eyeofthewind-3-scaled-e1744097551138.jpg","contentUrl":"https:\/\/eyeofthewind.net\/wp-content\/uploads\/2025\/03\/eyeofthewind-3-scaled-e1744097551138.jpg","width":2014,"height":1443},{"@type":"BreadcrumbList","@id":"https:\/\/eyeofthewind.net\/en\/service\/flyandsail\/#breadcrumb","itemListElement":[{"@type":"ListItem","position":1,"name":"Startseite","item":"https:\/\/eyeofthewind.net\/"},{"@type":"ListItem","position":2,"name":"Service","item":"https:\/\/eyeofthewind.net\/service\/"},{"@type":"ListItem","position":3,"name":"Anreise per Flugzeug"}]},{"@type":"WebSite","@id":"https:\/\/eyeofthewind.net\/#website","url":"https:\/\/eyeofthewind.net\/","name":"Sailing Ship Charter &amp; Travelling - Eye of the Wind","description":"Sailing holidays with the Eye of the Wind: sailing trips between the Baltic Sea, Canary Islands and Caribbean. Anyone can sail with us! More about your sailing holiday.","publisher":{"@id":"https:\/\/eyeofthewind.net\/#organization"},"potentialAction":[{"@type":"SearchAction","target":{"@type":"EntryPoint","urlTemplate":"https:\/\/eyeofthewind.net\/?s={search_term_string}"},"query-input":{"@type":"PropertyValueSpecification","valueRequired":true,"valueName":"search_term_string"}}],"inLanguage":"en-GB"},{"@type":"Organization","@id":"https:\/\/eyeofthewind.net\/#organization","name":"Sailing Ship Charter &amp; Travelling - Eye of the Wind","url":"https:\/\/eyeofthewind.net\/","logo":{"@type":"ImageObject","inLanguage":"en-GB","@id":"https:\/\/eyeofthewind.net\/#\/schema\/logo\/image\/","url":"https:\/\/eyeofthewind.net\/wp-content\/uploads\/2024\/10\/L_Eye_weiss.svg","contentUrl":"https:\/\/eyeofthewind.net\/wp-content\/uploads\/2024\/10\/L_Eye_weiss.svg","width":202,"height":123,"caption":"Segelschiff Charter &amp; Reisen - Eye of the Wind"},"image":{"@id":"https:\/\/eyeofthewind.net\/#\/schema\/logo\/image\/"}}]}},"_links":{"self":[{"href":"https:\/\/eyeofthewind.net\/en\/wp-json\/wp\/v2\/pages\/667","targetHints":{"allow":["GET"]}}],"collection":[{"href":"https:\/\/eyeofthewind.net\/en\/wp-json\/wp\/v2\/pages"}],"about":[{"href":"https:\/\/eyeofthewind.net\/en\/wp-json\/wp\/v2\/types\/page"}],"author":[{"embeddable":true,"href":"https:\/\/eyeofthewind.net\/en\/wp-json\/wp\/v2\/users\/1"}],"replies":[{"embeddable":true,"href":"https:\/\/eyeofthewind.net\/en\/wp-json\/wp\/v2\/comments?post=667"}],"version-history":[{"count":2,"href":"https:\/\/eyeofthewind.net\/en\/wp-json\/wp\/v2\/pages\/667\/revisions"}],"predecessor-version":[{"id":1629,"href":"https:\/\/eyeofthewind.net\/en\/wp-json\/wp\/v2\/pages\/667\/revisions\/1629"}],"up":[{"embeddable":true,"href":"https:\/\/eyeofthewind.net\/en\/wp-json\/wp\/v2\/pages\/651"}],"wp:featuredmedia":[{"embeddable":true,"href":"https:\/\/eyeofthewind.net\/en\/wp-json\/wp\/v2\/media\/2028"}],"wp:attachment":[{"href":"https:\/\/eyeofthewind.net\/en\/wp-json\/wp\/v2\/media?parent=667"}],"curies":[{"name":"wp","href":"https:\/\/api.w.org\/{rel}","templated":true}]}}