{"id":669,"date":"2024-11-22T14:16:58","date_gmt":"2024-11-22T13:16:58","guid":{"rendered":"https:\/\/eyeofthewind.net\/?page_id=669"},"modified":"2025-12-11T12:29:20","modified_gmt":"2025-12-11T11:29:20","slug":"travel-insurance","status":"publish","type":"page","link":"https:\/\/eyeofthewind.net\/en\/service\/reiseversicherung\/","title":{"rendered":"Travel Insurance"},"content":{"rendered":"<div class=\"gb-container gb-container-3ebc3178 fadein alignfull\">\n<div class=\"gb-container gb-container-a16c7b43\">\n\n<h2 class=\"gb-headline gb-headline-9c545c36 gb-headline-text\">Travel health insurance \/ travel cancellation insurance<\/h2>\n\n\n\n<p class=\"translation-block\">Your safety and health on board are our top priority. To ensure that you can enjoy the preparations for your sailing trip and your stay on the ship in a carefree and relaxed manner, we recommend that you take out suitable travel insurance. It is advisable to take out insurance in good time, especially in the event that you are unable to travel for health or other reasons.<\/p>\n\n\n\n<\/div>\n<\/div>","protected":false},"excerpt":{"rendered":"<p>Reisekrankenversicherung \/ Reiser\u00fccktrittsversicherung Ihre Sicherheit und Ihre Gesundheit an Bord stehen f\u00fcr uns an erster Stelle. Damit Sie die Vorbereitungen auf Ihren Segelt\u00f6rn und den Aufenthalt auf dem Schiff sorglos und entspannt genie\u00dfen k\u00f6nnen, empfehlen wir Ihnen den Abschluss einer f\u00fcr Sie passenden Reiseversicherung. Insbesondere f\u00fcr den Fall, dass Sie aus gesundheitlichen oder anders gelagerten [&hellip;]<\/p>\n","protected":false},"author":1,"featured_media":2334,"parent":651,"menu_order":0,"comment_status":"closed","ping_status":"closed","template":"","meta":{"_acf_changed":false,"_vp_format_video_url":"","_vp_image_focal_point":[],"footnotes":""},"class_list":["post-669","page","type-page","status-publish","has-post-thumbnail","hentry"],"blocksy_meta":[],"acf":[],"yoast_head":"<!-- This site is optimized with the Yoast SEO plugin v27.3 - https:\/\/yoast.com\/product\/yoast-seo-wordpress\/ -->\n<title>Reiseversicherung - Segelschiff Charter &amp; Reisen - Eye of the Wind<\/title>\n<meta name=\"robots\" content=\"index, follow, max-snippet:-1, max-image-preview:large, max-video-preview:-1\" \/>\n<link rel=\"canonical\" href=\"https:\/\/eyeofthewind.net\/en\/service\/travel-insurance\/\" \/>\n<meta property=\"og:locale\" content=\"en_GB\" \/>\n<meta property=\"og:type\" content=\"article\" \/>\n<meta property=\"og:title\" content=\"Reiseversicherung - Segelschiff Charter &amp; Reisen - Eye of the Wind\" \/>\n<meta property=\"og:description\" content=\"Reisekrankenversicherung \/ Reiser\u00fccktrittsversicherung Ihre Sicherheit und Ihre Gesundheit an Bord stehen f\u00fcr uns an erster Stelle. Damit Sie die Vorbereitungen auf Ihren Segelt\u00f6rn und den Aufenthalt auf dem Schiff sorglos und entspannt genie\u00dfen k\u00f6nnen, empfehlen wir Ihnen den Abschluss einer f\u00fcr Sie passenden Reiseversicherung. Insbesondere f\u00fcr den Fall, dass Sie aus gesundheitlichen oder anders gelagerten [&hellip;]\" \/>\n<meta property=\"og:url\" content=\"https:\/\/eyeofthewind.net\/en\/service\/travel-insurance\/\" \/>\n<meta property=\"og:site_name\" content=\"Segelschiff Charter &amp; Reisen - Eye of the Wind\" \/>\n<meta property=\"article:modified_time\" content=\"2025-12-11T11:29:20+00:00\" \/>\n<meta property=\"og:image\" content=\"https:\/\/eyeofthewind.net\/wp-content\/uploads\/2025\/04\/Reiseversicherung-scaled-e1744103547382.jpg\" \/>\n\t<meta property=\"og:image:width\" content=\"1924\" \/>\n\t<meta property=\"og:image:height\" content=\"1565\" \/>\n\t<meta property=\"og:image:type\" content=\"image\/jpeg\" \/>\n<meta name=\"twitter:card\" content=\"summary_large_image\" \/>\n<meta name=\"twitter:label1\" content=\"Estimated reading time\" \/>\n\t<meta name=\"twitter:data1\" content=\"2 minutes\" \/>\n<script type=\"application\/ld+json\" class=\"yoast-schema-graph\">{\"@context\":\"https:\\\/\\\/schema.org\",\"@graph\":[{\"@type\":\"WebPage\",\"@id\":\"https:\\\/\\\/eyeofthewind.net\\\/service\\\/reiseversicherung\\\/\",\"url\":\"https:\\\/\\\/eyeofthewind.net\\\/service\\\/reiseversicherung\\\/\",\"name\":\"Reiseversicherung - Segelschiff Charter &amp; Reisen - Eye of the Wind\",\"isPartOf\":{\"@id\":\"https:\\\/\\\/eyeofthewind.net\\\/#website\"},\"primaryImageOfPage\":{\"@id\":\"https:\\\/\\\/eyeofthewind.net\\\/service\\\/reiseversicherung\\\/#primaryimage\"},\"image\":{\"@id\":\"https:\\\/\\\/eyeofthewind.net\\\/service\\\/reiseversicherung\\\/#primaryimage\"},\"thumbnailUrl\":\"https:\\\/\\\/eyeofthewind.net\\\/wp-content\\\/uploads\\\/2025\\\/04\\\/Reiseversicherung-scaled-e1744103547382.jpg\",\"datePublished\":\"2024-11-22T13:16:58+00:00\",\"dateModified\":\"2025-12-11T11:29:20+00:00\",\"breadcrumb\":{\"@id\":\"https:\\\/\\\/eyeofthewind.net\\\/service\\\/reiseversicherung\\\/#breadcrumb\"},\"inLanguage\":\"en-GB\",\"potentialAction\":[{\"@type\":\"ReadAction\",\"target\":[\"https:\\\/\\\/eyeofthewind.net\\\/service\\\/reiseversicherung\\\/\"]}]},{\"@type\":\"ImageObject\",\"inLanguage\":\"en-GB\",\"@id\":\"https:\\\/\\\/eyeofthewind.net\\\/service\\\/reiseversicherung\\\/#primaryimage\",\"url\":\"https:\\\/\\\/eyeofthewind.net\\\/wp-content\\\/uploads\\\/2025\\\/04\\\/Reiseversicherung-scaled-e1744103547382.jpg\",\"contentUrl\":\"https:\\\/\\\/eyeofthewind.net\\\/wp-content\\\/uploads\\\/2025\\\/04\\\/Reiseversicherung-scaled-e1744103547382.jpg\",\"width\":1924,\"height\":1565},{\"@type\":\"BreadcrumbList\",\"@id\":\"https:\\\/\\\/eyeofthewind.net\\\/service\\\/reiseversicherung\\\/#breadcrumb\",\"itemListElement\":[{\"@type\":\"ListItem\",\"position\":1,\"name\":\"Startseite\",\"item\":\"https:\\\/\\\/eyeofthewind.net\\\/\"},{\"@type\":\"ListItem\",\"position\":2,\"name\":\"Service\",\"item\":\"https:\\\/\\\/eyeofthewind.net\\\/service\\\/\"},{\"@type\":\"ListItem\",\"position\":3,\"name\":\"Reiseversicherung\"}]},{\"@type\":\"WebSite\",\"@id\":\"https:\\\/\\\/eyeofthewind.net\\\/#website\",\"url\":\"https:\\\/\\\/eyeofthewind.net\\\/\",\"name\":\"Segelschiff Charter &amp; Reisen - Eye of the Wind\",\"description\":\"Segelurlaub mit der Eye of the Wind: Segelt\u00f6rns zwischen Ostsee, Kanaren und Karibik. Jeder kann mitsegeln! Mehr zu Ihrer Segelreise.\",\"publisher\":{\"@id\":\"https:\\\/\\\/eyeofthewind.net\\\/#organization\"},\"potentialAction\":[{\"@type\":\"SearchAction\",\"target\":{\"@type\":\"EntryPoint\",\"urlTemplate\":\"https:\\\/\\\/eyeofthewind.net\\\/?s={search_term_string}\"},\"query-input\":{\"@type\":\"PropertyValueSpecification\",\"valueRequired\":true,\"valueName\":\"search_term_string\"}}],\"inLanguage\":\"en-GB\"},{\"@type\":\"Organization\",\"@id\":\"https:\\\/\\\/eyeofthewind.net\\\/#organization\",\"name\":\"Segelschiff Charter &amp; Reisen - Eye of the Wind\",\"url\":\"https:\\\/\\\/eyeofthewind.net\\\/\",\"logo\":{\"@type\":\"ImageObject\",\"inLanguage\":\"en-GB\",\"@id\":\"https:\\\/\\\/eyeofthewind.net\\\/#\\\/schema\\\/logo\\\/image\\\/\",\"url\":\"https:\\\/\\\/eyeofthewind.net\\\/wp-content\\\/uploads\\\/2024\\\/10\\\/L_Eye_weiss.svg\",\"contentUrl\":\"https:\\\/\\\/eyeofthewind.net\\\/wp-content\\\/uploads\\\/2024\\\/10\\\/L_Eye_weiss.svg\",\"width\":202,\"height\":123,\"caption\":\"Segelschiff Charter &amp; Reisen - Eye of the Wind\"},\"image\":{\"@id\":\"https:\\\/\\\/eyeofthewind.net\\\/#\\\/schema\\\/logo\\\/image\\\/\"}}]}<\/script>\n<!-- \/ Yoast SEO plugin. -->","yoast_head_json":{"title":"Travel Insurance - Sailing Ship Charter &amp; Travel - Eye of the Wind","robots":{"index":"index","follow":"follow","max-snippet":"max-snippet:-1","max-image-preview":"max-image-preview:large","max-video-preview":"max-video-preview:-1"},"canonical":"https:\/\/eyeofthewind.net\/en\/service\/travel-insurance\/","og_locale":"en_GB","og_type":"article","og_title":"Reiseversicherung - Segelschiff Charter &amp; Reisen - Eye of the Wind","og_description":"Reisekrankenversicherung \/ Reiser\u00fccktrittsversicherung Ihre Sicherheit und Ihre Gesundheit an Bord stehen f\u00fcr uns an erster Stelle. Damit Sie die Vorbereitungen auf Ihren Segelt\u00f6rn und den Aufenthalt auf dem Schiff sorglos und entspannt genie\u00dfen k\u00f6nnen, empfehlen wir Ihnen den Abschluss einer f\u00fcr Sie passenden Reiseversicherung. Insbesondere f\u00fcr den Fall, dass Sie aus gesundheitlichen oder anders gelagerten [&hellip;]","og_url":"https:\/\/eyeofthewind.net\/en\/service\/travel-insurance\/","og_site_name":"Segelschiff Charter &amp; Reisen - Eye of the Wind","article_modified_time":"2025-12-11T11:29:20+00:00","og_image":[{"width":1924,"height":1565,"url":"https:\/\/eyeofthewind.net\/wp-content\/uploads\/2025\/04\/Reiseversicherung-scaled-e1744103547382.jpg","type":"image\/jpeg"}],"twitter_card":"summary_large_image","twitter_misc":{"Estimated reading time":"2 minutes"},"schema":{"@context":"https:\/\/schema.org","@graph":[{"@type":"WebPage","@id":"https:\/\/eyeofthewind.net\/service\/reiseversicherung\/","url":"https:\/\/eyeofthewind.net\/service\/reiseversicherung\/","name":"Travel Insurance - Sailing Ship Charter &amp; Travel - Eye of the Wind","isPartOf":{"@id":"https:\/\/eyeofthewind.net\/#website"},"primaryImageOfPage":{"@id":"https:\/\/eyeofthewind.net\/service\/reiseversicherung\/#primaryimage"},"image":{"@id":"https:\/\/eyeofthewind.net\/service\/reiseversicherung\/#primaryimage"},"thumbnailUrl":"https:\/\/eyeofthewind.net\/wp-content\/uploads\/2025\/04\/Reiseversicherung-scaled-e1744103547382.jpg","datePublished":"2024-11-22T13:16:58+00:00","dateModified":"2025-12-11T11:29:20+00:00","breadcrumb":{"@id":"https:\/\/eyeofthewind.net\/service\/reiseversicherung\/#breadcrumb"},"inLanguage":"en-GB","potentialAction":[{"@type":"ReadAction","target":["https:\/\/eyeofthewind.net\/service\/reiseversicherung\/"]}]},{"@type":"ImageObject","inLanguage":"en-GB","@id":"https:\/\/eyeofthewind.net\/service\/reiseversicherung\/#primaryimage","url":"https:\/\/eyeofthewind.net\/wp-content\/uploads\/2025\/04\/Reiseversicherung-scaled-e1744103547382.jpg","contentUrl":"https:\/\/eyeofthewind.net\/wp-content\/uploads\/2025\/04\/Reiseversicherung-scaled-e1744103547382.jpg","width":1924,"height":1565},{"@type":"BreadcrumbList","@id":"https:\/\/eyeofthewind.net\/service\/reiseversicherung\/#breadcrumb","itemListElement":[{"@type":"ListItem","position":1,"name":"Startseite","item":"https:\/\/eyeofthewind.net\/"},{"@type":"ListItem","position":2,"name":"Service","item":"https:\/\/eyeofthewind.net\/service\/"},{"@type":"ListItem","position":3,"name":"Reiseversicherung"}]},{"@type":"WebSite","@id":"https:\/\/eyeofthewind.net\/#website","url":"https:\/\/eyeofthewind.net\/","name":"Sailing Ship Charter &amp; Travelling - Eye of the Wind","description":"Sailing holidays with the Eye of the Wind: sailing trips between the Baltic Sea, Canary Islands and Caribbean. Anyone can sail with us! More about your sailing holiday.","publisher":{"@id":"https:\/\/eyeofthewind.net\/#organization"},"potentialAction":[{"@type":"SearchAction","target":{"@type":"EntryPoint","urlTemplate":"https:\/\/eyeofthewind.net\/?s={search_term_string}"},"query-input":{"@type":"PropertyValueSpecification","valueRequired":true,"valueName":"search_term_string"}}],"inLanguage":"en-GB"},{"@type":"Organization","@id":"https:\/\/eyeofthewind.net\/#organization","name":"Sailing Ship Charter &amp; Travelling - Eye of the Wind","url":"https:\/\/eyeofthewind.net\/","logo":{"@type":"ImageObject","inLanguage":"en-GB","@id":"https:\/\/eyeofthewind.net\/#\/schema\/logo\/image\/","url":"https:\/\/eyeofthewind.net\/wp-content\/uploads\/2024\/10\/L_Eye_weiss.svg","contentUrl":"https:\/\/eyeofthewind.net\/wp-content\/uploads\/2024\/10\/L_Eye_weiss.svg","width":202,"height":123,"caption":"Segelschiff Charter &amp; Reisen - Eye of the Wind"},"image":{"@id":"https:\/\/eyeofthewind.net\/#\/schema\/logo\/image\/"}}]}},"_links":{"self":[{"href":"https:\/\/eyeofthewind.net\/en\/wp-json\/wp\/v2\/pages\/669","targetHints":{"allow":["GET"]}}],"collection":[{"href":"https:\/\/eyeofthewind.net\/en\/wp-json\/wp\/v2\/pages"}],"about":[{"href":"https:\/\/eyeofthewind.net\/en\/wp-json\/wp\/v2\/types\/page"}],"author":[{"embeddable":true,"href":"https:\/\/eyeofthewind.net\/en\/wp-json\/wp\/v2\/users\/1"}],"replies":[{"embeddable":true,"href":"https:\/\/eyeofthewind.net\/en\/wp-json\/wp\/v2\/comments?post=669"}],"version-history":[{"count":9,"href":"https:\/\/eyeofthewind.net\/en\/wp-json\/wp\/v2\/pages\/669\/revisions"}],"predecessor-version":[{"id":5598,"href":"https:\/\/eyeofthewind.net\/en\/wp-json\/wp\/v2\/pages\/669\/revisions\/5598"}],"up":[{"embeddable":true,"href":"https:\/\/eyeofthewind.net\/en\/wp-json\/wp\/v2\/pages\/651"}],"wp:featuredmedia":[{"embeddable":true,"href":"https:\/\/eyeofthewind.net\/en\/wp-json\/wp\/v2\/media\/2334"}],"wp:attachment":[{"href":"https:\/\/eyeofthewind.net\/en\/wp-json\/wp\/v2\/media?parent=669"}],"curies":[{"name":"wp","href":"https:\/\/api.w.org\/{rel}","templated":true}]}}