{"id":671,"date":"2024-11-22T14:17:58","date_gmt":"2024-11-22T13:17:58","guid":{"rendered":"https:\/\/eyeofthewind.net\/?page_id=671"},"modified":"2025-11-19T12:11:32","modified_gmt":"2025-11-19T11:11:32","slug":"logbook","status":"publish","type":"page","link":"https:\/\/eyeofthewind.net\/en\/service\/logbuch\/","title":{"rendered":"Newsletter"},"content":{"rendered":"<div class=\"gb-container gb-container-719fcc08 fadein alignfull\">\n<div class=\"gb-container gb-container-dd1b6351\">\n\n<h2 class=\"gb-headline gb-headline-ff8b0162 gb-headline-text\">Newsletter Anmeldung<\/h2>\n\n\n\n<p>Melden Sie sich hier an, um den Newsletter mit Reiseangeboten und Neuigkeiten von Bord der Eye of the Wind kostenlos per E-Mail zu erhalten.\u00a0Sie k\u00f6nnen sich jederzeit von diesem Newsletter abmelden.<\/p>\n\n\n<div class=\"frm_forms  with_frm_style frm_style_ey-of-the-wind\" id=\"frm_form_4_container\" data-token=\"a1c84871a94025d001bdb5814d690d87\">\n<form enctype=\"multipart\/form-data\" method=\"post\" class=\"frm-show-form  frm_pro_form \" id=\"form_llkhz3\" data-token=\"a1c84871a94025d001bdb5814d690d87\">\n<div class=\"frm_form_fields \">\n<fieldset>\n<legend class=\"frm_screen_reader\">Newsletteranmeldung<\/legend>\r\n\r\n<div class=\"frm_fields_container\">\n<input type=\"hidden\" name=\"frm_action\" value=\"create\" \/>\n<input type=\"hidden\" name=\"form_id\" value=\"4\" \/>\n<input type=\"hidden\" name=\"frm_hide_fields_4\" id=\"frm_hide_fields_4\" value=\"\" \/>\n<input type=\"hidden\" name=\"form_key\" value=\"llkhz3\" \/>\n<input type=\"hidden\" name=\"item_meta[0]\" value=\"\" \/>\n<input type=\"hidden\" id=\"frm_submit_entry_4\" name=\"frm_submit_entry_4\" value=\"1807da0689\" \/><input type=\"hidden\" name=\"_wp_http_referer\" value=\"\/en\/wp-json\/wp\/v2\/pages\/671\" \/><div id=\"frm_field_54_container\" class=\"frm_form_field form-field  frm_top_container frm3 frm_first\">\r\n\t<label for=\"field_salutation2\" id=\"field_salutation2_label\" class=\"frm_primary_label\">Anrede\r\n\t\t<span class=\"frm_required\" aria-hidden=\"true\"><\/span>\r\n\t<\/label>\r\n\t\t\t<select name=\"item_meta[54]\" id=\"field_salutation2\"  data-frmval=\"Frau\" data-invmsg=\"Anrede ist ung\u00fcltig\" aria-invalid=\"false\"  >\n\t\t<option  value=\"Frau\" selected='selected'>Frau<\/option><option  value=\"Herr\">Herr<\/option><option  value=\"keine Angabe\">keine Angabe<\/option>\t<\/select>\n\t\r\n\t\r\n\t\r\n<\/div>\n<div id=\"frm_field_26_container\" class=\"frm_form_field form-field  frm_required_field frm_top_container frm3\">\r\n\t<label for=\"field_firstname2\" id=\"field_firstname2_label\" class=\"frm_primary_label\">Vorname\r\n\t\t<span class=\"frm_required\" aria-hidden=\"true\">*<\/span>\r\n\t<\/label>\r\n\t<input  type=\"text\" id=\"field_firstname2\" name=\"item_meta[26]\" value=\"\"  required=\"required\" title=\"Bitte dieses Feld ausf\u00fcllen\" autocomplete=\"on\"  data-reqmsg=\"Bitte geben Sie Ihren Vornamen ein.\" aria-required=\"true\" data-invmsg=\"Vorname ist ung\u00fcltig\" aria-invalid=\"false\"   \/>\r\n\t\r\n\t\r\n<\/div>\n<div id=\"frm_field_27_container\" class=\"frm_form_field form-field  frm_required_field frm_top_container frm3\">\r\n\t<label for=\"field_lastname2\" id=\"field_lastname2_label\" class=\"frm_primary_label\">Nachname\r\n\t\t<span class=\"frm_required\" aria-hidden=\"true\">*<\/span>\r\n\t<\/label>\r\n\t<input  type=\"text\" id=\"field_lastname2\" name=\"item_meta[27]\" value=\"\"  required=\"required\" title=\"Bitte dieses Feld ausf\u00fcllen\" data-reqmsg=\"Bitte geben Sie Ihren Nachnamen ein.\" aria-required=\"true\" data-invmsg=\"Nachname ist ung\u00fcltig\" aria-invalid=\"false\"   \/>\r\n\t\r\n\t\r\n<\/div>\n<div id=\"frm_field_28_container\" class=\"frm_form_field form-field  frm_required_field frm_top_container frm3\">\r\n\t<label for=\"field_email\" id=\"field_email_label\" class=\"frm_primary_label\">E-Mail\r\n\t\t<span class=\"frm_required\" aria-hidden=\"true\">*<\/span>\r\n\t<\/label>\r\n\t<input type=\"email\" id=\"field_email\" name=\"item_meta[28]\" value=\"\"  required=\"required\" title=\"Bitte dieses Feld ausf\u00fcllen\" autocomplete=\"email\"  data-reqmsg=\"Bitte geben Sie Ihre E-Mail Adresse ein.\" aria-required=\"true\" data-invmsg=\"E-Mail ist ung\u00fcltig\" aria-invalid=\"false\"  \/>\r\n\t\r\n\t\r\n<\/div>\n\t\t<input  type=\"hidden\" name=\"item_meta[56]\" id=\"field_subscription2\" value=\"Eye_Newsletter\"  data-frmval=\"Eye_Newsletter\"   \/>\n\t\t\t\t<input  type=\"hidden\" name=\"item_meta[57]\" id=\"field_redirectsuccess2\" value=\"\/danke-fuer-ihre-newsletter-anmeldung\/\"  data-frmval=\"\/danke-fuer-ihre-newsletter-anmeldung\/\"   \/>\n\t\t<div id=\"frm_field_55_container\" class=\"frm_form_field form-field  frm_required_field frm_top_container frm12 frm_first vertical_radio\">\r\n\t<div  id=\"field_iuo9e_label\" class=\"frm_primary_label\">\r\n\t\t<span class=\"frm_required\" aria-hidden=\"true\">*<\/span>\r\n\t<\/div>\r\n\t<div class=\"frm_opt_container\" aria-labelledby=\"field_iuo9e_label\" role=\"group\">\t\t<div class=\"frm_checkbox\" id=\"frm_checkbox_55-0\">\t\t\t<label  for=\"field_iuo9e-0\">\n\t\t\t<input type=\"checkbox\" name=\"item_meta[55][]\" id=\"field_iuo9e-0\" value=\"Ich erkl\u00e4re mich damit einverstanden, dass die FORUM train &amp; sail GmbH mir regelm\u00e4\u00dfig Informationen zu Reisen mit dem Segelschiff Eye of the Wind per E-Mail zuschickt. Ich kann mich jederzeit von diesem Newsletter abmelden.  Ich stimme zu, dass meine personenbezogenen Daten - wie in der Datenschutzerkl\u00e4rung beschrieben - zur Zusendung und Analyse der E-Mailings verarbeitet werden. Diese Einwilligung kann ich jederzeit mit Wirkung f\u00fcr die Zukunft widerrufen.\"  required=\"required\" title=\"Bitte dieses Feld ausf\u00fcllen\" data-reqmsg=\"This field ist ein Pflichtfeld und muss ausgef\u00fcllt werden\" data-invmsg=\"This field ist ung\u00fcltig\"   aria-required=\"true\"  \/> Ich erkl\u00e4re mich damit einverstanden, dass die FORUM train &amp; sail GmbH mir regelm\u00e4\u00dfig Informationen zu Reisen mit dem Segelschiff Eye of the Wind per E-Mail zuschickt. Ich kann mich jederzeit von diesem Newsletter abmelden.  Ich stimme zu, dass meine personenbezogenen Daten &#8211; wie in der Datenschutzerkl\u00e4rung beschrieben &#8211; zur Zusendung und Analyse der E-Mailings verarbeitet werden. Diese Einwilligung kann ich jederzeit mit Wirkung f\u00fcr die Zukunft widerrufen.<\/label><\/div>\n<\/div>\r\n\t\r\n\t\r\n<\/div>\n<div id=\"frm_field_31_container\" class=\"frm_form_field form-field \">\r\n\t<div class=\"frm_submit frm_flex\">\r\n<button class=\"frm_button_submit frm_final_submit\" type=\"submit\"   formnovalidate=\"formnovalidate\">SENDEN<\/button>\r\n\r\n\r\n\r\n<\/div>\r\n<\/div>\n\t<input type=\"hidden\" name=\"item_key\" value=\"\" \/>\n\t\t\t<div id=\"frm_field_198_container\">\n\t\t\t<label for=\"field_zpmwl\" >\n\t\t\t\tIf you are human, leave this field blank.\t\t\t<\/label>\n\t\t\t<input  id=\"field_zpmwl\" type=\"text\" class=\"frm_form_field form-field frm_verify\" name=\"item_meta[198]\" value=\"\"  \/>\n\t\t<\/div>\n\t\t<input name=\"frm_state\" type=\"hidden\" value=\"nkfP8U1wswIeyr\/86vLg06dUgNapVWOzwhY928pNjvNuCi91vo0B8aI8+0tJx1Gi\" \/><\/div>\n<\/fieldset>\n<\/div>\n\n<\/form>\n<\/div>\n\n\n\n<p class=\"has-text-align-center\">Wir erheben Ihre Daten gem\u00e4\u00df Art. 6 Abs. 1 Buchst. b) und f) DSGVO <br>zur ordnungsgem\u00e4\u00dfen Abwicklung unserer Gesch\u00e4ftsvorg\u00e4nge sowie zur Mitteilung von Produktinformationen. <br>Weitere Informationen finden Sie in unserer <a href=\"\/datenschutz\/\">Datenschutzerkl\u00e4rung<\/a>.<\/p>\n\n<\/div>\n<\/div>","protected":false},"excerpt":{"rendered":"<p>Newsletter Anmeldung Melden Sie sich hier an, um den Newsletter mit Reiseangeboten und Neuigkeiten von Bord der Eye of the Wind kostenlos per E-Mail zu erhalten.\u00a0Sie k\u00f6nnen sich jederzeit von diesem Newsletter abmelden. Wir erheben Ihre Daten gem\u00e4\u00df Art. 6 Abs. 1 Buchst. b) und f) DSGVO zur ordnungsgem\u00e4\u00dfen Abwicklung unserer Gesch\u00e4ftsvorg\u00e4nge sowie zur Mitteilung [&hellip;]<\/p>\n","protected":false},"author":1,"featured_media":1921,"parent":651,"menu_order":0,"comment_status":"closed","ping_status":"closed","template":"","meta":{"_acf_changed":false,"_vp_format_video_url":"","_vp_image_focal_point":[],"footnotes":""},"class_list":["post-671","page","type-page","status-publish","has-post-thumbnail","hentry"],"blocksy_meta":[],"acf":[],"yoast_head":"<!-- This site is optimized with the Yoast SEO plugin v27.3 - https:\/\/yoast.com\/product\/yoast-seo-wordpress\/ -->\n<title>Newsletter - Segelschiff Charter &amp; Reisen - Eye of the Wind<\/title>\n<meta name=\"robots\" content=\"index, follow, max-snippet:-1, max-image-preview:large, max-video-preview:-1\" \/>\n<link rel=\"canonical\" href=\"https:\/\/eyeofthewind.net\/en\/service\/logbook\/\" \/>\n<meta property=\"og:locale\" content=\"en_GB\" \/>\n<meta property=\"og:type\" content=\"article\" \/>\n<meta property=\"og:title\" content=\"Newsletter - Segelschiff Charter &amp; Reisen - Eye of the Wind\" \/>\n<meta property=\"og:description\" content=\"Newsletter Anmeldung Melden Sie sich hier an, um den Newsletter mit Reiseangeboten und Neuigkeiten von Bord der Eye of the Wind kostenlos per E-Mail zu erhalten.\u00a0Sie k\u00f6nnen sich jederzeit von diesem Newsletter abmelden. Wir erheben Ihre Daten gem\u00e4\u00df Art. 6 Abs. 1 Buchst. b) und f) DSGVO zur ordnungsgem\u00e4\u00dfen Abwicklung unserer Gesch\u00e4ftsvorg\u00e4nge sowie zur Mitteilung [&hellip;]\" \/>\n<meta property=\"og:url\" content=\"https:\/\/eyeofthewind.net\/en\/service\/logbook\/\" \/>\n<meta property=\"og:site_name\" content=\"Segelschiff Charter &amp; Reisen - Eye of the Wind\" \/>\n<meta property=\"article:modified_time\" content=\"2025-11-19T11:11:32+00:00\" \/>\n<meta property=\"og:image\" content=\"https:\/\/eyeofthewind.net\/wp-content\/uploads\/2025\/03\/IMG_2132.jpg\" \/>\n\t<meta property=\"og:image:width\" content=\"1024\" \/>\n\t<meta property=\"og:image:height\" content=\"683\" \/>\n\t<meta property=\"og:image:type\" content=\"image\/jpeg\" \/>\n<meta name=\"twitter:card\" content=\"summary_large_image\" \/>\n<meta name=\"twitter:label1\" content=\"Estimated reading time\" \/>\n\t<meta name=\"twitter:data1\" content=\"1 minute\" \/>\n<script type=\"application\/ld+json\" class=\"yoast-schema-graph\">{\"@context\":\"https:\\\/\\\/schema.org\",\"@graph\":[{\"@type\":\"WebPage\",\"@id\":\"https:\\\/\\\/eyeofthewind.net\\\/service\\\/logbuch\\\/\",\"url\":\"https:\\\/\\\/eyeofthewind.net\\\/service\\\/logbuch\\\/\",\"name\":\"Newsletter - Segelschiff Charter &amp; Reisen - Eye of the Wind\",\"isPartOf\":{\"@id\":\"https:\\\/\\\/eyeofthewind.net\\\/#website\"},\"primaryImageOfPage\":{\"@id\":\"https:\\\/\\\/eyeofthewind.net\\\/service\\\/logbuch\\\/#primaryimage\"},\"image\":{\"@id\":\"https:\\\/\\\/eyeofthewind.net\\\/service\\\/logbuch\\\/#primaryimage\"},\"thumbnailUrl\":\"https:\\\/\\\/eyeofthewind.net\\\/wp-content\\\/uploads\\\/2025\\\/03\\\/IMG_2132.jpg\",\"datePublished\":\"2024-11-22T13:17:58+00:00\",\"dateModified\":\"2025-11-19T11:11:32+00:00\",\"breadcrumb\":{\"@id\":\"https:\\\/\\\/eyeofthewind.net\\\/service\\\/logbuch\\\/#breadcrumb\"},\"inLanguage\":\"en-GB\",\"potentialAction\":[{\"@type\":\"ReadAction\",\"target\":[\"https:\\\/\\\/eyeofthewind.net\\\/service\\\/logbuch\\\/\"]}]},{\"@type\":\"ImageObject\",\"inLanguage\":\"en-GB\",\"@id\":\"https:\\\/\\\/eyeofthewind.net\\\/service\\\/logbuch\\\/#primaryimage\",\"url\":\"https:\\\/\\\/eyeofthewind.net\\\/wp-content\\\/uploads\\\/2025\\\/03\\\/IMG_2132.jpg\",\"contentUrl\":\"https:\\\/\\\/eyeofthewind.net\\\/wp-content\\\/uploads\\\/2025\\\/03\\\/IMG_2132.jpg\",\"width\":1024,\"height\":683},{\"@type\":\"BreadcrumbList\",\"@id\":\"https:\\\/\\\/eyeofthewind.net\\\/service\\\/logbuch\\\/#breadcrumb\",\"itemListElement\":[{\"@type\":\"ListItem\",\"position\":1,\"name\":\"Startseite\",\"item\":\"https:\\\/\\\/eyeofthewind.net\\\/\"},{\"@type\":\"ListItem\",\"position\":2,\"name\":\"Service\",\"item\":\"https:\\\/\\\/eyeofthewind.net\\\/service\\\/\"},{\"@type\":\"ListItem\",\"position\":3,\"name\":\"Newsletter\"}]},{\"@type\":\"WebSite\",\"@id\":\"https:\\\/\\\/eyeofthewind.net\\\/#website\",\"url\":\"https:\\\/\\\/eyeofthewind.net\\\/\",\"name\":\"Segelschiff Charter &amp; Reisen - Eye of the Wind\",\"description\":\"Segelurlaub mit der Eye of the Wind: Segelt\u00f6rns zwischen Ostsee, Kanaren und Karibik. Jeder kann mitsegeln! Mehr zu Ihrer Segelreise.\",\"publisher\":{\"@id\":\"https:\\\/\\\/eyeofthewind.net\\\/#organization\"},\"potentialAction\":[{\"@type\":\"SearchAction\",\"target\":{\"@type\":\"EntryPoint\",\"urlTemplate\":\"https:\\\/\\\/eyeofthewind.net\\\/?s={search_term_string}\"},\"query-input\":{\"@type\":\"PropertyValueSpecification\",\"valueRequired\":true,\"valueName\":\"search_term_string\"}}],\"inLanguage\":\"en-GB\"},{\"@type\":\"Organization\",\"@id\":\"https:\\\/\\\/eyeofthewind.net\\\/#organization\",\"name\":\"Segelschiff Charter &amp; Reisen - Eye of the Wind\",\"url\":\"https:\\\/\\\/eyeofthewind.net\\\/\",\"logo\":{\"@type\":\"ImageObject\",\"inLanguage\":\"en-GB\",\"@id\":\"https:\\\/\\\/eyeofthewind.net\\\/#\\\/schema\\\/logo\\\/image\\\/\",\"url\":\"https:\\\/\\\/eyeofthewind.net\\\/wp-content\\\/uploads\\\/2024\\\/10\\\/L_Eye_weiss.svg\",\"contentUrl\":\"https:\\\/\\\/eyeofthewind.net\\\/wp-content\\\/uploads\\\/2024\\\/10\\\/L_Eye_weiss.svg\",\"width\":202,\"height\":123,\"caption\":\"Segelschiff Charter &amp; Reisen - Eye of the Wind\"},\"image\":{\"@id\":\"https:\\\/\\\/eyeofthewind.net\\\/#\\\/schema\\\/logo\\\/image\\\/\"}}]}<\/script>\n<!-- \/ Yoast SEO plugin. -->","yoast_head_json":{"title":"Newsletter - Sailing Ship Charter &amp; Travel - Eye of the Wind","robots":{"index":"index","follow":"follow","max-snippet":"max-snippet:-1","max-image-preview":"max-image-preview:large","max-video-preview":"max-video-preview:-1"},"canonical":"https:\/\/eyeofthewind.net\/en\/service\/logbook\/","og_locale":"en_GB","og_type":"article","og_title":"Newsletter - Segelschiff Charter &amp; Reisen - Eye of the Wind","og_description":"Newsletter Anmeldung Melden Sie sich hier an, um den Newsletter mit Reiseangeboten und Neuigkeiten von Bord der Eye of the Wind kostenlos per E-Mail zu erhalten.\u00a0Sie k\u00f6nnen sich jederzeit von diesem Newsletter abmelden. Wir erheben Ihre Daten gem\u00e4\u00df Art. 6 Abs. 1 Buchst. b) und f) DSGVO zur ordnungsgem\u00e4\u00dfen Abwicklung unserer Gesch\u00e4ftsvorg\u00e4nge sowie zur Mitteilung [&hellip;]","og_url":"https:\/\/eyeofthewind.net\/en\/service\/logbook\/","og_site_name":"Segelschiff Charter &amp; Reisen - Eye of the Wind","article_modified_time":"2025-11-19T11:11:32+00:00","og_image":[{"width":1024,"height":683,"url":"https:\/\/eyeofthewind.net\/wp-content\/uploads\/2025\/03\/IMG_2132.jpg","type":"image\/jpeg"}],"twitter_card":"summary_large_image","twitter_misc":{"Estimated reading time":"1 minute"},"schema":{"@context":"https:\/\/schema.org","@graph":[{"@type":"WebPage","@id":"https:\/\/eyeofthewind.net\/service\/logbuch\/","url":"https:\/\/eyeofthewind.net\/service\/logbuch\/","name":"Newsletter - Sailing Ship Charter &amp; Travel - Eye of the Wind","isPartOf":{"@id":"https:\/\/eyeofthewind.net\/#website"},"primaryImageOfPage":{"@id":"https:\/\/eyeofthewind.net\/service\/logbuch\/#primaryimage"},"image":{"@id":"https:\/\/eyeofthewind.net\/service\/logbuch\/#primaryimage"},"thumbnailUrl":"https:\/\/eyeofthewind.net\/wp-content\/uploads\/2025\/03\/IMG_2132.jpg","datePublished":"2024-11-22T13:17:58+00:00","dateModified":"2025-11-19T11:11:32+00:00","breadcrumb":{"@id":"https:\/\/eyeofthewind.net\/service\/logbuch\/#breadcrumb"},"inLanguage":"en-GB","potentialAction":[{"@type":"ReadAction","target":["https:\/\/eyeofthewind.net\/service\/logbuch\/"]}]},{"@type":"ImageObject","inLanguage":"en-GB","@id":"https:\/\/eyeofthewind.net\/service\/logbuch\/#primaryimage","url":"https:\/\/eyeofthewind.net\/wp-content\/uploads\/2025\/03\/IMG_2132.jpg","contentUrl":"https:\/\/eyeofthewind.net\/wp-content\/uploads\/2025\/03\/IMG_2132.jpg","width":1024,"height":683},{"@type":"BreadcrumbList","@id":"https:\/\/eyeofthewind.net\/service\/logbuch\/#breadcrumb","itemListElement":[{"@type":"ListItem","position":1,"name":"Startseite","item":"https:\/\/eyeofthewind.net\/"},{"@type":"ListItem","position":2,"name":"Service","item":"https:\/\/eyeofthewind.net\/service\/"},{"@type":"ListItem","position":3,"name":"Newsletter"}]},{"@type":"WebSite","@id":"https:\/\/eyeofthewind.net\/#website","url":"https:\/\/eyeofthewind.net\/","name":"Sailing Ship Charter &amp; Travelling - Eye of the Wind","description":"Sailing holidays with the Eye of the Wind: sailing trips between the Baltic Sea, Canary Islands and Caribbean. Anyone can sail with us! More about your sailing holiday.","publisher":{"@id":"https:\/\/eyeofthewind.net\/#organization"},"potentialAction":[{"@type":"SearchAction","target":{"@type":"EntryPoint","urlTemplate":"https:\/\/eyeofthewind.net\/?s={search_term_string}"},"query-input":{"@type":"PropertyValueSpecification","valueRequired":true,"valueName":"search_term_string"}}],"inLanguage":"en-GB"},{"@type":"Organization","@id":"https:\/\/eyeofthewind.net\/#organization","name":"Sailing Ship Charter &amp; Travelling - Eye of the Wind","url":"https:\/\/eyeofthewind.net\/","logo":{"@type":"ImageObject","inLanguage":"en-GB","@id":"https:\/\/eyeofthewind.net\/#\/schema\/logo\/image\/","url":"https:\/\/eyeofthewind.net\/wp-content\/uploads\/2024\/10\/L_Eye_weiss.svg","contentUrl":"https:\/\/eyeofthewind.net\/wp-content\/uploads\/2024\/10\/L_Eye_weiss.svg","width":202,"height":123,"caption":"Segelschiff Charter &amp; Reisen - Eye of the Wind"},"image":{"@id":"https:\/\/eyeofthewind.net\/#\/schema\/logo\/image\/"}}]}},"_links":{"self":[{"href":"https:\/\/eyeofthewind.net\/en\/wp-json\/wp\/v2\/pages\/671","targetHints":{"allow":["GET"]}}],"collection":[{"href":"https:\/\/eyeofthewind.net\/en\/wp-json\/wp\/v2\/pages"}],"about":[{"href":"https:\/\/eyeofthewind.net\/en\/wp-json\/wp\/v2\/types\/page"}],"author":[{"embeddable":true,"href":"https:\/\/eyeofthewind.net\/en\/wp-json\/wp\/v2\/users\/1"}],"replies":[{"embeddable":true,"href":"https:\/\/eyeofthewind.net\/en\/wp-json\/wp\/v2\/comments?post=671"}],"version-history":[{"count":7,"href":"https:\/\/eyeofthewind.net\/en\/wp-json\/wp\/v2\/pages\/671\/revisions"}],"predecessor-version":[{"id":5170,"href":"https:\/\/eyeofthewind.net\/en\/wp-json\/wp\/v2\/pages\/671\/revisions\/5170"}],"up":[{"embeddable":true,"href":"https:\/\/eyeofthewind.net\/en\/wp-json\/wp\/v2\/pages\/651"}],"wp:featuredmedia":[{"embeddable":true,"href":"https:\/\/eyeofthewind.net\/en\/wp-json\/wp\/v2\/media\/1921"}],"wp:attachment":[{"href":"https:\/\/eyeofthewind.net\/en\/wp-json\/wp\/v2\/media?parent=671"}],"curies":[{"name":"wp","href":"https:\/\/api.w.org\/{rel}","templated":true}]}}