{"id":673,"date":"2024-11-22T14:18:33","date_gmt":"2024-11-22T13:18:33","guid":{"rendered":"https:\/\/eyeofthewind.net\/?page_id=673"},"modified":"2025-07-10T10:57:14","modified_gmt":"2025-07-10T08:57:14","slug":"competition","status":"publish","type":"page","link":"https:\/\/eyeofthewind.net\/en\/service\/gewinnspiel\/","title":{"rendered":"Competition"},"content":{"rendered":"<div class=\"gb-container gb-container-719fcc08 fadein alignfull\">\n<div class=\"gb-container gb-container-dd1b6351\">\n\n<h2 class=\"gb-headline gb-headline-ff8b0162 gb-headline-text\">Gewinnspielteilnahme<\/h2>\n\n\n\n<p class=\"has-text-align-center\">Wir verlosen monatlich eine Reise auf der Eye of the Wind. <br>Die Gewinner werden von uns schriftlich benachrichtigt. Unsere Teilnahmebedingungen finden Sie <strong><a href=\"\/teilnahmebedingungen-zum-gewinnspiel\/\" target=\"_blank\" rel=\"noreferrer noopener\">hier<\/a><\/strong>.<br><br>Ja, ich m\u00f6chte einen Segelt\u00f6rn auf der Eye of the Wind gewinnen:<\/p>\n\n\n<div class=\"frm_forms  with_frm_style frm_style_ey-of-the-wind\" id=\"frm_form_5_container\" data-token=\"c32a3e0383f39775856d7d261b55345d\">\n<form enctype=\"multipart\/form-data\" method=\"post\" class=\"frm-show-form  frm_pro_form \" id=\"form_llkhz4\" data-token=\"c32a3e0383f39775856d7d261b55345d\">\n<div class=\"frm_form_fields \">\n<fieldset>\n<legend class=\"frm_screen_reader\">Gewinnspiel<\/legend>\r\n\r\n<div class=\"frm_fields_container\">\n<input type=\"hidden\" name=\"frm_action\" value=\"create\" \/>\n<input type=\"hidden\" name=\"form_id\" value=\"5\" \/>\n<input type=\"hidden\" name=\"frm_hide_fields_5\" id=\"frm_hide_fields_5\" value=\"\" \/>\n<input type=\"hidden\" name=\"form_key\" value=\"llkhz4\" \/>\n<input type=\"hidden\" name=\"item_meta[0]\" value=\"\" \/>\n<input type=\"hidden\" id=\"frm_submit_entry_5\" name=\"frm_submit_entry_5\" value=\"c37b1e47ae\" \/><input type=\"hidden\" name=\"_wp_http_referer\" value=\"\/en\/wp-json\/wp\/v2\/pages\/673\" \/><div id=\"frm_field_35_container\" class=\"frm_form_field form-field  frm_required_field frm_top_container frm12 frm_first\">\r\n\t<label for=\"field_zisho4\" id=\"field_zisho4_label\" class=\"frm_primary_label\">Welcher Hafen, den die Eye of the Wind 2026 besucht, liegt auf dem 57. n\u00f6rdlichen Breitengrad?\r\n\t\t<span class=\"frm_required\" aria-hidden=\"true\">*<\/span>\r\n\t<\/label>\r\n\t<input  type=\"text\" id=\"field_zisho4\" name=\"item_meta[35]\" value=\"\"  required=\"required\" title=\"Bitte dieses Feld ausf\u00fcllen\" placeholder=\"Tipp: Sehen Sie nach unter Mitsegeln \u2192 T\u00f6rnplan\" data-reqmsg=\"Bitte beantworten Sie die Gewinnspiel-Frage.\" aria-required=\"true\" data-invmsg=\"Welcher Hafen, den die Eye of the Wind 2026 besucht, liegt auf dem 57. n\u00f6rdlichen Breitengrad? ist ung\u00fcltig\" aria-invalid=\"false\"   \/>\r\n\t\r\n\t\r\n<\/div>\n<div id=\"frm_field_59_container\" class=\"frm_form_field form-field  frm_top_container frm4 frm_first\">\r\n\t<label for=\"field_salutation3\" id=\"field_salutation3_label\" class=\"frm_primary_label\">Anrede\r\n\t\t<span class=\"frm_required\" aria-hidden=\"true\"><\/span>\r\n\t<\/label>\r\n\t\t\t<select name=\"item_meta[59]\" id=\"field_salutation3\"  data-frmval=\"Frau\" data-invmsg=\"Anrede ist ung\u00fcltig\" aria-invalid=\"false\"  >\n\t\t<option  value=\"Frau\" selected='selected'>Frau<\/option><option  value=\"Herr\">Herr<\/option><option  value=\"keine Angabe\">keine Angabe<\/option>\t<\/select>\n\t\r\n\t\r\n\t\r\n<\/div>\n<div id=\"frm_field_32_container\" class=\"frm_form_field form-field  frm_required_field frm_top_container frm4\">\r\n\t<label for=\"field_firstname3\" id=\"field_firstname3_label\" class=\"frm_primary_label\">Vorname\r\n\t\t<span class=\"frm_required\" aria-hidden=\"true\">*<\/span>\r\n\t<\/label>\r\n\t<input  type=\"text\" id=\"field_firstname3\" name=\"item_meta[32]\" value=\"\"  required=\"required\" title=\"Bitte dieses Feld ausf\u00fcllen\" data-reqmsg=\"Bitte geben Sie Ihren Vornamen ein.\" aria-required=\"true\" data-invmsg=\"Vorname ist ung\u00fcltig\" aria-invalid=\"false\"   \/>\r\n\t\r\n\t\r\n<\/div>\n<div id=\"frm_field_33_container\" class=\"frm_form_field form-field  frm_required_field frm_top_container frm4\">\r\n\t<label for=\"field_lastname3\" id=\"field_lastname3_label\" class=\"frm_primary_label\">Nachname\r\n\t\t<span class=\"frm_required\" aria-hidden=\"true\">*<\/span>\r\n\t<\/label>\r\n\t<input  type=\"text\" id=\"field_lastname3\" name=\"item_meta[33]\" value=\"\"  required=\"required\" title=\"Bitte dieses Feld ausf\u00fcllen\" data-reqmsg=\"Bitte geben Sie Ihren Nachnamen ein.\" aria-required=\"true\" data-invmsg=\"Nachname ist ung\u00fcltig\" aria-invalid=\"false\"   \/>\r\n\t\r\n\t\r\n<\/div>\n<div id=\"frm_field_34_container\" class=\"frm_form_field form-field  frm_required_field frm_top_container frm6 frm_first\">\r\n\t<label for=\"field_email2\" id=\"field_email2_label\" class=\"frm_primary_label\">E-Mail\r\n\t\t<span class=\"frm_required\" aria-hidden=\"true\">*<\/span>\r\n\t<\/label>\r\n\t<input type=\"email\" id=\"field_email2\" name=\"item_meta[34]\" value=\"\"  required=\"required\" title=\"Bitte dieses Feld ausf\u00fcllen\" autocomplete=\"email\"  data-reqmsg=\"Bitte geben Sie Ihre E-Mail Adresse ein.\" aria-required=\"true\" data-invmsg=\"Bitte geben Sie Ihre E-Mail Adresse ein.\" aria-invalid=\"false\"  \/>\r\n\t\r\n\t\r\n<\/div>\n<div id=\"frm_field_61_container\" class=\"frm_form_field form-field  frm_top_container frm6\">\r\n\t<label for=\"field_phone2\" id=\"field_phone2_label\" class=\"frm_primary_label\">Telefon\r\n\t\t<span class=\"frm_required\" aria-hidden=\"true\"><\/span>\r\n\t<\/label>\r\n\t<input  type=\"text\" id=\"field_phone2\" name=\"item_meta[61]\" value=\"\"  data-invmsg=\"Telefon ist ung\u00fcltig\" aria-invalid=\"false\"   \/>\r\n\t\r\n\t\r\n<\/div>\n<div id=\"frm_field_43_container\" class=\"frm_form_field form-field  frm_top_container frm3 frm_first\">\r\n\t<label for=\"field_street\" id=\"field_street_label\" class=\"frm_primary_label\">Stra\u00dfe und Hausnummer\r\n\t\t<span class=\"frm_required\" aria-hidden=\"true\"><\/span>\r\n\t<\/label>\r\n\t<input  type=\"text\" id=\"field_street\" name=\"item_meta[43]\" value=\"\"  data-invmsg=\"Stra\u00dfe und Hausnummer ist ung\u00fcltig\" aria-invalid=\"false\"   \/>\r\n\t\r\n\t\r\n<\/div>\n<div id=\"frm_field_42_container\" class=\"frm_form_field form-field  frm_required_field frm_top_container frm3\">\r\n\t<label for=\"field_zip\" id=\"field_zip_label\" class=\"frm_primary_label\">PLZ\r\n\t\t<span class=\"frm_required\" aria-hidden=\"true\">*<\/span>\r\n\t<\/label>\r\n\t<input  type=\"text\" id=\"field_zip\" name=\"item_meta[42]\" value=\"\"  required=\"required\" title=\"Bitte dieses Feld ausf\u00fcllen\" data-reqmsg=\"Bitte geben Sie Ihren Wohnort mit Postleitzahl ein.\" aria-required=\"true\" data-invmsg=\"PLZ ist ung\u00fcltig\" aria-invalid=\"false\"   \/>\r\n\t\r\n\t\r\n<\/div>\n<div id=\"frm_field_60_container\" class=\"frm_form_field form-field  frm_required_field frm_top_container frm3\">\r\n\t<label for=\"field_city\" id=\"field_city_label\" class=\"frm_primary_label\">Ort\r\n\t\t<span class=\"frm_required\" aria-hidden=\"true\">*<\/span>\r\n\t<\/label>\r\n\t<input  type=\"text\" id=\"field_city\" name=\"item_meta[60]\" value=\"\"  required=\"required\" title=\"Bitte dieses Feld ausf\u00fcllen\" data-reqmsg=\"Bitte geben Sie Ihren Wohnort mit Postleitzahl ein.\" aria-required=\"true\" data-invmsg=\"Ort ist ung\u00fcltig\" aria-invalid=\"false\"   \/>\r\n\t\r\n\t\r\n<\/div>\n<div id=\"frm_field_44_container\" class=\"frm_form_field form-field  frm_top_container frm3\">\r\n\t<label for=\"field_set27\" id=\"field_set27_label\" class=\"frm_primary_label\">Land\r\n\t\t<span class=\"frm_required\" aria-hidden=\"true\"><\/span>\r\n\t<\/label>\r\n\t<input  type=\"text\" id=\"field_set27\" name=\"item_meta[44]\" value=\"\"  data-invmsg=\"Land ist ung\u00fcltig\" aria-invalid=\"false\"   \/>\r\n\t\r\n\t\r\n<\/div>\n<div id=\"frm_field_62_container\" class=\"frm_form_field form-field  frm_top_container vertical_radio\">\r\n\t<div  id=\"field_nlbox3_label\" class=\"frm_primary_label\">\r\n\t\t<span class=\"frm_required\" aria-hidden=\"true\"><\/span>\r\n\t<\/div>\r\n\t<div class=\"frm_opt_container\" aria-labelledby=\"field_nlbox3_label\" role=\"group\">\t\t<div class=\"frm_checkbox\" id=\"frm_checkbox_62-0\">\t\t\t<label  for=\"field_nlbox3-0\">\n\t\t\t<input type=\"checkbox\" name=\"item_meta[62][]\" id=\"field_nlbox3-0\" value=\"Ich m\u00f6chte den Eye of the Wind Newsletter kostenlos per E-Mail erhalten.\"  data-invmsg=\"This field ist ung\u00fcltig\"   \/> Ich m\u00f6chte den Eye of the Wind Newsletter kostenlos per E-Mail erhalten.<\/label><\/div>\n<\/div>\r\n\t\r\n\t\r\n<\/div>\n\t\t<input  type=\"hidden\" name=\"item_meta[79]\" id=\"field_subscription4\" value=\"Eye_Newsletter\"  data-frmval=\"Eye_Newsletter\"   \/>\n\t\t\t\t<input  type=\"hidden\" name=\"item_meta[80]\" id=\"field_redirectsuccess23\" value=\"\/danke-fuer-ihre-teilnahme-am-gewinnspiel\/\"  data-frmval=\"\/danke-fuer-ihre-teilnahme-am-gewinnspiel\/\"   \/>\n\t\t<div id=\"frm_field_37_container\" class=\"frm_form_field form-field \">\r\n\t<div class=\"frm_submit frm_flex\">\r\n<button class=\"frm_button_submit frm_final_submit\" type=\"submit\"   formnovalidate=\"formnovalidate\">SENDEN<\/button>\r\n\r\n\r\n\r\n<\/div>\r\n<\/div>\n\t<input type=\"hidden\" name=\"item_key\" value=\"\" \/>\n\t\t\t<div id=\"frm_field_198_container\">\n\t\t\t<label for=\"field_k2lm8\" >\n\t\t\t\tIf you are human, leave this field blank.\t\t\t<\/label>\n\t\t\t<input  id=\"field_k2lm8\" type=\"text\" class=\"frm_form_field form-field frm_verify\" name=\"item_meta[198]\" value=\"\"  \/>\n\t\t<\/div>\n\t\t<input name=\"frm_state\" type=\"hidden\" value=\"nkfP8U1wswIeyr\/86vLg09yUwGpTmyBQRj+7h98PZuNuCi91vo0B8aI8+0tJx1Gi\" \/><\/div>\n<\/fieldset>\n<\/div>\n\n<\/form>\n<\/div>\n\n\n\n<p class=\"has-text-align-center\">Wir erheben Ihre Daten gem\u00e4\u00df Art. 6 Abs. 1 Buchst. b) und f) DSGVO <br>zur ordnungsgem\u00e4\u00dfen Abwicklung unserer Gesch\u00e4ftsvorg\u00e4nge sowie zur Mitteilung von Produktinformationen. <br>Weitere Informationen finden Sie in unserer <a href=\"\/datenschutz\/\">Datenschutzerkl\u00e4rung<\/a>.<\/p>\n\n<\/div>\n<\/div>","protected":false},"excerpt":{"rendered":"<p>Gewinnspielteilnahme Wir verlosen monatlich eine Reise auf der Eye of the Wind. Die Gewinner werden von uns schriftlich benachrichtigt. Unsere Teilnahmebedingungen finden Sie hier. Ja, ich m\u00f6chte einen Segelt\u00f6rn auf der Eye of the Wind gewinnen: Wir erheben Ihre Daten gem\u00e4\u00df Art. 6 Abs. 1 Buchst. b) und f) DSGVO zur ordnungsgem\u00e4\u00dfen Abwicklung unserer Gesch\u00e4ftsvorg\u00e4nge [&hellip;]<\/p>\n","protected":false},"author":1,"featured_media":1928,"parent":651,"menu_order":0,"comment_status":"closed","ping_status":"closed","template":"","meta":{"_acf_changed":false,"_vp_format_video_url":"","_vp_image_focal_point":[],"footnotes":""},"class_list":["post-673","page","type-page","status-publish","has-post-thumbnail","hentry"],"blocksy_meta":[],"acf":[],"yoast_head":"<!-- This site is optimized with the Yoast SEO plugin v27.3 - https:\/\/yoast.com\/product\/yoast-seo-wordpress\/ -->\n<title>Gewinnspiel - Segelschiff Charter &amp; Reisen - Eye of the Wind<\/title>\n<meta name=\"robots\" content=\"index, follow, max-snippet:-1, max-image-preview:large, max-video-preview:-1\" \/>\n<link rel=\"canonical\" href=\"https:\/\/eyeofthewind.net\/en\/service\/competition\/\" \/>\n<meta property=\"og:locale\" content=\"en_GB\" \/>\n<meta property=\"og:type\" content=\"article\" \/>\n<meta property=\"og:title\" content=\"Gewinnspiel - Segelschiff Charter &amp; Reisen - Eye of the Wind\" \/>\n<meta property=\"og:description\" content=\"Gewinnspielteilnahme Wir verlosen monatlich eine Reise auf der Eye of the Wind. Die Gewinner werden von uns schriftlich benachrichtigt. Unsere Teilnahmebedingungen finden Sie hier. Ja, ich m\u00f6chte einen Segelt\u00f6rn auf der Eye of the Wind gewinnen: Wir erheben Ihre Daten gem\u00e4\u00df Art. 6 Abs. 1 Buchst. b) und f) DSGVO zur ordnungsgem\u00e4\u00dfen Abwicklung unserer Gesch\u00e4ftsvorg\u00e4nge [&hellip;]\" \/>\n<meta property=\"og:url\" content=\"https:\/\/eyeofthewind.net\/en\/service\/competition\/\" \/>\n<meta property=\"og:site_name\" content=\"Segelschiff Charter &amp; Reisen - Eye of the Wind\" \/>\n<meta property=\"article:modified_time\" content=\"2025-07-10T08:57:14+00:00\" \/>\n<meta property=\"og:image\" content=\"https:\/\/eyeofthewind.net\/wp-content\/uploads\/2025\/03\/DSC08624-b.jpg\" \/>\n\t<meta property=\"og:image:width\" content=\"850\" \/>\n\t<meta property=\"og:image:height\" content=\"1176\" \/>\n\t<meta property=\"og:image:type\" content=\"image\/jpeg\" \/>\n<meta name=\"twitter:card\" content=\"summary_large_image\" \/>\n<meta name=\"twitter:label1\" content=\"Estimated reading time\" \/>\n\t<meta name=\"twitter:data1\" content=\"1 minute\" \/>\n<script type=\"application\/ld+json\" class=\"yoast-schema-graph\">{\"@context\":\"https:\\\/\\\/schema.org\",\"@graph\":[{\"@type\":\"WebPage\",\"@id\":\"https:\\\/\\\/eyeofthewind.net\\\/en\\\/service\\\/competition\\\/\",\"url\":\"https:\\\/\\\/eyeofthewind.net\\\/en\\\/service\\\/competition\\\/\",\"name\":\"Gewinnspiel - Segelschiff Charter &amp; Reisen - Eye of the Wind\",\"isPartOf\":{\"@id\":\"https:\\\/\\\/eyeofthewind.net\\\/#website\"},\"primaryImageOfPage\":{\"@id\":\"https:\\\/\\\/eyeofthewind.net\\\/en\\\/service\\\/competition\\\/#primaryimage\"},\"image\":{\"@id\":\"https:\\\/\\\/eyeofthewind.net\\\/en\\\/service\\\/competition\\\/#primaryimage\"},\"thumbnailUrl\":\"https:\\\/\\\/eyeofthewind.net\\\/wp-content\\\/uploads\\\/2025\\\/03\\\/DSC08624-b.jpg\",\"datePublished\":\"2024-11-22T13:18:33+00:00\",\"dateModified\":\"2025-07-10T08:57:14+00:00\",\"breadcrumb\":{\"@id\":\"https:\\\/\\\/eyeofthewind.net\\\/en\\\/service\\\/competition\\\/#breadcrumb\"},\"inLanguage\":\"en-GB\",\"potentialAction\":[{\"@type\":\"ReadAction\",\"target\":[\"https:\\\/\\\/eyeofthewind.net\\\/en\\\/service\\\/competition\\\/\"]}]},{\"@type\":\"ImageObject\",\"inLanguage\":\"en-GB\",\"@id\":\"https:\\\/\\\/eyeofthewind.net\\\/en\\\/service\\\/competition\\\/#primaryimage\",\"url\":\"https:\\\/\\\/eyeofthewind.net\\\/wp-content\\\/uploads\\\/2025\\\/03\\\/DSC08624-b.jpg\",\"contentUrl\":\"https:\\\/\\\/eyeofthewind.net\\\/wp-content\\\/uploads\\\/2025\\\/03\\\/DSC08624-b.jpg\",\"width\":850,\"height\":1176,\"caption\":\"Teilnahmebedingungen Gewinnspiel freude beim segeln\"},{\"@type\":\"BreadcrumbList\",\"@id\":\"https:\\\/\\\/eyeofthewind.net\\\/en\\\/service\\\/competition\\\/#breadcrumb\",\"itemListElement\":[{\"@type\":\"ListItem\",\"position\":1,\"name\":\"Startseite\",\"item\":\"https:\\\/\\\/eyeofthewind.net\\\/\"},{\"@type\":\"ListItem\",\"position\":2,\"name\":\"Service\",\"item\":\"https:\\\/\\\/eyeofthewind.net\\\/service\\\/\"},{\"@type\":\"ListItem\",\"position\":3,\"name\":\"Gewinnspiel\"}]},{\"@type\":\"WebSite\",\"@id\":\"https:\\\/\\\/eyeofthewind.net\\\/#website\",\"url\":\"https:\\\/\\\/eyeofthewind.net\\\/\",\"name\":\"Segelschiff Charter &amp; Reisen - Eye of the Wind\",\"description\":\"Segelurlaub mit der Eye of the Wind: Segelt\u00f6rns zwischen Ostsee, Kanaren und Karibik. Jeder kann mitsegeln! Mehr zu Ihrer Segelreise.\",\"publisher\":{\"@id\":\"https:\\\/\\\/eyeofthewind.net\\\/#organization\"},\"potentialAction\":[{\"@type\":\"SearchAction\",\"target\":{\"@type\":\"EntryPoint\",\"urlTemplate\":\"https:\\\/\\\/eyeofthewind.net\\\/?s={search_term_string}\"},\"query-input\":{\"@type\":\"PropertyValueSpecification\",\"valueRequired\":true,\"valueName\":\"search_term_string\"}}],\"inLanguage\":\"en-GB\"},{\"@type\":\"Organization\",\"@id\":\"https:\\\/\\\/eyeofthewind.net\\\/#organization\",\"name\":\"Segelschiff Charter &amp; Reisen - Eye of the Wind\",\"url\":\"https:\\\/\\\/eyeofthewind.net\\\/\",\"logo\":{\"@type\":\"ImageObject\",\"inLanguage\":\"en-GB\",\"@id\":\"https:\\\/\\\/eyeofthewind.net\\\/#\\\/schema\\\/logo\\\/image\\\/\",\"url\":\"https:\\\/\\\/eyeofthewind.net\\\/wp-content\\\/uploads\\\/2024\\\/10\\\/L_Eye_weiss.svg\",\"contentUrl\":\"https:\\\/\\\/eyeofthewind.net\\\/wp-content\\\/uploads\\\/2024\\\/10\\\/L_Eye_weiss.svg\",\"width\":202,\"height\":123,\"caption\":\"Segelschiff Charter &amp; Reisen - Eye of the Wind\"},\"image\":{\"@id\":\"https:\\\/\\\/eyeofthewind.net\\\/#\\\/schema\\\/logo\\\/image\\\/\"}}]}<\/script>\n<!-- \/ Yoast SEO plugin. -->","yoast_head_json":{"title":"Competition - Sailing ship charter &amp; travel - Eye of the Wind","robots":{"index":"index","follow":"follow","max-snippet":"max-snippet:-1","max-image-preview":"max-image-preview:large","max-video-preview":"max-video-preview:-1"},"canonical":"https:\/\/eyeofthewind.net\/en\/service\/competition\/","og_locale":"en_GB","og_type":"article","og_title":"Gewinnspiel - Segelschiff Charter &amp; Reisen - Eye of the Wind","og_description":"Gewinnspielteilnahme Wir verlosen monatlich eine Reise auf der Eye of the Wind. Die Gewinner werden von uns schriftlich benachrichtigt. Unsere Teilnahmebedingungen finden Sie hier. Ja, ich m\u00f6chte einen Segelt\u00f6rn auf der Eye of the Wind gewinnen: Wir erheben Ihre Daten gem\u00e4\u00df Art. 6 Abs. 1 Buchst. b) und f) DSGVO zur ordnungsgem\u00e4\u00dfen Abwicklung unserer Gesch\u00e4ftsvorg\u00e4nge [&hellip;]","og_url":"https:\/\/eyeofthewind.net\/en\/service\/competition\/","og_site_name":"Segelschiff Charter &amp; Reisen - Eye of the Wind","article_modified_time":"2025-07-10T08:57:14+00:00","og_image":[{"width":850,"height":1176,"url":"https:\/\/eyeofthewind.net\/wp-content\/uploads\/2025\/03\/DSC08624-b.jpg","type":"image\/jpeg"}],"twitter_card":"summary_large_image","twitter_misc":{"Estimated reading time":"1 minute"},"schema":{"@context":"https:\/\/schema.org","@graph":[{"@type":"WebPage","@id":"https:\/\/eyeofthewind.net\/en\/service\/competition\/","url":"https:\/\/eyeofthewind.net\/en\/service\/competition\/","name":"Competition - Sailing ship charter &amp; travel - Eye of the Wind","isPartOf":{"@id":"https:\/\/eyeofthewind.net\/#website"},"primaryImageOfPage":{"@id":"https:\/\/eyeofthewind.net\/en\/service\/competition\/#primaryimage"},"image":{"@id":"https:\/\/eyeofthewind.net\/en\/service\/competition\/#primaryimage"},"thumbnailUrl":"https:\/\/eyeofthewind.net\/wp-content\/uploads\/2025\/03\/DSC08624-b.jpg","datePublished":"2024-11-22T13:18:33+00:00","dateModified":"2025-07-10T08:57:14+00:00","breadcrumb":{"@id":"https:\/\/eyeofthewind.net\/en\/service\/competition\/#breadcrumb"},"inLanguage":"en-GB","potentialAction":[{"@type":"ReadAction","target":["https:\/\/eyeofthewind.net\/en\/service\/competition\/"]}]},{"@type":"ImageObject","inLanguage":"en-GB","@id":"https:\/\/eyeofthewind.net\/en\/service\/competition\/#primaryimage","url":"https:\/\/eyeofthewind.net\/wp-content\/uploads\/2025\/03\/DSC08624-b.jpg","contentUrl":"https:\/\/eyeofthewind.net\/wp-content\/uploads\/2025\/03\/DSC08624-b.jpg","width":850,"height":1176,"caption":"Teilnahmebedingungen Gewinnspiel freude beim segeln"},{"@type":"BreadcrumbList","@id":"https:\/\/eyeofthewind.net\/en\/service\/competition\/#breadcrumb","itemListElement":[{"@type":"ListItem","position":1,"name":"Startseite","item":"https:\/\/eyeofthewind.net\/"},{"@type":"ListItem","position":2,"name":"Service","item":"https:\/\/eyeofthewind.net\/service\/"},{"@type":"ListItem","position":3,"name":"Gewinnspiel"}]},{"@type":"WebSite","@id":"https:\/\/eyeofthewind.net\/#website","url":"https:\/\/eyeofthewind.net\/","name":"Sailing Ship Charter &amp; Travelling - Eye of the Wind","description":"Sailing holidays with the Eye of the Wind: sailing trips between the Baltic Sea, Canary Islands and Caribbean. Anyone can sail with us! More about your sailing holiday.","publisher":{"@id":"https:\/\/eyeofthewind.net\/#organization"},"potentialAction":[{"@type":"SearchAction","target":{"@type":"EntryPoint","urlTemplate":"https:\/\/eyeofthewind.net\/?s={search_term_string}"},"query-input":{"@type":"PropertyValueSpecification","valueRequired":true,"valueName":"search_term_string"}}],"inLanguage":"en-GB"},{"@type":"Organization","@id":"https:\/\/eyeofthewind.net\/#organization","name":"Sailing Ship Charter &amp; Travelling - Eye of the Wind","url":"https:\/\/eyeofthewind.net\/","logo":{"@type":"ImageObject","inLanguage":"en-GB","@id":"https:\/\/eyeofthewind.net\/#\/schema\/logo\/image\/","url":"https:\/\/eyeofthewind.net\/wp-content\/uploads\/2024\/10\/L_Eye_weiss.svg","contentUrl":"https:\/\/eyeofthewind.net\/wp-content\/uploads\/2024\/10\/L_Eye_weiss.svg","width":202,"height":123,"caption":"Segelschiff Charter &amp; Reisen - Eye of the Wind"},"image":{"@id":"https:\/\/eyeofthewind.net\/#\/schema\/logo\/image\/"}}]}},"_links":{"self":[{"href":"https:\/\/eyeofthewind.net\/en\/wp-json\/wp\/v2\/pages\/673","targetHints":{"allow":["GET"]}}],"collection":[{"href":"https:\/\/eyeofthewind.net\/en\/wp-json\/wp\/v2\/pages"}],"about":[{"href":"https:\/\/eyeofthewind.net\/en\/wp-json\/wp\/v2\/types\/page"}],"author":[{"embeddable":true,"href":"https:\/\/eyeofthewind.net\/en\/wp-json\/wp\/v2\/users\/1"}],"replies":[{"embeddable":true,"href":"https:\/\/eyeofthewind.net\/en\/wp-json\/wp\/v2\/comments?post=673"}],"version-history":[{"count":7,"href":"https:\/\/eyeofthewind.net\/en\/wp-json\/wp\/v2\/pages\/673\/revisions"}],"predecessor-version":[{"id":3452,"href":"https:\/\/eyeofthewind.net\/en\/wp-json\/wp\/v2\/pages\/673\/revisions\/3452"}],"up":[{"embeddable":true,"href":"https:\/\/eyeofthewind.net\/en\/wp-json\/wp\/v2\/pages\/651"}],"wp:featuredmedia":[{"embeddable":true,"href":"https:\/\/eyeofthewind.net\/en\/wp-json\/wp\/v2\/media\/1928"}],"wp:attachment":[{"href":"https:\/\/eyeofthewind.net\/en\/wp-json\/wp\/v2\/media?parent=673"}],"curies":[{"name":"wp","href":"https:\/\/api.w.org\/{rel}","templated":true}]}}