{"id":679,"date":"2024-11-22T14:21:11","date_gmt":"2024-11-22T13:21:11","guid":{"rendered":"https:\/\/eyeofthewind.net\/?page_id=679"},"modified":"2026-03-25T09:37:25","modified_gmt":"2026-03-25T08:37:25","slug":"partner","status":"publish","type":"page","link":"https:\/\/eyeofthewind.net\/en\/service\/partner\/","title":{"rendered":"Partner"},"content":{"rendered":"<div class=\"gb-container gb-container-719fcc08 fadein alignfull\">\n<div class=\"gb-container gb-container-dd1b6351\">\n\n<h2 class=\"gb-headline gb-headline-ff8b0162 gb-headline-text\">Portrait and products<\/h2>\n\n\n<div class=\"gb-container gb-container-3ee15d79\">\n<div class=\"gb-grid-wrapper gb-grid-wrapper-76b6c91d\">\n<div class=\"gb-grid-column gb-grid-column-a3bef8d9\"><div class=\"gb-container gb-container-a3bef8d9\">\n\n<figure class=\"gb-block-image gb-block-image-cc1767f1\"><img loading=\"lazy\" decoding=\"async\" width=\"516\" height=\"504\" class=\"gb-image gb-image-cc1767f1\" src=\"https:\/\/eyeofthewind.net\/wp-content\/uploads\/2025\/12\/forum-slogan.jpg\" alt=\"\" title=\"forum slogan\" srcset=\"https:\/\/eyeofthewind.net\/wp-content\/uploads\/2025\/12\/forum-slogan.jpg 516w, https:\/\/eyeofthewind.net\/wp-content\/uploads\/2025\/12\/forum-slogan-300x293.jpg 300w, https:\/\/eyeofthewind.net\/wp-content\/uploads\/2025\/12\/forum-slogan-12x12.jpg 12w, https:\/\/eyeofthewind.net\/wp-content\/uploads\/2025\/12\/forum-slogan-500x488.jpg 500w\" sizes=\"auto, (max-width: 516px) 100vw, 516px\" \/><\/figure>\n\n<\/div><\/div>\n\n<div class=\"gb-grid-column gb-grid-column-8bac874e\"><div class=\"gb-container gb-container-8bac874e\">\n\n<figure class=\"gb-block-image gb-block-image-32701e1e\"><img loading=\"lazy\" decoding=\"async\" width=\"986\" height=\"1111\" class=\"gb-image gb-image-32701e1e\" src=\"https:\/\/eyeofthewind.net\/wp-content\/uploads\/2024\/11\/010_fzus_logo.jpg\" alt=\"\" title=\"FZUS_Logo_A.4\" srcset=\"https:\/\/eyeofthewind.net\/wp-content\/uploads\/2024\/11\/010_fzus_logo.jpg 986w, https:\/\/eyeofthewind.net\/wp-content\/uploads\/2024\/11\/010_fzus_logo-500x563.jpg 500w, https:\/\/eyeofthewind.net\/wp-content\/uploads\/2024\/11\/010_fzus_logo-266x300.jpg 266w, https:\/\/eyeofthewind.net\/wp-content\/uploads\/2024\/11\/010_fzus_logo-909x1024.jpg 909w, https:\/\/eyeofthewind.net\/wp-content\/uploads\/2024\/11\/010_fzus_logo-768x865.jpg 768w, https:\/\/eyeofthewind.net\/wp-content\/uploads\/2024\/11\/010_fzus_logo-11x12.jpg 11w\" sizes=\"auto, (max-width: 986px) 100vw, 986px\" \/><\/figure>\n\n<\/div><\/div>\n<\/div>\n<\/div>\n\n\n<p class=\"has-text-align-left\">FORUM train &amp; sail GmbH is a subsidiary of the&nbsp;<a href=\"http:\/\/www.forum-media.com\/de\/\" target=\"_blank\" rel=\"noreferrer noopener\">FORUM MEDIA GROUP<\/a>a global publishing holding company that produces publications for specialist audiences and private consumers.<\/p>\n\n\n\n<p>The&nbsp;<a href=\"http:\/\/www.forum-verlag.com\/\" target=\"_blank\" rel=\"noreferrer noopener\">FORUM Verlag Herkert GmbH<\/a>&nbsp;provides information and solutions for the areas of public administration, education, construction, foreign trade &amp; logistics, human resources &amp; personnel management, technology &amp; security and corporate management.<\/p>\n\n\n\n<p class=\"has-text-align-left\">The&nbsp;<a href=\"http:\/\/www.forum-zeitschriften.de\/\" target=\"_blank\" rel=\"noreferrer noopener\">FORUM Zeitschriften und Spezialmedien GmbH<\/a>&nbsp;publishes magazines with suitable additional products for specialised niche markets.<\/p>\n\n<\/div>\n\n<div class=\"gb-container gb-container-49b9b143\">\n\n<h2 class=\"gb-headline gb-headline-b623740e gb-headline-text\"><br><br>Travel agencies<\/h2>\n\n\n\n<figure class=\"gb-block-image gb-block-image-61fad98d\"><img loading=\"lazy\" decoding=\"async\" width=\"562\" height=\"375\" class=\"gb-image gb-image-61fad98d\" src=\"https:\/\/eyeofthewind.net\/wp-content\/uploads\/2026\/03\/service_partner.jpg\" alt=\"\" title=\"service partner\" srcset=\"https:\/\/eyeofthewind.net\/wp-content\/uploads\/2026\/03\/service_partner.jpg 562w, https:\/\/eyeofthewind.net\/wp-content\/uploads\/2026\/03\/service_partner-300x200.jpg 300w, https:\/\/eyeofthewind.net\/wp-content\/uploads\/2026\/03\/service_partner-18x12.jpg 18w, https:\/\/eyeofthewind.net\/wp-content\/uploads\/2026\/03\/service_partner-500x334.jpg 500w\" sizes=\"auto, (max-width: 562px) 100vw, 562px\" \/><\/figure>\n\n\n\n<p class=\"has-text-align-left\">FORUM train &amp; sail GmbH has been successfully collaborating with partner agencies on a national and international level for many years. We offer travel agencies and partners an attractive commission model, as well as a personal, committed, and reliable cooperation. <\/p>\n\n\n\n<p class=\"has-text-align-left translation-block\">Are you interested in working with us as a travel agency partner? \u2013 We look forward to <a href=\"\/en\/service\/contact\/\" target=\"_self\">hearing from you<\/a>.<\/p>\n\n<\/div>\n<\/div>\n\n<div class=\"gb-container gb-container-e146df80 fadein alignfull\">\n\n\n\n<\/div>","protected":false},"excerpt":{"rendered":"<p>Portrait und Produkte FORUM train &amp; sail GmbH ist eine Tochtergesellschaft der&nbsp;FORUM MEDIA GROUP, einer weltweit t\u00e4tigen Verlagsholding, die Publikationen f\u00fcr Fachpublikum und f\u00fcr private Endverbraucher herausgibt. Der&nbsp;FORUM Verlag Herkert GmbH&nbsp;liefert Informationen und L\u00f6sungen f\u00fcr die Bereiche \u00d6ffentliche Verwaltung, Bildungswesen, Bauwesen, Au\u00dfenwirtschaft &amp; Logistik, Personalwesen &amp; Mitarbeiterf\u00fchrung, Technik &amp; Sicherheit und Unternehmensf\u00fchrung. Die&nbsp;FORUM Zeitschriften und [&hellip;]<\/p>\n","protected":false},"author":1,"featured_media":2357,"parent":651,"menu_order":0,"comment_status":"closed","ping_status":"closed","template":"","meta":{"_acf_changed":false,"_vp_format_video_url":"","_vp_image_focal_point":[],"footnotes":""},"class_list":["post-679","page","type-page","status-publish","has-post-thumbnail","hentry"],"blocksy_meta":[],"acf":[],"yoast_head":"<!-- This site is optimized with the Yoast SEO plugin v27.3 - https:\/\/yoast.com\/product\/yoast-seo-wordpress\/ -->\n<title>Partner - Segelschiff Charter &amp; Reisen - Eye of the Wind<\/title>\n<meta name=\"robots\" content=\"index, follow, max-snippet:-1, max-image-preview:large, max-video-preview:-1\" \/>\n<link rel=\"canonical\" href=\"https:\/\/eyeofthewind.net\/en\/service\/partner\/\" \/>\n<meta property=\"og:locale\" content=\"en_GB\" \/>\n<meta property=\"og:type\" content=\"article\" \/>\n<meta property=\"og:title\" content=\"Partner - Segelschiff Charter &amp; Reisen - Eye of the Wind\" \/>\n<meta property=\"og:description\" content=\"Portrait und Produkte FORUM train &amp; sail GmbH ist eine Tochtergesellschaft der&nbsp;FORUM MEDIA GROUP, einer weltweit t\u00e4tigen Verlagsholding, die Publikationen f\u00fcr Fachpublikum und f\u00fcr private Endverbraucher herausgibt. Der&nbsp;FORUM Verlag Herkert GmbH&nbsp;liefert Informationen und L\u00f6sungen f\u00fcr die Bereiche \u00d6ffentliche Verwaltung, Bildungswesen, Bauwesen, Au\u00dfenwirtschaft &amp; Logistik, Personalwesen &amp; Mitarbeiterf\u00fchrung, Technik &amp; Sicherheit und Unternehmensf\u00fchrung. Die&nbsp;FORUM Zeitschriften und [&hellip;]\" \/>\n<meta property=\"og:url\" content=\"https:\/\/eyeofthewind.net\/en\/service\/partner\/\" \/>\n<meta property=\"og:site_name\" content=\"Segelschiff Charter &amp; Reisen - Eye of the Wind\" \/>\n<meta property=\"article:modified_time\" content=\"2026-03-25T08:37:25+00:00\" \/>\n<meta property=\"og:image\" content=\"https:\/\/eyeofthewind.net\/wp-content\/uploads\/2025\/04\/207_0763.jpg\" \/>\n\t<meta property=\"og:image:width\" content=\"640\" \/>\n\t<meta property=\"og:image:height\" content=\"427\" \/>\n\t<meta property=\"og:image:type\" content=\"image\/jpeg\" \/>\n<meta name=\"twitter:card\" content=\"summary_large_image\" \/>\n<meta name=\"twitter:label1\" content=\"Estimated reading time\" \/>\n\t<meta name=\"twitter:data1\" content=\"3 minutes\" \/>\n<script type=\"application\/ld+json\" class=\"yoast-schema-graph\">{\"@context\":\"https:\\\/\\\/schema.org\",\"@graph\":[{\"@type\":\"WebPage\",\"@id\":\"https:\\\/\\\/eyeofthewind.net\\\/service\\\/partner\\\/\",\"url\":\"https:\\\/\\\/eyeofthewind.net\\\/service\\\/partner\\\/\",\"name\":\"Partner - Segelschiff Charter &amp; Reisen - Eye of the Wind\",\"isPartOf\":{\"@id\":\"https:\\\/\\\/eyeofthewind.net\\\/#website\"},\"primaryImageOfPage\":{\"@id\":\"https:\\\/\\\/eyeofthewind.net\\\/service\\\/partner\\\/#primaryimage\"},\"image\":{\"@id\":\"https:\\\/\\\/eyeofthewind.net\\\/service\\\/partner\\\/#primaryimage\"},\"thumbnailUrl\":\"https:\\\/\\\/eyeofthewind.net\\\/wp-content\\\/uploads\\\/2025\\\/04\\\/207_0763.jpg\",\"datePublished\":\"2024-11-22T13:21:11+00:00\",\"dateModified\":\"2026-03-25T08:37:25+00:00\",\"breadcrumb\":{\"@id\":\"https:\\\/\\\/eyeofthewind.net\\\/service\\\/partner\\\/#breadcrumb\"},\"inLanguage\":\"en-GB\",\"potentialAction\":[{\"@type\":\"ReadAction\",\"target\":[\"https:\\\/\\\/eyeofthewind.net\\\/service\\\/partner\\\/\"]}]},{\"@type\":\"ImageObject\",\"inLanguage\":\"en-GB\",\"@id\":\"https:\\\/\\\/eyeofthewind.net\\\/service\\\/partner\\\/#primaryimage\",\"url\":\"https:\\\/\\\/eyeofthewind.net\\\/wp-content\\\/uploads\\\/2025\\\/04\\\/207_0763.jpg\",\"contentUrl\":\"https:\\\/\\\/eyeofthewind.net\\\/wp-content\\\/uploads\\\/2025\\\/04\\\/207_0763.jpg\",\"width\":640,\"height\":427},{\"@type\":\"BreadcrumbList\",\"@id\":\"https:\\\/\\\/eyeofthewind.net\\\/service\\\/partner\\\/#breadcrumb\",\"itemListElement\":[{\"@type\":\"ListItem\",\"position\":1,\"name\":\"Startseite\",\"item\":\"https:\\\/\\\/eyeofthewind.net\\\/\"},{\"@type\":\"ListItem\",\"position\":2,\"name\":\"Service\",\"item\":\"https:\\\/\\\/eyeofthewind.net\\\/service\\\/\"},{\"@type\":\"ListItem\",\"position\":3,\"name\":\"Partner\"}]},{\"@type\":\"WebSite\",\"@id\":\"https:\\\/\\\/eyeofthewind.net\\\/#website\",\"url\":\"https:\\\/\\\/eyeofthewind.net\\\/\",\"name\":\"Segelschiff Charter &amp; Reisen - Eye of the Wind\",\"description\":\"Segelurlaub mit der Eye of the Wind: Segelt\u00f6rns zwischen Ostsee, Kanaren und Karibik. Jeder kann mitsegeln! Mehr zu Ihrer Segelreise.\",\"publisher\":{\"@id\":\"https:\\\/\\\/eyeofthewind.net\\\/#organization\"},\"potentialAction\":[{\"@type\":\"SearchAction\",\"target\":{\"@type\":\"EntryPoint\",\"urlTemplate\":\"https:\\\/\\\/eyeofthewind.net\\\/?s={search_term_string}\"},\"query-input\":{\"@type\":\"PropertyValueSpecification\",\"valueRequired\":true,\"valueName\":\"search_term_string\"}}],\"inLanguage\":\"en-GB\"},{\"@type\":\"Organization\",\"@id\":\"https:\\\/\\\/eyeofthewind.net\\\/#organization\",\"name\":\"Segelschiff Charter &amp; Reisen - Eye of the Wind\",\"url\":\"https:\\\/\\\/eyeofthewind.net\\\/\",\"logo\":{\"@type\":\"ImageObject\",\"inLanguage\":\"en-GB\",\"@id\":\"https:\\\/\\\/eyeofthewind.net\\\/#\\\/schema\\\/logo\\\/image\\\/\",\"url\":\"https:\\\/\\\/eyeofthewind.net\\\/wp-content\\\/uploads\\\/2024\\\/10\\\/L_Eye_weiss.svg\",\"contentUrl\":\"https:\\\/\\\/eyeofthewind.net\\\/wp-content\\\/uploads\\\/2024\\\/10\\\/L_Eye_weiss.svg\",\"width\":202,\"height\":123,\"caption\":\"Segelschiff Charter &amp; Reisen - Eye of the Wind\"},\"image\":{\"@id\":\"https:\\\/\\\/eyeofthewind.net\\\/#\\\/schema\\\/logo\\\/image\\\/\"}}]}<\/script>\n<!-- \/ Yoast SEO plugin. -->","yoast_head_json":{"title":"Partner - Sailboat Charter &amp; Travel - Eye of the Wind","robots":{"index":"index","follow":"follow","max-snippet":"max-snippet:-1","max-image-preview":"max-image-preview:large","max-video-preview":"max-video-preview:-1"},"canonical":"https:\/\/eyeofthewind.net\/en\/service\/partner\/","og_locale":"en_GB","og_type":"article","og_title":"Partner - Segelschiff Charter &amp; Reisen - Eye of the Wind","og_description":"Portrait und Produkte FORUM train &amp; sail GmbH ist eine Tochtergesellschaft der&nbsp;FORUM MEDIA GROUP, einer weltweit t\u00e4tigen Verlagsholding, die Publikationen f\u00fcr Fachpublikum und f\u00fcr private Endverbraucher herausgibt. Der&nbsp;FORUM Verlag Herkert GmbH&nbsp;liefert Informationen und L\u00f6sungen f\u00fcr die Bereiche \u00d6ffentliche Verwaltung, Bildungswesen, Bauwesen, Au\u00dfenwirtschaft &amp; Logistik, Personalwesen &amp; Mitarbeiterf\u00fchrung, Technik &amp; Sicherheit und Unternehmensf\u00fchrung. Die&nbsp;FORUM Zeitschriften und [&hellip;]","og_url":"https:\/\/eyeofthewind.net\/en\/service\/partner\/","og_site_name":"Segelschiff Charter &amp; Reisen - Eye of the Wind","article_modified_time":"2026-03-25T08:37:25+00:00","og_image":[{"width":640,"height":427,"url":"https:\/\/eyeofthewind.net\/wp-content\/uploads\/2025\/04\/207_0763.jpg","type":"image\/jpeg"}],"twitter_card":"summary_large_image","twitter_misc":{"Estimated reading time":"3 minutes"},"schema":{"@context":"https:\/\/schema.org","@graph":[{"@type":"WebPage","@id":"https:\/\/eyeofthewind.net\/service\/partner\/","url":"https:\/\/eyeofthewind.net\/service\/partner\/","name":"Partner - Sailboat Charter &amp; Travel - Eye of the Wind","isPartOf":{"@id":"https:\/\/eyeofthewind.net\/#website"},"primaryImageOfPage":{"@id":"https:\/\/eyeofthewind.net\/service\/partner\/#primaryimage"},"image":{"@id":"https:\/\/eyeofthewind.net\/service\/partner\/#primaryimage"},"thumbnailUrl":"https:\/\/eyeofthewind.net\/wp-content\/uploads\/2025\/04\/207_0763.jpg","datePublished":"2024-11-22T13:21:11+00:00","dateModified":"2026-03-25T08:37:25+00:00","breadcrumb":{"@id":"https:\/\/eyeofthewind.net\/service\/partner\/#breadcrumb"},"inLanguage":"en-GB","potentialAction":[{"@type":"ReadAction","target":["https:\/\/eyeofthewind.net\/service\/partner\/"]}]},{"@type":"ImageObject","inLanguage":"en-GB","@id":"https:\/\/eyeofthewind.net\/service\/partner\/#primaryimage","url":"https:\/\/eyeofthewind.net\/wp-content\/uploads\/2025\/04\/207_0763.jpg","contentUrl":"https:\/\/eyeofthewind.net\/wp-content\/uploads\/2025\/04\/207_0763.jpg","width":640,"height":427},{"@type":"BreadcrumbList","@id":"https:\/\/eyeofthewind.net\/service\/partner\/#breadcrumb","itemListElement":[{"@type":"ListItem","position":1,"name":"Startseite","item":"https:\/\/eyeofthewind.net\/"},{"@type":"ListItem","position":2,"name":"Service","item":"https:\/\/eyeofthewind.net\/service\/"},{"@type":"ListItem","position":3,"name":"Partner"}]},{"@type":"WebSite","@id":"https:\/\/eyeofthewind.net\/#website","url":"https:\/\/eyeofthewind.net\/","name":"Sailing Ship Charter &amp; Travelling - Eye of the Wind","description":"Sailing holidays with the Eye of the Wind: sailing trips between the Baltic Sea, Canary Islands and Caribbean. Anyone can sail with us! More about your sailing holiday.","publisher":{"@id":"https:\/\/eyeofthewind.net\/#organization"},"potentialAction":[{"@type":"SearchAction","target":{"@type":"EntryPoint","urlTemplate":"https:\/\/eyeofthewind.net\/?s={search_term_string}"},"query-input":{"@type":"PropertyValueSpecification","valueRequired":true,"valueName":"search_term_string"}}],"inLanguage":"en-GB"},{"@type":"Organization","@id":"https:\/\/eyeofthewind.net\/#organization","name":"Sailing Ship Charter &amp; Travelling - Eye of the Wind","url":"https:\/\/eyeofthewind.net\/","logo":{"@type":"ImageObject","inLanguage":"en-GB","@id":"https:\/\/eyeofthewind.net\/#\/schema\/logo\/image\/","url":"https:\/\/eyeofthewind.net\/wp-content\/uploads\/2024\/10\/L_Eye_weiss.svg","contentUrl":"https:\/\/eyeofthewind.net\/wp-content\/uploads\/2024\/10\/L_Eye_weiss.svg","width":202,"height":123,"caption":"Segelschiff Charter &amp; Reisen - Eye of the Wind"},"image":{"@id":"https:\/\/eyeofthewind.net\/#\/schema\/logo\/image\/"}}]}},"_links":{"self":[{"href":"https:\/\/eyeofthewind.net\/en\/wp-json\/wp\/v2\/pages\/679","targetHints":{"allow":["GET"]}}],"collection":[{"href":"https:\/\/eyeofthewind.net\/en\/wp-json\/wp\/v2\/pages"}],"about":[{"href":"https:\/\/eyeofthewind.net\/en\/wp-json\/wp\/v2\/types\/page"}],"author":[{"embeddable":true,"href":"https:\/\/eyeofthewind.net\/en\/wp-json\/wp\/v2\/users\/1"}],"replies":[{"embeddable":true,"href":"https:\/\/eyeofthewind.net\/en\/wp-json\/wp\/v2\/comments?post=679"}],"version-history":[{"count":35,"href":"https:\/\/eyeofthewind.net\/en\/wp-json\/wp\/v2\/pages\/679\/revisions"}],"predecessor-version":[{"id":6268,"href":"https:\/\/eyeofthewind.net\/en\/wp-json\/wp\/v2\/pages\/679\/revisions\/6268"}],"up":[{"embeddable":true,"href":"https:\/\/eyeofthewind.net\/en\/wp-json\/wp\/v2\/pages\/651"}],"wp:featuredmedia":[{"embeddable":true,"href":"https:\/\/eyeofthewind.net\/en\/wp-json\/wp\/v2\/media\/2357"}],"wp:attachment":[{"href":"https:\/\/eyeofthewind.net\/en\/wp-json\/wp\/v2\/media?parent=679"}],"curies":[{"name":"wp","href":"https:\/\/api.w.org\/{rel}","templated":true}]}}