{"id":806,"date":"2024-11-27T14:42:32","date_gmt":"2024-11-27T13:42:32","guid":{"rendered":"https:\/\/eyeofthewind.net\/?page_id=806"},"modified":"2026-04-02T13:23:03","modified_gmt":"2026-04-02T11:23:03","slug":"404-sorry","status":"publish","type":"page","link":"https:\/\/eyeofthewind.net\/en\/404-sorry\/","title":{"rendered":"404 - Sorry"},"content":{"rendered":"<div class=\"gb-container gb-container-73abb8f6\">\n<div class=\"gb-container gb-container-3ff98c55 webo-ol\">\n\n<figure class=\"gb-block-image gb-block-image-348e9673\"><img decoding=\"async\" class=\"gb-image gb-image-348e9673\" src=\"https:\/\/eyeofthewind.net\/wp-content\/uploads\/2024\/10\/L_Eye_weiss.svg\" alt=\"\" title=\"L_Eye_white\"\/><\/figure>\n\n\n\n<h2 class=\"wp-block-heading has-text-align-center has-palette-color-8-color has-text-color has-link-color wp-elements-3f2a7f4d15ac4bf7fff17819c12c20e4\">Sorry, that shouldn't have happened.<\/h2>\n\n\n\n<p class=\"has-text-align-center\">You are off course.<br>On ships this is called a navigation error, on the Internet it is called: \"Error 404\"<\/p>\n\n\n\n<p class=\"has-text-align-center\">Reasons for this could be that you have called up an incorrect or outdated URL. <br>Or we have archived, moved or renamed the page in question.<\/p>\n\n\n\n<a class=\"gb-button gb-button-371ac15d gb-button-text webo-btn webo-internal-link\" href=\"\/en\/\">Back to the homepage<\/a>\n\n<\/div>\n<\/div>\n\n\n<p><\/p>","protected":false},"excerpt":{"rendered":"<p>Sorry, this should not have happened. On ships this is called a navigation error, on the Internet it is called: \"Error 404\" The reasons for this could be that you have called up an incorrect or outdated URL. Or we may have archived, moved or renamed the page in question.<\/p>","protected":false},"author":1,"featured_media":2033,"parent":0,"menu_order":0,"comment_status":"closed","ping_status":"closed","template":"","meta":{"_acf_changed":false,"_vp_format_video_url":"","_vp_image_focal_point":[],"footnotes":""},"class_list":["post-806","page","type-page","status-publish","has-post-thumbnail","hentry"],"blocksy_meta":{"has_hero_section":"disabled","vertical_spacing_source":"custom","content_area_spacing":"none","disable_header":"yes","disable_footer":"yes","background":{"background_type":"image","background_pattern":"type-1","background_image":{"attachment_id":2155,"x":0,"y":0,"url":"https:\/\/eyeofthewind.net\/wp-content\/uploads\/2025\/04\/404b-1280x647.jpg"},"gradient":"linear-gradient(135deg,rgba(6,147,227,1) 0%,rgb(155,81,224) 100%)","background_repeat":"no-repeat","background_size":"cover","background_attachment":"scroll","patternColor":{"default":{"color":"#e5e7ea"}},"overlayColor":{"default":{"color":"rgba(25, 42, 61, 0.24)"}},"backgroundColor":{"default":{"color":"rgba(25, 42, 61, 0.57)"}}},"styles_descriptor":{"styles":{"desktop":"[data-prefix=\"single_page\"] {background-position:0% 0%;background-size:cover;background-repeat:no-repeat;background-color:rgba(25, 42, 61, 0.57);background-image:linear-gradient(rgba(25, 42, 61, 0.24), rgba(25, 42, 61, 0.24)), url(https:\/\/eyeofthewind.net\/wp-content\/uploads\/2025\/04\/404b.jpg);}","tablet":"","mobile":""},"google_fonts":[],"version":6}},"acf":[],"yoast_head":"<!-- This site is optimized with the Yoast SEO plugin v27.3 - https:\/\/yoast.com\/product\/yoast-seo-wordpress\/ -->\n<title>404 - Sorry - Segelschiff Charter &amp; Reisen - Eye of the Wind<\/title>\n<meta name=\"robots\" content=\"noindex, nofollow\" \/>\n<meta property=\"og:locale\" content=\"en_GB\" \/>\n<meta property=\"og:type\" content=\"article\" \/>\n<meta property=\"og:title\" content=\"404 - Sorry - Segelschiff Charter &amp; Reisen - Eye of the Wind\" \/>\n<meta property=\"og:description\" content=\"Entschuldigung, das h\u00e4tte nicht passieren d\u00fcrfen. Sie sind vom Kurs abgekommen.Auf Schiffen nennt man das einen Navigationsfehler, im Internet hei\u00dft das: \u201eFehler 404\u201c Gr\u00fcnde daf\u00fcr k\u00f6nnten sein, dass Sie eine falsche oder veraltete URL aufgerufen haben. Oder aber wir haben die betreffende Seite archiviert, verschoben oder umbenannt.\" \/>\n<meta property=\"og:url\" content=\"https:\/\/eyeofthewind.net\/en\/404-sorry\/\" \/>\n<meta property=\"og:site_name\" content=\"Segelschiff Charter &amp; Reisen - Eye of the Wind\" \/>\n<meta property=\"article:modified_time\" content=\"2026-04-02T11:23:03+00:00\" \/>\n<meta property=\"og:image\" content=\"https:\/\/eyeofthewind.net\/wp-content\/uploads\/2025\/03\/404.jpg\" \/>\n\t<meta property=\"og:image:width\" content=\"1920\" \/>\n\t<meta property=\"og:image:height\" content=\"1080\" \/>\n\t<meta property=\"og:image:type\" content=\"image\/jpeg\" \/>\n<meta name=\"twitter:card\" content=\"summary_large_image\" \/>\n<meta name=\"twitter:label1\" content=\"Estimated reading time\" \/>\n\t<meta name=\"twitter:data1\" content=\"1 minute\" \/>\n<script type=\"application\/ld+json\" class=\"yoast-schema-graph\">{\"@context\":\"https:\\\/\\\/schema.org\",\"@graph\":[{\"@type\":\"WebPage\",\"@id\":\"https:\\\/\\\/eyeofthewind.net\\\/404-sorry\\\/\",\"url\":\"https:\\\/\\\/eyeofthewind.net\\\/404-sorry\\\/\",\"name\":\"404 - Sorry - Segelschiff Charter &amp; Reisen - Eye of the Wind\",\"isPartOf\":{\"@id\":\"https:\\\/\\\/eyeofthewind.net\\\/#website\"},\"primaryImageOfPage\":{\"@id\":\"https:\\\/\\\/eyeofthewind.net\\\/404-sorry\\\/#primaryimage\"},\"image\":{\"@id\":\"https:\\\/\\\/eyeofthewind.net\\\/404-sorry\\\/#primaryimage\"},\"thumbnailUrl\":\"https:\\\/\\\/eyeofthewind.net\\\/wp-content\\\/uploads\\\/2025\\\/03\\\/404.jpg\",\"datePublished\":\"2024-11-27T13:42:32+00:00\",\"dateModified\":\"2026-04-02T11:23:03+00:00\",\"breadcrumb\":{\"@id\":\"https:\\\/\\\/eyeofthewind.net\\\/404-sorry\\\/#breadcrumb\"},\"inLanguage\":\"en-GB\",\"potentialAction\":[{\"@type\":\"ReadAction\",\"target\":[\"https:\\\/\\\/eyeofthewind.net\\\/404-sorry\\\/\"]}]},{\"@type\":\"ImageObject\",\"inLanguage\":\"en-GB\",\"@id\":\"https:\\\/\\\/eyeofthewind.net\\\/404-sorry\\\/#primaryimage\",\"url\":\"https:\\\/\\\/eyeofthewind.net\\\/wp-content\\\/uploads\\\/2025\\\/03\\\/404.jpg\",\"contentUrl\":\"https:\\\/\\\/eyeofthewind.net\\\/wp-content\\\/uploads\\\/2025\\\/03\\\/404.jpg\",\"width\":1920,\"height\":1080,\"caption\":\"Segelschiff und steuerbord fahrwassertonne\"},{\"@type\":\"BreadcrumbList\",\"@id\":\"https:\\\/\\\/eyeofthewind.net\\\/404-sorry\\\/#breadcrumb\",\"itemListElement\":[{\"@type\":\"ListItem\",\"position\":1,\"name\":\"Startseite\",\"item\":\"https:\\\/\\\/eyeofthewind.net\\\/\"},{\"@type\":\"ListItem\",\"position\":2,\"name\":\"404 &#8211; Sorry\"}]},{\"@type\":\"WebSite\",\"@id\":\"https:\\\/\\\/eyeofthewind.net\\\/#website\",\"url\":\"https:\\\/\\\/eyeofthewind.net\\\/\",\"name\":\"Segelschiff Charter &amp; Reisen - Eye of the Wind\",\"description\":\"Segelurlaub mit der Eye of the Wind: Segelt\u00f6rns zwischen Ostsee, Kanaren und Karibik. Jeder kann mitsegeln! Mehr zu Ihrer Segelreise.\",\"publisher\":{\"@id\":\"https:\\\/\\\/eyeofthewind.net\\\/#organization\"},\"potentialAction\":[{\"@type\":\"SearchAction\",\"target\":{\"@type\":\"EntryPoint\",\"urlTemplate\":\"https:\\\/\\\/eyeofthewind.net\\\/?s={search_term_string}\"},\"query-input\":{\"@type\":\"PropertyValueSpecification\",\"valueRequired\":true,\"valueName\":\"search_term_string\"}}],\"inLanguage\":\"en-GB\"},{\"@type\":\"Organization\",\"@id\":\"https:\\\/\\\/eyeofthewind.net\\\/#organization\",\"name\":\"Segelschiff Charter &amp; Reisen - Eye of the Wind\",\"url\":\"https:\\\/\\\/eyeofthewind.net\\\/\",\"logo\":{\"@type\":\"ImageObject\",\"inLanguage\":\"en-GB\",\"@id\":\"https:\\\/\\\/eyeofthewind.net\\\/#\\\/schema\\\/logo\\\/image\\\/\",\"url\":\"https:\\\/\\\/eyeofthewind.net\\\/wp-content\\\/uploads\\\/2024\\\/10\\\/L_Eye_weiss.svg\",\"contentUrl\":\"https:\\\/\\\/eyeofthewind.net\\\/wp-content\\\/uploads\\\/2024\\\/10\\\/L_Eye_weiss.svg\",\"width\":202,\"height\":123,\"caption\":\"Segelschiff Charter &amp; Reisen - Eye of the Wind\"},\"image\":{\"@id\":\"https:\\\/\\\/eyeofthewind.net\\\/#\\\/schema\\\/logo\\\/image\\\/\"}}]}<\/script>\n<!-- \/ Yoast SEO plugin. -->","yoast_head_json":{"title":"404 - Sorry - Sailboat Charter &amp; Travel - Eye of the Wind","robots":{"index":"noindex","follow":"nofollow"},"og_locale":"en_GB","og_type":"article","og_title":"404 - Sorry - Segelschiff Charter &amp; Reisen - Eye of the Wind","og_description":"Entschuldigung, das h\u00e4tte nicht passieren d\u00fcrfen. Sie sind vom Kurs abgekommen.Auf Schiffen nennt man das einen Navigationsfehler, im Internet hei\u00dft das: \u201eFehler 404\u201c Gr\u00fcnde daf\u00fcr k\u00f6nnten sein, dass Sie eine falsche oder veraltete URL aufgerufen haben. Oder aber wir haben die betreffende Seite archiviert, verschoben oder umbenannt.","og_url":"https:\/\/eyeofthewind.net\/en\/404-sorry\/","og_site_name":"Segelschiff Charter &amp; Reisen - Eye of the Wind","article_modified_time":"2026-04-02T11:23:03+00:00","og_image":[{"width":1920,"height":1080,"url":"https:\/\/eyeofthewind.net\/wp-content\/uploads\/2025\/03\/404.jpg","type":"image\/jpeg"}],"twitter_card":"summary_large_image","twitter_misc":{"Estimated reading time":"1 minute"},"schema":{"@context":"https:\/\/schema.org","@graph":[{"@type":"WebPage","@id":"https:\/\/eyeofthewind.net\/404-sorry\/","url":"https:\/\/eyeofthewind.net\/404-sorry\/","name":"404 - Sorry - Sailboat Charter &amp; Travel - Eye of the Wind","isPartOf":{"@id":"https:\/\/eyeofthewind.net\/#website"},"primaryImageOfPage":{"@id":"https:\/\/eyeofthewind.net\/404-sorry\/#primaryimage"},"image":{"@id":"https:\/\/eyeofthewind.net\/404-sorry\/#primaryimage"},"thumbnailUrl":"https:\/\/eyeofthewind.net\/wp-content\/uploads\/2025\/03\/404.jpg","datePublished":"2024-11-27T13:42:32+00:00","dateModified":"2026-04-02T11:23:03+00:00","breadcrumb":{"@id":"https:\/\/eyeofthewind.net\/404-sorry\/#breadcrumb"},"inLanguage":"en-GB","potentialAction":[{"@type":"ReadAction","target":["https:\/\/eyeofthewind.net\/404-sorry\/"]}]},{"@type":"ImageObject","inLanguage":"en-GB","@id":"https:\/\/eyeofthewind.net\/404-sorry\/#primaryimage","url":"https:\/\/eyeofthewind.net\/wp-content\/uploads\/2025\/03\/404.jpg","contentUrl":"https:\/\/eyeofthewind.net\/wp-content\/uploads\/2025\/03\/404.jpg","width":1920,"height":1080,"caption":"Segelschiff und steuerbord fahrwassertonne"},{"@type":"BreadcrumbList","@id":"https:\/\/eyeofthewind.net\/404-sorry\/#breadcrumb","itemListElement":[{"@type":"ListItem","position":1,"name":"Startseite","item":"https:\/\/eyeofthewind.net\/"},{"@type":"ListItem","position":2,"name":"404 &#8211; Sorry"}]},{"@type":"WebSite","@id":"https:\/\/eyeofthewind.net\/#website","url":"https:\/\/eyeofthewind.net\/","name":"Sailing Ship Charter &amp; Travelling - Eye of the Wind","description":"Sailing holidays with the Eye of the Wind: sailing trips between the Baltic Sea, Canary Islands and Caribbean. Anyone can sail with us! More about your sailing holiday.","publisher":{"@id":"https:\/\/eyeofthewind.net\/#organization"},"potentialAction":[{"@type":"SearchAction","target":{"@type":"EntryPoint","urlTemplate":"https:\/\/eyeofthewind.net\/?s={search_term_string}"},"query-input":{"@type":"PropertyValueSpecification","valueRequired":true,"valueName":"search_term_string"}}],"inLanguage":"en-GB"},{"@type":"Organization","@id":"https:\/\/eyeofthewind.net\/#organization","name":"Sailing Ship Charter &amp; Travelling - Eye of the Wind","url":"https:\/\/eyeofthewind.net\/","logo":{"@type":"ImageObject","inLanguage":"en-GB","@id":"https:\/\/eyeofthewind.net\/#\/schema\/logo\/image\/","url":"https:\/\/eyeofthewind.net\/wp-content\/uploads\/2024\/10\/L_Eye_weiss.svg","contentUrl":"https:\/\/eyeofthewind.net\/wp-content\/uploads\/2024\/10\/L_Eye_weiss.svg","width":202,"height":123,"caption":"Segelschiff Charter &amp; Reisen - Eye of the Wind"},"image":{"@id":"https:\/\/eyeofthewind.net\/#\/schema\/logo\/image\/"}}]}},"_links":{"self":[{"href":"https:\/\/eyeofthewind.net\/en\/wp-json\/wp\/v2\/pages\/806","targetHints":{"allow":["GET"]}}],"collection":[{"href":"https:\/\/eyeofthewind.net\/en\/wp-json\/wp\/v2\/pages"}],"about":[{"href":"https:\/\/eyeofthewind.net\/en\/wp-json\/wp\/v2\/types\/page"}],"author":[{"embeddable":true,"href":"https:\/\/eyeofthewind.net\/en\/wp-json\/wp\/v2\/users\/1"}],"replies":[{"embeddable":true,"href":"https:\/\/eyeofthewind.net\/en\/wp-json\/wp\/v2\/comments?post=806"}],"version-history":[{"count":4,"href":"https:\/\/eyeofthewind.net\/en\/wp-json\/wp\/v2\/pages\/806\/revisions"}],"predecessor-version":[{"id":2034,"href":"https:\/\/eyeofthewind.net\/en\/wp-json\/wp\/v2\/pages\/806\/revisions\/2034"}],"wp:featuredmedia":[{"embeddable":true,"href":"https:\/\/eyeofthewind.net\/en\/wp-json\/wp\/v2\/media\/2033"}],"wp:attachment":[{"href":"https:\/\/eyeofthewind.net\/en\/wp-json\/wp\/v2\/media?parent=806"}],"curies":[{"name":"wp","href":"https:\/\/api.w.org\/{rel}","templated":true}]}}