{"id":1697,"date":"2025-02-20T15:26:46","date_gmt":"2025-02-20T14:26:46","guid":{"rendered":"https:\/\/eyeofthewind.net\/?post_type=product&#038;p=1697"},"modified":"2026-02-10T12:14:33","modified_gmt":"2026-02-10T11:14:33","slug":"with-magellan-and-captain-cook-on-the-command-bridge","status":"publish","type":"product","link":"https:\/\/eyeofthewind.net\/en\/produkt\/mit-magellan-und-captain-cook-auf-der-kommandobruecke\/","title":{"rendered":"Magellan und Captain Cook"},"content":{"rendered":"<p>Christa Maurer:<strong><br \/>\nMagellan und Captain Cook<br \/>\nWhat managers can learn from successful captains, in German language<\/strong><\/p>\n<p>Visions, goals and efficient leadership are not an invention of modern times. For thousands of years, the greats of history have known the secret of successful leadership and utilised it to achieve their goals.<\/p>\n<p>Packed into exciting seafaring stories, this book combines the valuable experiences of great captains such as Magellan, Cook and Shackleton with the practical methods of modern leadership. Missteps and direct hits in everyday leadership are described using gripping seafaring examples and illustrated with concrete situations. The serious consequences of frequent mistakes are brought to life. The leadership styles of the seafarers thus provide fresh impetus for today's leadership standards, which can be applied immediately.<\/p>\n<p>It is therefore not only experienced managers and future junior staff who benefit from the wealth of experience of the great captains. The book provides valuable food for thought that can also be applied to everyday life. It is therefore also worth reading for readers who are not at home in the business world or on the water.<\/p>\n<p><strong>Product details:<\/strong><br \/>\napprox. 200 pages<br \/>\ndimensions: 21.5 x 12.0 cm<br \/>\nISBN: 978-3-86586-241-9<\/p>\n<p><strong>Readers' opinions:<\/strong><\/p>\n<p>\"You feel like reading on after the first few pages, which is always very important for me. There is a very good transfer of learning \u2013 from the close \"forced community\" on a ship to the management situation in a company. It's exciting and easy to read at the same time. I was a sailor in the German Navy and therefore particularly appreciate the authentic portrayal of seafaring stories. I was immediately impressed by the book. We ordered 50 copies straight away and are passing them on to our employees and managers.\"<\/p>\n<p>R. Jung, Chairman of B\u00c4KO-S\u00fcd-West Genossenschaft eG<\/p>\n<p>\"Anyone who assumes that this book is exclusively about leadership is mistaken. The content goes even further, because in addition to the mechanisms of leadership, some basic knowledge about project management is also addressed.<br \/>\nIt makes sense to embed these two core topics in the world of shipping and research voyages. Nowhere else can leadership and project management, with all its facets that can lead to success or failure, be reflected more vividly than here.<br \/>\nIn addition, the choice of this setting provides an exciting dramaturgical approach, as the historical descriptions of great personalities draw the reader into the subject matter in a playful way. The leadership principles presented are described in a clear and well-structured way and linked to real history. In this respect, the book is a good source for acquiring (or refreshing) leadership knowledge in parallel to conventionally structured textbooks, while at the same time experiencing real-life examples of cause and effect in dealing with people under \"tense\" conditions.<br \/>\nThe book is very suitable for young or aspiring leaders as well as \"old hands\" who realise that the great expedition leaders of the past also had to struggle with the same impasses as they do today, and that leadership is never black and white.<br \/>\nOne \u2013 not entirely new but always comforting \u2013 realisation is that leadership almost always involves mistakes, even with great personalities, but that the sum of an iterative process can ultimately lead to positive results.\"<\/p>\n<p>H. Haas, Dialog Lebensversicherungs-AG, Augsburg<\/p>\n<p><a href=\"\/wp-content\/uploads\/2025\/02\/Leseprobe_Magellan.pdf\" target=\"_blank\" rel=\"noopener\"><strong>Here<\/strong> you will find a multi-page reading sample.<\/a><\/p>","protected":false},"excerpt":{"rendered":"<p>What managers can learn from successful captains, in German language<\/p>","protected":false},"featured_media":1716,"template":"","meta":{"_acf_changed":false,"_vp_format_video_url":"","_vp_image_focal_point":[]},"product_brand":[],"product_cat":[63],"product_tag":[],"class_list":{"0":"post-1697","1":"product","2":"type-product","3":"status-publish","4":"has-post-thumbnail","6":"product_cat-buecher","8":"first","9":"instock","10":"taxable","11":"shipping-taxable","12":"purchasable","13":"product-type-simple"},"acf":[],"yoast_head":"<!-- This site is optimized with the Yoast SEO plugin v27.4 - https:\/\/yoast.com\/product\/yoast-seo-wordpress\/ -->\n<title>Mit Magellan und Captain Cook auf der Kommandobr\u00fccke - Segelschiff Charter &amp; Reisen - Eye of the Wind<\/title>\n<meta name=\"description\" content=\"Eye of the Wind Ship-Shop: Mit Magellan und Captain Cook auf der Kommandobr\u00fccke - Was moderne F\u00fchrungskr\u00e4fte von erfolgreichen Kapit\u00e4nen lernen k\u00f6nnen.\" \/>\n<meta name=\"robots\" content=\"index, follow, max-snippet:-1, max-image-preview:large, max-video-preview:-1\" \/>\n<link rel=\"canonical\" href=\"https:\/\/eyeofthewind.net\/en\/product\/with-magellan-and-captain-cook-on-the-command-bridge\/\" \/>\n<meta property=\"og:locale\" content=\"en_GB\" \/>\n<meta property=\"og:type\" content=\"article\" \/>\n<meta property=\"og:title\" content=\"Mit Magellan und Captain Cook auf der Kommandobr\u00fccke - Segelschiff Charter &amp; Reisen - Eye of the Wind\" \/>\n<meta property=\"og:description\" content=\"Eye of the Wind Ship-Shop: Mit Magellan und Captain Cook auf der Kommandobr\u00fccke - Was moderne F\u00fchrungskr\u00e4fte von erfolgreichen Kapit\u00e4nen lernen k\u00f6nnen.\" \/>\n<meta property=\"og:url\" content=\"https:\/\/eyeofthewind.net\/en\/product\/with-magellan-and-captain-cook-on-the-command-bridge\/\" \/>\n<meta property=\"og:site_name\" content=\"Segelschiff Charter &amp; Reisen - Eye of the Wind\" \/>\n<meta property=\"article:modified_time\" content=\"2026-02-10T11:14:33+00:00\" \/>\n<meta property=\"og:image\" content=\"https:\/\/eyeofthewind.net\/wp-content\/uploads\/2025\/02\/full_magellanbuch.jpg\" \/>\n\t<meta property=\"og:image:width\" content=\"822\" \/>\n\t<meta property=\"og:image:height\" content=\"634\" \/>\n\t<meta property=\"og:image:type\" content=\"image\/jpeg\" \/>\n<meta name=\"twitter:card\" content=\"summary_large_image\" \/>\n<meta name=\"twitter:label1\" content=\"Estimated reading time\" \/>\n\t<meta name=\"twitter:data1\" content=\"3 minutes\" \/>\n<script type=\"application\/ld+json\" class=\"yoast-schema-graph\">{\"@context\":\"https:\\\/\\\/schema.org\",\"@graph\":[{\"@type\":\"WebPage\",\"@id\":\"https:\\\/\\\/eyeofthewind.net\\\/produkt\\\/mit-magellan-und-captain-cook-auf-der-kommandobruecke\\\/\",\"url\":\"https:\\\/\\\/eyeofthewind.net\\\/produkt\\\/mit-magellan-und-captain-cook-auf-der-kommandobruecke\\\/\",\"name\":\"Mit Magellan und Captain Cook auf der Kommandobr\u00fccke - Segelschiff Charter &amp; Reisen - Eye of the Wind\",\"isPartOf\":{\"@id\":\"https:\\\/\\\/eyeofthewind.net\\\/#website\"},\"primaryImageOfPage\":{\"@id\":\"https:\\\/\\\/eyeofthewind.net\\\/produkt\\\/mit-magellan-und-captain-cook-auf-der-kommandobruecke\\\/#primaryimage\"},\"image\":{\"@id\":\"https:\\\/\\\/eyeofthewind.net\\\/produkt\\\/mit-magellan-und-captain-cook-auf-der-kommandobruecke\\\/#primaryimage\"},\"thumbnailUrl\":\"https:\\\/\\\/eyeofthewind.net\\\/wp-content\\\/uploads\\\/2025\\\/02\\\/full_magellanbuch.jpg\",\"datePublished\":\"2025-02-20T14:26:46+00:00\",\"dateModified\":\"2026-02-10T11:14:33+00:00\",\"description\":\"Eye of the Wind Ship-Shop: Mit Magellan und Captain Cook auf der Kommandobr\u00fccke - Was moderne F\u00fchrungskr\u00e4fte von erfolgreichen Kapit\u00e4nen lernen k\u00f6nnen.\",\"breadcrumb\":{\"@id\":\"https:\\\/\\\/eyeofthewind.net\\\/produkt\\\/mit-magellan-und-captain-cook-auf-der-kommandobruecke\\\/#breadcrumb\"},\"inLanguage\":\"en-GB\",\"potentialAction\":[{\"@type\":\"ReadAction\",\"target\":[\"https:\\\/\\\/eyeofthewind.net\\\/produkt\\\/mit-magellan-und-captain-cook-auf-der-kommandobruecke\\\/\"]}]},{\"@type\":\"ImageObject\",\"inLanguage\":\"en-GB\",\"@id\":\"https:\\\/\\\/eyeofthewind.net\\\/produkt\\\/mit-magellan-und-captain-cook-auf-der-kommandobruecke\\\/#primaryimage\",\"url\":\"https:\\\/\\\/eyeofthewind.net\\\/wp-content\\\/uploads\\\/2025\\\/02\\\/full_magellanbuch.jpg\",\"contentUrl\":\"https:\\\/\\\/eyeofthewind.net\\\/wp-content\\\/uploads\\\/2025\\\/02\\\/full_magellanbuch.jpg\",\"width\":822,\"height\":634,\"caption\":\"Mit Magellan und Captain Cook auf der Kommandobr\u00fccke\"},{\"@type\":\"BreadcrumbList\",\"@id\":\"https:\\\/\\\/eyeofthewind.net\\\/produkt\\\/mit-magellan-und-captain-cook-auf-der-kommandobruecke\\\/#breadcrumb\",\"itemListElement\":[{\"@type\":\"ListItem\",\"position\":1,\"name\":\"Startseite\",\"item\":\"https:\\\/\\\/eyeofthewind.net\\\/\"},{\"@type\":\"ListItem\",\"position\":2,\"name\":\"Shop\",\"item\":\"https:\\\/\\\/eyeofthewind.net\\\/shop\\\/\"},{\"@type\":\"ListItem\",\"position\":3,\"name\":\"Mit Magellan und Captain Cook auf der Kommandobr\u00fccke\"}]},{\"@type\":\"WebSite\",\"@id\":\"https:\\\/\\\/eyeofthewind.net\\\/#website\",\"url\":\"https:\\\/\\\/eyeofthewind.net\\\/\",\"name\":\"Segelschiff Charter &amp; Reisen - Eye of the Wind\",\"description\":\"Segelurlaub mit der Eye of the Wind: Segelt\u00f6rns zwischen Ostsee, Kanaren und Karibik. Jeder kann mitsegeln! Mehr zu Ihrer Segelreise.\",\"publisher\":{\"@id\":\"https:\\\/\\\/eyeofthewind.net\\\/#organization\"},\"potentialAction\":[{\"@type\":\"SearchAction\",\"target\":{\"@type\":\"EntryPoint\",\"urlTemplate\":\"https:\\\/\\\/eyeofthewind.net\\\/?s={search_term_string}\"},\"query-input\":{\"@type\":\"PropertyValueSpecification\",\"valueRequired\":true,\"valueName\":\"search_term_string\"}}],\"inLanguage\":\"en-GB\"},{\"@type\":\"Organization\",\"@id\":\"https:\\\/\\\/eyeofthewind.net\\\/#organization\",\"name\":\"Segelschiff Charter &amp; Reisen - Eye of the Wind\",\"url\":\"https:\\\/\\\/eyeofthewind.net\\\/\",\"logo\":{\"@type\":\"ImageObject\",\"inLanguage\":\"en-GB\",\"@id\":\"https:\\\/\\\/eyeofthewind.net\\\/#\\\/schema\\\/logo\\\/image\\\/\",\"url\":\"https:\\\/\\\/eyeofthewind.net\\\/wp-content\\\/uploads\\\/2024\\\/10\\\/L_Eye_weiss.svg\",\"contentUrl\":\"https:\\\/\\\/eyeofthewind.net\\\/wp-content\\\/uploads\\\/2024\\\/10\\\/L_Eye_weiss.svg\",\"width\":202,\"height\":123,\"caption\":\"Segelschiff Charter &amp; Reisen - Eye of the Wind\"},\"image\":{\"@id\":\"https:\\\/\\\/eyeofthewind.net\\\/#\\\/schema\\\/logo\\\/image\\\/\"}}]}<\/script>\n<!-- \/ Yoast SEO plugin. -->","yoast_head_json":{"title":"On the bridge with Magellan and Captain Cook - Sailing Ship Charter &amp; Travel - Eye of the Wind","description":"Eye of the Wind Ship-Shop: With Magellan and Captain Cook on the bridge - What modern managers can learn from successful captains.","robots":{"index":"index","follow":"follow","max-snippet":"max-snippet:-1","max-image-preview":"max-image-preview:large","max-video-preview":"max-video-preview:-1"},"canonical":"https:\/\/eyeofthewind.net\/en\/product\/with-magellan-and-captain-cook-on-the-command-bridge\/","og_locale":"en_GB","og_type":"article","og_title":"Mit Magellan und Captain Cook auf der Kommandobr\u00fccke - Segelschiff Charter &amp; Reisen - Eye of the Wind","og_description":"Eye of the Wind Ship-Shop: Mit Magellan und Captain Cook auf der Kommandobr\u00fccke - Was moderne F\u00fchrungskr\u00e4fte von erfolgreichen Kapit\u00e4nen lernen k\u00f6nnen.","og_url":"https:\/\/eyeofthewind.net\/en\/product\/with-magellan-and-captain-cook-on-the-command-bridge\/","og_site_name":"Segelschiff Charter &amp; Reisen - Eye of the Wind","article_modified_time":"2026-02-10T11:14:33+00:00","og_image":[{"width":822,"height":634,"url":"https:\/\/eyeofthewind.net\/wp-content\/uploads\/2025\/02\/full_magellanbuch.jpg","type":"image\/jpeg"}],"twitter_card":"summary_large_image","twitter_misc":{"Estimated reading time":"3 minutes"},"schema":{"@context":"https:\/\/schema.org","@graph":[{"@type":"WebPage","@id":"https:\/\/eyeofthewind.net\/produkt\/mit-magellan-und-captain-cook-auf-der-kommandobruecke\/","url":"https:\/\/eyeofthewind.net\/produkt\/mit-magellan-und-captain-cook-auf-der-kommandobruecke\/","name":"On the bridge with Magellan and Captain Cook - Sailing Ship Charter &amp; Travel - Eye of the Wind","isPartOf":{"@id":"https:\/\/eyeofthewind.net\/#website"},"primaryImageOfPage":{"@id":"https:\/\/eyeofthewind.net\/produkt\/mit-magellan-und-captain-cook-auf-der-kommandobruecke\/#primaryimage"},"image":{"@id":"https:\/\/eyeofthewind.net\/produkt\/mit-magellan-und-captain-cook-auf-der-kommandobruecke\/#primaryimage"},"thumbnailUrl":"https:\/\/eyeofthewind.net\/wp-content\/uploads\/2025\/02\/full_magellanbuch.jpg","datePublished":"2025-02-20T14:26:46+00:00","dateModified":"2026-02-10T11:14:33+00:00","description":"Eye of the Wind Ship-Shop: With Magellan and Captain Cook on the bridge - What modern managers can learn from successful captains.","breadcrumb":{"@id":"https:\/\/eyeofthewind.net\/produkt\/mit-magellan-und-captain-cook-auf-der-kommandobruecke\/#breadcrumb"},"inLanguage":"en-GB","potentialAction":[{"@type":"ReadAction","target":["https:\/\/eyeofthewind.net\/produkt\/mit-magellan-und-captain-cook-auf-der-kommandobruecke\/"]}]},{"@type":"ImageObject","inLanguage":"en-GB","@id":"https:\/\/eyeofthewind.net\/produkt\/mit-magellan-und-captain-cook-auf-der-kommandobruecke\/#primaryimage","url":"https:\/\/eyeofthewind.net\/wp-content\/uploads\/2025\/02\/full_magellanbuch.jpg","contentUrl":"https:\/\/eyeofthewind.net\/wp-content\/uploads\/2025\/02\/full_magellanbuch.jpg","width":822,"height":634,"caption":"Mit Magellan und Captain Cook auf der Kommandobr\u00fccke"},{"@type":"BreadcrumbList","@id":"https:\/\/eyeofthewind.net\/produkt\/mit-magellan-und-captain-cook-auf-der-kommandobruecke\/#breadcrumb","itemListElement":[{"@type":"ListItem","position":1,"name":"Startseite","item":"https:\/\/eyeofthewind.net\/"},{"@type":"ListItem","position":2,"name":"Shop","item":"https:\/\/eyeofthewind.net\/shop\/"},{"@type":"ListItem","position":3,"name":"Mit Magellan und Captain Cook auf der Kommandobr\u00fccke"}]},{"@type":"WebSite","@id":"https:\/\/eyeofthewind.net\/#website","url":"https:\/\/eyeofthewind.net\/","name":"Sailing Ship Charter &amp; Travelling - Eye of the Wind","description":"Sailing holidays with the Eye of the Wind: sailing trips between the Baltic Sea, Canary Islands and Caribbean. Anyone can sail with us! More about your sailing holiday.","publisher":{"@id":"https:\/\/eyeofthewind.net\/#organization"},"potentialAction":[{"@type":"SearchAction","target":{"@type":"EntryPoint","urlTemplate":"https:\/\/eyeofthewind.net\/?s={search_term_string}"},"query-input":{"@type":"PropertyValueSpecification","valueRequired":true,"valueName":"search_term_string"}}],"inLanguage":"en-GB"},{"@type":"Organization","@id":"https:\/\/eyeofthewind.net\/#organization","name":"Sailing Ship Charter &amp; Travelling - Eye of the Wind","url":"https:\/\/eyeofthewind.net\/","logo":{"@type":"ImageObject","inLanguage":"en-GB","@id":"https:\/\/eyeofthewind.net\/#\/schema\/logo\/image\/","url":"https:\/\/eyeofthewind.net\/wp-content\/uploads\/2024\/10\/L_Eye_weiss.svg","contentUrl":"https:\/\/eyeofthewind.net\/wp-content\/uploads\/2024\/10\/L_Eye_weiss.svg","width":202,"height":123,"caption":"Segelschiff Charter &amp; Reisen - Eye of the Wind"},"image":{"@id":"https:\/\/eyeofthewind.net\/#\/schema\/logo\/image\/"}}]}},"_links":{"self":[{"href":"https:\/\/eyeofthewind.net\/en\/wp-json\/wp\/v2\/product\/1697","targetHints":{"allow":["GET"]}}],"collection":[{"href":"https:\/\/eyeofthewind.net\/en\/wp-json\/wp\/v2\/product"}],"about":[{"href":"https:\/\/eyeofthewind.net\/en\/wp-json\/wp\/v2\/types\/product"}],"wp:featuredmedia":[{"embeddable":true,"href":"https:\/\/eyeofthewind.net\/en\/wp-json\/wp\/v2\/media\/1716"}],"wp:attachment":[{"href":"https:\/\/eyeofthewind.net\/en\/wp-json\/wp\/v2\/media?parent=1697"}],"wp:term":[{"taxonomy":"product_brand","embeddable":true,"href":"https:\/\/eyeofthewind.net\/en\/wp-json\/wp\/v2\/product_brand?post=1697"},{"taxonomy":"product_cat","embeddable":true,"href":"https:\/\/eyeofthewind.net\/en\/wp-json\/wp\/v2\/product_cat?post=1697"},{"taxonomy":"product_tag","embeddable":true,"href":"https:\/\/eyeofthewind.net\/en\/wp-json\/wp\/v2\/product_tag?post=1697"}],"curies":[{"name":"wp","href":"https:\/\/api.w.org\/{rel}","templated":true}]}}