{"id":4184,"date":"2025-08-26T11:40:27","date_gmt":"2025-08-26T09:40:27","guid":{"rendered":"https:\/\/eyeofthewind.net\/?post_type=product&#038;p=4184"},"modified":"2026-04-17T13:55:48","modified_gmt":"2026-04-17T11:55:48","slug":"north-sea-taster-tour","status":"publish","type":"product","link":"https:\/\/eyeofthewind.net\/en\/produkt\/nordsee-schnuppertoern\/","title":{"rendered":"North Sea taster trip"},"content":{"rendered":"<p class=\"translation-block\">The starting point for this short North Sea cruise is the <strong>harbour town of Elsfleth on the Lower Weser<\/strong>, which is, in a sense, a <strong>\"glimpse into the past\" for the Eye of the Wind<\/strong>. Just a few kilometres down the river from here, the ship was launched 115 years ago under its former name, Friedrich. From the Wesermarsch, the journey continues <strong>down the Weser towards the German Bight<\/strong>. Within a day's journey, we reach the <strong>high seas island of Heligoland<\/strong>, where a day in port with shore leave is planned. After another day at sea, we reach the maritime <strong>city of Bremerhaven<\/strong>. During your stay on board, you will enjoy the comfort and excellent cuisine, experience genuine traditional seafaring craftsmanship and learn how it feels to go ashore in the evening after a day at sea.<\/p>","protected":false},"excerpt":{"rendered":"<p>Ausgangspunkt dieses kurzen Nordsee-T\u00f6rns ist das Hafenst\u00e4dtchen Elsfleth an der Unterweser und somit gewisserma\u00dfen ein \u201eBlick in die eigene Vergangenheit\u201c der Eye of the Wind ist. Denn nur wenige Flusskilometer von hier entfernt lief das Schiff vor 115 Jahren unter dem damaligen Namen \u201eFriedrich\u201c vom Stapel. Von der Wesermarsch aus geht die Reise weserabw\u00e4rts mit [&hellip;]<\/p>\n","protected":false},"featured_media":5855,"template":"","meta":{"_acf_changed":false,"_vp_format_video_url":"","_vp_image_focal_point":[]},"product_brand":[],"product_cat":[15],"product_tag":[],"class_list":{"0":"post-4184","1":"product","2":"type-product","3":"status-publish","4":"has-post-thumbnail","6":"product_cat-unkategorisiert","8":"first","9":"instock","10":"featured","11":"virtual","12":"taxable","13":"purchasable","14":"product-type-simple"},"acf":[],"yoast_head":"<!-- This site is optimized with the Yoast SEO plugin v27.4 - https:\/\/yoast.com\/product\/yoast-seo-wordpress\/ -->\n<title>Nordsee Schnuppert\u00f6rn - Segelschiff Charter &amp; Reisen - Eye of the Wind<\/title>\n<meta name=\"description\" content=\"Nordsee Schnuppert\u00f6rn: Segelt\u00f6rn auf Nordsee und Weser mit der Eye of the Wind von Elsfleth in der Wesermarsch via Helgoland nach Bremerhaven (Deutschland)\" \/>\n<meta name=\"robots\" content=\"index, follow, max-snippet:-1, max-image-preview:large, max-video-preview:-1\" \/>\n<link rel=\"canonical\" href=\"https:\/\/eyeofthewind.net\/en\/product\/north-sea-taster-tour\/\" \/>\n<meta property=\"og:locale\" content=\"en_GB\" \/>\n<meta property=\"og:type\" content=\"article\" \/>\n<meta property=\"og:title\" content=\"Nordsee Schnuppert\u00f6rn - Segelschiff Charter &amp; Reisen - Eye of the Wind\" \/>\n<meta property=\"og:description\" content=\"Nordsee Schnuppert\u00f6rn: Segelt\u00f6rn auf Nordsee und Weser mit der Eye of the Wind von Elsfleth in der Wesermarsch via Helgoland nach Bremerhaven (Deutschland)\" \/>\n<meta property=\"og:url\" content=\"https:\/\/eyeofthewind.net\/en\/product\/north-sea-taster-tour\/\" \/>\n<meta property=\"og:site_name\" content=\"Segelschiff Charter &amp; Reisen - Eye of the Wind\" \/>\n<meta property=\"article:modified_time\" content=\"2026-04-17T11:55:48+00:00\" \/>\n<meta property=\"og:image\" content=\"https:\/\/eyeofthewind.net\/wp-content\/uploads\/2025\/08\/JP-Lauer-DSC_0999b.jpg\" \/>\n\t<meta property=\"og:image:width\" content=\"1024\" \/>\n\t<meta property=\"og:image:height\" content=\"768\" \/>\n\t<meta property=\"og:image:type\" content=\"image\/jpeg\" \/>\n<meta name=\"twitter:card\" content=\"summary_large_image\" \/>\n<meta name=\"twitter:label1\" content=\"Estimated reading time\" \/>\n\t<meta name=\"twitter:data1\" content=\"1 minute\" \/>\n<script type=\"application\/ld+json\" class=\"yoast-schema-graph\">{\"@context\":\"https:\\\/\\\/schema.org\",\"@graph\":[{\"@type\":\"WebPage\",\"@id\":\"https:\\\/\\\/eyeofthewind.net\\\/produkt\\\/nordsee-schnuppertoern\\\/\",\"url\":\"https:\\\/\\\/eyeofthewind.net\\\/produkt\\\/nordsee-schnuppertoern\\\/\",\"name\":\"Nordsee Schnuppert\u00f6rn - Segelschiff Charter &amp; Reisen - Eye of the Wind\",\"isPartOf\":{\"@id\":\"https:\\\/\\\/eyeofthewind.net\\\/#website\"},\"primaryImageOfPage\":{\"@id\":\"https:\\\/\\\/eyeofthewind.net\\\/produkt\\\/nordsee-schnuppertoern\\\/#primaryimage\"},\"image\":{\"@id\":\"https:\\\/\\\/eyeofthewind.net\\\/produkt\\\/nordsee-schnuppertoern\\\/#primaryimage\"},\"thumbnailUrl\":\"https:\\\/\\\/eyeofthewind.net\\\/wp-content\\\/uploads\\\/2025\\\/08\\\/JP-Lauer-DSC_0999b.jpg\",\"datePublished\":\"2025-08-26T09:40:27+00:00\",\"dateModified\":\"2026-04-17T11:55:48+00:00\",\"description\":\"Nordsee Schnuppert\u00f6rn: Segelt\u00f6rn auf Nordsee und Weser mit der Eye of the Wind von Elsfleth in der Wesermarsch via Helgoland nach Bremerhaven (Deutschland)\",\"breadcrumb\":{\"@id\":\"https:\\\/\\\/eyeofthewind.net\\\/produkt\\\/nordsee-schnuppertoern\\\/#breadcrumb\"},\"inLanguage\":\"en-GB\",\"potentialAction\":[{\"@type\":\"ReadAction\",\"target\":[\"https:\\\/\\\/eyeofthewind.net\\\/produkt\\\/nordsee-schnuppertoern\\\/\"]}]},{\"@type\":\"ImageObject\",\"inLanguage\":\"en-GB\",\"@id\":\"https:\\\/\\\/eyeofthewind.net\\\/produkt\\\/nordsee-schnuppertoern\\\/#primaryimage\",\"url\":\"https:\\\/\\\/eyeofthewind.net\\\/wp-content\\\/uploads\\\/2025\\\/08\\\/JP-Lauer-DSC_0999b.jpg\",\"contentUrl\":\"https:\\\/\\\/eyeofthewind.net\\\/wp-content\\\/uploads\\\/2025\\\/08\\\/JP-Lauer-DSC_0999b.jpg\",\"width\":1024,\"height\":768,\"caption\":\"Nordsee Schnuppert\u00f6rn\"},{\"@type\":\"BreadcrumbList\",\"@id\":\"https:\\\/\\\/eyeofthewind.net\\\/produkt\\\/nordsee-schnuppertoern\\\/#breadcrumb\",\"itemListElement\":[{\"@type\":\"ListItem\",\"position\":1,\"name\":\"Startseite\",\"item\":\"https:\\\/\\\/eyeofthewind.net\\\/\"},{\"@type\":\"ListItem\",\"position\":2,\"name\":\"Shop\",\"item\":\"https:\\\/\\\/eyeofthewind.net\\\/shop\\\/\"},{\"@type\":\"ListItem\",\"position\":3,\"name\":\"Nordsee Schnuppert\u00f6rn\"}]},{\"@type\":\"WebSite\",\"@id\":\"https:\\\/\\\/eyeofthewind.net\\\/#website\",\"url\":\"https:\\\/\\\/eyeofthewind.net\\\/\",\"name\":\"Segelschiff Charter &amp; Reisen - Eye of the Wind\",\"description\":\"Segelurlaub mit der Eye of the Wind: Segelt\u00f6rns zwischen Ostsee, Kanaren und Karibik. Jeder kann mitsegeln! Mehr zu Ihrer Segelreise.\",\"publisher\":{\"@id\":\"https:\\\/\\\/eyeofthewind.net\\\/#organization\"},\"potentialAction\":[{\"@type\":\"SearchAction\",\"target\":{\"@type\":\"EntryPoint\",\"urlTemplate\":\"https:\\\/\\\/eyeofthewind.net\\\/?s={search_term_string}\"},\"query-input\":{\"@type\":\"PropertyValueSpecification\",\"valueRequired\":true,\"valueName\":\"search_term_string\"}}],\"inLanguage\":\"en-GB\"},{\"@type\":\"Organization\",\"@id\":\"https:\\\/\\\/eyeofthewind.net\\\/#organization\",\"name\":\"Segelschiff Charter &amp; Reisen - Eye of the Wind\",\"url\":\"https:\\\/\\\/eyeofthewind.net\\\/\",\"logo\":{\"@type\":\"ImageObject\",\"inLanguage\":\"en-GB\",\"@id\":\"https:\\\/\\\/eyeofthewind.net\\\/#\\\/schema\\\/logo\\\/image\\\/\",\"url\":\"https:\\\/\\\/eyeofthewind.net\\\/wp-content\\\/uploads\\\/2024\\\/10\\\/L_Eye_weiss.svg\",\"contentUrl\":\"https:\\\/\\\/eyeofthewind.net\\\/wp-content\\\/uploads\\\/2024\\\/10\\\/L_Eye_weiss.svg\",\"width\":202,\"height\":123,\"caption\":\"Segelschiff Charter &amp; Reisen - Eye of the Wind\"},\"image\":{\"@id\":\"https:\\\/\\\/eyeofthewind.net\\\/#\\\/schema\\\/logo\\\/image\\\/\"}}]}<\/script>\n<!-- \/ Yoast SEO plugin. -->","yoast_head_json":{"title":"North Sea Taster Cruise - Sailing Ship Charter &amp; Travelling - Eye of the Wind","description":"North Sea taster trip: Sailing trip on the North Sea and Weser with the Eye of the Wind from Elsfleth in the Wesermarsch via Helgoland to Bremerhaven (Germany)","robots":{"index":"index","follow":"follow","max-snippet":"max-snippet:-1","max-image-preview":"max-image-preview:large","max-video-preview":"max-video-preview:-1"},"canonical":"https:\/\/eyeofthewind.net\/en\/product\/north-sea-taster-tour\/","og_locale":"en_GB","og_type":"article","og_title":"Nordsee Schnuppert\u00f6rn - Segelschiff Charter &amp; Reisen - Eye of the Wind","og_description":"Nordsee Schnuppert\u00f6rn: Segelt\u00f6rn auf Nordsee und Weser mit der Eye of the Wind von Elsfleth in der Wesermarsch via Helgoland nach Bremerhaven (Deutschland)","og_url":"https:\/\/eyeofthewind.net\/en\/product\/north-sea-taster-tour\/","og_site_name":"Segelschiff Charter &amp; Reisen - Eye of the Wind","article_modified_time":"2026-04-17T11:55:48+00:00","og_image":[{"width":1024,"height":768,"url":"https:\/\/eyeofthewind.net\/wp-content\/uploads\/2025\/08\/JP-Lauer-DSC_0999b.jpg","type":"image\/jpeg"}],"twitter_card":"summary_large_image","twitter_misc":{"Estimated reading time":"1 minute"},"schema":{"@context":"https:\/\/schema.org","@graph":[{"@type":"WebPage","@id":"https:\/\/eyeofthewind.net\/produkt\/nordsee-schnuppertoern\/","url":"https:\/\/eyeofthewind.net\/produkt\/nordsee-schnuppertoern\/","name":"North Sea Taster Cruise - Sailing Ship Charter &amp; Travelling - Eye of the Wind","isPartOf":{"@id":"https:\/\/eyeofthewind.net\/#website"},"primaryImageOfPage":{"@id":"https:\/\/eyeofthewind.net\/produkt\/nordsee-schnuppertoern\/#primaryimage"},"image":{"@id":"https:\/\/eyeofthewind.net\/produkt\/nordsee-schnuppertoern\/#primaryimage"},"thumbnailUrl":"https:\/\/eyeofthewind.net\/wp-content\/uploads\/2025\/08\/JP-Lauer-DSC_0999b.jpg","datePublished":"2025-08-26T09:40:27+00:00","dateModified":"2026-04-17T11:55:48+00:00","description":"North Sea taster trip: Sailing trip on the North Sea and Weser with the Eye of the Wind from Elsfleth in the Wesermarsch via Helgoland to Bremerhaven (Germany)","breadcrumb":{"@id":"https:\/\/eyeofthewind.net\/produkt\/nordsee-schnuppertoern\/#breadcrumb"},"inLanguage":"en-GB","potentialAction":[{"@type":"ReadAction","target":["https:\/\/eyeofthewind.net\/produkt\/nordsee-schnuppertoern\/"]}]},{"@type":"ImageObject","inLanguage":"en-GB","@id":"https:\/\/eyeofthewind.net\/produkt\/nordsee-schnuppertoern\/#primaryimage","url":"https:\/\/eyeofthewind.net\/wp-content\/uploads\/2025\/08\/JP-Lauer-DSC_0999b.jpg","contentUrl":"https:\/\/eyeofthewind.net\/wp-content\/uploads\/2025\/08\/JP-Lauer-DSC_0999b.jpg","width":1024,"height":768,"caption":"Nordsee Schnuppert\u00f6rn"},{"@type":"BreadcrumbList","@id":"https:\/\/eyeofthewind.net\/produkt\/nordsee-schnuppertoern\/#breadcrumb","itemListElement":[{"@type":"ListItem","position":1,"name":"Startseite","item":"https:\/\/eyeofthewind.net\/"},{"@type":"ListItem","position":2,"name":"Shop","item":"https:\/\/eyeofthewind.net\/shop\/"},{"@type":"ListItem","position":3,"name":"Nordsee Schnuppert\u00f6rn"}]},{"@type":"WebSite","@id":"https:\/\/eyeofthewind.net\/#website","url":"https:\/\/eyeofthewind.net\/","name":"Sailing Ship Charter &amp; Travelling - Eye of the Wind","description":"Sailing holidays with the Eye of the Wind: sailing trips between the Baltic Sea, Canary Islands and Caribbean. Anyone can sail with us! More about your sailing holiday.","publisher":{"@id":"https:\/\/eyeofthewind.net\/#organization"},"potentialAction":[{"@type":"SearchAction","target":{"@type":"EntryPoint","urlTemplate":"https:\/\/eyeofthewind.net\/?s={search_term_string}"},"query-input":{"@type":"PropertyValueSpecification","valueRequired":true,"valueName":"search_term_string"}}],"inLanguage":"en-GB"},{"@type":"Organization","@id":"https:\/\/eyeofthewind.net\/#organization","name":"Sailing Ship Charter &amp; Travelling - Eye of the Wind","url":"https:\/\/eyeofthewind.net\/","logo":{"@type":"ImageObject","inLanguage":"en-GB","@id":"https:\/\/eyeofthewind.net\/#\/schema\/logo\/image\/","url":"https:\/\/eyeofthewind.net\/wp-content\/uploads\/2024\/10\/L_Eye_weiss.svg","contentUrl":"https:\/\/eyeofthewind.net\/wp-content\/uploads\/2024\/10\/L_Eye_weiss.svg","width":202,"height":123,"caption":"Segelschiff Charter &amp; Reisen - Eye of the Wind"},"image":{"@id":"https:\/\/eyeofthewind.net\/#\/schema\/logo\/image\/"}}]}},"_links":{"self":[{"href":"https:\/\/eyeofthewind.net\/en\/wp-json\/wp\/v2\/product\/4184","targetHints":{"allow":["GET"]}}],"collection":[{"href":"https:\/\/eyeofthewind.net\/en\/wp-json\/wp\/v2\/product"}],"about":[{"href":"https:\/\/eyeofthewind.net\/en\/wp-json\/wp\/v2\/types\/product"}],"wp:featuredmedia":[{"embeddable":true,"href":"https:\/\/eyeofthewind.net\/en\/wp-json\/wp\/v2\/media\/5855"}],"wp:attachment":[{"href":"https:\/\/eyeofthewind.net\/en\/wp-json\/wp\/v2\/media?parent=4184"}],"wp:term":[{"taxonomy":"product_brand","embeddable":true,"href":"https:\/\/eyeofthewind.net\/en\/wp-json\/wp\/v2\/product_brand?post=4184"},{"taxonomy":"product_cat","embeddable":true,"href":"https:\/\/eyeofthewind.net\/en\/wp-json\/wp\/v2\/product_cat?post=4184"},{"taxonomy":"product_tag","embeddable":true,"href":"https:\/\/eyeofthewind.net\/en\/wp-json\/wp\/v2\/product_tag?post=4184"}],"curies":[{"name":"wp","href":"https:\/\/api.w.org\/{rel}","templated":true}]}}