{"id":4300,"date":"2025-09-03T11:01:26","date_gmt":"2025-09-03T09:01:26","guid":{"rendered":"https:\/\/eyeofthewind.net\/?post_type=product&#038;p=4300"},"modified":"2026-04-13T09:31:08","modified_gmt":"2026-04-13T07:31:08","slug":"hamburger-harbour-birthday-evening-cruise-with-overnight-stay","status":"publish","type":"product","link":"https:\/\/eyeofthewind.net\/en\/produkt\/hamburger-hafengeburtstag-abendfahrt-mit-uebernachtung\/","title":{"rendered":"Hamburg Harbour Birthday: evening cruise on the Elbe<br>(with overnight stay)"},"content":{"rendered":"<p class=\"translation-block\">Over a welcome drink, you will get to know your fellow passengers for the evening. Or <strong>bring your family and friends on board<\/strong> with you and enjoy an unforgettable evening together on <strong>one of the last original tall ships<\/strong>.<\/p>\n<p class=\"translation-block\">At around 6 p.m., the <strong>Eye of the Wind<\/strong> will leave her berth and <strong>sail a few miles down the Elbe<\/strong>. A <strong>delicious dinner<\/strong> will provide the necessary sustenance as we enjoy the trip past the hustle and bustle of the harbour birthday celebrations.<\/p>\n<p class=\"translation-block\">You <strong>spend the night on board<\/strong> in an air-conditioned double cabin. Enjoy your delicious <strong>breakfast<\/strong> the next morning in the midst of the awakening harbour scene.<\/p>\n<p class=\"translation-block\">The evening trip can also be booked <a href=\"\/en\/product\/hamburger-harbour-birthday-evening-cruise-on-the-elbe\/\" target=\"_self\">without an overnight stay<\/a>.<\/p>\n<p class=\"translation-block\">Further information can be found in our <a href=\"\/en\/hamburger-hafengeburtstag-the-biggest-harbour-festival-in-the-world\/\" target=\"_self\">blog post <strong>Hamburg Harbour Birthday \u2013 \"the biggest harbour festival in the world\"<\/strong><\/a>.<\/p>","protected":false},"excerpt":{"rendered":"<p>Bei einem Begr\u00fc\u00dfungsgetr\u00e4nk lernen Sie Ihre Mitreisenden f\u00fcr den heutigen Abend kennen. Oder bringen Sie gleich Ihre Familie und Freunde mit zu uns an Bord und erleben Sie gemeinsam einen unvergesslichen Abend auf einem der letzten originalen Gro\u00dfsegler. Gegen 18 Uhr wird die Eye of the Wind ihren Liegeplatz verlassen und einige Meilen elbeabw\u00e4rts fahren. [&hellip;]<\/p>\n","protected":false},"featured_media":4301,"template":"","meta":{"_acf_changed":false,"_vp_format_video_url":"","_vp_image_focal_point":[]},"product_brand":[],"product_cat":[15],"product_tag":[],"class_list":{"0":"post-4300","1":"product","2":"type-product","3":"status-publish","4":"has-post-thumbnail","6":"product_cat-unkategorisiert","8":"first","9":"instock","10":"virtual","11":"taxable","12":"purchasable","13":"product-type-simple"},"acf":[],"yoast_head":"<!-- This site is optimized with the Yoast SEO plugin v27.4 - https:\/\/yoast.com\/product\/yoast-seo-wordpress\/ -->\n<title>Hamburger Hafengeburtstag: Abendfahrt auf der Elbe (mit \u00dcbernachtung) - Segelschiff Charter &amp; Reisen - Eye of the Wind<\/title>\n<meta name=\"description\" content=\"837. Hamburger Hafengeburtstag: Abendfahrt auf der Elbe mit dem Segelschiff Eye of the Wind, inkl. Verpflegung, \u00dcbernachtung an Bord, Fr\u00fchst\u00fcck\" \/>\n<meta name=\"robots\" content=\"index, follow, max-snippet:-1, max-image-preview:large, max-video-preview:-1\" \/>\n<link rel=\"canonical\" href=\"https:\/\/eyeofthewind.net\/en\/product\/hamburger-harbour-birthday-evening-cruise-with-overnight-stay\/\" \/>\n<meta property=\"og:locale\" content=\"en_GB\" \/>\n<meta property=\"og:type\" content=\"article\" \/>\n<meta property=\"og:title\" content=\"Hamburger Hafengeburtstag: Abendfahrt auf der Elbe (mit \u00dcbernachtung) - Segelschiff Charter &amp; Reisen - Eye of the Wind\" \/>\n<meta property=\"og:description\" content=\"837. Hamburger Hafengeburtstag: Abendfahrt auf der Elbe mit dem Segelschiff Eye of the Wind, inkl. Verpflegung, \u00dcbernachtung an Bord, Fr\u00fchst\u00fcck\" \/>\n<meta property=\"og:url\" content=\"https:\/\/eyeofthewind.net\/en\/product\/hamburger-harbour-birthday-evening-cruise-with-overnight-stay\/\" \/>\n<meta property=\"og:site_name\" content=\"Segelschiff Charter &amp; Reisen - Eye of the Wind\" \/>\n<meta property=\"article:modified_time\" content=\"2026-04-13T07:31:08+00:00\" \/>\n<meta property=\"og:image\" content=\"https:\/\/eyeofthewind.net\/wp-content\/uploads\/2025\/09\/IMG_7328_k.jpg\" \/>\n\t<meta property=\"og:image:width\" content=\"1024\" \/>\n\t<meta property=\"og:image:height\" content=\"683\" \/>\n\t<meta property=\"og:image:type\" content=\"image\/jpeg\" \/>\n<meta name=\"twitter:card\" content=\"summary_large_image\" \/>\n<meta name=\"twitter:label1\" content=\"Estimated reading time\" \/>\n\t<meta name=\"twitter:data1\" content=\"1 minute\" \/>\n<script type=\"application\/ld+json\" class=\"yoast-schema-graph\">{\"@context\":\"https:\\\/\\\/schema.org\",\"@graph\":[{\"@type\":\"WebPage\",\"@id\":\"https:\\\/\\\/eyeofthewind.net\\\/produkt\\\/hamburger-hafengeburtstag-abendfahrt-mit-uebernachtung\\\/\",\"url\":\"https:\\\/\\\/eyeofthewind.net\\\/produkt\\\/hamburger-hafengeburtstag-abendfahrt-mit-uebernachtung\\\/\",\"name\":\"Hamburger Hafengeburtstag: Abendfahrt auf der Elbe (mit \u00dcbernachtung) - Segelschiff Charter &amp; Reisen - Eye of the Wind\",\"isPartOf\":{\"@id\":\"https:\\\/\\\/eyeofthewind.net\\\/#website\"},\"primaryImageOfPage\":{\"@id\":\"https:\\\/\\\/eyeofthewind.net\\\/produkt\\\/hamburger-hafengeburtstag-abendfahrt-mit-uebernachtung\\\/#primaryimage\"},\"image\":{\"@id\":\"https:\\\/\\\/eyeofthewind.net\\\/produkt\\\/hamburger-hafengeburtstag-abendfahrt-mit-uebernachtung\\\/#primaryimage\"},\"thumbnailUrl\":\"https:\\\/\\\/eyeofthewind.net\\\/wp-content\\\/uploads\\\/2025\\\/09\\\/IMG_7328_k.jpg\",\"datePublished\":\"2025-09-03T09:01:26+00:00\",\"dateModified\":\"2026-04-13T07:31:08+00:00\",\"description\":\"837. Hamburger Hafengeburtstag: Abendfahrt auf der Elbe mit dem Segelschiff Eye of the Wind, inkl. Verpflegung, \u00dcbernachtung an Bord, Fr\u00fchst\u00fcck\",\"breadcrumb\":{\"@id\":\"https:\\\/\\\/eyeofthewind.net\\\/produkt\\\/hamburger-hafengeburtstag-abendfahrt-mit-uebernachtung\\\/#breadcrumb\"},\"inLanguage\":\"en-GB\",\"potentialAction\":[{\"@type\":\"ReadAction\",\"target\":[\"https:\\\/\\\/eyeofthewind.net\\\/produkt\\\/hamburger-hafengeburtstag-abendfahrt-mit-uebernachtung\\\/\"]}]},{\"@type\":\"ImageObject\",\"inLanguage\":\"en-GB\",\"@id\":\"https:\\\/\\\/eyeofthewind.net\\\/produkt\\\/hamburger-hafengeburtstag-abendfahrt-mit-uebernachtung\\\/#primaryimage\",\"url\":\"https:\\\/\\\/eyeofthewind.net\\\/wp-content\\\/uploads\\\/2025\\\/09\\\/IMG_7328_k.jpg\",\"contentUrl\":\"https:\\\/\\\/eyeofthewind.net\\\/wp-content\\\/uploads\\\/2025\\\/09\\\/IMG_7328_k.jpg\",\"width\":1024,\"height\":683,\"caption\":\"Hamburger Hafengeburtstag Abendfahrt auf der Elbe, St. Pauli Landungsbr\u00fccken\"},{\"@type\":\"BreadcrumbList\",\"@id\":\"https:\\\/\\\/eyeofthewind.net\\\/produkt\\\/hamburger-hafengeburtstag-abendfahrt-mit-uebernachtung\\\/#breadcrumb\",\"itemListElement\":[{\"@type\":\"ListItem\",\"position\":1,\"name\":\"Startseite\",\"item\":\"https:\\\/\\\/eyeofthewind.net\\\/\"},{\"@type\":\"ListItem\",\"position\":2,\"name\":\"Shop\",\"item\":\"https:\\\/\\\/eyeofthewind.net\\\/shop\\\/\"},{\"@type\":\"ListItem\",\"position\":3,\"name\":\"Hamburger Hafengeburtstag: Abendfahrt auf der Elbe (mit \u00dcbernachtung)\"}]},{\"@type\":\"WebSite\",\"@id\":\"https:\\\/\\\/eyeofthewind.net\\\/#website\",\"url\":\"https:\\\/\\\/eyeofthewind.net\\\/\",\"name\":\"Segelschiff Charter &amp; Reisen - Eye of the Wind\",\"description\":\"Segelurlaub mit der Eye of the Wind: Segelt\u00f6rns zwischen Ostsee, Kanaren und Karibik. Jeder kann mitsegeln! Mehr zu Ihrer Segelreise.\",\"publisher\":{\"@id\":\"https:\\\/\\\/eyeofthewind.net\\\/#organization\"},\"potentialAction\":[{\"@type\":\"SearchAction\",\"target\":{\"@type\":\"EntryPoint\",\"urlTemplate\":\"https:\\\/\\\/eyeofthewind.net\\\/?s={search_term_string}\"},\"query-input\":{\"@type\":\"PropertyValueSpecification\",\"valueRequired\":true,\"valueName\":\"search_term_string\"}}],\"inLanguage\":\"en-GB\"},{\"@type\":\"Organization\",\"@id\":\"https:\\\/\\\/eyeofthewind.net\\\/#organization\",\"name\":\"Segelschiff Charter &amp; Reisen - Eye of the Wind\",\"url\":\"https:\\\/\\\/eyeofthewind.net\\\/\",\"logo\":{\"@type\":\"ImageObject\",\"inLanguage\":\"en-GB\",\"@id\":\"https:\\\/\\\/eyeofthewind.net\\\/#\\\/schema\\\/logo\\\/image\\\/\",\"url\":\"https:\\\/\\\/eyeofthewind.net\\\/wp-content\\\/uploads\\\/2024\\\/10\\\/L_Eye_weiss.svg\",\"contentUrl\":\"https:\\\/\\\/eyeofthewind.net\\\/wp-content\\\/uploads\\\/2024\\\/10\\\/L_Eye_weiss.svg\",\"width\":202,\"height\":123,\"caption\":\"Segelschiff Charter &amp; Reisen - Eye of the Wind\"},\"image\":{\"@id\":\"https:\\\/\\\/eyeofthewind.net\\\/#\\\/schema\\\/logo\\\/image\\\/\"}}]}<\/script>\n<!-- \/ Yoast SEO plugin. -->","yoast_head_json":{"title":"Hamburg Harbour Birthday: Evening cruise on the Elbe (with overnight stay) - Sailing Ship Charter &amp; Travel - Eye of the Wind","description":"837th Hamburg Harbour Birthday: Evening cruise on the Elbe with the sailing ship Eye of the Wind, incl. catering, overnight stay on board, breakfast","robots":{"index":"index","follow":"follow","max-snippet":"max-snippet:-1","max-image-preview":"max-image-preview:large","max-video-preview":"max-video-preview:-1"},"canonical":"https:\/\/eyeofthewind.net\/en\/product\/hamburger-harbour-birthday-evening-cruise-with-overnight-stay\/","og_locale":"en_GB","og_type":"article","og_title":"Hamburger Hafengeburtstag: Abendfahrt auf der Elbe (mit \u00dcbernachtung) - Segelschiff Charter &amp; Reisen - Eye of the Wind","og_description":"837. Hamburger Hafengeburtstag: Abendfahrt auf der Elbe mit dem Segelschiff Eye of the Wind, inkl. Verpflegung, \u00dcbernachtung an Bord, Fr\u00fchst\u00fcck","og_url":"https:\/\/eyeofthewind.net\/en\/product\/hamburger-harbour-birthday-evening-cruise-with-overnight-stay\/","og_site_name":"Segelschiff Charter &amp; Reisen - Eye of the Wind","article_modified_time":"2026-04-13T07:31:08+00:00","og_image":[{"width":1024,"height":683,"url":"https:\/\/eyeofthewind.net\/wp-content\/uploads\/2025\/09\/IMG_7328_k.jpg","type":"image\/jpeg"}],"twitter_card":"summary_large_image","twitter_misc":{"Estimated reading time":"1 minute"},"schema":{"@context":"https:\/\/schema.org","@graph":[{"@type":"WebPage","@id":"https:\/\/eyeofthewind.net\/produkt\/hamburger-hafengeburtstag-abendfahrt-mit-uebernachtung\/","url":"https:\/\/eyeofthewind.net\/produkt\/hamburger-hafengeburtstag-abendfahrt-mit-uebernachtung\/","name":"Hamburg Harbour Birthday: Evening cruise on the Elbe (with overnight stay) - Sailing Ship Charter &amp; Travel - Eye of the Wind","isPartOf":{"@id":"https:\/\/eyeofthewind.net\/#website"},"primaryImageOfPage":{"@id":"https:\/\/eyeofthewind.net\/produkt\/hamburger-hafengeburtstag-abendfahrt-mit-uebernachtung\/#primaryimage"},"image":{"@id":"https:\/\/eyeofthewind.net\/produkt\/hamburger-hafengeburtstag-abendfahrt-mit-uebernachtung\/#primaryimage"},"thumbnailUrl":"https:\/\/eyeofthewind.net\/wp-content\/uploads\/2025\/09\/IMG_7328_k.jpg","datePublished":"2025-09-03T09:01:26+00:00","dateModified":"2026-04-13T07:31:08+00:00","description":"837th Hamburg Harbour Birthday: Evening cruise on the Elbe with the sailing ship Eye of the Wind, incl. catering, overnight stay on board, breakfast","breadcrumb":{"@id":"https:\/\/eyeofthewind.net\/produkt\/hamburger-hafengeburtstag-abendfahrt-mit-uebernachtung\/#breadcrumb"},"inLanguage":"en-GB","potentialAction":[{"@type":"ReadAction","target":["https:\/\/eyeofthewind.net\/produkt\/hamburger-hafengeburtstag-abendfahrt-mit-uebernachtung\/"]}]},{"@type":"ImageObject","inLanguage":"en-GB","@id":"https:\/\/eyeofthewind.net\/produkt\/hamburger-hafengeburtstag-abendfahrt-mit-uebernachtung\/#primaryimage","url":"https:\/\/eyeofthewind.net\/wp-content\/uploads\/2025\/09\/IMG_7328_k.jpg","contentUrl":"https:\/\/eyeofthewind.net\/wp-content\/uploads\/2025\/09\/IMG_7328_k.jpg","width":1024,"height":683,"caption":"Hamburger Hafengeburtstag Abendfahrt auf der Elbe, St. Pauli Landungsbr\u00fccken"},{"@type":"BreadcrumbList","@id":"https:\/\/eyeofthewind.net\/produkt\/hamburger-hafengeburtstag-abendfahrt-mit-uebernachtung\/#breadcrumb","itemListElement":[{"@type":"ListItem","position":1,"name":"Startseite","item":"https:\/\/eyeofthewind.net\/"},{"@type":"ListItem","position":2,"name":"Shop","item":"https:\/\/eyeofthewind.net\/shop\/"},{"@type":"ListItem","position":3,"name":"Hamburger Hafengeburtstag: Abendfahrt auf der Elbe (mit \u00dcbernachtung)"}]},{"@type":"WebSite","@id":"https:\/\/eyeofthewind.net\/#website","url":"https:\/\/eyeofthewind.net\/","name":"Sailing Ship Charter &amp; Travelling - Eye of the Wind","description":"Sailing holidays with the Eye of the Wind: sailing trips between the Baltic Sea, Canary Islands and Caribbean. Anyone can sail with us! More about your sailing holiday.","publisher":{"@id":"https:\/\/eyeofthewind.net\/#organization"},"potentialAction":[{"@type":"SearchAction","target":{"@type":"EntryPoint","urlTemplate":"https:\/\/eyeofthewind.net\/?s={search_term_string}"},"query-input":{"@type":"PropertyValueSpecification","valueRequired":true,"valueName":"search_term_string"}}],"inLanguage":"en-GB"},{"@type":"Organization","@id":"https:\/\/eyeofthewind.net\/#organization","name":"Sailing Ship Charter &amp; Travelling - Eye of the Wind","url":"https:\/\/eyeofthewind.net\/","logo":{"@type":"ImageObject","inLanguage":"en-GB","@id":"https:\/\/eyeofthewind.net\/#\/schema\/logo\/image\/","url":"https:\/\/eyeofthewind.net\/wp-content\/uploads\/2024\/10\/L_Eye_weiss.svg","contentUrl":"https:\/\/eyeofthewind.net\/wp-content\/uploads\/2024\/10\/L_Eye_weiss.svg","width":202,"height":123,"caption":"Segelschiff Charter &amp; Reisen - Eye of the Wind"},"image":{"@id":"https:\/\/eyeofthewind.net\/#\/schema\/logo\/image\/"}}]}},"_links":{"self":[{"href":"https:\/\/eyeofthewind.net\/en\/wp-json\/wp\/v2\/product\/4300","targetHints":{"allow":["GET"]}}],"collection":[{"href":"https:\/\/eyeofthewind.net\/en\/wp-json\/wp\/v2\/product"}],"about":[{"href":"https:\/\/eyeofthewind.net\/en\/wp-json\/wp\/v2\/types\/product"}],"wp:featuredmedia":[{"embeddable":true,"href":"https:\/\/eyeofthewind.net\/en\/wp-json\/wp\/v2\/media\/4301"}],"wp:attachment":[{"href":"https:\/\/eyeofthewind.net\/en\/wp-json\/wp\/v2\/media?parent=4300"}],"wp:term":[{"taxonomy":"product_brand","embeddable":true,"href":"https:\/\/eyeofthewind.net\/en\/wp-json\/wp\/v2\/product_brand?post=4300"},{"taxonomy":"product_cat","embeddable":true,"href":"https:\/\/eyeofthewind.net\/en\/wp-json\/wp\/v2\/product_cat?post=4300"},{"taxonomy":"product_tag","embeddable":true,"href":"https:\/\/eyeofthewind.net\/en\/wp-json\/wp\/v2\/product_tag?post=4300"}],"curies":[{"name":"wp","href":"https:\/\/api.w.org\/{rel}","templated":true}]}}