{"id":4314,"date":"2025-09-03T11:56:15","date_gmt":"2025-09-03T09:56:15","guid":{"rendered":"https:\/\/eyeofthewind.net\/?post_type=product&#038;p=4314"},"modified":"2026-03-31T13:08:36","modified_gmt":"2026-03-31T11:08:36","slug":"hamburger-harbour-birthday-day-cruise-on-the-elbe-2","status":"publish","type":"product","link":"https:\/\/eyeofthewind.net\/en\/produkt\/hamburger-hafengeburtstag-tagesfahrt-auf-der-elbe-2\/","title":{"rendered":"Hamburg Harbour Birthday: day trip on the Elbe"},"content":{"rendered":"<p class=\"translation-block\">A <strong>day trip lasting several hours on the historic tall ship Eye of the Wind<\/strong> offers you the most beautiful view of the colourful hustle and bustle on land and the <strong>scenic beauty of the Lower Elbe<\/strong>. Over a welcome drink, you will quickly get to know your fellow passengers for the day. Or <strong>bring your family and friends on board with you<\/strong> and enjoy an unforgettable experience together on <strong>one of the last original tall ships<\/strong>.<\/p>\n<p class=\"translation-block\">As the muffled honking of the harbour tugs in the bustling part of the harbour fades away, we slowly sail past the <strong>Oevelg\u00f6nne museum harbour<\/strong> and soon afterwards see the white villas of <strong>Hamburg's posh suburb of Blankenese<\/strong> on our starboard side. Meanwhile, a meal served in the cosy deckhouse provides the necessary refreshment. In the stylish ambience of the saloon or on the open sun deck of the Eye of the Wind, you can enjoy our <strong>delicious on-board cuisine<\/strong> in a maritime setting.<\/p>\n<p class=\"translation-block\">Further information can be found in our <a href=\"\/en\/hamburger-hafengeburtstag-the-biggest-harbour-festival-in-the-world\/\" target=\"_self\">blog post <strong>Hamburg Harbour Birthday \u2013 \"the biggest harbour festival in the world\"<\/strong><\/a>.<\/p>\n<p><strong>Price for children and young people up to 14 years = 70 euros.<br \/>\nAdults and young people older than 14 years = 140 euros.<\/strong><\/p>","protected":false},"excerpt":{"rendered":"<p>Eine mehrst\u00fcndige Tagesfahrt auf dem historischen Windjammer Eye of the Wind bietet Ihnen den sch\u00f6nsten Blick auf das bunte Treiben an Land und auf die landschaftliche Sch\u00f6nheit der Unterelbe. Bei einem Begr\u00fc\u00dfungsgetr\u00e4nk lernen Sie schnell Ihre Mitreisenden f\u00fcr den heutigen Tag kennen. Oder bringen Sie gleich Ihre Familie und Freunde mit zu uns an Bord [&hellip;]<\/p>\n","protected":false},"featured_media":4310,"template":"","meta":{"_acf_changed":false,"_vp_format_video_url":"","_vp_image_focal_point":[]},"product_brand":[],"product_cat":[15],"product_tag":[],"class_list":{"0":"post-4314","1":"product","2":"type-product","3":"status-publish","4":"has-post-thumbnail","6":"product_cat-unkategorisiert","8":"first","9":"instock","10":"taxable","11":"shipping-taxable","12":"purchasable","13":"product-type-variable"},"acf":[],"yoast_head":"<!-- This site is optimized with the Yoast SEO plugin v27.4 - https:\/\/yoast.com\/product\/yoast-seo-wordpress\/ -->\n<title>Hamburger Hafengeburtstag: Tagesfahrt auf der Elbe - Segelschiff Charter &amp; Reisen - Eye of the Wind<\/title>\n<meta name=\"description\" content=\"837. Hamburger Hafengeburtstag: Tagesfahrt auf der Elbe mit dem Segelschiff Eye of the Wind, inkl. Verpflegung, Jugendliche fahren zum halben Preis mit\" \/>\n<meta name=\"robots\" content=\"index, follow, max-snippet:-1, max-image-preview:large, max-video-preview:-1\" \/>\n<link rel=\"canonical\" href=\"https:\/\/eyeofthewind.net\/en\/product\/hamburger-harbour-birthday-day-cruise-on-the-elbe-2\/\" \/>\n<meta property=\"og:locale\" content=\"en_GB\" \/>\n<meta property=\"og:type\" content=\"article\" \/>\n<meta property=\"og:title\" content=\"Hamburger Hafengeburtstag: Tagesfahrt auf der Elbe - Segelschiff Charter &amp; Reisen - Eye of the Wind\" \/>\n<meta property=\"og:description\" content=\"837. Hamburger Hafengeburtstag: Tagesfahrt auf der Elbe mit dem Segelschiff Eye of the Wind, inkl. Verpflegung, Jugendliche fahren zum halben Preis mit\" \/>\n<meta property=\"og:url\" content=\"https:\/\/eyeofthewind.net\/en\/product\/hamburger-harbour-birthday-day-cruise-on-the-elbe-2\/\" \/>\n<meta property=\"og:site_name\" content=\"Segelschiff Charter &amp; Reisen - Eye of the Wind\" \/>\n<meta property=\"article:modified_time\" content=\"2026-03-31T11:08:36+00:00\" \/>\n<meta property=\"og:image\" content=\"https:\/\/eyeofthewind.net\/wp-content\/uploads\/2025\/09\/019A8482-scaled.jpg\" \/>\n\t<meta property=\"og:image:width\" content=\"2560\" \/>\n\t<meta property=\"og:image:height\" content=\"1760\" \/>\n\t<meta property=\"og:image:type\" content=\"image\/jpeg\" \/>\n<meta name=\"twitter:card\" content=\"summary_large_image\" \/>\n<meta name=\"twitter:label1\" content=\"Estimated reading time\" \/>\n\t<meta name=\"twitter:data1\" content=\"2 minutes\" \/>\n<script type=\"application\/ld+json\" class=\"yoast-schema-graph\">{\"@context\":\"https:\\\/\\\/schema.org\",\"@graph\":[{\"@type\":\"WebPage\",\"@id\":\"https:\\\/\\\/eyeofthewind.net\\\/produkt\\\/hamburger-hafengeburtstag-tagesfahrt-auf-der-elbe-2\\\/\",\"url\":\"https:\\\/\\\/eyeofthewind.net\\\/produkt\\\/hamburger-hafengeburtstag-tagesfahrt-auf-der-elbe-2\\\/\",\"name\":\"Hamburger Hafengeburtstag: Tagesfahrt auf der Elbe - Segelschiff Charter &amp; Reisen - Eye of the Wind\",\"isPartOf\":{\"@id\":\"https:\\\/\\\/eyeofthewind.net\\\/#website\"},\"primaryImageOfPage\":{\"@id\":\"https:\\\/\\\/eyeofthewind.net\\\/produkt\\\/hamburger-hafengeburtstag-tagesfahrt-auf-der-elbe-2\\\/#primaryimage\"},\"image\":{\"@id\":\"https:\\\/\\\/eyeofthewind.net\\\/produkt\\\/hamburger-hafengeburtstag-tagesfahrt-auf-der-elbe-2\\\/#primaryimage\"},\"thumbnailUrl\":\"https:\\\/\\\/eyeofthewind.net\\\/wp-content\\\/uploads\\\/2025\\\/09\\\/019A8482-scaled.jpg\",\"datePublished\":\"2025-09-03T09:56:15+00:00\",\"dateModified\":\"2026-03-31T11:08:36+00:00\",\"description\":\"837. Hamburger Hafengeburtstag: Tagesfahrt auf der Elbe mit dem Segelschiff Eye of the Wind, inkl. Verpflegung, Jugendliche fahren zum halben Preis mit\",\"breadcrumb\":{\"@id\":\"https:\\\/\\\/eyeofthewind.net\\\/produkt\\\/hamburger-hafengeburtstag-tagesfahrt-auf-der-elbe-2\\\/#breadcrumb\"},\"inLanguage\":\"en-GB\",\"potentialAction\":[{\"@type\":\"ReadAction\",\"target\":[\"https:\\\/\\\/eyeofthewind.net\\\/produkt\\\/hamburger-hafengeburtstag-tagesfahrt-auf-der-elbe-2\\\/\"]}]},{\"@type\":\"ImageObject\",\"inLanguage\":\"en-GB\",\"@id\":\"https:\\\/\\\/eyeofthewind.net\\\/produkt\\\/hamburger-hafengeburtstag-tagesfahrt-auf-der-elbe-2\\\/#primaryimage\",\"url\":\"https:\\\/\\\/eyeofthewind.net\\\/wp-content\\\/uploads\\\/2025\\\/09\\\/019A8482-scaled.jpg\",\"contentUrl\":\"https:\\\/\\\/eyeofthewind.net\\\/wp-content\\\/uploads\\\/2025\\\/09\\\/019A8482-scaled.jpg\",\"width\":2560,\"height\":1760,\"caption\":\"Hamburger Hafengeburtstag Tagesfahrt auf der Elbe Containerterminal Hamburg\"},{\"@type\":\"BreadcrumbList\",\"@id\":\"https:\\\/\\\/eyeofthewind.net\\\/produkt\\\/hamburger-hafengeburtstag-tagesfahrt-auf-der-elbe-2\\\/#breadcrumb\",\"itemListElement\":[{\"@type\":\"ListItem\",\"position\":1,\"name\":\"Startseite\",\"item\":\"https:\\\/\\\/eyeofthewind.net\\\/\"},{\"@type\":\"ListItem\",\"position\":2,\"name\":\"Shop\",\"item\":\"https:\\\/\\\/eyeofthewind.net\\\/shop\\\/\"},{\"@type\":\"ListItem\",\"position\":3,\"name\":\"Hamburger Hafengeburtstag: Tagesfahrt auf der Elbe\"}]},{\"@type\":\"WebSite\",\"@id\":\"https:\\\/\\\/eyeofthewind.net\\\/#website\",\"url\":\"https:\\\/\\\/eyeofthewind.net\\\/\",\"name\":\"Segelschiff Charter &amp; Reisen - Eye of the Wind\",\"description\":\"Segelurlaub mit der Eye of the Wind: Segelt\u00f6rns zwischen Ostsee, Kanaren und Karibik. Jeder kann mitsegeln! Mehr zu Ihrer Segelreise.\",\"publisher\":{\"@id\":\"https:\\\/\\\/eyeofthewind.net\\\/#organization\"},\"potentialAction\":[{\"@type\":\"SearchAction\",\"target\":{\"@type\":\"EntryPoint\",\"urlTemplate\":\"https:\\\/\\\/eyeofthewind.net\\\/?s={search_term_string}\"},\"query-input\":{\"@type\":\"PropertyValueSpecification\",\"valueRequired\":true,\"valueName\":\"search_term_string\"}}],\"inLanguage\":\"en-GB\"},{\"@type\":\"Organization\",\"@id\":\"https:\\\/\\\/eyeofthewind.net\\\/#organization\",\"name\":\"Segelschiff Charter &amp; Reisen - Eye of the Wind\",\"url\":\"https:\\\/\\\/eyeofthewind.net\\\/\",\"logo\":{\"@type\":\"ImageObject\",\"inLanguage\":\"en-GB\",\"@id\":\"https:\\\/\\\/eyeofthewind.net\\\/#\\\/schema\\\/logo\\\/image\\\/\",\"url\":\"https:\\\/\\\/eyeofthewind.net\\\/wp-content\\\/uploads\\\/2024\\\/10\\\/L_Eye_weiss.svg\",\"contentUrl\":\"https:\\\/\\\/eyeofthewind.net\\\/wp-content\\\/uploads\\\/2024\\\/10\\\/L_Eye_weiss.svg\",\"width\":202,\"height\":123,\"caption\":\"Segelschiff Charter &amp; Reisen - Eye of the Wind\"},\"image\":{\"@id\":\"https:\\\/\\\/eyeofthewind.net\\\/#\\\/schema\\\/logo\\\/image\\\/\"}}]}<\/script>\n<!-- \/ Yoast SEO plugin. -->","yoast_head_json":{"title":"Hamburg Harbour Birthday: Day trip on the Elbe - Sailing Ship Charter &amp; Travel - Eye of the Wind","description":"837th Hamburg Harbour Birthday: Day trip on the Elbe with the sailing ship Eye of the Wind, incl. catering, young people travel at half price","robots":{"index":"index","follow":"follow","max-snippet":"max-snippet:-1","max-image-preview":"max-image-preview:large","max-video-preview":"max-video-preview:-1"},"canonical":"https:\/\/eyeofthewind.net\/en\/product\/hamburger-harbour-birthday-day-cruise-on-the-elbe-2\/","og_locale":"en_GB","og_type":"article","og_title":"Hamburger Hafengeburtstag: Tagesfahrt auf der Elbe - Segelschiff Charter &amp; Reisen - Eye of the Wind","og_description":"837. Hamburger Hafengeburtstag: Tagesfahrt auf der Elbe mit dem Segelschiff Eye of the Wind, inkl. Verpflegung, Jugendliche fahren zum halben Preis mit","og_url":"https:\/\/eyeofthewind.net\/en\/product\/hamburger-harbour-birthday-day-cruise-on-the-elbe-2\/","og_site_name":"Segelschiff Charter &amp; Reisen - Eye of the Wind","article_modified_time":"2026-03-31T11:08:36+00:00","og_image":[{"width":2560,"height":1760,"url":"https:\/\/eyeofthewind.net\/wp-content\/uploads\/2025\/09\/019A8482-scaled.jpg","type":"image\/jpeg"}],"twitter_card":"summary_large_image","twitter_misc":{"Estimated reading time":"2 minutes"},"schema":{"@context":"https:\/\/schema.org","@graph":[{"@type":"WebPage","@id":"https:\/\/eyeofthewind.net\/produkt\/hamburger-hafengeburtstag-tagesfahrt-auf-der-elbe-2\/","url":"https:\/\/eyeofthewind.net\/produkt\/hamburger-hafengeburtstag-tagesfahrt-auf-der-elbe-2\/","name":"Hamburg Harbour Birthday: Day trip on the Elbe - Sailing Ship Charter &amp; Travel - Eye of the Wind","isPartOf":{"@id":"https:\/\/eyeofthewind.net\/#website"},"primaryImageOfPage":{"@id":"https:\/\/eyeofthewind.net\/produkt\/hamburger-hafengeburtstag-tagesfahrt-auf-der-elbe-2\/#primaryimage"},"image":{"@id":"https:\/\/eyeofthewind.net\/produkt\/hamburger-hafengeburtstag-tagesfahrt-auf-der-elbe-2\/#primaryimage"},"thumbnailUrl":"https:\/\/eyeofthewind.net\/wp-content\/uploads\/2025\/09\/019A8482-scaled.jpg","datePublished":"2025-09-03T09:56:15+00:00","dateModified":"2026-03-31T11:08:36+00:00","description":"837th Hamburg Harbour Birthday: Day trip on the Elbe with the sailing ship Eye of the Wind, incl. catering, young people travel at half price","breadcrumb":{"@id":"https:\/\/eyeofthewind.net\/produkt\/hamburger-hafengeburtstag-tagesfahrt-auf-der-elbe-2\/#breadcrumb"},"inLanguage":"en-GB","potentialAction":[{"@type":"ReadAction","target":["https:\/\/eyeofthewind.net\/produkt\/hamburger-hafengeburtstag-tagesfahrt-auf-der-elbe-2\/"]}]},{"@type":"ImageObject","inLanguage":"en-GB","@id":"https:\/\/eyeofthewind.net\/produkt\/hamburger-hafengeburtstag-tagesfahrt-auf-der-elbe-2\/#primaryimage","url":"https:\/\/eyeofthewind.net\/wp-content\/uploads\/2025\/09\/019A8482-scaled.jpg","contentUrl":"https:\/\/eyeofthewind.net\/wp-content\/uploads\/2025\/09\/019A8482-scaled.jpg","width":2560,"height":1760,"caption":"Hamburger Hafengeburtstag Tagesfahrt auf der Elbe Containerterminal Hamburg"},{"@type":"BreadcrumbList","@id":"https:\/\/eyeofthewind.net\/produkt\/hamburger-hafengeburtstag-tagesfahrt-auf-der-elbe-2\/#breadcrumb","itemListElement":[{"@type":"ListItem","position":1,"name":"Startseite","item":"https:\/\/eyeofthewind.net\/"},{"@type":"ListItem","position":2,"name":"Shop","item":"https:\/\/eyeofthewind.net\/shop\/"},{"@type":"ListItem","position":3,"name":"Hamburger Hafengeburtstag: Tagesfahrt auf der Elbe"}]},{"@type":"WebSite","@id":"https:\/\/eyeofthewind.net\/#website","url":"https:\/\/eyeofthewind.net\/","name":"Sailing Ship Charter &amp; Travelling - Eye of the Wind","description":"Sailing holidays with the Eye of the Wind: sailing trips between the Baltic Sea, Canary Islands and Caribbean. Anyone can sail with us! More about your sailing holiday.","publisher":{"@id":"https:\/\/eyeofthewind.net\/#organization"},"potentialAction":[{"@type":"SearchAction","target":{"@type":"EntryPoint","urlTemplate":"https:\/\/eyeofthewind.net\/?s={search_term_string}"},"query-input":{"@type":"PropertyValueSpecification","valueRequired":true,"valueName":"search_term_string"}}],"inLanguage":"en-GB"},{"@type":"Organization","@id":"https:\/\/eyeofthewind.net\/#organization","name":"Sailing Ship Charter &amp; Travelling - Eye of the Wind","url":"https:\/\/eyeofthewind.net\/","logo":{"@type":"ImageObject","inLanguage":"en-GB","@id":"https:\/\/eyeofthewind.net\/#\/schema\/logo\/image\/","url":"https:\/\/eyeofthewind.net\/wp-content\/uploads\/2024\/10\/L_Eye_weiss.svg","contentUrl":"https:\/\/eyeofthewind.net\/wp-content\/uploads\/2024\/10\/L_Eye_weiss.svg","width":202,"height":123,"caption":"Segelschiff Charter &amp; Reisen - Eye of the Wind"},"image":{"@id":"https:\/\/eyeofthewind.net\/#\/schema\/logo\/image\/"}}]}},"_links":{"self":[{"href":"https:\/\/eyeofthewind.net\/en\/wp-json\/wp\/v2\/product\/4314","targetHints":{"allow":["GET"]}}],"collection":[{"href":"https:\/\/eyeofthewind.net\/en\/wp-json\/wp\/v2\/product"}],"about":[{"href":"https:\/\/eyeofthewind.net\/en\/wp-json\/wp\/v2\/types\/product"}],"wp:featuredmedia":[{"embeddable":true,"href":"https:\/\/eyeofthewind.net\/en\/wp-json\/wp\/v2\/media\/4310"}],"wp:attachment":[{"href":"https:\/\/eyeofthewind.net\/en\/wp-json\/wp\/v2\/media?parent=4314"}],"wp:term":[{"taxonomy":"product_brand","embeddable":true,"href":"https:\/\/eyeofthewind.net\/en\/wp-json\/wp\/v2\/product_brand?post=4314"},{"taxonomy":"product_cat","embeddable":true,"href":"https:\/\/eyeofthewind.net\/en\/wp-json\/wp\/v2\/product_cat?post=4314"},{"taxonomy":"product_tag","embeddable":true,"href":"https:\/\/eyeofthewind.net\/en\/wp-json\/wp\/v2\/product_tag?post=4314"}],"curies":[{"name":"wp","href":"https:\/\/api.w.org\/{rel}","templated":true}]}}