{"id":4333,"date":"2025-09-04T09:35:25","date_gmt":"2025-09-04T07:35:25","guid":{"rendered":"https:\/\/eyeofthewind.net\/?post_type=product&#038;p=4333"},"modified":"2025-12-11T10:24:08","modified_gmt":"2025-12-11T09:24:08","slug":"hamburger-harbour-birthday-brunch-on-board","status":"publish","type":"product","link":"https:\/\/eyeofthewind.net\/en\/produkt\/hamburger-hafengeburtstag-brunch-an-bord\/","title":{"rendered":"Hamburg Harbour Birthday: Brunch on board"},"content":{"rendered":"<p class=\"translation-block\">Start your Sunday morning \u2013 in good time before the <a href=\"\/en\/product\/hamburger-harbour-birthday-big-departure-parade-overnight-stay\/\" target=\"_self\">Sail-out parade<\/a> \u2013 with a leisurely and stylish <strong>brunch aboard a sailing ship that is over 100 years old<\/strong> and once had its home port in Hamburg! In the immediate vicinity of the Elbphilharmonie and <strong>amidst the activities surrounding the 837<sup>th<\/sup> Hamburg Harbour Birthday<\/strong>, enjoy a delicious breakfast in the awakening harbour scene.<\/p>\n<p>Please note the following: The ship remains moored during this time; this is not a day trip offer.<\/p>\n<p class=\"translation-block\">Our tip: This <strong>harbour brunch<\/strong> is also an ideal <a href=\"\/en\/vouchers\/\" target=\"_self\"><strong>Mother's Day gift<\/strong><\/a>.<\/p>\n<p class=\"translation-block\">Further information can be found in our <a href=\"\/en\/hamburger-hafengeburtstag-the-biggest-harbour-festival-in-the-world\/\" target=\"_self\">blog post <strong>Hamburg Harbour Birthday \u2013 \"the biggest harbour festival in the world\"<\/strong><\/a>.<\/p>\n<p>&nbsp;<\/p>","protected":false},"excerpt":{"rendered":"<p>Beginnen Sie den Sonntagvormittag \u2013 rechtzeitig vor der gro\u00dfen Auslaufparade \u2013 mit einem gem\u00fctlichen und stilvollen Brunch an Bord eines \u00fcber 100 Jahre alten Segelschiffs, das einst in Hamburg seinen Heimathafen hatte! In unmittelbarer Umgebung der Elbphilharmonie und inmitten der Aktivit\u00e4ten rund um 837. Hamburger Hafengeburtstag genie\u00dfen Sie ein leckeres Fr\u00fchst\u00fcck in der erwachenden Hafenszene. [&hellip;]<\/p>\n","protected":false},"featured_media":4340,"template":"","meta":{"_acf_changed":false,"_vp_format_video_url":"","_vp_image_focal_point":[]},"product_brand":[],"product_cat":[15],"product_tag":[],"class_list":{"0":"post-4333","1":"product","2":"type-product","3":"status-publish","4":"has-post-thumbnail","6":"product_cat-unkategorisiert","8":"first","9":"outofstock","10":"virtual","11":"taxable","12":"purchasable","13":"product-type-simple"},"acf":[],"yoast_head":"<!-- This site is optimized with the Yoast SEO plugin v27.4 - https:\/\/yoast.com\/product\/yoast-seo-wordpress\/ -->\n<title>Hamburger Hafengeburtstag: Brunch an Bord - Segelschiff Charter &amp; Reisen - Eye of the Wind<\/title>\n<meta name=\"description\" content=\"837. Hamburger Hafengeburtstag: Brunch an Bord auf dem Segelschiff Eye of the Wind, ideal geeignet als Geschenk zum Muttertag\" \/>\n<meta name=\"robots\" content=\"index, follow, max-snippet:-1, max-image-preview:large, max-video-preview:-1\" \/>\n<link rel=\"canonical\" href=\"https:\/\/eyeofthewind.net\/en\/product\/hamburger-harbour-birthday-brunch-on-board\/\" \/>\n<meta property=\"og:locale\" content=\"en_GB\" \/>\n<meta property=\"og:type\" content=\"article\" \/>\n<meta property=\"og:title\" content=\"Hamburger Hafengeburtstag: Brunch an Bord - Segelschiff Charter &amp; Reisen - Eye of the Wind\" \/>\n<meta property=\"og:description\" content=\"837. Hamburger Hafengeburtstag: Brunch an Bord auf dem Segelschiff Eye of the Wind, ideal geeignet als Geschenk zum Muttertag\" \/>\n<meta property=\"og:url\" content=\"https:\/\/eyeofthewind.net\/en\/product\/hamburger-harbour-birthday-brunch-on-board\/\" \/>\n<meta property=\"og:site_name\" content=\"Segelschiff Charter &amp; Reisen - Eye of the Wind\" \/>\n<meta property=\"article:modified_time\" content=\"2025-12-11T09:24:08+00:00\" \/>\n<meta property=\"og:image\" content=\"https:\/\/eyeofthewind.net\/wp-content\/uploads\/2025\/09\/IMG_5873-Ingolf-Schaefer_edited-scaled.jpg\" \/>\n\t<meta property=\"og:image:width\" content=\"2560\" \/>\n\t<meta property=\"og:image:height\" content=\"1706\" \/>\n\t<meta property=\"og:image:type\" content=\"image\/jpeg\" \/>\n<meta name=\"twitter:card\" content=\"summary_large_image\" \/>\n<meta name=\"twitter:label1\" content=\"Estimated reading time\" \/>\n\t<meta name=\"twitter:data1\" content=\"1 minute\" \/>\n<script type=\"application\/ld+json\" class=\"yoast-schema-graph\">{\"@context\":\"https:\\\/\\\/schema.org\",\"@graph\":[{\"@type\":\"WebPage\",\"@id\":\"https:\\\/\\\/eyeofthewind.net\\\/produkt\\\/hamburger-hafengeburtstag-brunch-an-bord\\\/\",\"url\":\"https:\\\/\\\/eyeofthewind.net\\\/produkt\\\/hamburger-hafengeburtstag-brunch-an-bord\\\/\",\"name\":\"Hamburger Hafengeburtstag: Brunch an Bord - Segelschiff Charter &amp; Reisen - Eye of the Wind\",\"isPartOf\":{\"@id\":\"https:\\\/\\\/eyeofthewind.net\\\/#website\"},\"primaryImageOfPage\":{\"@id\":\"https:\\\/\\\/eyeofthewind.net\\\/produkt\\\/hamburger-hafengeburtstag-brunch-an-bord\\\/#primaryimage\"},\"image\":{\"@id\":\"https:\\\/\\\/eyeofthewind.net\\\/produkt\\\/hamburger-hafengeburtstag-brunch-an-bord\\\/#primaryimage\"},\"thumbnailUrl\":\"https:\\\/\\\/eyeofthewind.net\\\/wp-content\\\/uploads\\\/2025\\\/09\\\/IMG_5873-Ingolf-Schaefer_edited-scaled.jpg\",\"datePublished\":\"2025-09-04T07:35:25+00:00\",\"dateModified\":\"2025-12-11T09:24:08+00:00\",\"description\":\"837. Hamburger Hafengeburtstag: Brunch an Bord auf dem Segelschiff Eye of the Wind, ideal geeignet als Geschenk zum Muttertag\",\"breadcrumb\":{\"@id\":\"https:\\\/\\\/eyeofthewind.net\\\/produkt\\\/hamburger-hafengeburtstag-brunch-an-bord\\\/#breadcrumb\"},\"inLanguage\":\"en-GB\",\"potentialAction\":[{\"@type\":\"ReadAction\",\"target\":[\"https:\\\/\\\/eyeofthewind.net\\\/produkt\\\/hamburger-hafengeburtstag-brunch-an-bord\\\/\"]}]},{\"@type\":\"ImageObject\",\"inLanguage\":\"en-GB\",\"@id\":\"https:\\\/\\\/eyeofthewind.net\\\/produkt\\\/hamburger-hafengeburtstag-brunch-an-bord\\\/#primaryimage\",\"url\":\"https:\\\/\\\/eyeofthewind.net\\\/wp-content\\\/uploads\\\/2025\\\/09\\\/IMG_5873-Ingolf-Schaefer_edited-scaled.jpg\",\"contentUrl\":\"https:\\\/\\\/eyeofthewind.net\\\/wp-content\\\/uploads\\\/2025\\\/09\\\/IMG_5873-Ingolf-Schaefer_edited-scaled.jpg\",\"width\":2560,\"height\":1706,\"caption\":\"Hamburger Hafengeburtstag: Brunch an Bord\"},{\"@type\":\"BreadcrumbList\",\"@id\":\"https:\\\/\\\/eyeofthewind.net\\\/produkt\\\/hamburger-hafengeburtstag-brunch-an-bord\\\/#breadcrumb\",\"itemListElement\":[{\"@type\":\"ListItem\",\"position\":1,\"name\":\"Startseite\",\"item\":\"https:\\\/\\\/eyeofthewind.net\\\/\"},{\"@type\":\"ListItem\",\"position\":2,\"name\":\"Shop\",\"item\":\"https:\\\/\\\/eyeofthewind.net\\\/shop\\\/\"},{\"@type\":\"ListItem\",\"position\":3,\"name\":\"Hamburger Hafengeburtstag: Brunch an Bord\"}]},{\"@type\":\"WebSite\",\"@id\":\"https:\\\/\\\/eyeofthewind.net\\\/#website\",\"url\":\"https:\\\/\\\/eyeofthewind.net\\\/\",\"name\":\"Segelschiff Charter &amp; Reisen - Eye of the Wind\",\"description\":\"Segelurlaub mit der Eye of the Wind: Segelt\u00f6rns zwischen Ostsee, Kanaren und Karibik. Jeder kann mitsegeln! Mehr zu Ihrer Segelreise.\",\"publisher\":{\"@id\":\"https:\\\/\\\/eyeofthewind.net\\\/#organization\"},\"potentialAction\":[{\"@type\":\"SearchAction\",\"target\":{\"@type\":\"EntryPoint\",\"urlTemplate\":\"https:\\\/\\\/eyeofthewind.net\\\/?s={search_term_string}\"},\"query-input\":{\"@type\":\"PropertyValueSpecification\",\"valueRequired\":true,\"valueName\":\"search_term_string\"}}],\"inLanguage\":\"en-GB\"},{\"@type\":\"Organization\",\"@id\":\"https:\\\/\\\/eyeofthewind.net\\\/#organization\",\"name\":\"Segelschiff Charter &amp; Reisen - Eye of the Wind\",\"url\":\"https:\\\/\\\/eyeofthewind.net\\\/\",\"logo\":{\"@type\":\"ImageObject\",\"inLanguage\":\"en-GB\",\"@id\":\"https:\\\/\\\/eyeofthewind.net\\\/#\\\/schema\\\/logo\\\/image\\\/\",\"url\":\"https:\\\/\\\/eyeofthewind.net\\\/wp-content\\\/uploads\\\/2024\\\/10\\\/L_Eye_weiss.svg\",\"contentUrl\":\"https:\\\/\\\/eyeofthewind.net\\\/wp-content\\\/uploads\\\/2024\\\/10\\\/L_Eye_weiss.svg\",\"width\":202,\"height\":123,\"caption\":\"Segelschiff Charter &amp; Reisen - Eye of the Wind\"},\"image\":{\"@id\":\"https:\\\/\\\/eyeofthewind.net\\\/#\\\/schema\\\/logo\\\/image\\\/\"}}]}<\/script>\n<!-- \/ Yoast SEO plugin. -->","yoast_head_json":{"title":"Hamburg Harbour Birthday: Brunch on board - Sailing Ship Charter &amp; Travel - Eye of the Wind","description":"837th Hamburg Harbour Birthday: Brunch on board the sailing ship Eye of the Wind, ideal as a gift for Mother's Day","robots":{"index":"index","follow":"follow","max-snippet":"max-snippet:-1","max-image-preview":"max-image-preview:large","max-video-preview":"max-video-preview:-1"},"canonical":"https:\/\/eyeofthewind.net\/en\/product\/hamburger-harbour-birthday-brunch-on-board\/","og_locale":"en_GB","og_type":"article","og_title":"Hamburger Hafengeburtstag: Brunch an Bord - Segelschiff Charter &amp; Reisen - Eye of the Wind","og_description":"837. Hamburger Hafengeburtstag: Brunch an Bord auf dem Segelschiff Eye of the Wind, ideal geeignet als Geschenk zum Muttertag","og_url":"https:\/\/eyeofthewind.net\/en\/product\/hamburger-harbour-birthday-brunch-on-board\/","og_site_name":"Segelschiff Charter &amp; Reisen - Eye of the Wind","article_modified_time":"2025-12-11T09:24:08+00:00","og_image":[{"width":2560,"height":1706,"url":"https:\/\/eyeofthewind.net\/wp-content\/uploads\/2025\/09\/IMG_5873-Ingolf-Schaefer_edited-scaled.jpg","type":"image\/jpeg"}],"twitter_card":"summary_large_image","twitter_misc":{"Estimated reading time":"1 minute"},"schema":{"@context":"https:\/\/schema.org","@graph":[{"@type":"WebPage","@id":"https:\/\/eyeofthewind.net\/produkt\/hamburger-hafengeburtstag-brunch-an-bord\/","url":"https:\/\/eyeofthewind.net\/produkt\/hamburger-hafengeburtstag-brunch-an-bord\/","name":"Hamburg Harbour Birthday: Brunch on board - Sailing Ship Charter &amp; Travel - Eye of the Wind","isPartOf":{"@id":"https:\/\/eyeofthewind.net\/#website"},"primaryImageOfPage":{"@id":"https:\/\/eyeofthewind.net\/produkt\/hamburger-hafengeburtstag-brunch-an-bord\/#primaryimage"},"image":{"@id":"https:\/\/eyeofthewind.net\/produkt\/hamburger-hafengeburtstag-brunch-an-bord\/#primaryimage"},"thumbnailUrl":"https:\/\/eyeofthewind.net\/wp-content\/uploads\/2025\/09\/IMG_5873-Ingolf-Schaefer_edited-scaled.jpg","datePublished":"2025-09-04T07:35:25+00:00","dateModified":"2025-12-11T09:24:08+00:00","description":"837th Hamburg Harbour Birthday: Brunch on board the sailing ship Eye of the Wind, ideal as a gift for Mother's Day","breadcrumb":{"@id":"https:\/\/eyeofthewind.net\/produkt\/hamburger-hafengeburtstag-brunch-an-bord\/#breadcrumb"},"inLanguage":"en-GB","potentialAction":[{"@type":"ReadAction","target":["https:\/\/eyeofthewind.net\/produkt\/hamburger-hafengeburtstag-brunch-an-bord\/"]}]},{"@type":"ImageObject","inLanguage":"en-GB","@id":"https:\/\/eyeofthewind.net\/produkt\/hamburger-hafengeburtstag-brunch-an-bord\/#primaryimage","url":"https:\/\/eyeofthewind.net\/wp-content\/uploads\/2025\/09\/IMG_5873-Ingolf-Schaefer_edited-scaled.jpg","contentUrl":"https:\/\/eyeofthewind.net\/wp-content\/uploads\/2025\/09\/IMG_5873-Ingolf-Schaefer_edited-scaled.jpg","width":2560,"height":1706,"caption":"Hamburger Hafengeburtstag: Brunch an Bord"},{"@type":"BreadcrumbList","@id":"https:\/\/eyeofthewind.net\/produkt\/hamburger-hafengeburtstag-brunch-an-bord\/#breadcrumb","itemListElement":[{"@type":"ListItem","position":1,"name":"Startseite","item":"https:\/\/eyeofthewind.net\/"},{"@type":"ListItem","position":2,"name":"Shop","item":"https:\/\/eyeofthewind.net\/shop\/"},{"@type":"ListItem","position":3,"name":"Hamburger Hafengeburtstag: Brunch an Bord"}]},{"@type":"WebSite","@id":"https:\/\/eyeofthewind.net\/#website","url":"https:\/\/eyeofthewind.net\/","name":"Sailing Ship Charter &amp; Travelling - Eye of the Wind","description":"Sailing holidays with the Eye of the Wind: sailing trips between the Baltic Sea, Canary Islands and Caribbean. Anyone can sail with us! More about your sailing holiday.","publisher":{"@id":"https:\/\/eyeofthewind.net\/#organization"},"potentialAction":[{"@type":"SearchAction","target":{"@type":"EntryPoint","urlTemplate":"https:\/\/eyeofthewind.net\/?s={search_term_string}"},"query-input":{"@type":"PropertyValueSpecification","valueRequired":true,"valueName":"search_term_string"}}],"inLanguage":"en-GB"},{"@type":"Organization","@id":"https:\/\/eyeofthewind.net\/#organization","name":"Sailing Ship Charter &amp; Travelling - Eye of the Wind","url":"https:\/\/eyeofthewind.net\/","logo":{"@type":"ImageObject","inLanguage":"en-GB","@id":"https:\/\/eyeofthewind.net\/#\/schema\/logo\/image\/","url":"https:\/\/eyeofthewind.net\/wp-content\/uploads\/2024\/10\/L_Eye_weiss.svg","contentUrl":"https:\/\/eyeofthewind.net\/wp-content\/uploads\/2024\/10\/L_Eye_weiss.svg","width":202,"height":123,"caption":"Segelschiff Charter &amp; Reisen - Eye of the Wind"},"image":{"@id":"https:\/\/eyeofthewind.net\/#\/schema\/logo\/image\/"}}]}},"_links":{"self":[{"href":"https:\/\/eyeofthewind.net\/en\/wp-json\/wp\/v2\/product\/4333","targetHints":{"allow":["GET"]}}],"collection":[{"href":"https:\/\/eyeofthewind.net\/en\/wp-json\/wp\/v2\/product"}],"about":[{"href":"https:\/\/eyeofthewind.net\/en\/wp-json\/wp\/v2\/types\/product"}],"wp:featuredmedia":[{"embeddable":true,"href":"https:\/\/eyeofthewind.net\/en\/wp-json\/wp\/v2\/media\/4340"}],"wp:attachment":[{"href":"https:\/\/eyeofthewind.net\/en\/wp-json\/wp\/v2\/media?parent=4333"}],"wp:term":[{"taxonomy":"product_brand","embeddable":true,"href":"https:\/\/eyeofthewind.net\/en\/wp-json\/wp\/v2\/product_brand?post=4333"},{"taxonomy":"product_cat","embeddable":true,"href":"https:\/\/eyeofthewind.net\/en\/wp-json\/wp\/v2\/product_cat?post=4333"},{"taxonomy":"product_tag","embeddable":true,"href":"https:\/\/eyeofthewind.net\/en\/wp-json\/wp\/v2\/product_tag?post=4333"}],"curies":[{"name":"wp","href":"https:\/\/api.w.org\/{rel}","templated":true}]}}