{"id":4399,"date":"2025-09-08T09:22:32","date_gmt":"2025-09-08T07:22:32","guid":{"rendered":"https:\/\/eyeofthewind.net\/?post_type=product&#038;p=4399"},"modified":"2026-04-16T08:02:11","modified_gmt":"2026-04-16T06:02:11","slug":"north-baltic-sea-canal-kiel-bay-flensburg-fjord","status":"publish","type":"product","link":"https:\/\/eyeofthewind.net\/en\/produkt\/nord-ostsee-kanal-kieler-bucht-flensburger-foerde\/","title":{"rendered":"The Kiel Canal, Kiel Bight and Flensburg Fjord"},"content":{"rendered":"<p class=\"translation-block\">Join the crew of the Eye of the Wind on a varied <strong>journey between Hamburg and Flensburg<\/strong> \u2013 right through the heart of Schleswig-Holstein. First, we sail through <strong>the Lower Elbe region<\/strong>. In the <strong>Kiel Canal<\/strong>, we pass under ten high bridges and experience the never-ending traffic of container ships, cruise ships, pleasure boats and ferries on the world's busiest artificial waterway. We plan to <strong>set sail on the Kiel Fjord<\/strong> and make a stopover in Kiel-Holtenau or Kappeln on the Schlei fjord on the Baltic Sea. Another optional stopover can be <strong>Sonderborg in the Danish South Sea<\/strong> \u2013 on this route, you will explore very <strong>different sailing areas within a few days<\/strong> during this taster cruise. At the end of the cruise, we reach <strong>Flensburg<\/strong>, where the Eye of the Wind takes part in the traditional <a href=\"\/en\/cruise\/day-trips\/rumregatta-flensburg\/\" target=\"_self\"><strong>rum regatta<\/strong><\/a>.<\/p>\n<p class=\"translation-block\">Our tip: Extend your stay on board and <a>experience the rum regatta<\/a> \"right in the middle\" from the water.<\/p>","protected":false},"excerpt":{"rendered":"<p>Begleiten Sie die Crew der Eye of the Wind auf einer abwechslungsreichen Fahrt zwischen Hamburg und Flensburg \u2013 mitten durch Schleswig-Holstein. Zun\u00e4chst befahren wir das Revier der Unterelbe. Im Nord-Ostsee-Kanal unterqueren wir zehn Hochbr\u00fccken und erleben den niemals endenden Schiffsverkehr aus Container- und Kreuzfahrtschiffen, Sportbooten und F\u00e4hren auf der meistbefahrenen k\u00fcnstlichen Wasserstra\u00dfe der Welt. Auf [&hellip;]<\/p>\n","protected":false},"featured_media":4402,"template":"","meta":{"_acf_changed":false,"_vp_format_video_url":"","_vp_image_focal_point":[]},"product_brand":[],"product_cat":[15],"product_tag":[],"class_list":{"0":"post-4399","1":"product","2":"type-product","3":"status-publish","4":"has-post-thumbnail","6":"product_cat-unkategorisiert","8":"first","9":"instock","10":"virtual","11":"taxable","12":"purchasable","13":"product-type-simple"},"acf":[],"yoast_head":"<!-- This site is optimized with the Yoast SEO plugin v27.4 - https:\/\/yoast.com\/product\/yoast-seo-wordpress\/ -->\n<title>Nord-Ostsee-Kanal, Kieler Bucht und Flensburger F\u00f6rde - Segelschiff Charter &amp; Reisen - Eye of the Wind<\/title>\n<meta name=\"description\" content=\"Nord-Ostsee-Kanal, Kieler Bucht und Flensburger F\u00f6rde: Segelt\u00f6rn auf Elbe, Nord-Ostsee-Kanal und Ostsee - mit der Eye of the Wind von Hamburg nach Flensburg\" \/>\n<meta name=\"robots\" content=\"index, follow, max-snippet:-1, max-image-preview:large, max-video-preview:-1\" \/>\n<link rel=\"canonical\" href=\"https:\/\/eyeofthewind.net\/en\/product\/north-baltic-sea-canal-kiel-bay-flensburg-fjord\/\" \/>\n<meta property=\"og:locale\" content=\"en_GB\" \/>\n<meta property=\"og:type\" content=\"article\" \/>\n<meta property=\"og:title\" content=\"Nord-Ostsee-Kanal, Kieler Bucht und Flensburger F\u00f6rde - Segelschiff Charter &amp; Reisen - Eye of the Wind\" \/>\n<meta property=\"og:description\" content=\"Nord-Ostsee-Kanal, Kieler Bucht und Flensburger F\u00f6rde: Segelt\u00f6rn auf Elbe, Nord-Ostsee-Kanal und Ostsee - mit der Eye of the Wind von Hamburg nach Flensburg\" \/>\n<meta property=\"og:url\" content=\"https:\/\/eyeofthewind.net\/en\/product\/north-baltic-sea-canal-kiel-bay-flensburg-fjord\/\" \/>\n<meta property=\"og:site_name\" content=\"Segelschiff Charter &amp; Reisen - Eye of the Wind\" \/>\n<meta property=\"article:modified_time\" content=\"2026-04-16T06:02:11+00:00\" \/>\n<meta property=\"og:image\" content=\"https:\/\/eyeofthewind.net\/wp-content\/uploads\/2025\/09\/Ostseetoerns_Passieren_Kiel-Leuchtturm.jpg\" \/>\n\t<meta property=\"og:image:width\" content=\"1024\" \/>\n\t<meta property=\"og:image:height\" content=\"678\" \/>\n\t<meta property=\"og:image:type\" content=\"image\/jpeg\" \/>\n<meta name=\"twitter:card\" content=\"summary_large_image\" \/>\n<meta name=\"twitter:label1\" content=\"Estimated reading time\" \/>\n\t<meta name=\"twitter:data1\" content=\"1 minute\" \/>\n<script type=\"application\/ld+json\" class=\"yoast-schema-graph\">{\"@context\":\"https:\\\/\\\/schema.org\",\"@graph\":[{\"@type\":\"WebPage\",\"@id\":\"https:\\\/\\\/eyeofthewind.net\\\/produkt\\\/nord-ostsee-kanal-kieler-bucht-flensburger-foerde\\\/\",\"url\":\"https:\\\/\\\/eyeofthewind.net\\\/produkt\\\/nord-ostsee-kanal-kieler-bucht-flensburger-foerde\\\/\",\"name\":\"Nord-Ostsee-Kanal, Kieler Bucht und Flensburger F\u00f6rde - Segelschiff Charter &amp; Reisen - Eye of the Wind\",\"isPartOf\":{\"@id\":\"https:\\\/\\\/eyeofthewind.net\\\/#website\"},\"primaryImageOfPage\":{\"@id\":\"https:\\\/\\\/eyeofthewind.net\\\/produkt\\\/nord-ostsee-kanal-kieler-bucht-flensburger-foerde\\\/#primaryimage\"},\"image\":{\"@id\":\"https:\\\/\\\/eyeofthewind.net\\\/produkt\\\/nord-ostsee-kanal-kieler-bucht-flensburger-foerde\\\/#primaryimage\"},\"thumbnailUrl\":\"https:\\\/\\\/eyeofthewind.net\\\/wp-content\\\/uploads\\\/2025\\\/09\\\/Ostseetoerns_Passieren_Kiel-Leuchtturm.jpg\",\"datePublished\":\"2025-09-08T07:22:32+00:00\",\"dateModified\":\"2026-04-16T06:02:11+00:00\",\"description\":\"Nord-Ostsee-Kanal, Kieler Bucht und Flensburger F\u00f6rde: Segelt\u00f6rn auf Elbe, Nord-Ostsee-Kanal und Ostsee - mit der Eye of the Wind von Hamburg nach Flensburg\",\"breadcrumb\":{\"@id\":\"https:\\\/\\\/eyeofthewind.net\\\/produkt\\\/nord-ostsee-kanal-kieler-bucht-flensburger-foerde\\\/#breadcrumb\"},\"inLanguage\":\"en-GB\",\"potentialAction\":[{\"@type\":\"ReadAction\",\"target\":[\"https:\\\/\\\/eyeofthewind.net\\\/produkt\\\/nord-ostsee-kanal-kieler-bucht-flensburger-foerde\\\/\"]}]},{\"@type\":\"ImageObject\",\"inLanguage\":\"en-GB\",\"@id\":\"https:\\\/\\\/eyeofthewind.net\\\/produkt\\\/nord-ostsee-kanal-kieler-bucht-flensburger-foerde\\\/#primaryimage\",\"url\":\"https:\\\/\\\/eyeofthewind.net\\\/wp-content\\\/uploads\\\/2025\\\/09\\\/Ostseetoerns_Passieren_Kiel-Leuchtturm.jpg\",\"contentUrl\":\"https:\\\/\\\/eyeofthewind.net\\\/wp-content\\\/uploads\\\/2025\\\/09\\\/Ostseetoerns_Passieren_Kiel-Leuchtturm.jpg\",\"width\":1024,\"height\":678,\"caption\":\"Nord-Ostsee-Kanal, Kieler Bucht und Flensburger F\u00f6rde, Leuchtturm Kiel\"},{\"@type\":\"BreadcrumbList\",\"@id\":\"https:\\\/\\\/eyeofthewind.net\\\/produkt\\\/nord-ostsee-kanal-kieler-bucht-flensburger-foerde\\\/#breadcrumb\",\"itemListElement\":[{\"@type\":\"ListItem\",\"position\":1,\"name\":\"Startseite\",\"item\":\"https:\\\/\\\/eyeofthewind.net\\\/\"},{\"@type\":\"ListItem\",\"position\":2,\"name\":\"Shop\",\"item\":\"https:\\\/\\\/eyeofthewind.net\\\/shop\\\/\"},{\"@type\":\"ListItem\",\"position\":3,\"name\":\"Nord-Ostsee-Kanal, Kieler Bucht und Flensburger F\u00f6rde\"}]},{\"@type\":\"WebSite\",\"@id\":\"https:\\\/\\\/eyeofthewind.net\\\/#website\",\"url\":\"https:\\\/\\\/eyeofthewind.net\\\/\",\"name\":\"Segelschiff Charter &amp; Reisen - Eye of the Wind\",\"description\":\"Segelurlaub mit der Eye of the Wind: Segelt\u00f6rns zwischen Ostsee, Kanaren und Karibik. Jeder kann mitsegeln! Mehr zu Ihrer Segelreise.\",\"publisher\":{\"@id\":\"https:\\\/\\\/eyeofthewind.net\\\/#organization\"},\"potentialAction\":[{\"@type\":\"SearchAction\",\"target\":{\"@type\":\"EntryPoint\",\"urlTemplate\":\"https:\\\/\\\/eyeofthewind.net\\\/?s={search_term_string}\"},\"query-input\":{\"@type\":\"PropertyValueSpecification\",\"valueRequired\":true,\"valueName\":\"search_term_string\"}}],\"inLanguage\":\"en-GB\"},{\"@type\":\"Organization\",\"@id\":\"https:\\\/\\\/eyeofthewind.net\\\/#organization\",\"name\":\"Segelschiff Charter &amp; Reisen - Eye of the Wind\",\"url\":\"https:\\\/\\\/eyeofthewind.net\\\/\",\"logo\":{\"@type\":\"ImageObject\",\"inLanguage\":\"en-GB\",\"@id\":\"https:\\\/\\\/eyeofthewind.net\\\/#\\\/schema\\\/logo\\\/image\\\/\",\"url\":\"https:\\\/\\\/eyeofthewind.net\\\/wp-content\\\/uploads\\\/2024\\\/10\\\/L_Eye_weiss.svg\",\"contentUrl\":\"https:\\\/\\\/eyeofthewind.net\\\/wp-content\\\/uploads\\\/2024\\\/10\\\/L_Eye_weiss.svg\",\"width\":202,\"height\":123,\"caption\":\"Segelschiff Charter &amp; Reisen - Eye of the Wind\"},\"image\":{\"@id\":\"https:\\\/\\\/eyeofthewind.net\\\/#\\\/schema\\\/logo\\\/image\\\/\"}}]}<\/script>\n<!-- \/ Yoast SEO plugin. -->","yoast_head_json":{"title":"Kiel Canal, Bay of Kiel and Flensburg Fjord - Sailboat Charter &amp; Travel - Eye of the Wind","description":"Kiel Canal, Bay of Kiel and Flensburg Fjord: Sailing trip on the Elbe, Kiel Canal and Baltic Sea - with the Eye of the Wind from Hamburg to Flensburg","robots":{"index":"index","follow":"follow","max-snippet":"max-snippet:-1","max-image-preview":"max-image-preview:large","max-video-preview":"max-video-preview:-1"},"canonical":"https:\/\/eyeofthewind.net\/en\/product\/north-baltic-sea-canal-kiel-bay-flensburg-fjord\/","og_locale":"en_GB","og_type":"article","og_title":"Nord-Ostsee-Kanal, Kieler Bucht und Flensburger F\u00f6rde - Segelschiff Charter &amp; Reisen - Eye of the Wind","og_description":"Nord-Ostsee-Kanal, Kieler Bucht und Flensburger F\u00f6rde: Segelt\u00f6rn auf Elbe, Nord-Ostsee-Kanal und Ostsee - mit der Eye of the Wind von Hamburg nach Flensburg","og_url":"https:\/\/eyeofthewind.net\/en\/product\/north-baltic-sea-canal-kiel-bay-flensburg-fjord\/","og_site_name":"Segelschiff Charter &amp; Reisen - Eye of the Wind","article_modified_time":"2026-04-16T06:02:11+00:00","og_image":[{"width":1024,"height":678,"url":"https:\/\/eyeofthewind.net\/wp-content\/uploads\/2025\/09\/Ostseetoerns_Passieren_Kiel-Leuchtturm.jpg","type":"image\/jpeg"}],"twitter_card":"summary_large_image","twitter_misc":{"Estimated reading time":"1 minute"},"schema":{"@context":"https:\/\/schema.org","@graph":[{"@type":"WebPage","@id":"https:\/\/eyeofthewind.net\/produkt\/nord-ostsee-kanal-kieler-bucht-flensburger-foerde\/","url":"https:\/\/eyeofthewind.net\/produkt\/nord-ostsee-kanal-kieler-bucht-flensburger-foerde\/","name":"Kiel Canal, Bay of Kiel and Flensburg Fjord - Sailboat Charter &amp; Travel - Eye of the Wind","isPartOf":{"@id":"https:\/\/eyeofthewind.net\/#website"},"primaryImageOfPage":{"@id":"https:\/\/eyeofthewind.net\/produkt\/nord-ostsee-kanal-kieler-bucht-flensburger-foerde\/#primaryimage"},"image":{"@id":"https:\/\/eyeofthewind.net\/produkt\/nord-ostsee-kanal-kieler-bucht-flensburger-foerde\/#primaryimage"},"thumbnailUrl":"https:\/\/eyeofthewind.net\/wp-content\/uploads\/2025\/09\/Ostseetoerns_Passieren_Kiel-Leuchtturm.jpg","datePublished":"2025-09-08T07:22:32+00:00","dateModified":"2026-04-16T06:02:11+00:00","description":"Kiel Canal, Bay of Kiel and Flensburg Fjord: Sailing trip on the Elbe, Kiel Canal and Baltic Sea - with the Eye of the Wind from Hamburg to Flensburg","breadcrumb":{"@id":"https:\/\/eyeofthewind.net\/produkt\/nord-ostsee-kanal-kieler-bucht-flensburger-foerde\/#breadcrumb"},"inLanguage":"en-GB","potentialAction":[{"@type":"ReadAction","target":["https:\/\/eyeofthewind.net\/produkt\/nord-ostsee-kanal-kieler-bucht-flensburger-foerde\/"]}]},{"@type":"ImageObject","inLanguage":"en-GB","@id":"https:\/\/eyeofthewind.net\/produkt\/nord-ostsee-kanal-kieler-bucht-flensburger-foerde\/#primaryimage","url":"https:\/\/eyeofthewind.net\/wp-content\/uploads\/2025\/09\/Ostseetoerns_Passieren_Kiel-Leuchtturm.jpg","contentUrl":"https:\/\/eyeofthewind.net\/wp-content\/uploads\/2025\/09\/Ostseetoerns_Passieren_Kiel-Leuchtturm.jpg","width":1024,"height":678,"caption":"Nord-Ostsee-Kanal, Kieler Bucht und Flensburger F\u00f6rde, Leuchtturm Kiel"},{"@type":"BreadcrumbList","@id":"https:\/\/eyeofthewind.net\/produkt\/nord-ostsee-kanal-kieler-bucht-flensburger-foerde\/#breadcrumb","itemListElement":[{"@type":"ListItem","position":1,"name":"Startseite","item":"https:\/\/eyeofthewind.net\/"},{"@type":"ListItem","position":2,"name":"Shop","item":"https:\/\/eyeofthewind.net\/shop\/"},{"@type":"ListItem","position":3,"name":"Nord-Ostsee-Kanal, Kieler Bucht und Flensburger F\u00f6rde"}]},{"@type":"WebSite","@id":"https:\/\/eyeofthewind.net\/#website","url":"https:\/\/eyeofthewind.net\/","name":"Sailing Ship Charter &amp; Travelling - Eye of the Wind","description":"Sailing holidays with the Eye of the Wind: sailing trips between the Baltic Sea, Canary Islands and Caribbean. Anyone can sail with us! More about your sailing holiday.","publisher":{"@id":"https:\/\/eyeofthewind.net\/#organization"},"potentialAction":[{"@type":"SearchAction","target":{"@type":"EntryPoint","urlTemplate":"https:\/\/eyeofthewind.net\/?s={search_term_string}"},"query-input":{"@type":"PropertyValueSpecification","valueRequired":true,"valueName":"search_term_string"}}],"inLanguage":"en-GB"},{"@type":"Organization","@id":"https:\/\/eyeofthewind.net\/#organization","name":"Sailing Ship Charter &amp; Travelling - Eye of the Wind","url":"https:\/\/eyeofthewind.net\/","logo":{"@type":"ImageObject","inLanguage":"en-GB","@id":"https:\/\/eyeofthewind.net\/#\/schema\/logo\/image\/","url":"https:\/\/eyeofthewind.net\/wp-content\/uploads\/2024\/10\/L_Eye_weiss.svg","contentUrl":"https:\/\/eyeofthewind.net\/wp-content\/uploads\/2024\/10\/L_Eye_weiss.svg","width":202,"height":123,"caption":"Segelschiff Charter &amp; Reisen - Eye of the Wind"},"image":{"@id":"https:\/\/eyeofthewind.net\/#\/schema\/logo\/image\/"}}]}},"_links":{"self":[{"href":"https:\/\/eyeofthewind.net\/en\/wp-json\/wp\/v2\/product\/4399","targetHints":{"allow":["GET"]}}],"collection":[{"href":"https:\/\/eyeofthewind.net\/en\/wp-json\/wp\/v2\/product"}],"about":[{"href":"https:\/\/eyeofthewind.net\/en\/wp-json\/wp\/v2\/types\/product"}],"wp:featuredmedia":[{"embeddable":true,"href":"https:\/\/eyeofthewind.net\/en\/wp-json\/wp\/v2\/media\/4402"}],"wp:attachment":[{"href":"https:\/\/eyeofthewind.net\/en\/wp-json\/wp\/v2\/media?parent=4399"}],"wp:term":[{"taxonomy":"product_brand","embeddable":true,"href":"https:\/\/eyeofthewind.net\/en\/wp-json\/wp\/v2\/product_brand?post=4399"},{"taxonomy":"product_cat","embeddable":true,"href":"https:\/\/eyeofthewind.net\/en\/wp-json\/wp\/v2\/product_cat?post=4399"},{"taxonomy":"product_tag","embeddable":true,"href":"https:\/\/eyeofthewind.net\/en\/wp-json\/wp\/v2\/product_tag?post=4399"}],"curies":[{"name":"wp","href":"https:\/\/api.w.org\/{rel}","templated":true}]}}