{"id":4407,"date":"2025-09-08T10:18:27","date_gmt":"2025-09-08T08:18:27","guid":{"rendered":"https:\/\/eyeofthewind.net\/?post_type=product&#038;p=4407"},"modified":"2026-04-02T11:48:35","modified_gmt":"2026-04-02T09:48:35","slug":"rumregatta-flensburg","status":"publish","type":"product","link":"https:\/\/eyeofthewind.net\/en\/produkt\/rumregatta-flensburg\/","title":{"rendered":"Rum Regatta Flensburg"},"content":{"rendered":"<p class=\"translation-block\">The <strong>Rum Regatta<\/strong> has developed into the largest <strong>gathering of former commercial vessels under sail<\/strong> in Northern Europe. In a <strong>fleet of numerous historic sailing ships and boats<\/strong>, you can experience <strong>a day on the Flensburg Fjord<\/strong> as part of this relaxed, not always entirely serious regatta event. \"It's all about taking part! Anyone who can't resist and wants to come first will be mercilessly mocked \u2013 we have the most shameful prizes under the northern sun \u2013 and <strong>the runner-up will be rewarded with a giant bottle of rum<\/strong>. That's the custom in Flensburg and that's how it will stay.\" \u2013 With these words, the organisers describe the basic idea behind their event.<\/p>\n<p class=\"translation-block\">Enjoy a welcome drink and get to know your fellow passengers for the day. Or bring your family and friends on board and experience a varied day together <strong>on one of the last original tall ships of our time<\/strong>. From the museum harbour, <strong>we set course for the Danish Ox Islands<\/strong>, passing shipyards, naval bases and along the <strong>green shores of the Flensburg Fjord<\/strong>, which are particularly impressive from the sea. Sea air makes you hungry: in the stylish ambience of the saloon or on the <strong>open deck of the Eye of the Wind<\/strong>, you can <strong>enjoy a delicious meal<\/strong> with a view of the regatta field. The regatta is scheduled to end at 4.30 p.m. Don't miss the subsequent \"award giveaway\", because this creative and comical \"ceremony with a difference\" is the secret highlight of every Rum Regatta.<\/p>\n<p class=\"translation-block\">The rum regatta can also be booked <a href=\"\/en\/product\/rumregatta-flensburg-with-overnight-stay\/\" target=\"_self\">with an overnight stay<\/a>.<\/p>","protected":false},"excerpt":{"rendered":"<p>Die Rumregatta hat sich zum gr\u00f6\u00dften nordeurop\u00e4ischen Treffen ehemaliger Berufsfahrzeuge unter Segeln entwickelt. In einer Flotte aus zahlreichen historischen Segelschiffen und -booten erleben Sie einen Tag auf der Flensburger F\u00f6rde im Rahmen dieser lockeren, nicht immer ganz ernst gemeinten Regatta-Veranstaltung. &#8222;Es geht ums Dabeisein! Wer es partout nicht lassen kann und Erster werden will, wird [&hellip;]<\/p>\n","protected":false},"featured_media":4409,"template":"","meta":{"_acf_changed":false,"_vp_format_video_url":"","_vp_image_focal_point":[]},"product_brand":[],"product_cat":[15],"product_tag":[],"class_list":{"0":"post-4407","1":"product","2":"type-product","3":"status-publish","4":"has-post-thumbnail","6":"product_cat-unkategorisiert","8":"first","9":"outofstock","10":"virtual","11":"taxable","12":"purchasable","13":"product-type-simple"},"acf":[],"yoast_head":"<!-- This site is optimized with the Yoast SEO plugin v27.4 - https:\/\/yoast.com\/product\/yoast-seo-wordpress\/ -->\n<title>Rumregatta Flensburg - Segelschiff Charter &amp; Reisen - Eye of the Wind<\/title>\n<meta name=\"description\" content=\"Rumregatta Flensburg: Tagesfahrt auf der Flensburger F\u00f6rde mit dem Segelschiff Eye of the Wind, inkl. Verpflegung an Bord.\" \/>\n<meta name=\"robots\" content=\"index, follow, max-snippet:-1, max-image-preview:large, max-video-preview:-1\" \/>\n<link rel=\"canonical\" href=\"https:\/\/eyeofthewind.net\/en\/product\/rumregatta-flensburg\/\" \/>\n<meta property=\"og:locale\" content=\"en_GB\" \/>\n<meta property=\"og:type\" content=\"article\" \/>\n<meta property=\"og:title\" content=\"Rumregatta Flensburg - Segelschiff Charter &amp; Reisen - Eye of the Wind\" \/>\n<meta property=\"og:description\" content=\"Rumregatta Flensburg: Tagesfahrt auf der Flensburger F\u00f6rde mit dem Segelschiff Eye of the Wind, inkl. Verpflegung an Bord.\" \/>\n<meta property=\"og:url\" content=\"https:\/\/eyeofthewind.net\/en\/product\/rumregatta-flensburg\/\" \/>\n<meta property=\"og:site_name\" content=\"Segelschiff Charter &amp; Reisen - Eye of the Wind\" \/>\n<meta property=\"article:modified_time\" content=\"2026-04-02T09:48:35+00:00\" \/>\n<meta property=\"og:image\" content=\"https:\/\/eyeofthewind.net\/wp-content\/uploads\/2025\/09\/Flensburg-RUMREGATTA-2014-b.jpg\" \/>\n\t<meta property=\"og:image:width\" content=\"791\" \/>\n\t<meta property=\"og:image:height\" content=\"599\" \/>\n\t<meta property=\"og:image:type\" content=\"image\/jpeg\" \/>\n<meta name=\"twitter:card\" content=\"summary_large_image\" \/>\n<meta name=\"twitter:label1\" content=\"Estimated reading time\" \/>\n\t<meta name=\"twitter:data1\" content=\"2 minutes\" \/>\n<script type=\"application\/ld+json\" class=\"yoast-schema-graph\">{\"@context\":\"https:\\\/\\\/schema.org\",\"@graph\":[{\"@type\":\"WebPage\",\"@id\":\"https:\\\/\\\/eyeofthewind.net\\\/produkt\\\/rumregatta-flensburg\\\/\",\"url\":\"https:\\\/\\\/eyeofthewind.net\\\/produkt\\\/rumregatta-flensburg\\\/\",\"name\":\"Rumregatta Flensburg - Segelschiff Charter &amp; Reisen - Eye of the Wind\",\"isPartOf\":{\"@id\":\"https:\\\/\\\/eyeofthewind.net\\\/#website\"},\"primaryImageOfPage\":{\"@id\":\"https:\\\/\\\/eyeofthewind.net\\\/produkt\\\/rumregatta-flensburg\\\/#primaryimage\"},\"image\":{\"@id\":\"https:\\\/\\\/eyeofthewind.net\\\/produkt\\\/rumregatta-flensburg\\\/#primaryimage\"},\"thumbnailUrl\":\"https:\\\/\\\/eyeofthewind.net\\\/wp-content\\\/uploads\\\/2025\\\/09\\\/Flensburg-RUMREGATTA-2014-b.jpg\",\"datePublished\":\"2025-09-08T08:18:27+00:00\",\"dateModified\":\"2026-04-02T09:48:35+00:00\",\"description\":\"Rumregatta Flensburg: Tagesfahrt auf der Flensburger F\u00f6rde mit dem Segelschiff Eye of the Wind, inkl. Verpflegung an Bord.\",\"breadcrumb\":{\"@id\":\"https:\\\/\\\/eyeofthewind.net\\\/produkt\\\/rumregatta-flensburg\\\/#breadcrumb\"},\"inLanguage\":\"en-GB\",\"potentialAction\":[{\"@type\":\"ReadAction\",\"target\":[\"https:\\\/\\\/eyeofthewind.net\\\/produkt\\\/rumregatta-flensburg\\\/\"]}]},{\"@type\":\"ImageObject\",\"inLanguage\":\"en-GB\",\"@id\":\"https:\\\/\\\/eyeofthewind.net\\\/produkt\\\/rumregatta-flensburg\\\/#primaryimage\",\"url\":\"https:\\\/\\\/eyeofthewind.net\\\/wp-content\\\/uploads\\\/2025\\\/09\\\/Flensburg-RUMREGATTA-2014-b.jpg\",\"contentUrl\":\"https:\\\/\\\/eyeofthewind.net\\\/wp-content\\\/uploads\\\/2025\\\/09\\\/Flensburg-RUMREGATTA-2014-b.jpg\",\"width\":791,\"height\":599,\"caption\":\"Rumregatta Flensburg\"},{\"@type\":\"BreadcrumbList\",\"@id\":\"https:\\\/\\\/eyeofthewind.net\\\/produkt\\\/rumregatta-flensburg\\\/#breadcrumb\",\"itemListElement\":[{\"@type\":\"ListItem\",\"position\":1,\"name\":\"Startseite\",\"item\":\"https:\\\/\\\/eyeofthewind.net\\\/\"},{\"@type\":\"ListItem\",\"position\":2,\"name\":\"Shop\",\"item\":\"https:\\\/\\\/eyeofthewind.net\\\/shop\\\/\"},{\"@type\":\"ListItem\",\"position\":3,\"name\":\"Rumregatta Flensburg\"}]},{\"@type\":\"WebSite\",\"@id\":\"https:\\\/\\\/eyeofthewind.net\\\/#website\",\"url\":\"https:\\\/\\\/eyeofthewind.net\\\/\",\"name\":\"Segelschiff Charter &amp; Reisen - Eye of the Wind\",\"description\":\"Segelurlaub mit der Eye of the Wind: Segelt\u00f6rns zwischen Ostsee, Kanaren und Karibik. Jeder kann mitsegeln! Mehr zu Ihrer Segelreise.\",\"publisher\":{\"@id\":\"https:\\\/\\\/eyeofthewind.net\\\/#organization\"},\"potentialAction\":[{\"@type\":\"SearchAction\",\"target\":{\"@type\":\"EntryPoint\",\"urlTemplate\":\"https:\\\/\\\/eyeofthewind.net\\\/?s={search_term_string}\"},\"query-input\":{\"@type\":\"PropertyValueSpecification\",\"valueRequired\":true,\"valueName\":\"search_term_string\"}}],\"inLanguage\":\"en-GB\"},{\"@type\":\"Organization\",\"@id\":\"https:\\\/\\\/eyeofthewind.net\\\/#organization\",\"name\":\"Segelschiff Charter &amp; Reisen - Eye of the Wind\",\"url\":\"https:\\\/\\\/eyeofthewind.net\\\/\",\"logo\":{\"@type\":\"ImageObject\",\"inLanguage\":\"en-GB\",\"@id\":\"https:\\\/\\\/eyeofthewind.net\\\/#\\\/schema\\\/logo\\\/image\\\/\",\"url\":\"https:\\\/\\\/eyeofthewind.net\\\/wp-content\\\/uploads\\\/2024\\\/10\\\/L_Eye_weiss.svg\",\"contentUrl\":\"https:\\\/\\\/eyeofthewind.net\\\/wp-content\\\/uploads\\\/2024\\\/10\\\/L_Eye_weiss.svg\",\"width\":202,\"height\":123,\"caption\":\"Segelschiff Charter &amp; Reisen - Eye of the Wind\"},\"image\":{\"@id\":\"https:\\\/\\\/eyeofthewind.net\\\/#\\\/schema\\\/logo\\\/image\\\/\"}}]}<\/script>\n<!-- \/ Yoast SEO plugin. -->","yoast_head_json":{"title":"Rumregatta Flensburg - Sailing Ship Charter &amp; Travelling - Eye of the Wind","description":"Rum Regatta Flensburg: Day trip on the Flensburg Fjord with the sailing ship Eye of the Wind, including catering on board.","robots":{"index":"index","follow":"follow","max-snippet":"max-snippet:-1","max-image-preview":"max-image-preview:large","max-video-preview":"max-video-preview:-1"},"canonical":"https:\/\/eyeofthewind.net\/en\/product\/rumregatta-flensburg\/","og_locale":"en_GB","og_type":"article","og_title":"Rumregatta Flensburg - Segelschiff Charter &amp; Reisen - Eye of the Wind","og_description":"Rumregatta Flensburg: Tagesfahrt auf der Flensburger F\u00f6rde mit dem Segelschiff Eye of the Wind, inkl. Verpflegung an Bord.","og_url":"https:\/\/eyeofthewind.net\/en\/product\/rumregatta-flensburg\/","og_site_name":"Segelschiff Charter &amp; Reisen - Eye of the Wind","article_modified_time":"2026-04-02T09:48:35+00:00","og_image":[{"width":791,"height":599,"url":"https:\/\/eyeofthewind.net\/wp-content\/uploads\/2025\/09\/Flensburg-RUMREGATTA-2014-b.jpg","type":"image\/jpeg"}],"twitter_card":"summary_large_image","twitter_misc":{"Estimated reading time":"2 minutes"},"schema":{"@context":"https:\/\/schema.org","@graph":[{"@type":"WebPage","@id":"https:\/\/eyeofthewind.net\/produkt\/rumregatta-flensburg\/","url":"https:\/\/eyeofthewind.net\/produkt\/rumregatta-flensburg\/","name":"Rumregatta Flensburg - Sailing Ship Charter &amp; Travelling - Eye of the Wind","isPartOf":{"@id":"https:\/\/eyeofthewind.net\/#website"},"primaryImageOfPage":{"@id":"https:\/\/eyeofthewind.net\/produkt\/rumregatta-flensburg\/#primaryimage"},"image":{"@id":"https:\/\/eyeofthewind.net\/produkt\/rumregatta-flensburg\/#primaryimage"},"thumbnailUrl":"https:\/\/eyeofthewind.net\/wp-content\/uploads\/2025\/09\/Flensburg-RUMREGATTA-2014-b.jpg","datePublished":"2025-09-08T08:18:27+00:00","dateModified":"2026-04-02T09:48:35+00:00","description":"Rum Regatta Flensburg: Day trip on the Flensburg Fjord with the sailing ship Eye of the Wind, including catering on board.","breadcrumb":{"@id":"https:\/\/eyeofthewind.net\/produkt\/rumregatta-flensburg\/#breadcrumb"},"inLanguage":"en-GB","potentialAction":[{"@type":"ReadAction","target":["https:\/\/eyeofthewind.net\/produkt\/rumregatta-flensburg\/"]}]},{"@type":"ImageObject","inLanguage":"en-GB","@id":"https:\/\/eyeofthewind.net\/produkt\/rumregatta-flensburg\/#primaryimage","url":"https:\/\/eyeofthewind.net\/wp-content\/uploads\/2025\/09\/Flensburg-RUMREGATTA-2014-b.jpg","contentUrl":"https:\/\/eyeofthewind.net\/wp-content\/uploads\/2025\/09\/Flensburg-RUMREGATTA-2014-b.jpg","width":791,"height":599,"caption":"Rumregatta Flensburg"},{"@type":"BreadcrumbList","@id":"https:\/\/eyeofthewind.net\/produkt\/rumregatta-flensburg\/#breadcrumb","itemListElement":[{"@type":"ListItem","position":1,"name":"Startseite","item":"https:\/\/eyeofthewind.net\/"},{"@type":"ListItem","position":2,"name":"Shop","item":"https:\/\/eyeofthewind.net\/shop\/"},{"@type":"ListItem","position":3,"name":"Rumregatta Flensburg"}]},{"@type":"WebSite","@id":"https:\/\/eyeofthewind.net\/#website","url":"https:\/\/eyeofthewind.net\/","name":"Sailing Ship Charter &amp; Travelling - Eye of the Wind","description":"Sailing holidays with the Eye of the Wind: sailing trips between the Baltic Sea, Canary Islands and Caribbean. Anyone can sail with us! More about your sailing holiday.","publisher":{"@id":"https:\/\/eyeofthewind.net\/#organization"},"potentialAction":[{"@type":"SearchAction","target":{"@type":"EntryPoint","urlTemplate":"https:\/\/eyeofthewind.net\/?s={search_term_string}"},"query-input":{"@type":"PropertyValueSpecification","valueRequired":true,"valueName":"search_term_string"}}],"inLanguage":"en-GB"},{"@type":"Organization","@id":"https:\/\/eyeofthewind.net\/#organization","name":"Sailing Ship Charter &amp; Travelling - Eye of the Wind","url":"https:\/\/eyeofthewind.net\/","logo":{"@type":"ImageObject","inLanguage":"en-GB","@id":"https:\/\/eyeofthewind.net\/#\/schema\/logo\/image\/","url":"https:\/\/eyeofthewind.net\/wp-content\/uploads\/2024\/10\/L_Eye_weiss.svg","contentUrl":"https:\/\/eyeofthewind.net\/wp-content\/uploads\/2024\/10\/L_Eye_weiss.svg","width":202,"height":123,"caption":"Segelschiff Charter &amp; Reisen - Eye of the Wind"},"image":{"@id":"https:\/\/eyeofthewind.net\/#\/schema\/logo\/image\/"}}]}},"_links":{"self":[{"href":"https:\/\/eyeofthewind.net\/en\/wp-json\/wp\/v2\/product\/4407","targetHints":{"allow":["GET"]}}],"collection":[{"href":"https:\/\/eyeofthewind.net\/en\/wp-json\/wp\/v2\/product"}],"about":[{"href":"https:\/\/eyeofthewind.net\/en\/wp-json\/wp\/v2\/types\/product"}],"wp:featuredmedia":[{"embeddable":true,"href":"https:\/\/eyeofthewind.net\/en\/wp-json\/wp\/v2\/media\/4409"}],"wp:attachment":[{"href":"https:\/\/eyeofthewind.net\/en\/wp-json\/wp\/v2\/media?parent=4407"}],"wp:term":[{"taxonomy":"product_brand","embeddable":true,"href":"https:\/\/eyeofthewind.net\/en\/wp-json\/wp\/v2\/product_brand?post=4407"},{"taxonomy":"product_cat","embeddable":true,"href":"https:\/\/eyeofthewind.net\/en\/wp-json\/wp\/v2\/product_cat?post=4407"},{"taxonomy":"product_tag","embeddable":true,"href":"https:\/\/eyeofthewind.net\/en\/wp-json\/wp\/v2\/product_tag?post=4407"}],"curies":[{"name":"wp","href":"https:\/\/api.w.org\/{rel}","templated":true}]}}