{"id":4417,"date":"2025-09-08T12:45:19","date_gmt":"2025-09-08T10:45:19","guid":{"rendered":"https:\/\/eyeofthewind.net\/?post_type=product&#038;p=4417"},"modified":"2026-03-12T09:19:42","modified_gmt":"2026-03-12T08:19:42","slug":"schleswig-holstein-baltic-coast","status":"publish","type":"product","link":"https:\/\/eyeofthewind.net\/en\/produkt\/schleswig-holsteinische-ostseekueste\/","title":{"rendered":"Schleswig-Holstein Baltic Sea coast"},"content":{"rendered":"<p class=\"translation-block\">On this <strong>four-day taster trip on the Baltic Sea<\/strong>, you will experience authentic traditional seamanship, <strong>enjoy the comfort on board<\/strong> and the excellent cuisine, and <strong>explore various coastal towns during shore leave<\/strong> after eventful days at sea. From <strong>Flensburg harbour<\/strong>, we will sail through the fjord and into <strong>the western Baltic Sea<\/strong>. We will remain almost <strong>within sight of the coastline<\/strong>: one possible destination is the <strong>scenic Baltic Sea fjord Schlei<\/strong> with the cosy harbour towns of Maasholm and Kappeln. The destination of this trip is the Tiessenkai in Kiel-Holtenau, located on the western shore of the <strong>Kiel Fjord<\/strong>.<\/p>","protected":false},"excerpt":{"rendered":"<p>Bei diesem viert\u00e4gigen Ostsee-Schnuppert\u00f6rn werden Sie echtes traditionelles Seemannshandwerk erleben, den Komfort an Bord und die hervorragende K\u00fcche genie\u00dfen und nach erlebnisreichen Tagen auf See beim abendlichen Landgang verschiedene K\u00fcstenorte erkunden. Vom Flensburger Hafen aus segeln wir durch die F\u00f6rde und hinein ins Revier der Westlichen Ostsee. Dabei bleiben wir nahezu in Sichtweite der K\u00fcstenlinie: [&hellip;]<\/p>\n","protected":false},"featured_media":4423,"template":"","meta":{"_acf_changed":false,"_vp_format_video_url":"","_vp_image_focal_point":[]},"product_brand":[],"product_cat":[15],"product_tag":[],"class_list":{"0":"post-4417","1":"product","2":"type-product","3":"status-publish","4":"has-post-thumbnail","6":"product_cat-unkategorisiert","8":"first","9":"instock","10":"featured","11":"virtual","12":"purchasable","13":"product-type-simple"},"acf":[],"yoast_head":"<!-- This site is optimized with the Yoast SEO plugin v27.4 - https:\/\/yoast.com\/product\/yoast-seo-wordpress\/ -->\n<title>Schleswig-Holsteinische Ostseek\u00fcste - Segelschiff Charter &amp; Reisen - Eye of the Wind<\/title>\n<meta name=\"description\" content=\"Schleswig-Holsteinische Ostseek\u00fcste: Segelt\u00f6rn auf der Ostsee mit der Eye of the Wind von Flensburg nach Kiel (Deutschland)\" \/>\n<meta name=\"robots\" content=\"index, follow, max-snippet:-1, max-image-preview:large, max-video-preview:-1\" \/>\n<link rel=\"canonical\" href=\"https:\/\/eyeofthewind.net\/en\/product\/schleswig-holstein-baltic-coast\/\" \/>\n<meta property=\"og:locale\" content=\"en_GB\" \/>\n<meta property=\"og:type\" content=\"article\" \/>\n<meta property=\"og:title\" content=\"Schleswig-Holsteinische Ostseek\u00fcste - Segelschiff Charter &amp; Reisen - Eye of the Wind\" \/>\n<meta property=\"og:description\" content=\"Schleswig-Holsteinische Ostseek\u00fcste: Segelt\u00f6rn auf der Ostsee mit der Eye of the Wind von Flensburg nach Kiel (Deutschland)\" \/>\n<meta property=\"og:url\" content=\"https:\/\/eyeofthewind.net\/en\/product\/schleswig-holstein-baltic-coast\/\" \/>\n<meta property=\"og:site_name\" content=\"Segelschiff Charter &amp; Reisen - Eye of the Wind\" \/>\n<meta property=\"article:modified_time\" content=\"2026-03-12T08:19:42+00:00\" \/>\n<meta property=\"og:image\" content=\"https:\/\/eyeofthewind.net\/wp-content\/uploads\/2025\/09\/Schiff_Blick_von_der_Saling-k.jpg\" \/>\n\t<meta property=\"og:image:width\" content=\"768\" \/>\n\t<meta property=\"og:image:height\" content=\"780\" \/>\n\t<meta property=\"og:image:type\" content=\"image\/jpeg\" \/>\n<meta name=\"twitter:card\" content=\"summary_large_image\" \/>\n<meta name=\"twitter:label1\" content=\"Estimated reading time\" \/>\n\t<meta name=\"twitter:data1\" content=\"1 minute\" \/>\n<script type=\"application\/ld+json\" class=\"yoast-schema-graph\">{\"@context\":\"https:\\\/\\\/schema.org\",\"@graph\":[{\"@type\":\"WebPage\",\"@id\":\"https:\\\/\\\/eyeofthewind.net\\\/produkt\\\/schleswig-holsteinische-ostseekueste\\\/\",\"url\":\"https:\\\/\\\/eyeofthewind.net\\\/produkt\\\/schleswig-holsteinische-ostseekueste\\\/\",\"name\":\"Schleswig-Holsteinische Ostseek\u00fcste - Segelschiff Charter &amp; Reisen - Eye of the Wind\",\"isPartOf\":{\"@id\":\"https:\\\/\\\/eyeofthewind.net\\\/#website\"},\"primaryImageOfPage\":{\"@id\":\"https:\\\/\\\/eyeofthewind.net\\\/produkt\\\/schleswig-holsteinische-ostseekueste\\\/#primaryimage\"},\"image\":{\"@id\":\"https:\\\/\\\/eyeofthewind.net\\\/produkt\\\/schleswig-holsteinische-ostseekueste\\\/#primaryimage\"},\"thumbnailUrl\":\"https:\\\/\\\/eyeofthewind.net\\\/wp-content\\\/uploads\\\/2025\\\/09\\\/Schiff_Blick_von_der_Saling-k.jpg\",\"datePublished\":\"2025-09-08T10:45:19+00:00\",\"dateModified\":\"2026-03-12T08:19:42+00:00\",\"description\":\"Schleswig-Holsteinische Ostseek\u00fcste: Segelt\u00f6rn auf der Ostsee mit der Eye of the Wind von Flensburg nach Kiel (Deutschland)\",\"breadcrumb\":{\"@id\":\"https:\\\/\\\/eyeofthewind.net\\\/produkt\\\/schleswig-holsteinische-ostseekueste\\\/#breadcrumb\"},\"inLanguage\":\"en-GB\",\"potentialAction\":[{\"@type\":\"ReadAction\",\"target\":[\"https:\\\/\\\/eyeofthewind.net\\\/produkt\\\/schleswig-holsteinische-ostseekueste\\\/\"]}]},{\"@type\":\"ImageObject\",\"inLanguage\":\"en-GB\",\"@id\":\"https:\\\/\\\/eyeofthewind.net\\\/produkt\\\/schleswig-holsteinische-ostseekueste\\\/#primaryimage\",\"url\":\"https:\\\/\\\/eyeofthewind.net\\\/wp-content\\\/uploads\\\/2025\\\/09\\\/Schiff_Blick_von_der_Saling-k.jpg\",\"contentUrl\":\"https:\\\/\\\/eyeofthewind.net\\\/wp-content\\\/uploads\\\/2025\\\/09\\\/Schiff_Blick_von_der_Saling-k.jpg\",\"width\":768,\"height\":780,\"caption\":\"Schleswig-Holsteinische Ostseek\u00fcste\"},{\"@type\":\"BreadcrumbList\",\"@id\":\"https:\\\/\\\/eyeofthewind.net\\\/produkt\\\/schleswig-holsteinische-ostseekueste\\\/#breadcrumb\",\"itemListElement\":[{\"@type\":\"ListItem\",\"position\":1,\"name\":\"Startseite\",\"item\":\"https:\\\/\\\/eyeofthewind.net\\\/\"},{\"@type\":\"ListItem\",\"position\":2,\"name\":\"Shop\",\"item\":\"https:\\\/\\\/eyeofthewind.net\\\/shop\\\/\"},{\"@type\":\"ListItem\",\"position\":3,\"name\":\"Schleswig-Holsteinische Ostseek\u00fcste\"}]},{\"@type\":\"WebSite\",\"@id\":\"https:\\\/\\\/eyeofthewind.net\\\/#website\",\"url\":\"https:\\\/\\\/eyeofthewind.net\\\/\",\"name\":\"Segelschiff Charter &amp; Reisen - Eye of the Wind\",\"description\":\"Segelurlaub mit der Eye of the Wind: Segelt\u00f6rns zwischen Ostsee, Kanaren und Karibik. Jeder kann mitsegeln! Mehr zu Ihrer Segelreise.\",\"publisher\":{\"@id\":\"https:\\\/\\\/eyeofthewind.net\\\/#organization\"},\"potentialAction\":[{\"@type\":\"SearchAction\",\"target\":{\"@type\":\"EntryPoint\",\"urlTemplate\":\"https:\\\/\\\/eyeofthewind.net\\\/?s={search_term_string}\"},\"query-input\":{\"@type\":\"PropertyValueSpecification\",\"valueRequired\":true,\"valueName\":\"search_term_string\"}}],\"inLanguage\":\"en-GB\"},{\"@type\":\"Organization\",\"@id\":\"https:\\\/\\\/eyeofthewind.net\\\/#organization\",\"name\":\"Segelschiff Charter &amp; Reisen - Eye of the Wind\",\"url\":\"https:\\\/\\\/eyeofthewind.net\\\/\",\"logo\":{\"@type\":\"ImageObject\",\"inLanguage\":\"en-GB\",\"@id\":\"https:\\\/\\\/eyeofthewind.net\\\/#\\\/schema\\\/logo\\\/image\\\/\",\"url\":\"https:\\\/\\\/eyeofthewind.net\\\/wp-content\\\/uploads\\\/2024\\\/10\\\/L_Eye_weiss.svg\",\"contentUrl\":\"https:\\\/\\\/eyeofthewind.net\\\/wp-content\\\/uploads\\\/2024\\\/10\\\/L_Eye_weiss.svg\",\"width\":202,\"height\":123,\"caption\":\"Segelschiff Charter &amp; Reisen - Eye of the Wind\"},\"image\":{\"@id\":\"https:\\\/\\\/eyeofthewind.net\\\/#\\\/schema\\\/logo\\\/image\\\/\"}}]}<\/script>\n<!-- \/ Yoast SEO plugin. -->","yoast_head_json":{"title":"Schleswig-Holstein Baltic Sea Coast - Sailing Ship Charter &amp; Travelling - Eye of the Wind","description":"Schleswig-Holstein Baltic Sea coast: Sailing trip on the Baltic Sea with the Eye of the Wind from Flensburg to Kiel (Germany)","robots":{"index":"index","follow":"follow","max-snippet":"max-snippet:-1","max-image-preview":"max-image-preview:large","max-video-preview":"max-video-preview:-1"},"canonical":"https:\/\/eyeofthewind.net\/en\/product\/schleswig-holstein-baltic-coast\/","og_locale":"en_GB","og_type":"article","og_title":"Schleswig-Holsteinische Ostseek\u00fcste - Segelschiff Charter &amp; Reisen - Eye of the Wind","og_description":"Schleswig-Holsteinische Ostseek\u00fcste: Segelt\u00f6rn auf der Ostsee mit der Eye of the Wind von Flensburg nach Kiel (Deutschland)","og_url":"https:\/\/eyeofthewind.net\/en\/product\/schleswig-holstein-baltic-coast\/","og_site_name":"Segelschiff Charter &amp; Reisen - Eye of the Wind","article_modified_time":"2026-03-12T08:19:42+00:00","og_image":[{"width":768,"height":780,"url":"https:\/\/eyeofthewind.net\/wp-content\/uploads\/2025\/09\/Schiff_Blick_von_der_Saling-k.jpg","type":"image\/jpeg"}],"twitter_card":"summary_large_image","twitter_misc":{"Estimated reading time":"1 minute"},"schema":{"@context":"https:\/\/schema.org","@graph":[{"@type":"WebPage","@id":"https:\/\/eyeofthewind.net\/produkt\/schleswig-holsteinische-ostseekueste\/","url":"https:\/\/eyeofthewind.net\/produkt\/schleswig-holsteinische-ostseekueste\/","name":"Schleswig-Holstein Baltic Sea Coast - Sailing Ship Charter &amp; Travelling - Eye of the Wind","isPartOf":{"@id":"https:\/\/eyeofthewind.net\/#website"},"primaryImageOfPage":{"@id":"https:\/\/eyeofthewind.net\/produkt\/schleswig-holsteinische-ostseekueste\/#primaryimage"},"image":{"@id":"https:\/\/eyeofthewind.net\/produkt\/schleswig-holsteinische-ostseekueste\/#primaryimage"},"thumbnailUrl":"https:\/\/eyeofthewind.net\/wp-content\/uploads\/2025\/09\/Schiff_Blick_von_der_Saling-k.jpg","datePublished":"2025-09-08T10:45:19+00:00","dateModified":"2026-03-12T08:19:42+00:00","description":"Schleswig-Holstein Baltic Sea coast: Sailing trip on the Baltic Sea with the Eye of the Wind from Flensburg to Kiel (Germany)","breadcrumb":{"@id":"https:\/\/eyeofthewind.net\/produkt\/schleswig-holsteinische-ostseekueste\/#breadcrumb"},"inLanguage":"en-GB","potentialAction":[{"@type":"ReadAction","target":["https:\/\/eyeofthewind.net\/produkt\/schleswig-holsteinische-ostseekueste\/"]}]},{"@type":"ImageObject","inLanguage":"en-GB","@id":"https:\/\/eyeofthewind.net\/produkt\/schleswig-holsteinische-ostseekueste\/#primaryimage","url":"https:\/\/eyeofthewind.net\/wp-content\/uploads\/2025\/09\/Schiff_Blick_von_der_Saling-k.jpg","contentUrl":"https:\/\/eyeofthewind.net\/wp-content\/uploads\/2025\/09\/Schiff_Blick_von_der_Saling-k.jpg","width":768,"height":780,"caption":"Schleswig-Holsteinische Ostseek\u00fcste"},{"@type":"BreadcrumbList","@id":"https:\/\/eyeofthewind.net\/produkt\/schleswig-holsteinische-ostseekueste\/#breadcrumb","itemListElement":[{"@type":"ListItem","position":1,"name":"Startseite","item":"https:\/\/eyeofthewind.net\/"},{"@type":"ListItem","position":2,"name":"Shop","item":"https:\/\/eyeofthewind.net\/shop\/"},{"@type":"ListItem","position":3,"name":"Schleswig-Holsteinische Ostseek\u00fcste"}]},{"@type":"WebSite","@id":"https:\/\/eyeofthewind.net\/#website","url":"https:\/\/eyeofthewind.net\/","name":"Sailing Ship Charter &amp; Travelling - Eye of the Wind","description":"Sailing holidays with the Eye of the Wind: sailing trips between the Baltic Sea, Canary Islands and Caribbean. Anyone can sail with us! More about your sailing holiday.","publisher":{"@id":"https:\/\/eyeofthewind.net\/#organization"},"potentialAction":[{"@type":"SearchAction","target":{"@type":"EntryPoint","urlTemplate":"https:\/\/eyeofthewind.net\/?s={search_term_string}"},"query-input":{"@type":"PropertyValueSpecification","valueRequired":true,"valueName":"search_term_string"}}],"inLanguage":"en-GB"},{"@type":"Organization","@id":"https:\/\/eyeofthewind.net\/#organization","name":"Sailing Ship Charter &amp; Travelling - Eye of the Wind","url":"https:\/\/eyeofthewind.net\/","logo":{"@type":"ImageObject","inLanguage":"en-GB","@id":"https:\/\/eyeofthewind.net\/#\/schema\/logo\/image\/","url":"https:\/\/eyeofthewind.net\/wp-content\/uploads\/2024\/10\/L_Eye_weiss.svg","contentUrl":"https:\/\/eyeofthewind.net\/wp-content\/uploads\/2024\/10\/L_Eye_weiss.svg","width":202,"height":123,"caption":"Segelschiff Charter &amp; Reisen - Eye of the Wind"},"image":{"@id":"https:\/\/eyeofthewind.net\/#\/schema\/logo\/image\/"}}]}},"_links":{"self":[{"href":"https:\/\/eyeofthewind.net\/en\/wp-json\/wp\/v2\/product\/4417","targetHints":{"allow":["GET"]}}],"collection":[{"href":"https:\/\/eyeofthewind.net\/en\/wp-json\/wp\/v2\/product"}],"about":[{"href":"https:\/\/eyeofthewind.net\/en\/wp-json\/wp\/v2\/types\/product"}],"wp:featuredmedia":[{"embeddable":true,"href":"https:\/\/eyeofthewind.net\/en\/wp-json\/wp\/v2\/media\/4423"}],"wp:attachment":[{"href":"https:\/\/eyeofthewind.net\/en\/wp-json\/wp\/v2\/media?parent=4417"}],"wp:term":[{"taxonomy":"product_brand","embeddable":true,"href":"https:\/\/eyeofthewind.net\/en\/wp-json\/wp\/v2\/product_brand?post=4417"},{"taxonomy":"product_cat","embeddable":true,"href":"https:\/\/eyeofthewind.net\/en\/wp-json\/wp\/v2\/product_cat?post=4417"},{"taxonomy":"product_tag","embeddable":true,"href":"https:\/\/eyeofthewind.net\/en\/wp-json\/wp\/v2\/product_tag?post=4417"}],"curies":[{"name":"wp","href":"https:\/\/api.w.org\/{rel}","templated":true}]}}