{"id":4427,"date":"2025-09-09T09:27:22","date_gmt":"2025-09-09T07:27:22","guid":{"rendered":"https:\/\/eyeofthewind.net\/?post_type=product&#038;p=4427"},"modified":"2026-04-07T09:36:24","modified_gmt":"2026-04-07T07:36:24","slug":"57-degrees-north-course-to-goeteborg","status":"publish","type":"product","link":"https:\/\/eyeofthewind.net\/en\/produkt\/57-grad-nord-kurs-auf-goeteborg\/","title":{"rendered":"57\u00b0 North \u2013 heading for Gothenburg"},"content":{"rendered":"<p class=\"translation-block\">Our <strong>spring sailing trip<\/strong> begins at the mouth of the Kiel Canal, the maritime artery of the entire Baltic Sea region. From here, we take you on an <strong>eight-day journey that is both varied and relaxing<\/strong>. Together with our friendly crew, you will explore the scenic <strong>sailing area of Kiel Bay, the Danish archipelago and the Swedish west coast<\/strong> \u2013 considered by Scandinavia enthusiasts to be one of the most beautiful sea areas in the Baltic Sea. We guarantee plenty of fresh sea air, pleasant comfort on board and delicious food from our excellent galley, genuine traditional seamanship and <strong>discoveries when going ashore at various ports<\/strong> along the route. The journey ends in the Swedish <strong>northern metropolis of Gothenburg<\/strong>.<\/p>","protected":false},"excerpt":{"rendered":"<p>Unser Fr\u00fchjahrs-T\u00f6rn unter Segeln beginnt am Ausgang des Nord-Ostsee-Kanals, der maritimen Verkehrs-Hauptschlagader des gesamten Ostseeraumes. Von hier aus nehmen wir Sie mit auf eine achtt\u00e4gige abwechslungsreiche und erholsame Reise. Von See aus erkunden Sie zusammen mit unserer freundlichen Crew das landschaftlich reizvolle Segelrevier der Kieler Bucht, der d\u00e4nischen Inselwelt und der schwedischen Westk\u00fcste \u2013 es [&hellip;]<\/p>\n","protected":false},"featured_media":4430,"template":"","meta":{"_acf_changed":false,"_vp_format_video_url":"","_vp_image_focal_point":[]},"product_brand":[],"product_cat":[15],"product_tag":[],"class_list":{"0":"post-4427","1":"product","2":"type-product","3":"status-publish","4":"has-post-thumbnail","6":"product_cat-unkategorisiert","8":"first","9":"instock","10":"featured","11":"virtual","12":"purchasable","13":"product-type-simple"},"acf":[],"yoast_head":"<!-- This site is optimized with the Yoast SEO plugin v27.4 - https:\/\/yoast.com\/product\/yoast-seo-wordpress\/ -->\n<title>57 Grad Nord \u2013 Kurs auf G\u00f6teborg - Segelschiff Charter &amp; Reisen - Eye of the Wind<\/title>\n<meta name=\"description\" content=\"57 Grad Nord \u2013 Kurs auf G\u00f6teborg: Segelt\u00f6rn auf der Ostsee mit der Eye of the Wind von Kiel (Deutschland) nach G\u00f6teborg (Schweden)\" \/>\n<meta name=\"robots\" content=\"index, follow, max-snippet:-1, max-image-preview:large, max-video-preview:-1\" \/>\n<link rel=\"canonical\" href=\"https:\/\/eyeofthewind.net\/en\/product\/57-degrees-north-course-to-goeteborg\/\" \/>\n<meta property=\"og:locale\" content=\"en_GB\" \/>\n<meta property=\"og:type\" content=\"article\" \/>\n<meta property=\"og:title\" content=\"57 Grad Nord \u2013 Kurs auf G\u00f6teborg - Segelschiff Charter &amp; Reisen - Eye of the Wind\" \/>\n<meta property=\"og:description\" content=\"57 Grad Nord \u2013 Kurs auf G\u00f6teborg: Segelt\u00f6rn auf der Ostsee mit der Eye of the Wind von Kiel (Deutschland) nach G\u00f6teborg (Schweden)\" \/>\n<meta property=\"og:url\" content=\"https:\/\/eyeofthewind.net\/en\/product\/57-degrees-north-course-to-goeteborg\/\" \/>\n<meta property=\"og:site_name\" content=\"Segelschiff Charter &amp; Reisen - Eye of the Wind\" \/>\n<meta property=\"article:modified_time\" content=\"2026-04-07T07:36:24+00:00\" \/>\n<meta property=\"og:image\" content=\"https:\/\/eyeofthewind.net\/wp-content\/uploads\/2025\/09\/Schweden-boathouseonsydkoster-Goeteborg-area-by-Fredrik-Broman.jpg\" \/>\n\t<meta property=\"og:image:width\" content=\"800\" \/>\n\t<meta property=\"og:image:height\" content=\"600\" \/>\n\t<meta property=\"og:image:type\" content=\"image\/jpeg\" \/>\n<meta name=\"twitter:card\" content=\"summary_large_image\" \/>\n<meta name=\"twitter:label1\" content=\"Estimated reading time\" \/>\n\t<meta name=\"twitter:data1\" content=\"1 minute\" \/>\n<script type=\"application\/ld+json\" class=\"yoast-schema-graph\">{\"@context\":\"https:\\\/\\\/schema.org\",\"@graph\":[{\"@type\":\"WebPage\",\"@id\":\"https:\\\/\\\/eyeofthewind.net\\\/produkt\\\/57-grad-nord-kurs-auf-goeteborg\\\/\",\"url\":\"https:\\\/\\\/eyeofthewind.net\\\/produkt\\\/57-grad-nord-kurs-auf-goeteborg\\\/\",\"name\":\"57 Grad Nord \u2013 Kurs auf G\u00f6teborg - Segelschiff Charter &amp; Reisen - Eye of the Wind\",\"isPartOf\":{\"@id\":\"https:\\\/\\\/eyeofthewind.net\\\/#website\"},\"primaryImageOfPage\":{\"@id\":\"https:\\\/\\\/eyeofthewind.net\\\/produkt\\\/57-grad-nord-kurs-auf-goeteborg\\\/#primaryimage\"},\"image\":{\"@id\":\"https:\\\/\\\/eyeofthewind.net\\\/produkt\\\/57-grad-nord-kurs-auf-goeteborg\\\/#primaryimage\"},\"thumbnailUrl\":\"https:\\\/\\\/eyeofthewind.net\\\/wp-content\\\/uploads\\\/2025\\\/09\\\/Schweden-boathouseonsydkoster-Goeteborg-area-by-Fredrik-Broman.jpg\",\"datePublished\":\"2025-09-09T07:27:22+00:00\",\"dateModified\":\"2026-04-07T07:36:24+00:00\",\"description\":\"57 Grad Nord \u2013 Kurs auf G\u00f6teborg: Segelt\u00f6rn auf der Ostsee mit der Eye of the Wind von Kiel (Deutschland) nach G\u00f6teborg (Schweden)\",\"breadcrumb\":{\"@id\":\"https:\\\/\\\/eyeofthewind.net\\\/produkt\\\/57-grad-nord-kurs-auf-goeteborg\\\/#breadcrumb\"},\"inLanguage\":\"en-GB\",\"potentialAction\":[{\"@type\":\"ReadAction\",\"target\":[\"https:\\\/\\\/eyeofthewind.net\\\/produkt\\\/57-grad-nord-kurs-auf-goeteborg\\\/\"]}]},{\"@type\":\"ImageObject\",\"inLanguage\":\"en-GB\",\"@id\":\"https:\\\/\\\/eyeofthewind.net\\\/produkt\\\/57-grad-nord-kurs-auf-goeteborg\\\/#primaryimage\",\"url\":\"https:\\\/\\\/eyeofthewind.net\\\/wp-content\\\/uploads\\\/2025\\\/09\\\/Schweden-boathouseonsydkoster-Goeteborg-area-by-Fredrik-Broman.jpg\",\"contentUrl\":\"https:\\\/\\\/eyeofthewind.net\\\/wp-content\\\/uploads\\\/2025\\\/09\\\/Schweden-boathouseonsydkoster-Goeteborg-area-by-Fredrik-Broman.jpg\",\"width\":800,\"height\":600,\"caption\":\"57 Grad Nord \u2013 Kurs auf G\u00f6teborg\"},{\"@type\":\"BreadcrumbList\",\"@id\":\"https:\\\/\\\/eyeofthewind.net\\\/produkt\\\/57-grad-nord-kurs-auf-goeteborg\\\/#breadcrumb\",\"itemListElement\":[{\"@type\":\"ListItem\",\"position\":1,\"name\":\"Startseite\",\"item\":\"https:\\\/\\\/eyeofthewind.net\\\/\"},{\"@type\":\"ListItem\",\"position\":2,\"name\":\"Shop\",\"item\":\"https:\\\/\\\/eyeofthewind.net\\\/shop\\\/\"},{\"@type\":\"ListItem\",\"position\":3,\"name\":\"57 Grad Nord \u2013 Kurs auf G\u00f6teborg\"}]},{\"@type\":\"WebSite\",\"@id\":\"https:\\\/\\\/eyeofthewind.net\\\/#website\",\"url\":\"https:\\\/\\\/eyeofthewind.net\\\/\",\"name\":\"Segelschiff Charter &amp; Reisen - Eye of the Wind\",\"description\":\"Segelurlaub mit der Eye of the Wind: Segelt\u00f6rns zwischen Ostsee, Kanaren und Karibik. Jeder kann mitsegeln! Mehr zu Ihrer Segelreise.\",\"publisher\":{\"@id\":\"https:\\\/\\\/eyeofthewind.net\\\/#organization\"},\"potentialAction\":[{\"@type\":\"SearchAction\",\"target\":{\"@type\":\"EntryPoint\",\"urlTemplate\":\"https:\\\/\\\/eyeofthewind.net\\\/?s={search_term_string}\"},\"query-input\":{\"@type\":\"PropertyValueSpecification\",\"valueRequired\":true,\"valueName\":\"search_term_string\"}}],\"inLanguage\":\"en-GB\"},{\"@type\":\"Organization\",\"@id\":\"https:\\\/\\\/eyeofthewind.net\\\/#organization\",\"name\":\"Segelschiff Charter &amp; Reisen - Eye of the Wind\",\"url\":\"https:\\\/\\\/eyeofthewind.net\\\/\",\"logo\":{\"@type\":\"ImageObject\",\"inLanguage\":\"en-GB\",\"@id\":\"https:\\\/\\\/eyeofthewind.net\\\/#\\\/schema\\\/logo\\\/image\\\/\",\"url\":\"https:\\\/\\\/eyeofthewind.net\\\/wp-content\\\/uploads\\\/2024\\\/10\\\/L_Eye_weiss.svg\",\"contentUrl\":\"https:\\\/\\\/eyeofthewind.net\\\/wp-content\\\/uploads\\\/2024\\\/10\\\/L_Eye_weiss.svg\",\"width\":202,\"height\":123,\"caption\":\"Segelschiff Charter &amp; Reisen - Eye of the Wind\"},\"image\":{\"@id\":\"https:\\\/\\\/eyeofthewind.net\\\/#\\\/schema\\\/logo\\\/image\\\/\"}}]}<\/script>\n<!-- \/ Yoast SEO plugin. -->","yoast_head_json":{"title":"57 degrees north - Course for Gothenburg - Sailing yacht charter &amp; travel - Eye of the Wind","description":"57 degrees north - heading for Gothenburg: sailing trip on the Baltic Sea with the Eye of the Wind from Kiel (Germany) to Gothenburg (Sweden)","robots":{"index":"index","follow":"follow","max-snippet":"max-snippet:-1","max-image-preview":"max-image-preview:large","max-video-preview":"max-video-preview:-1"},"canonical":"https:\/\/eyeofthewind.net\/en\/product\/57-degrees-north-course-to-goeteborg\/","og_locale":"en_GB","og_type":"article","og_title":"57 Grad Nord \u2013 Kurs auf G\u00f6teborg - Segelschiff Charter &amp; Reisen - Eye of the Wind","og_description":"57 Grad Nord \u2013 Kurs auf G\u00f6teborg: Segelt\u00f6rn auf der Ostsee mit der Eye of the Wind von Kiel (Deutschland) nach G\u00f6teborg (Schweden)","og_url":"https:\/\/eyeofthewind.net\/en\/product\/57-degrees-north-course-to-goeteborg\/","og_site_name":"Segelschiff Charter &amp; Reisen - Eye of the Wind","article_modified_time":"2026-04-07T07:36:24+00:00","og_image":[{"width":800,"height":600,"url":"https:\/\/eyeofthewind.net\/wp-content\/uploads\/2025\/09\/Schweden-boathouseonsydkoster-Goeteborg-area-by-Fredrik-Broman.jpg","type":"image\/jpeg"}],"twitter_card":"summary_large_image","twitter_misc":{"Estimated reading time":"1 minute"},"schema":{"@context":"https:\/\/schema.org","@graph":[{"@type":"WebPage","@id":"https:\/\/eyeofthewind.net\/produkt\/57-grad-nord-kurs-auf-goeteborg\/","url":"https:\/\/eyeofthewind.net\/produkt\/57-grad-nord-kurs-auf-goeteborg\/","name":"57 degrees north - Course for Gothenburg - Sailing yacht charter &amp; travel - Eye of the Wind","isPartOf":{"@id":"https:\/\/eyeofthewind.net\/#website"},"primaryImageOfPage":{"@id":"https:\/\/eyeofthewind.net\/produkt\/57-grad-nord-kurs-auf-goeteborg\/#primaryimage"},"image":{"@id":"https:\/\/eyeofthewind.net\/produkt\/57-grad-nord-kurs-auf-goeteborg\/#primaryimage"},"thumbnailUrl":"https:\/\/eyeofthewind.net\/wp-content\/uploads\/2025\/09\/Schweden-boathouseonsydkoster-Goeteborg-area-by-Fredrik-Broman.jpg","datePublished":"2025-09-09T07:27:22+00:00","dateModified":"2026-04-07T07:36:24+00:00","description":"57 degrees north - heading for Gothenburg: sailing trip on the Baltic Sea with the Eye of the Wind from Kiel (Germany) to Gothenburg (Sweden)","breadcrumb":{"@id":"https:\/\/eyeofthewind.net\/produkt\/57-grad-nord-kurs-auf-goeteborg\/#breadcrumb"},"inLanguage":"en-GB","potentialAction":[{"@type":"ReadAction","target":["https:\/\/eyeofthewind.net\/produkt\/57-grad-nord-kurs-auf-goeteborg\/"]}]},{"@type":"ImageObject","inLanguage":"en-GB","@id":"https:\/\/eyeofthewind.net\/produkt\/57-grad-nord-kurs-auf-goeteborg\/#primaryimage","url":"https:\/\/eyeofthewind.net\/wp-content\/uploads\/2025\/09\/Schweden-boathouseonsydkoster-Goeteborg-area-by-Fredrik-Broman.jpg","contentUrl":"https:\/\/eyeofthewind.net\/wp-content\/uploads\/2025\/09\/Schweden-boathouseonsydkoster-Goeteborg-area-by-Fredrik-Broman.jpg","width":800,"height":600,"caption":"57 Grad Nord \u2013 Kurs auf G\u00f6teborg"},{"@type":"BreadcrumbList","@id":"https:\/\/eyeofthewind.net\/produkt\/57-grad-nord-kurs-auf-goeteborg\/#breadcrumb","itemListElement":[{"@type":"ListItem","position":1,"name":"Startseite","item":"https:\/\/eyeofthewind.net\/"},{"@type":"ListItem","position":2,"name":"Shop","item":"https:\/\/eyeofthewind.net\/shop\/"},{"@type":"ListItem","position":3,"name":"57 Grad Nord \u2013 Kurs auf G\u00f6teborg"}]},{"@type":"WebSite","@id":"https:\/\/eyeofthewind.net\/#website","url":"https:\/\/eyeofthewind.net\/","name":"Sailing Ship Charter &amp; Travelling - Eye of the Wind","description":"Sailing holidays with the Eye of the Wind: sailing trips between the Baltic Sea, Canary Islands and Caribbean. Anyone can sail with us! More about your sailing holiday.","publisher":{"@id":"https:\/\/eyeofthewind.net\/#organization"},"potentialAction":[{"@type":"SearchAction","target":{"@type":"EntryPoint","urlTemplate":"https:\/\/eyeofthewind.net\/?s={search_term_string}"},"query-input":{"@type":"PropertyValueSpecification","valueRequired":true,"valueName":"search_term_string"}}],"inLanguage":"en-GB"},{"@type":"Organization","@id":"https:\/\/eyeofthewind.net\/#organization","name":"Sailing Ship Charter &amp; Travelling - Eye of the Wind","url":"https:\/\/eyeofthewind.net\/","logo":{"@type":"ImageObject","inLanguage":"en-GB","@id":"https:\/\/eyeofthewind.net\/#\/schema\/logo\/image\/","url":"https:\/\/eyeofthewind.net\/wp-content\/uploads\/2024\/10\/L_Eye_weiss.svg","contentUrl":"https:\/\/eyeofthewind.net\/wp-content\/uploads\/2024\/10\/L_Eye_weiss.svg","width":202,"height":123,"caption":"Segelschiff Charter &amp; Reisen - Eye of the Wind"},"image":{"@id":"https:\/\/eyeofthewind.net\/#\/schema\/logo\/image\/"}}]}},"_links":{"self":[{"href":"https:\/\/eyeofthewind.net\/en\/wp-json\/wp\/v2\/product\/4427","targetHints":{"allow":["GET"]}}],"collection":[{"href":"https:\/\/eyeofthewind.net\/en\/wp-json\/wp\/v2\/product"}],"about":[{"href":"https:\/\/eyeofthewind.net\/en\/wp-json\/wp\/v2\/types\/product"}],"wp:featuredmedia":[{"embeddable":true,"href":"https:\/\/eyeofthewind.net\/en\/wp-json\/wp\/v2\/media\/4430"}],"wp:attachment":[{"href":"https:\/\/eyeofthewind.net\/en\/wp-json\/wp\/v2\/media?parent=4427"}],"wp:term":[{"taxonomy":"product_brand","embeddable":true,"href":"https:\/\/eyeofthewind.net\/en\/wp-json\/wp\/v2\/product_brand?post=4427"},{"taxonomy":"product_cat","embeddable":true,"href":"https:\/\/eyeofthewind.net\/en\/wp-json\/wp\/v2\/product_cat?post=4427"},{"taxonomy":"product_tag","embeddable":true,"href":"https:\/\/eyeofthewind.net\/en\/wp-json\/wp\/v2\/product_tag?post=4427"}],"curies":[{"name":"wp","href":"https:\/\/api.w.org\/{rel}","templated":true}]}}