{"id":4434,"date":"2025-09-09T11:27:01","date_gmt":"2025-09-09T09:27:01","guid":{"rendered":"https:\/\/eyeofthewind.net\/?post_type=product&#038;p=4434"},"modified":"2025-09-09T11:58:03","modified_gmt":"2025-09-09T09:58:03","slug":"open-ship-ship-tour-hamburger-harbour-birthday","status":"publish","type":"product","link":"https:\/\/eyeofthewind.net\/en\/produkt\/open-ship-schiffsbesichtigung-hamburger-hafengeburtstag\/","title":{"rendered":"\"Open Ship\" \u2013 Hamburg Harbour Birthday"},"content":{"rendered":"<p style=\"text-align: justify;\" class=\"translation-block\">The sailing ship Eye of the Wind has been cruising the world's oceans since 1911. During the <a href=\"\/en\/cruise\/day-trips\/hamburger-harbour-birthday-toerns\/\" target=\"_self\">Hamburg Harbour Birthday<\/a> celebrations, visitors can tour the tall ship, which has also achieved screen fame as a film set in several Hollywood productions. As part of an open ship event, the crew will answer questions from sailors, ship lovers and young sea dogs about <a href=\"\/en\/ship\/\" target=\"_self\">the ship<\/a> and its <a href=\"\/en\/ship\/history\/\" target=\"_self\">history, which began in its home port of Hamburg<\/a>. Every visitor can try their hand at tying sailor's knots, and collectors will of course receive a ship's stamp.<\/p>\n<p style=\"text-align: justify;\" class=\"translation-block\"><strong>Admission is free.<\/strong> Registration or booking is not necessary for participation in the Open Ship. There is no day trip during the Open Ship; the ship remains moored at its berth. The organiser reserves the right to change the berth at short notice.<\/p>","protected":false},"excerpt":{"rendered":"<p>Seit 1911 kreuzt das Segelschiff Eye of the Wind \u00fcber alle Weltmeere. Beim Hamburger Hafengeburtstag kann der Gro\u00dfsegler, der \u00fcbrigens auch schon als Filmkulisse in mehreren Hollywood-Produktionen zu Leinwandruhm gelangte, besichtigt werden. Im Rahmen eines Open Ship beantwortet die Besatzung allen Seh- und Seeleuten, Schiffsliebhabern und jungen Seeb\u00e4ren Fragen zum Schiff und seiner Geschichte, die [&hellip;]<\/p>\n","protected":false},"featured_media":4437,"template":"","meta":{"_acf_changed":false,"_vp_format_video_url":"","_vp_image_focal_point":[]},"product_brand":[],"product_cat":[15],"product_tag":[],"class_list":{"0":"post-4434","1":"product","2":"type-product","3":"status-publish","4":"has-post-thumbnail","6":"product_cat-unkategorisiert","8":"first","9":"instock","10":"virtual","11":"taxable","12":"product-type-simple"},"acf":[],"yoast_head":"<!-- This site is optimized with the Yoast SEO plugin v27.4 - https:\/\/yoast.com\/product\/yoast-seo-wordpress\/ -->\n<title>\u201eOpen Ship&quot; \u2013 Schiffsbesichtigung \u2013 Hamburger Hafengeburtstag - Segelschiff Charter &amp; Reisen - Eye of the Wind<\/title>\n<meta name=\"description\" content=\"\u201eOpen Ship&quot; \u2013 Schiffsbesichtigung \u2013 Hamburger Hafengeburtstag: Eintritt frei auf dem Segelschiff Eye of the Wind. Freizeittipp f\u00fcr die ganze Familie.\" \/>\n<meta name=\"robots\" content=\"index, follow, max-snippet:-1, max-image-preview:large, max-video-preview:-1\" \/>\n<link rel=\"canonical\" href=\"https:\/\/eyeofthewind.net\/en\/product\/open-ship-ship-tour-hamburger-harbour-birthday\/\" \/>\n<meta property=\"og:locale\" content=\"en_GB\" \/>\n<meta property=\"og:type\" content=\"article\" \/>\n<meta property=\"og:title\" content=\"\u201eOpen Ship&quot; \u2013 Schiffsbesichtigung \u2013 Hamburger Hafengeburtstag - Segelschiff Charter &amp; Reisen - Eye of the Wind\" \/>\n<meta property=\"og:description\" content=\"\u201eOpen Ship&quot; \u2013 Schiffsbesichtigung \u2013 Hamburger Hafengeburtstag: Eintritt frei auf dem Segelschiff Eye of the Wind. Freizeittipp f\u00fcr die ganze Familie.\" \/>\n<meta property=\"og:url\" content=\"https:\/\/eyeofthewind.net\/en\/product\/open-ship-ship-tour-hamburger-harbour-birthday\/\" \/>\n<meta property=\"og:site_name\" content=\"Segelschiff Charter &amp; Reisen - Eye of the Wind\" \/>\n<meta property=\"article:modified_time\" content=\"2025-09-09T09:58:03+00:00\" \/>\n<meta property=\"og:image\" content=\"https:\/\/eyeofthewind.net\/wp-content\/uploads\/2025\/09\/P1020088.jpg\" \/>\n\t<meta property=\"og:image:width\" content=\"1280\" \/>\n\t<meta property=\"og:image:height\" content=\"960\" \/>\n\t<meta property=\"og:image:type\" content=\"image\/jpeg\" \/>\n<meta name=\"twitter:card\" content=\"summary_large_image\" \/>\n<meta name=\"twitter:label1\" content=\"Estimated reading time\" \/>\n\t<meta name=\"twitter:data1\" content=\"1 minute\" \/>\n<script type=\"application\/ld+json\" class=\"yoast-schema-graph\">{\"@context\":\"https:\\\/\\\/schema.org\",\"@graph\":[{\"@type\":\"WebPage\",\"@id\":\"https:\\\/\\\/eyeofthewind.net\\\/produkt\\\/open-ship-schiffsbesichtigung-hamburger-hafengeburtstag\\\/\",\"url\":\"https:\\\/\\\/eyeofthewind.net\\\/produkt\\\/open-ship-schiffsbesichtigung-hamburger-hafengeburtstag\\\/\",\"name\":\"\u201eOpen Ship\\\" \u2013 Schiffsbesichtigung \u2013 Hamburger Hafengeburtstag - Segelschiff Charter &amp; Reisen - Eye of the Wind\",\"isPartOf\":{\"@id\":\"https:\\\/\\\/eyeofthewind.net\\\/#website\"},\"primaryImageOfPage\":{\"@id\":\"https:\\\/\\\/eyeofthewind.net\\\/produkt\\\/open-ship-schiffsbesichtigung-hamburger-hafengeburtstag\\\/#primaryimage\"},\"image\":{\"@id\":\"https:\\\/\\\/eyeofthewind.net\\\/produkt\\\/open-ship-schiffsbesichtigung-hamburger-hafengeburtstag\\\/#primaryimage\"},\"thumbnailUrl\":\"https:\\\/\\\/eyeofthewind.net\\\/wp-content\\\/uploads\\\/2025\\\/09\\\/P1020088.jpg\",\"datePublished\":\"2025-09-09T09:27:01+00:00\",\"dateModified\":\"2025-09-09T09:58:03+00:00\",\"description\":\"\u201eOpen Ship\\\" \u2013 Schiffsbesichtigung \u2013 Hamburger Hafengeburtstag: Eintritt frei auf dem Segelschiff Eye of the Wind. Freizeittipp f\u00fcr die ganze Familie.\",\"breadcrumb\":{\"@id\":\"https:\\\/\\\/eyeofthewind.net\\\/produkt\\\/open-ship-schiffsbesichtigung-hamburger-hafengeburtstag\\\/#breadcrumb\"},\"inLanguage\":\"en-GB\",\"potentialAction\":[{\"@type\":\"ReadAction\",\"target\":[\"https:\\\/\\\/eyeofthewind.net\\\/produkt\\\/open-ship-schiffsbesichtigung-hamburger-hafengeburtstag\\\/\"]}]},{\"@type\":\"ImageObject\",\"inLanguage\":\"en-GB\",\"@id\":\"https:\\\/\\\/eyeofthewind.net\\\/produkt\\\/open-ship-schiffsbesichtigung-hamburger-hafengeburtstag\\\/#primaryimage\",\"url\":\"https:\\\/\\\/eyeofthewind.net\\\/wp-content\\\/uploads\\\/2025\\\/09\\\/P1020088.jpg\",\"contentUrl\":\"https:\\\/\\\/eyeofthewind.net\\\/wp-content\\\/uploads\\\/2025\\\/09\\\/P1020088.jpg\",\"width\":1280,\"height\":960,\"caption\":\"Open Ship - Schiffsbesichtigung\"},{\"@type\":\"BreadcrumbList\",\"@id\":\"https:\\\/\\\/eyeofthewind.net\\\/produkt\\\/open-ship-schiffsbesichtigung-hamburger-hafengeburtstag\\\/#breadcrumb\",\"itemListElement\":[{\"@type\":\"ListItem\",\"position\":1,\"name\":\"Startseite\",\"item\":\"https:\\\/\\\/eyeofthewind.net\\\/\"},{\"@type\":\"ListItem\",\"position\":2,\"name\":\"Shop\",\"item\":\"https:\\\/\\\/eyeofthewind.net\\\/shop\\\/\"},{\"@type\":\"ListItem\",\"position\":3,\"name\":\"\u201eOpen Ship&#8220; \u2013 Schiffsbesichtigung \u2013 Hamburger Hafengeburtstag\"}]},{\"@type\":\"WebSite\",\"@id\":\"https:\\\/\\\/eyeofthewind.net\\\/#website\",\"url\":\"https:\\\/\\\/eyeofthewind.net\\\/\",\"name\":\"Segelschiff Charter &amp; Reisen - Eye of the Wind\",\"description\":\"Segelurlaub mit der Eye of the Wind: Segelt\u00f6rns zwischen Ostsee, Kanaren und Karibik. Jeder kann mitsegeln! Mehr zu Ihrer Segelreise.\",\"publisher\":{\"@id\":\"https:\\\/\\\/eyeofthewind.net\\\/#organization\"},\"potentialAction\":[{\"@type\":\"SearchAction\",\"target\":{\"@type\":\"EntryPoint\",\"urlTemplate\":\"https:\\\/\\\/eyeofthewind.net\\\/?s={search_term_string}\"},\"query-input\":{\"@type\":\"PropertyValueSpecification\",\"valueRequired\":true,\"valueName\":\"search_term_string\"}}],\"inLanguage\":\"en-GB\"},{\"@type\":\"Organization\",\"@id\":\"https:\\\/\\\/eyeofthewind.net\\\/#organization\",\"name\":\"Segelschiff Charter &amp; Reisen - Eye of the Wind\",\"url\":\"https:\\\/\\\/eyeofthewind.net\\\/\",\"logo\":{\"@type\":\"ImageObject\",\"inLanguage\":\"en-GB\",\"@id\":\"https:\\\/\\\/eyeofthewind.net\\\/#\\\/schema\\\/logo\\\/image\\\/\",\"url\":\"https:\\\/\\\/eyeofthewind.net\\\/wp-content\\\/uploads\\\/2024\\\/10\\\/L_Eye_weiss.svg\",\"contentUrl\":\"https:\\\/\\\/eyeofthewind.net\\\/wp-content\\\/uploads\\\/2024\\\/10\\\/L_Eye_weiss.svg\",\"width\":202,\"height\":123,\"caption\":\"Segelschiff Charter &amp; Reisen - Eye of the Wind\"},\"image\":{\"@id\":\"https:\\\/\\\/eyeofthewind.net\\\/#\\\/schema\\\/logo\\\/image\\\/\"}}]}<\/script>\n<!-- \/ Yoast SEO plugin. -->","yoast_head_json":{"title":"\"Open Ship\" - Sightseeing tour - Hamburg Harbour Birthday - Sailing Ship Charter &amp; Travel - Eye of the Wind","description":"\"Open Ship\" - Ship tour - Hamburg Harbour Birthday: Free admission to the sailing ship Eye of the Wind. Leisure tip for the whole family.","robots":{"index":"index","follow":"follow","max-snippet":"max-snippet:-1","max-image-preview":"max-image-preview:large","max-video-preview":"max-video-preview:-1"},"canonical":"https:\/\/eyeofthewind.net\/en\/product\/open-ship-ship-tour-hamburger-harbour-birthday\/","og_locale":"en_GB","og_type":"article","og_title":"\u201eOpen Ship\" \u2013 Schiffsbesichtigung \u2013 Hamburger Hafengeburtstag - Segelschiff Charter &amp; Reisen - Eye of the Wind","og_description":"\u201eOpen Ship\" \u2013 Schiffsbesichtigung \u2013 Hamburger Hafengeburtstag: Eintritt frei auf dem Segelschiff Eye of the Wind. Freizeittipp f\u00fcr die ganze Familie.","og_url":"https:\/\/eyeofthewind.net\/en\/product\/open-ship-ship-tour-hamburger-harbour-birthday\/","og_site_name":"Segelschiff Charter &amp; Reisen - Eye of the Wind","article_modified_time":"2025-09-09T09:58:03+00:00","og_image":[{"width":1280,"height":960,"url":"https:\/\/eyeofthewind.net\/wp-content\/uploads\/2025\/09\/P1020088.jpg","type":"image\/jpeg"}],"twitter_card":"summary_large_image","twitter_misc":{"Estimated reading time":"1 minute"},"schema":{"@context":"https:\/\/schema.org","@graph":[{"@type":"WebPage","@id":"https:\/\/eyeofthewind.net\/produkt\/open-ship-schiffsbesichtigung-hamburger-hafengeburtstag\/","url":"https:\/\/eyeofthewind.net\/produkt\/open-ship-schiffsbesichtigung-hamburger-hafengeburtstag\/","name":"\"Open Ship\" - Sightseeing tour - Hamburg Harbour Birthday - Sailing Ship Charter &amp; Travel - Eye of the Wind","isPartOf":{"@id":"https:\/\/eyeofthewind.net\/#website"},"primaryImageOfPage":{"@id":"https:\/\/eyeofthewind.net\/produkt\/open-ship-schiffsbesichtigung-hamburger-hafengeburtstag\/#primaryimage"},"image":{"@id":"https:\/\/eyeofthewind.net\/produkt\/open-ship-schiffsbesichtigung-hamburger-hafengeburtstag\/#primaryimage"},"thumbnailUrl":"https:\/\/eyeofthewind.net\/wp-content\/uploads\/2025\/09\/P1020088.jpg","datePublished":"2025-09-09T09:27:01+00:00","dateModified":"2025-09-09T09:58:03+00:00","description":"\"Open Ship\" - Ship tour - Hamburg Harbour Birthday: Free admission to the sailing ship Eye of the Wind. Leisure tip for the whole family.","breadcrumb":{"@id":"https:\/\/eyeofthewind.net\/produkt\/open-ship-schiffsbesichtigung-hamburger-hafengeburtstag\/#breadcrumb"},"inLanguage":"en-GB","potentialAction":[{"@type":"ReadAction","target":["https:\/\/eyeofthewind.net\/produkt\/open-ship-schiffsbesichtigung-hamburger-hafengeburtstag\/"]}]},{"@type":"ImageObject","inLanguage":"en-GB","@id":"https:\/\/eyeofthewind.net\/produkt\/open-ship-schiffsbesichtigung-hamburger-hafengeburtstag\/#primaryimage","url":"https:\/\/eyeofthewind.net\/wp-content\/uploads\/2025\/09\/P1020088.jpg","contentUrl":"https:\/\/eyeofthewind.net\/wp-content\/uploads\/2025\/09\/P1020088.jpg","width":1280,"height":960,"caption":"Open Ship - Schiffsbesichtigung"},{"@type":"BreadcrumbList","@id":"https:\/\/eyeofthewind.net\/produkt\/open-ship-schiffsbesichtigung-hamburger-hafengeburtstag\/#breadcrumb","itemListElement":[{"@type":"ListItem","position":1,"name":"Startseite","item":"https:\/\/eyeofthewind.net\/"},{"@type":"ListItem","position":2,"name":"Shop","item":"https:\/\/eyeofthewind.net\/shop\/"},{"@type":"ListItem","position":3,"name":"\u201eOpen Ship&#8220; \u2013 Schiffsbesichtigung \u2013 Hamburger Hafengeburtstag"}]},{"@type":"WebSite","@id":"https:\/\/eyeofthewind.net\/#website","url":"https:\/\/eyeofthewind.net\/","name":"Sailing Ship Charter &amp; Travelling - Eye of the Wind","description":"Sailing holidays with the Eye of the Wind: sailing trips between the Baltic Sea, Canary Islands and Caribbean. Anyone can sail with us! More about your sailing holiday.","publisher":{"@id":"https:\/\/eyeofthewind.net\/#organization"},"potentialAction":[{"@type":"SearchAction","target":{"@type":"EntryPoint","urlTemplate":"https:\/\/eyeofthewind.net\/?s={search_term_string}"},"query-input":{"@type":"PropertyValueSpecification","valueRequired":true,"valueName":"search_term_string"}}],"inLanguage":"en-GB"},{"@type":"Organization","@id":"https:\/\/eyeofthewind.net\/#organization","name":"Sailing Ship Charter &amp; Travelling - Eye of the Wind","url":"https:\/\/eyeofthewind.net\/","logo":{"@type":"ImageObject","inLanguage":"en-GB","@id":"https:\/\/eyeofthewind.net\/#\/schema\/logo\/image\/","url":"https:\/\/eyeofthewind.net\/wp-content\/uploads\/2024\/10\/L_Eye_weiss.svg","contentUrl":"https:\/\/eyeofthewind.net\/wp-content\/uploads\/2024\/10\/L_Eye_weiss.svg","width":202,"height":123,"caption":"Segelschiff Charter &amp; Reisen - Eye of the Wind"},"image":{"@id":"https:\/\/eyeofthewind.net\/#\/schema\/logo\/image\/"}}]}},"_links":{"self":[{"href":"https:\/\/eyeofthewind.net\/en\/wp-json\/wp\/v2\/product\/4434","targetHints":{"allow":["GET"]}}],"collection":[{"href":"https:\/\/eyeofthewind.net\/en\/wp-json\/wp\/v2\/product"}],"about":[{"href":"https:\/\/eyeofthewind.net\/en\/wp-json\/wp\/v2\/types\/product"}],"wp:featuredmedia":[{"embeddable":true,"href":"https:\/\/eyeofthewind.net\/en\/wp-json\/wp\/v2\/media\/4437"}],"wp:attachment":[{"href":"https:\/\/eyeofthewind.net\/en\/wp-json\/wp\/v2\/media?parent=4434"}],"wp:term":[{"taxonomy":"product_brand","embeddable":true,"href":"https:\/\/eyeofthewind.net\/en\/wp-json\/wp\/v2\/product_brand?post=4434"},{"taxonomy":"product_cat","embeddable":true,"href":"https:\/\/eyeofthewind.net\/en\/wp-json\/wp\/v2\/product_cat?post=4434"},{"taxonomy":"product_tag","embeddable":true,"href":"https:\/\/eyeofthewind.net\/en\/wp-json\/wp\/v2\/product_tag?post=4434"}],"curies":[{"name":"wp","href":"https:\/\/api.w.org\/{rel}","templated":true}]}}