{"id":5884,"date":"2026-01-20T10:00:04","date_gmt":"2026-01-20T09:00:04","guid":{"rendered":"https:\/\/eyeofthewind.net\/?post_type=product&#038;p=5884"},"modified":"2026-03-26T09:13:44","modified_gmt":"2026-03-26T08:13:44","slug":"northwards-through-the-gotland-sea","status":"publish","type":"product","link":"https:\/\/eyeofthewind.net\/en\/produkt\/nordwaerts-durch-die-gotlandsee\/","title":{"rendered":"Northwards through the Gotland Sea"},"content":{"rendered":"<p class=\"translation-block\">The <strong>Kalmar Sound<\/strong>, the natural landscape of the <strong>islands of Gotland and F\u00e5r\u00f6<\/strong>, and the <strong>Stockholm archipelago<\/strong> form the sailing area for this nine-day summer cruise. Lively harbours or secluded bays, open sea or wooded shores: scenic diversity is guaranteed, and the next idyllic anchorage is never far away. On <strong>Gotland<\/strong>, the legendary Scandinavian past comes to life. The picturesque, rocky archipelago off the mainland offers a wide range of alternatives for planning your trip. During this trip, a <strong>small celebration will take place on board<\/strong>, as it will be exactly <strong>115 years since our ship was launched<\/strong>. The journey ends in one of the most beautiful cities in Northern Europe: <strong>Sweden's capital, Stockholm<\/strong>.<\/p>","protected":false},"excerpt":{"rendered":"<p>Der Kalmarsund, die Naturlandschaft der Inseln Gotland und F\u00e5r\u00f6 und der Stockholmer Sch\u00e4rengarten bilden das Segelrevier bei diesem neunt\u00e4gigen Sommert\u00f6rn. Lebendige H\u00e4fen oder einsame Buchten, freie See oder bewaldete Ufer: Landschaftliche Vielfalt ist garantiert, der n\u00e4chste idyllische Ankerplatz nie weit entfernt. Auf Gotland wird die sagenhafte skandinavische Vergangenheit lebendig. Die dem Festland vorgelagerten Sch\u00e4ren bieten [&hellip;]<\/p>\n","protected":false},"featured_media":5886,"template":"","meta":{"_acf_changed":false,"_vp_format_video_url":"","_vp_image_focal_point":[]},"product_brand":[],"product_cat":[15],"product_tag":[],"class_list":{"0":"post-5884","1":"product","2":"type-product","3":"status-publish","4":"has-post-thumbnail","6":"product_cat-unkategorisiert","8":"first","9":"instock","10":"featured","11":"virtual","12":"purchasable","13":"product-type-simple"},"acf":[],"yoast_head":"<!-- This site is optimized with the Yoast SEO plugin v27.4 - https:\/\/yoast.com\/product\/yoast-seo-wordpress\/ -->\n<title>Nordw\u00e4rts durch die Gotlandsee - Segelschiff Charter &amp; Reisen - Eye of the Wind<\/title>\n<meta name=\"description\" content=\"Nordw\u00e4rts durch die Gotlandsee: Segelt\u00f6rn auf der Ostsee mit dem Segelschiff Eye of the Wind von Kalmar nach Stockholm (Schweden)\" \/>\n<meta name=\"robots\" content=\"index, follow, max-snippet:-1, max-image-preview:large, max-video-preview:-1\" \/>\n<link rel=\"canonical\" href=\"https:\/\/eyeofthewind.net\/en\/product\/northwards-through-the-gotland-sea\/\" \/>\n<meta property=\"og:locale\" content=\"en_GB\" \/>\n<meta property=\"og:type\" content=\"article\" \/>\n<meta property=\"og:title\" content=\"Nordw\u00e4rts durch die Gotlandsee - Segelschiff Charter &amp; Reisen - Eye of the Wind\" \/>\n<meta property=\"og:description\" content=\"Nordw\u00e4rts durch die Gotlandsee: Segelt\u00f6rn auf der Ostsee mit dem Segelschiff Eye of the Wind von Kalmar nach Stockholm (Schweden)\" \/>\n<meta property=\"og:url\" content=\"https:\/\/eyeofthewind.net\/en\/product\/northwards-through-the-gotland-sea\/\" \/>\n<meta property=\"og:site_name\" content=\"Segelschiff Charter &amp; Reisen - Eye of the Wind\" \/>\n<meta property=\"article:modified_time\" content=\"2026-03-26T08:13:44+00:00\" \/>\n<meta property=\"og:image\" content=\"https:\/\/eyeofthewind.net\/wp-content\/uploads\/2026\/01\/IMG-20210723-WA0004-e1768899271933.jpg\" \/>\n\t<meta property=\"og:image:width\" content=\"1200\" \/>\n\t<meta property=\"og:image:height\" content=\"1243\" \/>\n\t<meta property=\"og:image:type\" content=\"image\/jpeg\" \/>\n<meta name=\"twitter:card\" content=\"summary_large_image\" \/>\n<meta name=\"twitter:label1\" content=\"Estimated reading time\" \/>\n\t<meta name=\"twitter:data1\" content=\"1 minute\" \/>\n<script type=\"application\/ld+json\" class=\"yoast-schema-graph\">{\"@context\":\"https:\\\/\\\/schema.org\",\"@graph\":[{\"@type\":\"WebPage\",\"@id\":\"https:\\\/\\\/eyeofthewind.net\\\/produkt\\\/nordwaerts-durch-die-gotlandsee\\\/\",\"url\":\"https:\\\/\\\/eyeofthewind.net\\\/produkt\\\/nordwaerts-durch-die-gotlandsee\\\/\",\"name\":\"Nordw\u00e4rts durch die Gotlandsee - Segelschiff Charter &amp; Reisen - Eye of the Wind\",\"isPartOf\":{\"@id\":\"https:\\\/\\\/eyeofthewind.net\\\/#website\"},\"primaryImageOfPage\":{\"@id\":\"https:\\\/\\\/eyeofthewind.net\\\/produkt\\\/nordwaerts-durch-die-gotlandsee\\\/#primaryimage\"},\"image\":{\"@id\":\"https:\\\/\\\/eyeofthewind.net\\\/produkt\\\/nordwaerts-durch-die-gotlandsee\\\/#primaryimage\"},\"thumbnailUrl\":\"https:\\\/\\\/eyeofthewind.net\\\/wp-content\\\/uploads\\\/2026\\\/01\\\/IMG-20210723-WA0004-e1768899271933.jpg\",\"datePublished\":\"2026-01-20T09:00:04+00:00\",\"dateModified\":\"2026-03-26T08:13:44+00:00\",\"description\":\"Nordw\u00e4rts durch die Gotlandsee: Segelt\u00f6rn auf der Ostsee mit dem Segelschiff Eye of the Wind von Kalmar nach Stockholm (Schweden)\",\"breadcrumb\":{\"@id\":\"https:\\\/\\\/eyeofthewind.net\\\/produkt\\\/nordwaerts-durch-die-gotlandsee\\\/#breadcrumb\"},\"inLanguage\":\"en-GB\",\"potentialAction\":[{\"@type\":\"ReadAction\",\"target\":[\"https:\\\/\\\/eyeofthewind.net\\\/produkt\\\/nordwaerts-durch-die-gotlandsee\\\/\"]}]},{\"@type\":\"ImageObject\",\"inLanguage\":\"en-GB\",\"@id\":\"https:\\\/\\\/eyeofthewind.net\\\/produkt\\\/nordwaerts-durch-die-gotlandsee\\\/#primaryimage\",\"url\":\"https:\\\/\\\/eyeofthewind.net\\\/wp-content\\\/uploads\\\/2026\\\/01\\\/IMG-20210723-WA0004-e1768899271933.jpg\",\"contentUrl\":\"https:\\\/\\\/eyeofthewind.net\\\/wp-content\\\/uploads\\\/2026\\\/01\\\/IMG-20210723-WA0004-e1768899271933.jpg\",\"width\":1200,\"height\":1243,\"caption\":\"Nordw\u00e4rts durch die Gotlandsee\"},{\"@type\":\"BreadcrumbList\",\"@id\":\"https:\\\/\\\/eyeofthewind.net\\\/produkt\\\/nordwaerts-durch-die-gotlandsee\\\/#breadcrumb\",\"itemListElement\":[{\"@type\":\"ListItem\",\"position\":1,\"name\":\"Startseite\",\"item\":\"https:\\\/\\\/eyeofthewind.net\\\/\"},{\"@type\":\"ListItem\",\"position\":2,\"name\":\"Shop\",\"item\":\"https:\\\/\\\/eyeofthewind.net\\\/shop\\\/\"},{\"@type\":\"ListItem\",\"position\":3,\"name\":\"Nordw\u00e4rts durch die Gotlandsee\"}]},{\"@type\":\"WebSite\",\"@id\":\"https:\\\/\\\/eyeofthewind.net\\\/#website\",\"url\":\"https:\\\/\\\/eyeofthewind.net\\\/\",\"name\":\"Segelschiff Charter &amp; Reisen - Eye of the Wind\",\"description\":\"Segelurlaub mit der Eye of the Wind: Segelt\u00f6rns zwischen Ostsee, Kanaren und Karibik. Jeder kann mitsegeln! Mehr zu Ihrer Segelreise.\",\"publisher\":{\"@id\":\"https:\\\/\\\/eyeofthewind.net\\\/#organization\"},\"potentialAction\":[{\"@type\":\"SearchAction\",\"target\":{\"@type\":\"EntryPoint\",\"urlTemplate\":\"https:\\\/\\\/eyeofthewind.net\\\/?s={search_term_string}\"},\"query-input\":{\"@type\":\"PropertyValueSpecification\",\"valueRequired\":true,\"valueName\":\"search_term_string\"}}],\"inLanguage\":\"en-GB\"},{\"@type\":\"Organization\",\"@id\":\"https:\\\/\\\/eyeofthewind.net\\\/#organization\",\"name\":\"Segelschiff Charter &amp; Reisen - Eye of the Wind\",\"url\":\"https:\\\/\\\/eyeofthewind.net\\\/\",\"logo\":{\"@type\":\"ImageObject\",\"inLanguage\":\"en-GB\",\"@id\":\"https:\\\/\\\/eyeofthewind.net\\\/#\\\/schema\\\/logo\\\/image\\\/\",\"url\":\"https:\\\/\\\/eyeofthewind.net\\\/wp-content\\\/uploads\\\/2024\\\/10\\\/L_Eye_weiss.svg\",\"contentUrl\":\"https:\\\/\\\/eyeofthewind.net\\\/wp-content\\\/uploads\\\/2024\\\/10\\\/L_Eye_weiss.svg\",\"width\":202,\"height\":123,\"caption\":\"Segelschiff Charter &amp; Reisen - Eye of the Wind\"},\"image\":{\"@id\":\"https:\\\/\\\/eyeofthewind.net\\\/#\\\/schema\\\/logo\\\/image\\\/\"}}]}<\/script>\n<!-- \/ Yoast SEO plugin. -->","yoast_head_json":{"title":"Northwards through the Gotland Sea - Sailboat Charter &amp; Travel - Eye of the Wind","description":"Northwards through the Gotland Sea: Sailing trip on the Baltic Sea with the sailing ship Eye of the Wind from Kalmar to Stockholm (Sweden)","robots":{"index":"index","follow":"follow","max-snippet":"max-snippet:-1","max-image-preview":"max-image-preview:large","max-video-preview":"max-video-preview:-1"},"canonical":"https:\/\/eyeofthewind.net\/en\/product\/northwards-through-the-gotland-sea\/","og_locale":"en_GB","og_type":"article","og_title":"Nordw\u00e4rts durch die Gotlandsee - Segelschiff Charter &amp; Reisen - Eye of the Wind","og_description":"Nordw\u00e4rts durch die Gotlandsee: Segelt\u00f6rn auf der Ostsee mit dem Segelschiff Eye of the Wind von Kalmar nach Stockholm (Schweden)","og_url":"https:\/\/eyeofthewind.net\/en\/product\/northwards-through-the-gotland-sea\/","og_site_name":"Segelschiff Charter &amp; Reisen - Eye of the Wind","article_modified_time":"2026-03-26T08:13:44+00:00","og_image":[{"width":1200,"height":1243,"url":"https:\/\/eyeofthewind.net\/wp-content\/uploads\/2026\/01\/IMG-20210723-WA0004-e1768899271933.jpg","type":"image\/jpeg"}],"twitter_card":"summary_large_image","twitter_misc":{"Estimated reading time":"1 minute"},"schema":{"@context":"https:\/\/schema.org","@graph":[{"@type":"WebPage","@id":"https:\/\/eyeofthewind.net\/produkt\/nordwaerts-durch-die-gotlandsee\/","url":"https:\/\/eyeofthewind.net\/produkt\/nordwaerts-durch-die-gotlandsee\/","name":"Northwards through the Gotland Sea - Sailboat Charter &amp; Travel - Eye of the Wind","isPartOf":{"@id":"https:\/\/eyeofthewind.net\/#website"},"primaryImageOfPage":{"@id":"https:\/\/eyeofthewind.net\/produkt\/nordwaerts-durch-die-gotlandsee\/#primaryimage"},"image":{"@id":"https:\/\/eyeofthewind.net\/produkt\/nordwaerts-durch-die-gotlandsee\/#primaryimage"},"thumbnailUrl":"https:\/\/eyeofthewind.net\/wp-content\/uploads\/2026\/01\/IMG-20210723-WA0004-e1768899271933.jpg","datePublished":"2026-01-20T09:00:04+00:00","dateModified":"2026-03-26T08:13:44+00:00","description":"Northwards through the Gotland Sea: Sailing trip on the Baltic Sea with the sailing ship Eye of the Wind from Kalmar to Stockholm (Sweden)","breadcrumb":{"@id":"https:\/\/eyeofthewind.net\/produkt\/nordwaerts-durch-die-gotlandsee\/#breadcrumb"},"inLanguage":"en-GB","potentialAction":[{"@type":"ReadAction","target":["https:\/\/eyeofthewind.net\/produkt\/nordwaerts-durch-die-gotlandsee\/"]}]},{"@type":"ImageObject","inLanguage":"en-GB","@id":"https:\/\/eyeofthewind.net\/produkt\/nordwaerts-durch-die-gotlandsee\/#primaryimage","url":"https:\/\/eyeofthewind.net\/wp-content\/uploads\/2026\/01\/IMG-20210723-WA0004-e1768899271933.jpg","contentUrl":"https:\/\/eyeofthewind.net\/wp-content\/uploads\/2026\/01\/IMG-20210723-WA0004-e1768899271933.jpg","width":1200,"height":1243,"caption":"Nordw\u00e4rts durch die Gotlandsee"},{"@type":"BreadcrumbList","@id":"https:\/\/eyeofthewind.net\/produkt\/nordwaerts-durch-die-gotlandsee\/#breadcrumb","itemListElement":[{"@type":"ListItem","position":1,"name":"Startseite","item":"https:\/\/eyeofthewind.net\/"},{"@type":"ListItem","position":2,"name":"Shop","item":"https:\/\/eyeofthewind.net\/shop\/"},{"@type":"ListItem","position":3,"name":"Nordw\u00e4rts durch die Gotlandsee"}]},{"@type":"WebSite","@id":"https:\/\/eyeofthewind.net\/#website","url":"https:\/\/eyeofthewind.net\/","name":"Sailing Ship Charter &amp; Travelling - Eye of the Wind","description":"Sailing holidays with the Eye of the Wind: sailing trips between the Baltic Sea, Canary Islands and Caribbean. Anyone can sail with us! More about your sailing holiday.","publisher":{"@id":"https:\/\/eyeofthewind.net\/#organization"},"potentialAction":[{"@type":"SearchAction","target":{"@type":"EntryPoint","urlTemplate":"https:\/\/eyeofthewind.net\/?s={search_term_string}"},"query-input":{"@type":"PropertyValueSpecification","valueRequired":true,"valueName":"search_term_string"}}],"inLanguage":"en-GB"},{"@type":"Organization","@id":"https:\/\/eyeofthewind.net\/#organization","name":"Sailing Ship Charter &amp; Travelling - Eye of the Wind","url":"https:\/\/eyeofthewind.net\/","logo":{"@type":"ImageObject","inLanguage":"en-GB","@id":"https:\/\/eyeofthewind.net\/#\/schema\/logo\/image\/","url":"https:\/\/eyeofthewind.net\/wp-content\/uploads\/2024\/10\/L_Eye_weiss.svg","contentUrl":"https:\/\/eyeofthewind.net\/wp-content\/uploads\/2024\/10\/L_Eye_weiss.svg","width":202,"height":123,"caption":"Segelschiff Charter &amp; Reisen - Eye of the Wind"},"image":{"@id":"https:\/\/eyeofthewind.net\/#\/schema\/logo\/image\/"}}]}},"_links":{"self":[{"href":"https:\/\/eyeofthewind.net\/en\/wp-json\/wp\/v2\/product\/5884","targetHints":{"allow":["GET"]}}],"collection":[{"href":"https:\/\/eyeofthewind.net\/en\/wp-json\/wp\/v2\/product"}],"about":[{"href":"https:\/\/eyeofthewind.net\/en\/wp-json\/wp\/v2\/types\/product"}],"wp:featuredmedia":[{"embeddable":true,"href":"https:\/\/eyeofthewind.net\/en\/wp-json\/wp\/v2\/media\/5886"}],"wp:attachment":[{"href":"https:\/\/eyeofthewind.net\/en\/wp-json\/wp\/v2\/media?parent=5884"}],"wp:term":[{"taxonomy":"product_brand","embeddable":true,"href":"https:\/\/eyeofthewind.net\/en\/wp-json\/wp\/v2\/product_brand?post=5884"},{"taxonomy":"product_cat","embeddable":true,"href":"https:\/\/eyeofthewind.net\/en\/wp-json\/wp\/v2\/product_cat?post=5884"},{"taxonomy":"product_tag","embeddable":true,"href":"https:\/\/eyeofthewind.net\/en\/wp-json\/wp\/v2\/product_tag?post=5884"}],"curies":[{"name":"wp","href":"https:\/\/api.w.org\/{rel}","templated":true}]}}