{"id":5958,"date":"2026-02-03T12:26:11","date_gmt":"2026-02-03T11:26:11","guid":{"rendered":"https:\/\/eyeofthewind.net\/?post_type=product&#038;p=5958"},"modified":"2026-03-26T10:44:53","modified_gmt":"2026-03-26T09:44:53","slug":"the-scaerian-sea-and-the-gulf-of-finland","status":"publish","type":"product","link":"https:\/\/eyeofthewind.net\/en\/produkt\/schaerenmeer-und-finnischer-meerbusen\/","title":{"rendered":"Archipelago Sea and Gulf of Finland"},"content":{"rendered":"<p class=\"translation-block\">On this <strong> summer sailing trip<\/strong> , we want to explore a particularly charming sailing area: in <strong> south-western Finland<\/strong>  lies the <strong> largest archipelago<\/strong>  in the world \u2013 the number of <strong> islands and secluded islets with rocky cliffs<\/strong>  here is estimated at around 50,000. Some of the larger islands are inhabited \u2013 small fishing villages and scattered red wooden cottages can be seen from the sea. The maritime experience is framed by <strong> attractive and easily accessible ports of departure and arrival<\/strong>: <strong>Turku<\/strong> , the gateway to the archipelago and cultural centre on the south coast of Finland, and <strong>Helsinki, one of the most beautiful cities in Scandinavia<\/strong>.<\/p>","protected":false},"excerpt":{"rendered":"<p>Auf diesem Sommert\u00f6rn wollen wir ein besonders reizvolles Segelrevier erkunden: Im S\u00fcdwesten Finnlands liegt das\u00a0gr\u00f6\u00dfte Sch\u00e4renmeer der Welt \u2013 die Anzahl der hier vorhandenen Inseln und einsamen Inselchen mit felsigen Klippen wird auf rund 50.000 gesch\u00e4tzt. Einige der gr\u00f6\u00dferen Inseln sind bewohnt \u2013 kleine Fischerd\u00f6rfer und vereinzelte rote Holzh\u00e4uschen sind von See aus zu erkennen. [&hellip;]<\/p>\n","protected":false},"featured_media":5960,"template":"","meta":{"_acf_changed":false,"_vp_format_video_url":"","_vp_image_focal_point":[]},"product_brand":[],"product_cat":[15],"product_tag":[],"class_list":{"0":"post-5958","1":"product","2":"type-product","3":"status-publish","4":"has-post-thumbnail","6":"product_cat-unkategorisiert","8":"first","9":"instock","10":"featured","11":"virtual","12":"purchasable","13":"product-type-simple"},"acf":[],"yoast_head":"<!-- This site is optimized with the Yoast SEO plugin v27.4 - https:\/\/yoast.com\/product\/yoast-seo-wordpress\/ -->\n<title>Sch\u00e4renmeer und Finnischer Meerbusen - Segelschiff Charter &amp; Reisen - Eye of the Wind<\/title>\n<meta name=\"description\" content=\"Sch\u00e4renmeer und Finnischer Meerbusen: Segelt\u00f6rn auf der Ostsee mit dem Segelschiff Eye of the Wind von Turku (Finnland) nach Helsinki (Finnland)\" \/>\n<meta name=\"robots\" content=\"index, follow, max-snippet:-1, max-image-preview:large, max-video-preview:-1\" \/>\n<link rel=\"canonical\" href=\"https:\/\/eyeofthewind.net\/en\/product\/the-scaerian-sea-and-the-gulf-of-finland\/\" \/>\n<meta property=\"og:locale\" content=\"en_GB\" \/>\n<meta property=\"og:type\" content=\"article\" \/>\n<meta property=\"og:title\" content=\"Sch\u00e4renmeer und Finnischer Meerbusen - Segelschiff Charter &amp; Reisen - Eye of the Wind\" \/>\n<meta property=\"og:description\" content=\"Sch\u00e4renmeer und Finnischer Meerbusen: Segelt\u00f6rn auf der Ostsee mit dem Segelschiff Eye of the Wind von Turku (Finnland) nach Helsinki (Finnland)\" \/>\n<meta property=\"og:url\" content=\"https:\/\/eyeofthewind.net\/en\/product\/the-scaerian-sea-and-the-gulf-of-finland\/\" \/>\n<meta property=\"og:site_name\" content=\"Segelschiff Charter &amp; Reisen - Eye of the Wind\" \/>\n<meta property=\"article:modified_time\" content=\"2026-03-26T09:44:53+00:00\" \/>\n<meta property=\"og:image\" content=\"https:\/\/eyeofthewind.net\/wp-content\/uploads\/2026\/02\/Regenbogen-Stefanie-Schaefer-Kopie-scaled.jpg\" \/>\n\t<meta property=\"og:image:width\" content=\"2560\" \/>\n\t<meta property=\"og:image:height\" content=\"1489\" \/>\n\t<meta property=\"og:image:type\" content=\"image\/jpeg\" \/>\n<meta name=\"twitter:card\" content=\"summary_large_image\" \/>\n<meta name=\"twitter:label1\" content=\"Estimated reading time\" \/>\n\t<meta name=\"twitter:data1\" content=\"1 minute\" \/>\n<script type=\"application\/ld+json\" class=\"yoast-schema-graph\">{\"@context\":\"https:\\\/\\\/schema.org\",\"@graph\":[{\"@type\":\"WebPage\",\"@id\":\"https:\\\/\\\/eyeofthewind.net\\\/produkt\\\/schaerenmeer-und-finnischer-meerbusen\\\/\",\"url\":\"https:\\\/\\\/eyeofthewind.net\\\/produkt\\\/schaerenmeer-und-finnischer-meerbusen\\\/\",\"name\":\"Sch\u00e4renmeer und Finnischer Meerbusen - Segelschiff Charter &amp; Reisen - Eye of the Wind\",\"isPartOf\":{\"@id\":\"https:\\\/\\\/eyeofthewind.net\\\/#website\"},\"primaryImageOfPage\":{\"@id\":\"https:\\\/\\\/eyeofthewind.net\\\/produkt\\\/schaerenmeer-und-finnischer-meerbusen\\\/#primaryimage\"},\"image\":{\"@id\":\"https:\\\/\\\/eyeofthewind.net\\\/produkt\\\/schaerenmeer-und-finnischer-meerbusen\\\/#primaryimage\"},\"thumbnailUrl\":\"https:\\\/\\\/eyeofthewind.net\\\/wp-content\\\/uploads\\\/2026\\\/02\\\/Regenbogen-Stefanie-Schaefer-Kopie-scaled.jpg\",\"datePublished\":\"2026-02-03T11:26:11+00:00\",\"dateModified\":\"2026-03-26T09:44:53+00:00\",\"description\":\"Sch\u00e4renmeer und Finnischer Meerbusen: Segelt\u00f6rn auf der Ostsee mit dem Segelschiff Eye of the Wind von Turku (Finnland) nach Helsinki (Finnland)\",\"breadcrumb\":{\"@id\":\"https:\\\/\\\/eyeofthewind.net\\\/produkt\\\/schaerenmeer-und-finnischer-meerbusen\\\/#breadcrumb\"},\"inLanguage\":\"en-GB\",\"potentialAction\":[{\"@type\":\"ReadAction\",\"target\":[\"https:\\\/\\\/eyeofthewind.net\\\/produkt\\\/schaerenmeer-und-finnischer-meerbusen\\\/\"]}]},{\"@type\":\"ImageObject\",\"inLanguage\":\"en-GB\",\"@id\":\"https:\\\/\\\/eyeofthewind.net\\\/produkt\\\/schaerenmeer-und-finnischer-meerbusen\\\/#primaryimage\",\"url\":\"https:\\\/\\\/eyeofthewind.net\\\/wp-content\\\/uploads\\\/2026\\\/02\\\/Regenbogen-Stefanie-Schaefer-Kopie-scaled.jpg\",\"contentUrl\":\"https:\\\/\\\/eyeofthewind.net\\\/wp-content\\\/uploads\\\/2026\\\/02\\\/Regenbogen-Stefanie-Schaefer-Kopie-scaled.jpg\",\"width\":2560,\"height\":1489,\"caption\":\"Sch\u00e4renmeer und Finnischer Meerbusen\"},{\"@type\":\"BreadcrumbList\",\"@id\":\"https:\\\/\\\/eyeofthewind.net\\\/produkt\\\/schaerenmeer-und-finnischer-meerbusen\\\/#breadcrumb\",\"itemListElement\":[{\"@type\":\"ListItem\",\"position\":1,\"name\":\"Startseite\",\"item\":\"https:\\\/\\\/eyeofthewind.net\\\/\"},{\"@type\":\"ListItem\",\"position\":2,\"name\":\"Shop\",\"item\":\"https:\\\/\\\/eyeofthewind.net\\\/shop\\\/\"},{\"@type\":\"ListItem\",\"position\":3,\"name\":\"Sch\u00e4renmeer und Finnischer Meerbusen\"}]},{\"@type\":\"WebSite\",\"@id\":\"https:\\\/\\\/eyeofthewind.net\\\/#website\",\"url\":\"https:\\\/\\\/eyeofthewind.net\\\/\",\"name\":\"Segelschiff Charter &amp; Reisen - Eye of the Wind\",\"description\":\"Segelurlaub mit der Eye of the Wind: Segelt\u00f6rns zwischen Ostsee, Kanaren und Karibik. Jeder kann mitsegeln! Mehr zu Ihrer Segelreise.\",\"publisher\":{\"@id\":\"https:\\\/\\\/eyeofthewind.net\\\/#organization\"},\"potentialAction\":[{\"@type\":\"SearchAction\",\"target\":{\"@type\":\"EntryPoint\",\"urlTemplate\":\"https:\\\/\\\/eyeofthewind.net\\\/?s={search_term_string}\"},\"query-input\":{\"@type\":\"PropertyValueSpecification\",\"valueRequired\":true,\"valueName\":\"search_term_string\"}}],\"inLanguage\":\"en-GB\"},{\"@type\":\"Organization\",\"@id\":\"https:\\\/\\\/eyeofthewind.net\\\/#organization\",\"name\":\"Segelschiff Charter &amp; Reisen - Eye of the Wind\",\"url\":\"https:\\\/\\\/eyeofthewind.net\\\/\",\"logo\":{\"@type\":\"ImageObject\",\"inLanguage\":\"en-GB\",\"@id\":\"https:\\\/\\\/eyeofthewind.net\\\/#\\\/schema\\\/logo\\\/image\\\/\",\"url\":\"https:\\\/\\\/eyeofthewind.net\\\/wp-content\\\/uploads\\\/2024\\\/10\\\/L_Eye_weiss.svg\",\"contentUrl\":\"https:\\\/\\\/eyeofthewind.net\\\/wp-content\\\/uploads\\\/2024\\\/10\\\/L_Eye_weiss.svg\",\"width\":202,\"height\":123,\"caption\":\"Segelschiff Charter &amp; Reisen - Eye of the Wind\"},\"image\":{\"@id\":\"https:\\\/\\\/eyeofthewind.net\\\/#\\\/schema\\\/logo\\\/image\\\/\"}}]}<\/script>\n<!-- \/ Yoast SEO plugin. -->","yoast_head_json":{"title":"Archipelago Sea and Gulf of Finland - Sailboat Charter &amp; Travel - Eye of the Wind","description":"Archipelago Sea and Gulf of Finland: Sailing trip on the Baltic Sea with the sailing ship Eye of the Wind from Turku (Finland) to Helsinki (Finland)","robots":{"index":"index","follow":"follow","max-snippet":"max-snippet:-1","max-image-preview":"max-image-preview:large","max-video-preview":"max-video-preview:-1"},"canonical":"https:\/\/eyeofthewind.net\/en\/product\/the-scaerian-sea-and-the-gulf-of-finland\/","og_locale":"en_GB","og_type":"article","og_title":"Sch\u00e4renmeer und Finnischer Meerbusen - Segelschiff Charter &amp; Reisen - Eye of the Wind","og_description":"Sch\u00e4renmeer und Finnischer Meerbusen: Segelt\u00f6rn auf der Ostsee mit dem Segelschiff Eye of the Wind von Turku (Finnland) nach Helsinki (Finnland)","og_url":"https:\/\/eyeofthewind.net\/en\/product\/the-scaerian-sea-and-the-gulf-of-finland\/","og_site_name":"Segelschiff Charter &amp; Reisen - Eye of the Wind","article_modified_time":"2026-03-26T09:44:53+00:00","og_image":[{"width":2560,"height":1489,"url":"https:\/\/eyeofthewind.net\/wp-content\/uploads\/2026\/02\/Regenbogen-Stefanie-Schaefer-Kopie-scaled.jpg","type":"image\/jpeg"}],"twitter_card":"summary_large_image","twitter_misc":{"Estimated reading time":"1 minute"},"schema":{"@context":"https:\/\/schema.org","@graph":[{"@type":"WebPage","@id":"https:\/\/eyeofthewind.net\/produkt\/schaerenmeer-und-finnischer-meerbusen\/","url":"https:\/\/eyeofthewind.net\/produkt\/schaerenmeer-und-finnischer-meerbusen\/","name":"Archipelago Sea and Gulf of Finland - Sailboat Charter &amp; Travel - Eye of the Wind","isPartOf":{"@id":"https:\/\/eyeofthewind.net\/#website"},"primaryImageOfPage":{"@id":"https:\/\/eyeofthewind.net\/produkt\/schaerenmeer-und-finnischer-meerbusen\/#primaryimage"},"image":{"@id":"https:\/\/eyeofthewind.net\/produkt\/schaerenmeer-und-finnischer-meerbusen\/#primaryimage"},"thumbnailUrl":"https:\/\/eyeofthewind.net\/wp-content\/uploads\/2026\/02\/Regenbogen-Stefanie-Schaefer-Kopie-scaled.jpg","datePublished":"2026-02-03T11:26:11+00:00","dateModified":"2026-03-26T09:44:53+00:00","description":"Archipelago Sea and Gulf of Finland: Sailing trip on the Baltic Sea with the sailing ship Eye of the Wind from Turku (Finland) to Helsinki (Finland)","breadcrumb":{"@id":"https:\/\/eyeofthewind.net\/produkt\/schaerenmeer-und-finnischer-meerbusen\/#breadcrumb"},"inLanguage":"en-GB","potentialAction":[{"@type":"ReadAction","target":["https:\/\/eyeofthewind.net\/produkt\/schaerenmeer-und-finnischer-meerbusen\/"]}]},{"@type":"ImageObject","inLanguage":"en-GB","@id":"https:\/\/eyeofthewind.net\/produkt\/schaerenmeer-und-finnischer-meerbusen\/#primaryimage","url":"https:\/\/eyeofthewind.net\/wp-content\/uploads\/2026\/02\/Regenbogen-Stefanie-Schaefer-Kopie-scaled.jpg","contentUrl":"https:\/\/eyeofthewind.net\/wp-content\/uploads\/2026\/02\/Regenbogen-Stefanie-Schaefer-Kopie-scaled.jpg","width":2560,"height":1489,"caption":"Sch\u00e4renmeer und Finnischer Meerbusen"},{"@type":"BreadcrumbList","@id":"https:\/\/eyeofthewind.net\/produkt\/schaerenmeer-und-finnischer-meerbusen\/#breadcrumb","itemListElement":[{"@type":"ListItem","position":1,"name":"Startseite","item":"https:\/\/eyeofthewind.net\/"},{"@type":"ListItem","position":2,"name":"Shop","item":"https:\/\/eyeofthewind.net\/shop\/"},{"@type":"ListItem","position":3,"name":"Sch\u00e4renmeer und Finnischer Meerbusen"}]},{"@type":"WebSite","@id":"https:\/\/eyeofthewind.net\/#website","url":"https:\/\/eyeofthewind.net\/","name":"Sailing Ship Charter &amp; Travelling - Eye of the Wind","description":"Sailing holidays with the Eye of the Wind: sailing trips between the Baltic Sea, Canary Islands and Caribbean. Anyone can sail with us! More about your sailing holiday.","publisher":{"@id":"https:\/\/eyeofthewind.net\/#organization"},"potentialAction":[{"@type":"SearchAction","target":{"@type":"EntryPoint","urlTemplate":"https:\/\/eyeofthewind.net\/?s={search_term_string}"},"query-input":{"@type":"PropertyValueSpecification","valueRequired":true,"valueName":"search_term_string"}}],"inLanguage":"en-GB"},{"@type":"Organization","@id":"https:\/\/eyeofthewind.net\/#organization","name":"Sailing Ship Charter &amp; Travelling - Eye of the Wind","url":"https:\/\/eyeofthewind.net\/","logo":{"@type":"ImageObject","inLanguage":"en-GB","@id":"https:\/\/eyeofthewind.net\/#\/schema\/logo\/image\/","url":"https:\/\/eyeofthewind.net\/wp-content\/uploads\/2024\/10\/L_Eye_weiss.svg","contentUrl":"https:\/\/eyeofthewind.net\/wp-content\/uploads\/2024\/10\/L_Eye_weiss.svg","width":202,"height":123,"caption":"Segelschiff Charter &amp; Reisen - Eye of the Wind"},"image":{"@id":"https:\/\/eyeofthewind.net\/#\/schema\/logo\/image\/"}}]}},"_links":{"self":[{"href":"https:\/\/eyeofthewind.net\/en\/wp-json\/wp\/v2\/product\/5958","targetHints":{"allow":["GET"]}}],"collection":[{"href":"https:\/\/eyeofthewind.net\/en\/wp-json\/wp\/v2\/product"}],"about":[{"href":"https:\/\/eyeofthewind.net\/en\/wp-json\/wp\/v2\/types\/product"}],"wp:featuredmedia":[{"embeddable":true,"href":"https:\/\/eyeofthewind.net\/en\/wp-json\/wp\/v2\/media\/5960"}],"wp:attachment":[{"href":"https:\/\/eyeofthewind.net\/en\/wp-json\/wp\/v2\/media?parent=5958"}],"wp:term":[{"taxonomy":"product_brand","embeddable":true,"href":"https:\/\/eyeofthewind.net\/en\/wp-json\/wp\/v2\/product_brand?post=5958"},{"taxonomy":"product_cat","embeddable":true,"href":"https:\/\/eyeofthewind.net\/en\/wp-json\/wp\/v2\/product_cat?post=5958"},{"taxonomy":"product_tag","embeddable":true,"href":"https:\/\/eyeofthewind.net\/en\/wp-json\/wp\/v2\/product_tag?post=5958"}],"curies":[{"name":"wp","href":"https:\/\/api.w.org\/{rel}","templated":true}]}}