{"id":5972,"date":"2026-02-04T11:34:10","date_gmt":"2026-02-04T10:34:10","guid":{"rendered":"https:\/\/eyeofthewind.net\/?post_type=product&#038;p=5972"},"modified":"2026-03-24T09:47:08","modified_gmt":"2026-03-24T08:47:08","slug":"discovery-cruises-in-the-gulf-of-finland","status":"publish","type":"product","link":"https:\/\/eyeofthewind.net\/en\/produkt\/entdeckertoern-im-finnischen-meerbusen\/","title":{"rendered":"Exploration trip in the Gulf of Finland"},"content":{"rendered":"<p class=\"translation-block\">Without exaggeration, this will be one of the most <strong>beautiful sailing trips in the Baltic Sea region<\/strong>! Never before in its 115-year history has our ship ventured further northeast than on this voyage. On this <strong>summer trip between Finland and Estonia<\/strong>, we will explore the <strong>scenic coastline of the Gulf of Finland<\/strong>. Days at sea alternate with nights at a sheltered anchorage or in port. Depending on wind and weather conditions, stopovers with shore leave are planned along the coast. The sailing trip ends <strong>in the centre of Tallinn<\/strong>, one of the most attractive maritime cities in the Baltic. Enjoy <strong>relaxing days on board<\/strong> \u2013 no previous experience is required to <strong>sail on the windjammer<\/strong>.<\/p>","protected":false},"excerpt":{"rendered":"<p>Ganz ohne \u00dcbertreibung: Dies wird eine der sch\u00f6nsten Segeltouren im Ostseerevier! Noch nie zuvor in seiner 115-j\u00e4hrigen Geschichte ist unser Schiff weiter nach Nordosten vorgedrungen als auf dieser Reise. Auf diesem sommerlichen T\u00f6rn zwischen Finnland und Estland erkunden wir die landschaftlich reizvolle K\u00fcstenlinie des Finnischen Meerbusens. Tage auf See wechseln sich ab mit N\u00e4chten am [&hellip;]<\/p>\n","protected":false},"featured_media":5973,"template":"","meta":{"_acf_changed":false,"_vp_format_video_url":"","_vp_image_focal_point":[]},"product_brand":[],"product_cat":[15],"product_tag":[],"class_list":{"0":"post-5972","1":"product","2":"type-product","3":"status-publish","4":"has-post-thumbnail","6":"product_cat-unkategorisiert","8":"first","9":"instock","10":"featured","11":"virtual","12":"purchasable","13":"product-type-simple"},"acf":[],"yoast_head":"<!-- This site is optimized with the Yoast SEO plugin v27.4 - https:\/\/yoast.com\/product\/yoast-seo-wordpress\/ -->\n<title>Entdeckert\u00f6rn im Finnischen Meerbusen - Segelschiff Charter &amp; Reisen - Eye of the Wind<\/title>\n<meta name=\"description\" content=\"Entdeckert\u00f6rn im Finnischen Meerbusen: Segelt\u00f6rn auf der Ostsee mit dem Segelschiff Eye of the Wind von Helsinki (Finnland) nach Tallinn (Estland)\" \/>\n<meta name=\"robots\" content=\"index, follow, max-snippet:-1, max-image-preview:large, max-video-preview:-1\" \/>\n<link rel=\"canonical\" href=\"https:\/\/eyeofthewind.net\/en\/product\/discovery-cruises-in-the-gulf-of-finland\/\" \/>\n<meta property=\"og:locale\" content=\"en_GB\" \/>\n<meta property=\"og:type\" content=\"article\" \/>\n<meta property=\"og:title\" content=\"Entdeckert\u00f6rn im Finnischen Meerbusen - Segelschiff Charter &amp; Reisen - Eye of the Wind\" \/>\n<meta property=\"og:description\" content=\"Entdeckert\u00f6rn im Finnischen Meerbusen: Segelt\u00f6rn auf der Ostsee mit dem Segelschiff Eye of the Wind von Helsinki (Finnland) nach Tallinn (Estland)\" \/>\n<meta property=\"og:url\" content=\"https:\/\/eyeofthewind.net\/en\/product\/discovery-cruises-in-the-gulf-of-finland\/\" \/>\n<meta property=\"og:site_name\" content=\"Segelschiff Charter &amp; Reisen - Eye of the Wind\" \/>\n<meta property=\"article:modified_time\" content=\"2026-03-24T08:47:08+00:00\" \/>\n<meta property=\"og:image\" content=\"https:\/\/eyeofthewind.net\/wp-content\/uploads\/2026\/02\/IMG_4397-scaled.jpg\" \/>\n\t<meta property=\"og:image:width\" content=\"2560\" \/>\n\t<meta property=\"og:image:height\" content=\"1707\" \/>\n\t<meta property=\"og:image:type\" content=\"image\/jpeg\" \/>\n<meta name=\"twitter:card\" content=\"summary_large_image\" \/>\n<meta name=\"twitter:label1\" content=\"Estimated reading time\" \/>\n\t<meta name=\"twitter:data1\" content=\"1 minute\" \/>\n<script type=\"application\/ld+json\" class=\"yoast-schema-graph\">{\"@context\":\"https:\\\/\\\/schema.org\",\"@graph\":[{\"@type\":\"WebPage\",\"@id\":\"https:\\\/\\\/eyeofthewind.net\\\/produkt\\\/entdeckertoern-im-finnischen-meerbusen\\\/\",\"url\":\"https:\\\/\\\/eyeofthewind.net\\\/produkt\\\/entdeckertoern-im-finnischen-meerbusen\\\/\",\"name\":\"Entdeckert\u00f6rn im Finnischen Meerbusen - Segelschiff Charter &amp; Reisen - Eye of the Wind\",\"isPartOf\":{\"@id\":\"https:\\\/\\\/eyeofthewind.net\\\/#website\"},\"primaryImageOfPage\":{\"@id\":\"https:\\\/\\\/eyeofthewind.net\\\/produkt\\\/entdeckertoern-im-finnischen-meerbusen\\\/#primaryimage\"},\"image\":{\"@id\":\"https:\\\/\\\/eyeofthewind.net\\\/produkt\\\/entdeckertoern-im-finnischen-meerbusen\\\/#primaryimage\"},\"thumbnailUrl\":\"https:\\\/\\\/eyeofthewind.net\\\/wp-content\\\/uploads\\\/2026\\\/02\\\/IMG_4397-scaled.jpg\",\"datePublished\":\"2026-02-04T10:34:10+00:00\",\"dateModified\":\"2026-03-24T08:47:08+00:00\",\"description\":\"Entdeckert\u00f6rn im Finnischen Meerbusen: Segelt\u00f6rn auf der Ostsee mit dem Segelschiff Eye of the Wind von Helsinki (Finnland) nach Tallinn (Estland)\",\"breadcrumb\":{\"@id\":\"https:\\\/\\\/eyeofthewind.net\\\/produkt\\\/entdeckertoern-im-finnischen-meerbusen\\\/#breadcrumb\"},\"inLanguage\":\"en-GB\",\"potentialAction\":[{\"@type\":\"ReadAction\",\"target\":[\"https:\\\/\\\/eyeofthewind.net\\\/produkt\\\/entdeckertoern-im-finnischen-meerbusen\\\/\"]}]},{\"@type\":\"ImageObject\",\"inLanguage\":\"en-GB\",\"@id\":\"https:\\\/\\\/eyeofthewind.net\\\/produkt\\\/entdeckertoern-im-finnischen-meerbusen\\\/#primaryimage\",\"url\":\"https:\\\/\\\/eyeofthewind.net\\\/wp-content\\\/uploads\\\/2026\\\/02\\\/IMG_4397-scaled.jpg\",\"contentUrl\":\"https:\\\/\\\/eyeofthewind.net\\\/wp-content\\\/uploads\\\/2026\\\/02\\\/IMG_4397-scaled.jpg\",\"width\":2560,\"height\":1707,\"caption\":\"Entdeckert\u00f6rn im Finnischen Meerbusen\"},{\"@type\":\"BreadcrumbList\",\"@id\":\"https:\\\/\\\/eyeofthewind.net\\\/produkt\\\/entdeckertoern-im-finnischen-meerbusen\\\/#breadcrumb\",\"itemListElement\":[{\"@type\":\"ListItem\",\"position\":1,\"name\":\"Startseite\",\"item\":\"https:\\\/\\\/eyeofthewind.net\\\/\"},{\"@type\":\"ListItem\",\"position\":2,\"name\":\"Shop\",\"item\":\"https:\\\/\\\/eyeofthewind.net\\\/shop\\\/\"},{\"@type\":\"ListItem\",\"position\":3,\"name\":\"Entdeckert\u00f6rn im Finnischen Meerbusen\"}]},{\"@type\":\"WebSite\",\"@id\":\"https:\\\/\\\/eyeofthewind.net\\\/#website\",\"url\":\"https:\\\/\\\/eyeofthewind.net\\\/\",\"name\":\"Segelschiff Charter &amp; Reisen - Eye of the Wind\",\"description\":\"Segelurlaub mit der Eye of the Wind: Segelt\u00f6rns zwischen Ostsee, Kanaren und Karibik. Jeder kann mitsegeln! Mehr zu Ihrer Segelreise.\",\"publisher\":{\"@id\":\"https:\\\/\\\/eyeofthewind.net\\\/#organization\"},\"potentialAction\":[{\"@type\":\"SearchAction\",\"target\":{\"@type\":\"EntryPoint\",\"urlTemplate\":\"https:\\\/\\\/eyeofthewind.net\\\/?s={search_term_string}\"},\"query-input\":{\"@type\":\"PropertyValueSpecification\",\"valueRequired\":true,\"valueName\":\"search_term_string\"}}],\"inLanguage\":\"en-GB\"},{\"@type\":\"Organization\",\"@id\":\"https:\\\/\\\/eyeofthewind.net\\\/#organization\",\"name\":\"Segelschiff Charter &amp; Reisen - Eye of the Wind\",\"url\":\"https:\\\/\\\/eyeofthewind.net\\\/\",\"logo\":{\"@type\":\"ImageObject\",\"inLanguage\":\"en-GB\",\"@id\":\"https:\\\/\\\/eyeofthewind.net\\\/#\\\/schema\\\/logo\\\/image\\\/\",\"url\":\"https:\\\/\\\/eyeofthewind.net\\\/wp-content\\\/uploads\\\/2024\\\/10\\\/L_Eye_weiss.svg\",\"contentUrl\":\"https:\\\/\\\/eyeofthewind.net\\\/wp-content\\\/uploads\\\/2024\\\/10\\\/L_Eye_weiss.svg\",\"width\":202,\"height\":123,\"caption\":\"Segelschiff Charter &amp; Reisen - Eye of the Wind\"},\"image\":{\"@id\":\"https:\\\/\\\/eyeofthewind.net\\\/#\\\/schema\\\/logo\\\/image\\\/\"}}]}<\/script>\n<!-- \/ Yoast SEO plugin. -->","yoast_head_json":{"title":"Discovery cruise in the Gulf of Finland - Sailboat Charter &amp; Travel - Eye of the Wind","description":"Discovery cruise in the Gulf of Finland: Sailing trip on the Baltic Sea with the sailing ship Eye of the Wind from Helsinki (Finland) to Tallinn (Estonia)","robots":{"index":"index","follow":"follow","max-snippet":"max-snippet:-1","max-image-preview":"max-image-preview:large","max-video-preview":"max-video-preview:-1"},"canonical":"https:\/\/eyeofthewind.net\/en\/product\/discovery-cruises-in-the-gulf-of-finland\/","og_locale":"en_GB","og_type":"article","og_title":"Entdeckert\u00f6rn im Finnischen Meerbusen - Segelschiff Charter &amp; Reisen - Eye of the Wind","og_description":"Entdeckert\u00f6rn im Finnischen Meerbusen: Segelt\u00f6rn auf der Ostsee mit dem Segelschiff Eye of the Wind von Helsinki (Finnland) nach Tallinn (Estland)","og_url":"https:\/\/eyeofthewind.net\/en\/product\/discovery-cruises-in-the-gulf-of-finland\/","og_site_name":"Segelschiff Charter &amp; Reisen - Eye of the Wind","article_modified_time":"2026-03-24T08:47:08+00:00","og_image":[{"width":2560,"height":1707,"url":"https:\/\/eyeofthewind.net\/wp-content\/uploads\/2026\/02\/IMG_4397-scaled.jpg","type":"image\/jpeg"}],"twitter_card":"summary_large_image","twitter_misc":{"Estimated reading time":"1 minute"},"schema":{"@context":"https:\/\/schema.org","@graph":[{"@type":"WebPage","@id":"https:\/\/eyeofthewind.net\/produkt\/entdeckertoern-im-finnischen-meerbusen\/","url":"https:\/\/eyeofthewind.net\/produkt\/entdeckertoern-im-finnischen-meerbusen\/","name":"Discovery cruise in the Gulf of Finland - Sailboat Charter &amp; Travel - Eye of the Wind","isPartOf":{"@id":"https:\/\/eyeofthewind.net\/#website"},"primaryImageOfPage":{"@id":"https:\/\/eyeofthewind.net\/produkt\/entdeckertoern-im-finnischen-meerbusen\/#primaryimage"},"image":{"@id":"https:\/\/eyeofthewind.net\/produkt\/entdeckertoern-im-finnischen-meerbusen\/#primaryimage"},"thumbnailUrl":"https:\/\/eyeofthewind.net\/wp-content\/uploads\/2026\/02\/IMG_4397-scaled.jpg","datePublished":"2026-02-04T10:34:10+00:00","dateModified":"2026-03-24T08:47:08+00:00","description":"Discovery cruise in the Gulf of Finland: Sailing trip on the Baltic Sea with the sailing ship Eye of the Wind from Helsinki (Finland) to Tallinn (Estonia)","breadcrumb":{"@id":"https:\/\/eyeofthewind.net\/produkt\/entdeckertoern-im-finnischen-meerbusen\/#breadcrumb"},"inLanguage":"en-GB","potentialAction":[{"@type":"ReadAction","target":["https:\/\/eyeofthewind.net\/produkt\/entdeckertoern-im-finnischen-meerbusen\/"]}]},{"@type":"ImageObject","inLanguage":"en-GB","@id":"https:\/\/eyeofthewind.net\/produkt\/entdeckertoern-im-finnischen-meerbusen\/#primaryimage","url":"https:\/\/eyeofthewind.net\/wp-content\/uploads\/2026\/02\/IMG_4397-scaled.jpg","contentUrl":"https:\/\/eyeofthewind.net\/wp-content\/uploads\/2026\/02\/IMG_4397-scaled.jpg","width":2560,"height":1707,"caption":"Entdeckert\u00f6rn im Finnischen Meerbusen"},{"@type":"BreadcrumbList","@id":"https:\/\/eyeofthewind.net\/produkt\/entdeckertoern-im-finnischen-meerbusen\/#breadcrumb","itemListElement":[{"@type":"ListItem","position":1,"name":"Startseite","item":"https:\/\/eyeofthewind.net\/"},{"@type":"ListItem","position":2,"name":"Shop","item":"https:\/\/eyeofthewind.net\/shop\/"},{"@type":"ListItem","position":3,"name":"Entdeckert\u00f6rn im Finnischen Meerbusen"}]},{"@type":"WebSite","@id":"https:\/\/eyeofthewind.net\/#website","url":"https:\/\/eyeofthewind.net\/","name":"Sailing Ship Charter &amp; Travelling - Eye of the Wind","description":"Sailing holidays with the Eye of the Wind: sailing trips between the Baltic Sea, Canary Islands and Caribbean. Anyone can sail with us! More about your sailing holiday.","publisher":{"@id":"https:\/\/eyeofthewind.net\/#organization"},"potentialAction":[{"@type":"SearchAction","target":{"@type":"EntryPoint","urlTemplate":"https:\/\/eyeofthewind.net\/?s={search_term_string}"},"query-input":{"@type":"PropertyValueSpecification","valueRequired":true,"valueName":"search_term_string"}}],"inLanguage":"en-GB"},{"@type":"Organization","@id":"https:\/\/eyeofthewind.net\/#organization","name":"Sailing Ship Charter &amp; Travelling - Eye of the Wind","url":"https:\/\/eyeofthewind.net\/","logo":{"@type":"ImageObject","inLanguage":"en-GB","@id":"https:\/\/eyeofthewind.net\/#\/schema\/logo\/image\/","url":"https:\/\/eyeofthewind.net\/wp-content\/uploads\/2024\/10\/L_Eye_weiss.svg","contentUrl":"https:\/\/eyeofthewind.net\/wp-content\/uploads\/2024\/10\/L_Eye_weiss.svg","width":202,"height":123,"caption":"Segelschiff Charter &amp; Reisen - Eye of the Wind"},"image":{"@id":"https:\/\/eyeofthewind.net\/#\/schema\/logo\/image\/"}}]}},"_links":{"self":[{"href":"https:\/\/eyeofthewind.net\/en\/wp-json\/wp\/v2\/product\/5972","targetHints":{"allow":["GET"]}}],"collection":[{"href":"https:\/\/eyeofthewind.net\/en\/wp-json\/wp\/v2\/product"}],"about":[{"href":"https:\/\/eyeofthewind.net\/en\/wp-json\/wp\/v2\/types\/product"}],"wp:featuredmedia":[{"embeddable":true,"href":"https:\/\/eyeofthewind.net\/en\/wp-json\/wp\/v2\/media\/5973"}],"wp:attachment":[{"href":"https:\/\/eyeofthewind.net\/en\/wp-json\/wp\/v2\/media?parent=5972"}],"wp:term":[{"taxonomy":"product_brand","embeddable":true,"href":"https:\/\/eyeofthewind.net\/en\/wp-json\/wp\/v2\/product_brand?post=5972"},{"taxonomy":"product_cat","embeddable":true,"href":"https:\/\/eyeofthewind.net\/en\/wp-json\/wp\/v2\/product_cat?post=5972"},{"taxonomy":"product_tag","embeddable":true,"href":"https:\/\/eyeofthewind.net\/en\/wp-json\/wp\/v2\/product_tag?post=5972"}],"curies":[{"name":"wp","href":"https:\/\/api.w.org\/{rel}","templated":true}]}}