{"id":6123,"date":"2026-03-02T10:19:06","date_gmt":"2026-03-02T09:19:06","guid":{"rendered":"https:\/\/eyeofthewind.net\/?post_type=product&#038;p=6123"},"modified":"2026-03-05T09:49:45","modified_gmt":"2026-03-05T08:49:45","slug":"55-degrees-north-course-for-copenhagen","status":"publish","type":"product","link":"https:\/\/eyeofthewind.net\/en\/produkt\/55-grad-nord-kurs-auf-kopenhagen\/","title":{"rendered":"55 degrees north \u2013 on course to Copenhagen"},"content":{"rendered":"<p class=\"translation-block\">This <strong>early autumn sailing trip<\/strong> begins at the <strong>mouth of the Kiel Canal<\/strong>, the maritime traffic artery of the entire Baltic Sea region. From here, we take you on a week-long <strong>relaxing journey to the capital of Denmark<\/strong>. This trip is ideal for getting <strong>a taste of traditional seafaring<\/strong>. From the sea, you will explore the <strong>beautiful sailing area of Kiel Bay and the Danish islands<\/strong> together with our friendly crew. We guarantee plenty of fresh sea air, <strong>pleasant comfort on board<\/strong> and delicious food from our excellent galley, genuine traditional seamanship and typical Danish tranquillity when <strong>going ashore in Copenhagen<\/strong>.<\/p>\n<p>The itinerary provides for arrival in Copenhagen on Thursday evening (8 October) or Friday morning (9 October). This way you have a full day to <strong>explore the sights of the city<\/strong>, without having to book an additional night in a hotel.<\/p>","protected":false},"excerpt":{"rendered":"<p>Dieser fr\u00fchherbstliche Segelt\u00f6rn beginnt am Ausgang des Nord-Ostsee-Kanals, der maritimen Verkehrs-Hauptschlagader des gesamten Ostseeraumes. Von hier aus nehmen wir Sie mit auf eine einw\u00f6chige erholsame Reise zur Hauptstadt D\u00e4nemarks. Dieser T\u00f6rn eignet sich hervorragend dazu, in die traditionelle Seefahrt einmal hinein zu schnuppern. Von See aus erkunden Sie zusammen mit unserer freundlichen Crew das sch\u00f6ne [&hellip;]<\/p>\n","protected":false},"featured_media":6125,"template":"","meta":{"_acf_changed":false,"_vp_format_video_url":"","_vp_image_focal_point":[]},"product_brand":[],"product_cat":[15],"product_tag":[],"class_list":{"0":"post-6123","1":"product","2":"type-product","3":"status-publish","4":"has-post-thumbnail","6":"product_cat-unkategorisiert","8":"first","9":"instock","10":"featured","11":"virtual","12":"taxable","13":"purchasable","14":"product-type-simple"},"acf":[],"yoast_head":"<!-- This site is optimized with the Yoast SEO plugin v27.4 - https:\/\/yoast.com\/product\/yoast-seo-wordpress\/ -->\n<title>55 Grad Nord \u2013 Kurs Kopenhagen - Segelschiff Charter &amp; Reisen - Eye of the Wind<\/title>\n<meta name=\"description\" content=\"55 Grad Nord \u2013 Kurs auf Kopenhagen: Segelt\u00f6rn auf der Ostsee mit der Eye of the Wind von Kiel (Deutschland) nach Kopenhagen (D\u00e4nemark)\" \/>\n<meta name=\"robots\" content=\"index, follow, max-snippet:-1, max-image-preview:large, max-video-preview:-1\" \/>\n<link rel=\"canonical\" href=\"https:\/\/eyeofthewind.net\/en\/product\/55-degrees-north-course-for-copenhagen\/\" \/>\n<meta property=\"og:locale\" content=\"en_GB\" \/>\n<meta property=\"og:type\" content=\"article\" \/>\n<meta property=\"og:title\" content=\"55 Grad Nord \u2013 Kurs Kopenhagen - Segelschiff Charter &amp; Reisen - Eye of the Wind\" \/>\n<meta property=\"og:description\" content=\"55 Grad Nord \u2013 Kurs auf Kopenhagen: Segelt\u00f6rn auf der Ostsee mit der Eye of the Wind von Kiel (Deutschland) nach Kopenhagen (D\u00e4nemark)\" \/>\n<meta property=\"og:url\" content=\"https:\/\/eyeofthewind.net\/en\/product\/55-degrees-north-course-for-copenhagen\/\" \/>\n<meta property=\"og:site_name\" content=\"Segelschiff Charter &amp; Reisen - Eye of the Wind\" \/>\n<meta property=\"article:modified_time\" content=\"2026-03-05T08:49:45+00:00\" \/>\n<meta property=\"og:image\" content=\"https:\/\/eyeofthewind.net\/wp-content\/uploads\/2026\/03\/DSC00219_edited-scaled-e1772442868131.jpg\" \/>\n\t<meta property=\"og:image:width\" content=\"1844\" \/>\n\t<meta property=\"og:image:height\" content=\"1700\" \/>\n\t<meta property=\"og:image:type\" content=\"image\/jpeg\" \/>\n<meta name=\"twitter:card\" content=\"summary_large_image\" \/>\n<meta name=\"twitter:label1\" content=\"Estimated reading time\" \/>\n\t<meta name=\"twitter:data1\" content=\"1 minute\" \/>\n<script type=\"application\/ld+json\" class=\"yoast-schema-graph\">{\"@context\":\"https:\\\/\\\/schema.org\",\"@graph\":[{\"@type\":\"WebPage\",\"@id\":\"https:\\\/\\\/eyeofthewind.net\\\/produkt\\\/55-grad-nord-kurs-auf-kopenhagen\\\/\",\"url\":\"https:\\\/\\\/eyeofthewind.net\\\/produkt\\\/55-grad-nord-kurs-auf-kopenhagen\\\/\",\"name\":\"55 Grad Nord \u2013 Kurs Kopenhagen - Segelschiff Charter &amp; Reisen - Eye of the Wind\",\"isPartOf\":{\"@id\":\"https:\\\/\\\/eyeofthewind.net\\\/#website\"},\"primaryImageOfPage\":{\"@id\":\"https:\\\/\\\/eyeofthewind.net\\\/produkt\\\/55-grad-nord-kurs-auf-kopenhagen\\\/#primaryimage\"},\"image\":{\"@id\":\"https:\\\/\\\/eyeofthewind.net\\\/produkt\\\/55-grad-nord-kurs-auf-kopenhagen\\\/#primaryimage\"},\"thumbnailUrl\":\"https:\\\/\\\/eyeofthewind.net\\\/wp-content\\\/uploads\\\/2026\\\/03\\\/DSC00219_edited-scaled-e1772442868131.jpg\",\"datePublished\":\"2026-03-02T09:19:06+00:00\",\"dateModified\":\"2026-03-05T08:49:45+00:00\",\"description\":\"55 Grad Nord \u2013 Kurs auf Kopenhagen: Segelt\u00f6rn auf der Ostsee mit der Eye of the Wind von Kiel (Deutschland) nach Kopenhagen (D\u00e4nemark)\",\"breadcrumb\":{\"@id\":\"https:\\\/\\\/eyeofthewind.net\\\/produkt\\\/55-grad-nord-kurs-auf-kopenhagen\\\/#breadcrumb\"},\"inLanguage\":\"en-GB\",\"potentialAction\":[{\"@type\":\"ReadAction\",\"target\":[\"https:\\\/\\\/eyeofthewind.net\\\/produkt\\\/55-grad-nord-kurs-auf-kopenhagen\\\/\"]}]},{\"@type\":\"ImageObject\",\"inLanguage\":\"en-GB\",\"@id\":\"https:\\\/\\\/eyeofthewind.net\\\/produkt\\\/55-grad-nord-kurs-auf-kopenhagen\\\/#primaryimage\",\"url\":\"https:\\\/\\\/eyeofthewind.net\\\/wp-content\\\/uploads\\\/2026\\\/03\\\/DSC00219_edited-scaled-e1772442868131.jpg\",\"contentUrl\":\"https:\\\/\\\/eyeofthewind.net\\\/wp-content\\\/uploads\\\/2026\\\/03\\\/DSC00219_edited-scaled-e1772442868131.jpg\",\"width\":1844,\"height\":1700,\"caption\":\"55 Grad Nord Kurs auf Kopenhagen\"},{\"@type\":\"BreadcrumbList\",\"@id\":\"https:\\\/\\\/eyeofthewind.net\\\/produkt\\\/55-grad-nord-kurs-auf-kopenhagen\\\/#breadcrumb\",\"itemListElement\":[{\"@type\":\"ListItem\",\"position\":1,\"name\":\"Startseite\",\"item\":\"https:\\\/\\\/eyeofthewind.net\\\/\"},{\"@type\":\"ListItem\",\"position\":2,\"name\":\"Shop\",\"item\":\"https:\\\/\\\/eyeofthewind.net\\\/shop\\\/\"},{\"@type\":\"ListItem\",\"position\":3,\"name\":\"55 Grad Nord \u2013 Kurs Kopenhagen\"}]},{\"@type\":\"WebSite\",\"@id\":\"https:\\\/\\\/eyeofthewind.net\\\/#website\",\"url\":\"https:\\\/\\\/eyeofthewind.net\\\/\",\"name\":\"Segelschiff Charter &amp; Reisen - Eye of the Wind\",\"description\":\"Segelurlaub mit der Eye of the Wind: Segelt\u00f6rns zwischen Ostsee, Kanaren und Karibik. Jeder kann mitsegeln! Mehr zu Ihrer Segelreise.\",\"publisher\":{\"@id\":\"https:\\\/\\\/eyeofthewind.net\\\/#organization\"},\"potentialAction\":[{\"@type\":\"SearchAction\",\"target\":{\"@type\":\"EntryPoint\",\"urlTemplate\":\"https:\\\/\\\/eyeofthewind.net\\\/?s={search_term_string}\"},\"query-input\":{\"@type\":\"PropertyValueSpecification\",\"valueRequired\":true,\"valueName\":\"search_term_string\"}}],\"inLanguage\":\"en-GB\"},{\"@type\":\"Organization\",\"@id\":\"https:\\\/\\\/eyeofthewind.net\\\/#organization\",\"name\":\"Segelschiff Charter &amp; Reisen - Eye of the Wind\",\"url\":\"https:\\\/\\\/eyeofthewind.net\\\/\",\"logo\":{\"@type\":\"ImageObject\",\"inLanguage\":\"en-GB\",\"@id\":\"https:\\\/\\\/eyeofthewind.net\\\/#\\\/schema\\\/logo\\\/image\\\/\",\"url\":\"https:\\\/\\\/eyeofthewind.net\\\/wp-content\\\/uploads\\\/2024\\\/10\\\/L_Eye_weiss.svg\",\"contentUrl\":\"https:\\\/\\\/eyeofthewind.net\\\/wp-content\\\/uploads\\\/2024\\\/10\\\/L_Eye_weiss.svg\",\"width\":202,\"height\":123,\"caption\":\"Segelschiff Charter &amp; Reisen - Eye of the Wind\"},\"image\":{\"@id\":\"https:\\\/\\\/eyeofthewind.net\\\/#\\\/schema\\\/logo\\\/image\\\/\"}}]}<\/script>\n<!-- \/ Yoast SEO plugin. -->","yoast_head_json":{"title":"55 degrees North - Course Copenhagen - Sailing yacht charter &amp; travel - Eye of the Wind","description":"55 degrees north - heading for Copenhagen: sailing trip on the Baltic Sea with the Eye of the Wind from Kiel (Germany) to Copenhagen (Denmark)","robots":{"index":"index","follow":"follow","max-snippet":"max-snippet:-1","max-image-preview":"max-image-preview:large","max-video-preview":"max-video-preview:-1"},"canonical":"https:\/\/eyeofthewind.net\/en\/product\/55-degrees-north-course-for-copenhagen\/","og_locale":"en_GB","og_type":"article","og_title":"55 Grad Nord \u2013 Kurs Kopenhagen - Segelschiff Charter &amp; Reisen - Eye of the Wind","og_description":"55 Grad Nord \u2013 Kurs auf Kopenhagen: Segelt\u00f6rn auf der Ostsee mit der Eye of the Wind von Kiel (Deutschland) nach Kopenhagen (D\u00e4nemark)","og_url":"https:\/\/eyeofthewind.net\/en\/product\/55-degrees-north-course-for-copenhagen\/","og_site_name":"Segelschiff Charter &amp; Reisen - Eye of the Wind","article_modified_time":"2026-03-05T08:49:45+00:00","og_image":[{"width":1844,"height":1700,"url":"https:\/\/eyeofthewind.net\/wp-content\/uploads\/2026\/03\/DSC00219_edited-scaled-e1772442868131.jpg","type":"image\/jpeg"}],"twitter_card":"summary_large_image","twitter_misc":{"Estimated reading time":"1 minute"},"schema":{"@context":"https:\/\/schema.org","@graph":[{"@type":"WebPage","@id":"https:\/\/eyeofthewind.net\/produkt\/55-grad-nord-kurs-auf-kopenhagen\/","url":"https:\/\/eyeofthewind.net\/produkt\/55-grad-nord-kurs-auf-kopenhagen\/","name":"55 degrees North - Course Copenhagen - Sailing yacht charter &amp; travel - Eye of the Wind","isPartOf":{"@id":"https:\/\/eyeofthewind.net\/#website"},"primaryImageOfPage":{"@id":"https:\/\/eyeofthewind.net\/produkt\/55-grad-nord-kurs-auf-kopenhagen\/#primaryimage"},"image":{"@id":"https:\/\/eyeofthewind.net\/produkt\/55-grad-nord-kurs-auf-kopenhagen\/#primaryimage"},"thumbnailUrl":"https:\/\/eyeofthewind.net\/wp-content\/uploads\/2026\/03\/DSC00219_edited-scaled-e1772442868131.jpg","datePublished":"2026-03-02T09:19:06+00:00","dateModified":"2026-03-05T08:49:45+00:00","description":"55 degrees north - heading for Copenhagen: sailing trip on the Baltic Sea with the Eye of the Wind from Kiel (Germany) to Copenhagen (Denmark)","breadcrumb":{"@id":"https:\/\/eyeofthewind.net\/produkt\/55-grad-nord-kurs-auf-kopenhagen\/#breadcrumb"},"inLanguage":"en-GB","potentialAction":[{"@type":"ReadAction","target":["https:\/\/eyeofthewind.net\/produkt\/55-grad-nord-kurs-auf-kopenhagen\/"]}]},{"@type":"ImageObject","inLanguage":"en-GB","@id":"https:\/\/eyeofthewind.net\/produkt\/55-grad-nord-kurs-auf-kopenhagen\/#primaryimage","url":"https:\/\/eyeofthewind.net\/wp-content\/uploads\/2026\/03\/DSC00219_edited-scaled-e1772442868131.jpg","contentUrl":"https:\/\/eyeofthewind.net\/wp-content\/uploads\/2026\/03\/DSC00219_edited-scaled-e1772442868131.jpg","width":1844,"height":1700,"caption":"55 Grad Nord Kurs auf Kopenhagen"},{"@type":"BreadcrumbList","@id":"https:\/\/eyeofthewind.net\/produkt\/55-grad-nord-kurs-auf-kopenhagen\/#breadcrumb","itemListElement":[{"@type":"ListItem","position":1,"name":"Startseite","item":"https:\/\/eyeofthewind.net\/"},{"@type":"ListItem","position":2,"name":"Shop","item":"https:\/\/eyeofthewind.net\/shop\/"},{"@type":"ListItem","position":3,"name":"55 Grad Nord \u2013 Kurs Kopenhagen"}]},{"@type":"WebSite","@id":"https:\/\/eyeofthewind.net\/#website","url":"https:\/\/eyeofthewind.net\/","name":"Sailing Ship Charter &amp; Travelling - Eye of the Wind","description":"Sailing holidays with the Eye of the Wind: sailing trips between the Baltic Sea, Canary Islands and Caribbean. Anyone can sail with us! More about your sailing holiday.","publisher":{"@id":"https:\/\/eyeofthewind.net\/#organization"},"potentialAction":[{"@type":"SearchAction","target":{"@type":"EntryPoint","urlTemplate":"https:\/\/eyeofthewind.net\/?s={search_term_string}"},"query-input":{"@type":"PropertyValueSpecification","valueRequired":true,"valueName":"search_term_string"}}],"inLanguage":"en-GB"},{"@type":"Organization","@id":"https:\/\/eyeofthewind.net\/#organization","name":"Sailing Ship Charter &amp; Travelling - Eye of the Wind","url":"https:\/\/eyeofthewind.net\/","logo":{"@type":"ImageObject","inLanguage":"en-GB","@id":"https:\/\/eyeofthewind.net\/#\/schema\/logo\/image\/","url":"https:\/\/eyeofthewind.net\/wp-content\/uploads\/2024\/10\/L_Eye_weiss.svg","contentUrl":"https:\/\/eyeofthewind.net\/wp-content\/uploads\/2024\/10\/L_Eye_weiss.svg","width":202,"height":123,"caption":"Segelschiff Charter &amp; Reisen - Eye of the Wind"},"image":{"@id":"https:\/\/eyeofthewind.net\/#\/schema\/logo\/image\/"}}]}},"_links":{"self":[{"href":"https:\/\/eyeofthewind.net\/en\/wp-json\/wp\/v2\/product\/6123","targetHints":{"allow":["GET"]}}],"collection":[{"href":"https:\/\/eyeofthewind.net\/en\/wp-json\/wp\/v2\/product"}],"about":[{"href":"https:\/\/eyeofthewind.net\/en\/wp-json\/wp\/v2\/types\/product"}],"wp:featuredmedia":[{"embeddable":true,"href":"https:\/\/eyeofthewind.net\/en\/wp-json\/wp\/v2\/media\/6125"}],"wp:attachment":[{"href":"https:\/\/eyeofthewind.net\/en\/wp-json\/wp\/v2\/media?parent=6123"}],"wp:term":[{"taxonomy":"product_brand","embeddable":true,"href":"https:\/\/eyeofthewind.net\/en\/wp-json\/wp\/v2\/product_brand?post=6123"},{"taxonomy":"product_cat","embeddable":true,"href":"https:\/\/eyeofthewind.net\/en\/wp-json\/wp\/v2\/product_cat?post=6123"},{"taxonomy":"product_tag","embeddable":true,"href":"https:\/\/eyeofthewind.net\/en\/wp-json\/wp\/v2\/product_tag?post=6123"}],"curies":[{"name":"wp","href":"https:\/\/api.w.org\/{rel}","templated":true}]}}