{"id":6151,"date":"2026-03-04T10:20:21","date_gmt":"2026-03-04T09:20:21","guid":{"rendered":"https:\/\/eyeofthewind.net\/?post_type=product&#038;p=6151"},"modified":"2026-03-04T11:21:05","modified_gmt":"2026-03-04T10:21:05","slug":"golden-october-in-oresund-kattegat-and-trollhaette-canal","status":"publish","type":"product","link":"https:\/\/eyeofthewind.net\/en\/produkt\/goldener-oktober-im-oresund-kattegat-und-trollhaette-kanal\/","title":{"rendered":"Golden October in the \u00d8resund, Kattegat and Trollh\u00e4tte Canal"},"content":{"rendered":"<p class=\"translation-block\">The starting point for the trip is <strong>Copenhagen<\/strong>. Before boarding, discover the sights between Nyhavn and the Royal Palace. On this week-long <strong>sailing trip along the 12<sup>th<\/sup> degree of longitude<\/strong>, we will explore the scenic coastline of the island of Zealand and the western Swedish archipelago. This area between Denmark and Sweden is considered by Scandinavia enthusiasts to be <strong>one of the most beautiful areas in the Baltic Sea<\/strong>. The sailing trip ends in the <strong>northern metropolis of Gothenburg<\/strong>. There, we plan to <strong>sail a short distance inland on the Trollh\u00e4tte Canal<\/strong> and turn back after about a day's journey. Enjoy relaxing days on board \u2013 no previous experience is required to travel on the windjammer.<\/p>\n<p>The itinerary provides for arrival in Gothenburg on Thursday evening (15 October) or Friday morning (16 October). This way you have a full day to <strong>explore the sights of the city<\/strong>, without having to book an additional night in a hotel.<\/p>","protected":false},"excerpt":{"rendered":"<p>Ausgangspunkt der Reise ist Kopenhagen. Vor dem An-Bord-Gehen entdecken Sie dort die Sehensw\u00fcrdigkeiten zwischen Nyhavn und k\u00f6niglichem Schloss. Auf diesem einw\u00f6chigen Segelt\u00f6rn entlang des 12. L\u00e4ngengrades erkunden wir die landschaftlich reizvolle K\u00fcstenlinie der Insel Seeland und des westschwedischen Sch\u00e4rengartens. Dieses Revier zwischen D\u00e4nemark und Schweden gilt unter Skandinavien-Enthusiasten als eines der sch\u00f6nsten Seegebiete der Ostsee. [&hellip;]<\/p>\n","protected":false},"featured_media":6154,"template":"","meta":{"_acf_changed":false,"_vp_format_video_url":"","_vp_image_focal_point":[]},"product_brand":[],"product_cat":[15],"product_tag":[],"class_list":{"0":"post-6151","1":"product","2":"type-product","3":"status-publish","4":"has-post-thumbnail","6":"product_cat-unkategorisiert","8":"first","9":"instock","10":"featured","11":"virtual","12":"purchasable","13":"product-type-simple"},"acf":[],"yoast_head":"<!-- This site is optimized with the Yoast SEO plugin v27.4 - https:\/\/yoast.com\/product\/yoast-seo-wordpress\/ -->\n<title>Goldener Oktober im \u00d8resund, Kattegat und Trollh\u00e4tte Kanal - Segelschiff Charter &amp; Reisen - Eye of the Wind<\/title>\n<meta name=\"description\" content=\"Goldener Oktober im \u00d8resund, Kattegat &amp; Trollh\u00e4tte Kanal: Ostsee Segelt\u00f6rn mit der Eye of the Wind von Kopenhagen (D\u00e4nemark) nach G\u00f6teborg (Schweden)\" \/>\n<meta name=\"robots\" content=\"index, follow, max-snippet:-1, max-image-preview:large, max-video-preview:-1\" \/>\n<link rel=\"canonical\" href=\"https:\/\/eyeofthewind.net\/en\/product\/golden-october-in-oresund-kattegat-and-trollhaette-canal\/\" \/>\n<meta property=\"og:locale\" content=\"en_GB\" \/>\n<meta property=\"og:type\" content=\"article\" \/>\n<meta property=\"og:title\" content=\"Goldener Oktober im \u00d8resund, Kattegat und Trollh\u00e4tte Kanal - Segelschiff Charter &amp; Reisen - Eye of the Wind\" \/>\n<meta property=\"og:description\" content=\"Goldener Oktober im \u00d8resund, Kattegat &amp; Trollh\u00e4tte Kanal: Ostsee Segelt\u00f6rn mit der Eye of the Wind von Kopenhagen (D\u00e4nemark) nach G\u00f6teborg (Schweden)\" \/>\n<meta property=\"og:url\" content=\"https:\/\/eyeofthewind.net\/en\/product\/golden-october-in-oresund-kattegat-and-trollhaette-canal\/\" \/>\n<meta property=\"og:site_name\" content=\"Segelschiff Charter &amp; Reisen - Eye of the Wind\" \/>\n<meta property=\"article:modified_time\" content=\"2026-03-04T10:21:05+00:00\" \/>\n<meta property=\"og:image\" content=\"https:\/\/eyeofthewind.net\/wp-content\/uploads\/2026\/03\/IMG_9165_edited-scaled.jpg\" \/>\n\t<meta property=\"og:image:width\" content=\"2560\" \/>\n\t<meta property=\"og:image:height\" content=\"1689\" \/>\n\t<meta property=\"og:image:type\" content=\"image\/jpeg\" \/>\n<meta name=\"twitter:card\" content=\"summary_large_image\" \/>\n<meta name=\"twitter:label1\" content=\"Estimated reading time\" \/>\n\t<meta name=\"twitter:data1\" content=\"1 minute\" \/>\n<script type=\"application\/ld+json\" class=\"yoast-schema-graph\">{\"@context\":\"https:\\\/\\\/schema.org\",\"@graph\":[{\"@type\":\"WebPage\",\"@id\":\"https:\\\/\\\/eyeofthewind.net\\\/produkt\\\/goldener-oktober-im-oresund-kattegat-und-trollhaette-kanal\\\/\",\"url\":\"https:\\\/\\\/eyeofthewind.net\\\/produkt\\\/goldener-oktober-im-oresund-kattegat-und-trollhaette-kanal\\\/\",\"name\":\"Goldener Oktober im \u00d8resund, Kattegat und Trollh\u00e4tte Kanal - Segelschiff Charter &amp; Reisen - Eye of the Wind\",\"isPartOf\":{\"@id\":\"https:\\\/\\\/eyeofthewind.net\\\/#website\"},\"primaryImageOfPage\":{\"@id\":\"https:\\\/\\\/eyeofthewind.net\\\/produkt\\\/goldener-oktober-im-oresund-kattegat-und-trollhaette-kanal\\\/#primaryimage\"},\"image\":{\"@id\":\"https:\\\/\\\/eyeofthewind.net\\\/produkt\\\/goldener-oktober-im-oresund-kattegat-und-trollhaette-kanal\\\/#primaryimage\"},\"thumbnailUrl\":\"https:\\\/\\\/eyeofthewind.net\\\/wp-content\\\/uploads\\\/2026\\\/03\\\/IMG_9165_edited-scaled.jpg\",\"datePublished\":\"2026-03-04T09:20:21+00:00\",\"dateModified\":\"2026-03-04T10:21:05+00:00\",\"description\":\"Goldener Oktober im \u00d8resund, Kattegat & Trollh\u00e4tte Kanal: Ostsee Segelt\u00f6rn mit der Eye of the Wind von Kopenhagen (D\u00e4nemark) nach G\u00f6teborg (Schweden)\",\"breadcrumb\":{\"@id\":\"https:\\\/\\\/eyeofthewind.net\\\/produkt\\\/goldener-oktober-im-oresund-kattegat-und-trollhaette-kanal\\\/#breadcrumb\"},\"inLanguage\":\"en-GB\",\"potentialAction\":[{\"@type\":\"ReadAction\",\"target\":[\"https:\\\/\\\/eyeofthewind.net\\\/produkt\\\/goldener-oktober-im-oresund-kattegat-und-trollhaette-kanal\\\/\"]}]},{\"@type\":\"ImageObject\",\"inLanguage\":\"en-GB\",\"@id\":\"https:\\\/\\\/eyeofthewind.net\\\/produkt\\\/goldener-oktober-im-oresund-kattegat-und-trollhaette-kanal\\\/#primaryimage\",\"url\":\"https:\\\/\\\/eyeofthewind.net\\\/wp-content\\\/uploads\\\/2026\\\/03\\\/IMG_9165_edited-scaled.jpg\",\"contentUrl\":\"https:\\\/\\\/eyeofthewind.net\\\/wp-content\\\/uploads\\\/2026\\\/03\\\/IMG_9165_edited-scaled.jpg\",\"width\":2560,\"height\":1689,\"caption\":\"Goldener Oktober im \u00d8resund Kattegat und Trollh\u00e4tte Kanal\"},{\"@type\":\"BreadcrumbList\",\"@id\":\"https:\\\/\\\/eyeofthewind.net\\\/produkt\\\/goldener-oktober-im-oresund-kattegat-und-trollhaette-kanal\\\/#breadcrumb\",\"itemListElement\":[{\"@type\":\"ListItem\",\"position\":1,\"name\":\"Startseite\",\"item\":\"https:\\\/\\\/eyeofthewind.net\\\/\"},{\"@type\":\"ListItem\",\"position\":2,\"name\":\"Shop\",\"item\":\"https:\\\/\\\/eyeofthewind.net\\\/shop\\\/\"},{\"@type\":\"ListItem\",\"position\":3,\"name\":\"Goldener Oktober im \u00d8resund, Kattegat und Trollh\u00e4tte Kanal\"}]},{\"@type\":\"WebSite\",\"@id\":\"https:\\\/\\\/eyeofthewind.net\\\/#website\",\"url\":\"https:\\\/\\\/eyeofthewind.net\\\/\",\"name\":\"Segelschiff Charter &amp; Reisen - Eye of the Wind\",\"description\":\"Segelurlaub mit der Eye of the Wind: Segelt\u00f6rns zwischen Ostsee, Kanaren und Karibik. Jeder kann mitsegeln! Mehr zu Ihrer Segelreise.\",\"publisher\":{\"@id\":\"https:\\\/\\\/eyeofthewind.net\\\/#organization\"},\"potentialAction\":[{\"@type\":\"SearchAction\",\"target\":{\"@type\":\"EntryPoint\",\"urlTemplate\":\"https:\\\/\\\/eyeofthewind.net\\\/?s={search_term_string}\"},\"query-input\":{\"@type\":\"PropertyValueSpecification\",\"valueRequired\":true,\"valueName\":\"search_term_string\"}}],\"inLanguage\":\"en-GB\"},{\"@type\":\"Organization\",\"@id\":\"https:\\\/\\\/eyeofthewind.net\\\/#organization\",\"name\":\"Segelschiff Charter &amp; Reisen - Eye of the Wind\",\"url\":\"https:\\\/\\\/eyeofthewind.net\\\/\",\"logo\":{\"@type\":\"ImageObject\",\"inLanguage\":\"en-GB\",\"@id\":\"https:\\\/\\\/eyeofthewind.net\\\/#\\\/schema\\\/logo\\\/image\\\/\",\"url\":\"https:\\\/\\\/eyeofthewind.net\\\/wp-content\\\/uploads\\\/2024\\\/10\\\/L_Eye_weiss.svg\",\"contentUrl\":\"https:\\\/\\\/eyeofthewind.net\\\/wp-content\\\/uploads\\\/2024\\\/10\\\/L_Eye_weiss.svg\",\"width\":202,\"height\":123,\"caption\":\"Segelschiff Charter &amp; Reisen - Eye of the Wind\"},\"image\":{\"@id\":\"https:\\\/\\\/eyeofthewind.net\\\/#\\\/schema\\\/logo\\\/image\\\/\"}}]}<\/script>\n<!-- \/ Yoast SEO plugin. -->","yoast_head_json":{"title":"Golden October in the \u00d8resund, Kattegat and Trollh\u00e4tte Canal - Sailboat Charter &amp; Travel - Eye of the Wind","description":"Golden October in the \u00d8resund, Kattegat &amp; Trollh\u00e4tte Canal: Baltic Sea sailing trip with the Eye of the Wind from Copenhagen (Denmark) to Gothenburg (Sweden)","robots":{"index":"index","follow":"follow","max-snippet":"max-snippet:-1","max-image-preview":"max-image-preview:large","max-video-preview":"max-video-preview:-1"},"canonical":"https:\/\/eyeofthewind.net\/en\/product\/golden-october-in-oresund-kattegat-and-trollhaette-canal\/","og_locale":"en_GB","og_type":"article","og_title":"Goldener Oktober im \u00d8resund, Kattegat und Trollh\u00e4tte Kanal - Segelschiff Charter &amp; Reisen - Eye of the Wind","og_description":"Goldener Oktober im \u00d8resund, Kattegat & Trollh\u00e4tte Kanal: Ostsee Segelt\u00f6rn mit der Eye of the Wind von Kopenhagen (D\u00e4nemark) nach G\u00f6teborg (Schweden)","og_url":"https:\/\/eyeofthewind.net\/en\/product\/golden-october-in-oresund-kattegat-and-trollhaette-canal\/","og_site_name":"Segelschiff Charter &amp; Reisen - Eye of the Wind","article_modified_time":"2026-03-04T10:21:05+00:00","og_image":[{"width":2560,"height":1689,"url":"https:\/\/eyeofthewind.net\/wp-content\/uploads\/2026\/03\/IMG_9165_edited-scaled.jpg","type":"image\/jpeg"}],"twitter_card":"summary_large_image","twitter_misc":{"Estimated reading time":"1 minute"},"schema":{"@context":"https:\/\/schema.org","@graph":[{"@type":"WebPage","@id":"https:\/\/eyeofthewind.net\/produkt\/goldener-oktober-im-oresund-kattegat-und-trollhaette-kanal\/","url":"https:\/\/eyeofthewind.net\/produkt\/goldener-oktober-im-oresund-kattegat-und-trollhaette-kanal\/","name":"Golden October in the \u00d8resund, Kattegat and Trollh\u00e4tte Canal - Sailboat Charter &amp; Travel - Eye of the Wind","isPartOf":{"@id":"https:\/\/eyeofthewind.net\/#website"},"primaryImageOfPage":{"@id":"https:\/\/eyeofthewind.net\/produkt\/goldener-oktober-im-oresund-kattegat-und-trollhaette-kanal\/#primaryimage"},"image":{"@id":"https:\/\/eyeofthewind.net\/produkt\/goldener-oktober-im-oresund-kattegat-und-trollhaette-kanal\/#primaryimage"},"thumbnailUrl":"https:\/\/eyeofthewind.net\/wp-content\/uploads\/2026\/03\/IMG_9165_edited-scaled.jpg","datePublished":"2026-03-04T09:20:21+00:00","dateModified":"2026-03-04T10:21:05+00:00","description":"Golden October in the \u00d8resund, Kattegat &amp; Trollh\u00e4tte Canal: Baltic Sea sailing trip with the Eye of the Wind from Copenhagen (Denmark) to Gothenburg (Sweden)","breadcrumb":{"@id":"https:\/\/eyeofthewind.net\/produkt\/goldener-oktober-im-oresund-kattegat-und-trollhaette-kanal\/#breadcrumb"},"inLanguage":"en-GB","potentialAction":[{"@type":"ReadAction","target":["https:\/\/eyeofthewind.net\/produkt\/goldener-oktober-im-oresund-kattegat-und-trollhaette-kanal\/"]}]},{"@type":"ImageObject","inLanguage":"en-GB","@id":"https:\/\/eyeofthewind.net\/produkt\/goldener-oktober-im-oresund-kattegat-und-trollhaette-kanal\/#primaryimage","url":"https:\/\/eyeofthewind.net\/wp-content\/uploads\/2026\/03\/IMG_9165_edited-scaled.jpg","contentUrl":"https:\/\/eyeofthewind.net\/wp-content\/uploads\/2026\/03\/IMG_9165_edited-scaled.jpg","width":2560,"height":1689,"caption":"Goldener Oktober im \u00d8resund Kattegat und Trollh\u00e4tte Kanal"},{"@type":"BreadcrumbList","@id":"https:\/\/eyeofthewind.net\/produkt\/goldener-oktober-im-oresund-kattegat-und-trollhaette-kanal\/#breadcrumb","itemListElement":[{"@type":"ListItem","position":1,"name":"Startseite","item":"https:\/\/eyeofthewind.net\/"},{"@type":"ListItem","position":2,"name":"Shop","item":"https:\/\/eyeofthewind.net\/shop\/"},{"@type":"ListItem","position":3,"name":"Goldener Oktober im \u00d8resund, Kattegat und Trollh\u00e4tte Kanal"}]},{"@type":"WebSite","@id":"https:\/\/eyeofthewind.net\/#website","url":"https:\/\/eyeofthewind.net\/","name":"Sailing Ship Charter &amp; Travelling - Eye of the Wind","description":"Sailing holidays with the Eye of the Wind: sailing trips between the Baltic Sea, Canary Islands and Caribbean. Anyone can sail with us! More about your sailing holiday.","publisher":{"@id":"https:\/\/eyeofthewind.net\/#organization"},"potentialAction":[{"@type":"SearchAction","target":{"@type":"EntryPoint","urlTemplate":"https:\/\/eyeofthewind.net\/?s={search_term_string}"},"query-input":{"@type":"PropertyValueSpecification","valueRequired":true,"valueName":"search_term_string"}}],"inLanguage":"en-GB"},{"@type":"Organization","@id":"https:\/\/eyeofthewind.net\/#organization","name":"Sailing Ship Charter &amp; Travelling - Eye of the Wind","url":"https:\/\/eyeofthewind.net\/","logo":{"@type":"ImageObject","inLanguage":"en-GB","@id":"https:\/\/eyeofthewind.net\/#\/schema\/logo\/image\/","url":"https:\/\/eyeofthewind.net\/wp-content\/uploads\/2024\/10\/L_Eye_weiss.svg","contentUrl":"https:\/\/eyeofthewind.net\/wp-content\/uploads\/2024\/10\/L_Eye_weiss.svg","width":202,"height":123,"caption":"Segelschiff Charter &amp; Reisen - Eye of the Wind"},"image":{"@id":"https:\/\/eyeofthewind.net\/#\/schema\/logo\/image\/"}}]}},"_links":{"self":[{"href":"https:\/\/eyeofthewind.net\/en\/wp-json\/wp\/v2\/product\/6151","targetHints":{"allow":["GET"]}}],"collection":[{"href":"https:\/\/eyeofthewind.net\/en\/wp-json\/wp\/v2\/product"}],"about":[{"href":"https:\/\/eyeofthewind.net\/en\/wp-json\/wp\/v2\/types\/product"}],"wp:featuredmedia":[{"embeddable":true,"href":"https:\/\/eyeofthewind.net\/en\/wp-json\/wp\/v2\/media\/6154"}],"wp:attachment":[{"href":"https:\/\/eyeofthewind.net\/en\/wp-json\/wp\/v2\/media?parent=6151"}],"wp:term":[{"taxonomy":"product_brand","embeddable":true,"href":"https:\/\/eyeofthewind.net\/en\/wp-json\/wp\/v2\/product_brand?post=6151"},{"taxonomy":"product_cat","embeddable":true,"href":"https:\/\/eyeofthewind.net\/en\/wp-json\/wp\/v2\/product_cat?post=6151"},{"taxonomy":"product_tag","embeddable":true,"href":"https:\/\/eyeofthewind.net\/en\/wp-json\/wp\/v2\/product_tag?post=6151"}],"curies":[{"name":"wp","href":"https:\/\/api.w.org\/{rel}","templated":true}]}}