{"id":6243,"date":"2026-03-19T10:44:41","date_gmt":"2026-03-19T09:44:41","guid":{"rendered":"https:\/\/eyeofthewind.net\/?post_type=product&#038;p=6243"},"modified":"2026-04-02T11:42:53","modified_gmt":"2026-04-02T09:42:53","slug":"open-ship-tour-bremerhaven","status":"publish","type":"product","link":"https:\/\/eyeofthewind.net\/en\/produkt\/open-ship-schiffsbesichtigung-bremerhaven\/","title":{"rendered":"\u201eOpen Ship\u201c - Ship Tour - Bremerhaven"},"content":{"rendered":"<p style=\"text-align: justify;\">Since 1911 the <strong>Sailing ship Eye of the Wind<\/strong> across all the world's oceans. The tall ship, which has also been used as a film set in several Hollywood productions, can be visited on the 1st May public holiday. As part of a <strong>Open Ship<\/strong> the crew will answer questions from all seafarers, ship lovers and young sea dogs about the <a href=\"\/en\/ship\/\">Ship<\/a> and its <a href=\"\/en\/ship\/history\/\">History<\/a>. Every visitor can try out sailor's knots in a \"knot school\", and collectors will of course also receive a ship's stamp.<\/p>\n<p style=\"text-align: justify;\" class=\"translation-block\"><strong>Admission is free.<\/strong> Registration or booking is not necessary for participation in the Open Ship. There is no day trip during the Open Ship; the ship remains moored at its berth. The organiser reserves the right to change the berth at short notice.<\/p>","protected":false},"excerpt":{"rendered":"<p>Seit 1911 kreuzt das Segelschiff Eye of the Wind \u00fcber alle Weltmeere. Am Feiertag 1. Mai kann der Gro\u00dfsegler, der \u00fcbrigens auch schon als Filmkulisse in mehreren Hollywood-Produktionen zu Leinwandruhm gelangte, besichtigt werden. Im Rahmen eines Open Ship beantwortet die Besatzung allen Seh- und Seeleuten, Schiffsliebhabern und jungen Seeb\u00e4ren Fragen zum Schiff und seiner Geschichte. [&hellip;]<\/p>\n","protected":false},"featured_media":4437,"template":"","meta":{"_acf_changed":false,"_vp_format_video_url":"","_vp_image_focal_point":[]},"product_brand":[],"product_cat":[15],"product_tag":[],"class_list":{"0":"post-6243","1":"product","2":"type-product","3":"status-publish","4":"has-post-thumbnail","6":"product_cat-unkategorisiert","8":"first","9":"instock","10":"virtual","11":"taxable","12":"product-type-simple"},"acf":[],"yoast_head":"<!-- This site is optimized with the Yoast SEO plugin v27.4 - https:\/\/yoast.com\/product\/yoast-seo-wordpress\/ -->\n<title>\u201eOpen Ship&quot; \u2013 Schiffsbesichtigung \u2013 Bremerhaven - Segelschiff Charter &amp; Reisen - Eye of the Wind<\/title>\n<meta name=\"description\" content=\"\u201eOpen Ship&quot; \u2013 Schiffsbesichtigung in Bremerhaven: Eintritt frei auf dem Segelschiff Eye of the Wind. Freizeittipp f\u00fcr die ganze Familie.\" \/>\n<meta name=\"robots\" content=\"index, follow, max-snippet:-1, max-image-preview:large, max-video-preview:-1\" \/>\n<link rel=\"canonical\" href=\"https:\/\/eyeofthewind.net\/en\/product\/open-ship-tour-bremerhaven\/\" \/>\n<meta property=\"og:locale\" content=\"en_GB\" \/>\n<meta property=\"og:type\" content=\"article\" \/>\n<meta property=\"og:title\" content=\"\u201eOpen Ship&quot; \u2013 Schiffsbesichtigung \u2013 Bremerhaven - Segelschiff Charter &amp; Reisen - Eye of the Wind\" \/>\n<meta property=\"og:description\" content=\"\u201eOpen Ship&quot; \u2013 Schiffsbesichtigung in Bremerhaven: Eintritt frei auf dem Segelschiff Eye of the Wind. Freizeittipp f\u00fcr die ganze Familie.\" \/>\n<meta property=\"og:url\" content=\"https:\/\/eyeofthewind.net\/en\/product\/open-ship-tour-bremerhaven\/\" \/>\n<meta property=\"og:site_name\" content=\"Segelschiff Charter &amp; Reisen - Eye of the Wind\" \/>\n<meta property=\"article:modified_time\" content=\"2026-04-02T09:42:53+00:00\" \/>\n<meta property=\"og:image\" content=\"https:\/\/eyeofthewind.net\/wp-content\/uploads\/2025\/09\/P1020088.jpg\" \/>\n\t<meta property=\"og:image:width\" content=\"1280\" \/>\n\t<meta property=\"og:image:height\" content=\"960\" \/>\n\t<meta property=\"og:image:type\" content=\"image\/jpeg\" \/>\n<meta name=\"twitter:card\" content=\"summary_large_image\" \/>\n<meta name=\"twitter:label1\" content=\"Estimated reading time\" \/>\n\t<meta name=\"twitter:data1\" content=\"1 minute\" \/>\n<script type=\"application\/ld+json\" class=\"yoast-schema-graph\">{\"@context\":\"https:\\\/\\\/schema.org\",\"@graph\":[{\"@type\":\"WebPage\",\"@id\":\"https:\\\/\\\/eyeofthewind.net\\\/produkt\\\/open-ship-schiffsbesichtigung-bremerhaven\\\/\",\"url\":\"https:\\\/\\\/eyeofthewind.net\\\/produkt\\\/open-ship-schiffsbesichtigung-bremerhaven\\\/\",\"name\":\"\u201eOpen Ship\\\" \u2013 Schiffsbesichtigung \u2013 Bremerhaven - Segelschiff Charter &amp; Reisen - Eye of the Wind\",\"isPartOf\":{\"@id\":\"https:\\\/\\\/eyeofthewind.net\\\/#website\"},\"primaryImageOfPage\":{\"@id\":\"https:\\\/\\\/eyeofthewind.net\\\/produkt\\\/open-ship-schiffsbesichtigung-bremerhaven\\\/#primaryimage\"},\"image\":{\"@id\":\"https:\\\/\\\/eyeofthewind.net\\\/produkt\\\/open-ship-schiffsbesichtigung-bremerhaven\\\/#primaryimage\"},\"thumbnailUrl\":\"https:\\\/\\\/eyeofthewind.net\\\/wp-content\\\/uploads\\\/2025\\\/09\\\/P1020088.jpg\",\"datePublished\":\"2026-03-19T09:44:41+00:00\",\"dateModified\":\"2026-04-02T09:42:53+00:00\",\"description\":\"\u201eOpen Ship\\\" \u2013 Schiffsbesichtigung in Bremerhaven: Eintritt frei auf dem Segelschiff Eye of the Wind. Freizeittipp f\u00fcr die ganze Familie.\",\"breadcrumb\":{\"@id\":\"https:\\\/\\\/eyeofthewind.net\\\/produkt\\\/open-ship-schiffsbesichtigung-bremerhaven\\\/#breadcrumb\"},\"inLanguage\":\"en-GB\",\"potentialAction\":[{\"@type\":\"ReadAction\",\"target\":[\"https:\\\/\\\/eyeofthewind.net\\\/produkt\\\/open-ship-schiffsbesichtigung-bremerhaven\\\/\"]}]},{\"@type\":\"ImageObject\",\"inLanguage\":\"en-GB\",\"@id\":\"https:\\\/\\\/eyeofthewind.net\\\/produkt\\\/open-ship-schiffsbesichtigung-bremerhaven\\\/#primaryimage\",\"url\":\"https:\\\/\\\/eyeofthewind.net\\\/wp-content\\\/uploads\\\/2025\\\/09\\\/P1020088.jpg\",\"contentUrl\":\"https:\\\/\\\/eyeofthewind.net\\\/wp-content\\\/uploads\\\/2025\\\/09\\\/P1020088.jpg\",\"width\":1280,\"height\":960,\"caption\":\"Open Ship - Schiffsbesichtigung\"},{\"@type\":\"BreadcrumbList\",\"@id\":\"https:\\\/\\\/eyeofthewind.net\\\/produkt\\\/open-ship-schiffsbesichtigung-bremerhaven\\\/#breadcrumb\",\"itemListElement\":[{\"@type\":\"ListItem\",\"position\":1,\"name\":\"Startseite\",\"item\":\"https:\\\/\\\/eyeofthewind.net\\\/\"},{\"@type\":\"ListItem\",\"position\":2,\"name\":\"Shop\",\"item\":\"https:\\\/\\\/eyeofthewind.net\\\/shop\\\/\"},{\"@type\":\"ListItem\",\"position\":3,\"name\":\"\u201eOpen Ship&#8220; \u2013 Schiffsbesichtigung \u2013 Bremerhaven\"}]},{\"@type\":\"WebSite\",\"@id\":\"https:\\\/\\\/eyeofthewind.net\\\/#website\",\"url\":\"https:\\\/\\\/eyeofthewind.net\\\/\",\"name\":\"Segelschiff Charter &amp; Reisen - Eye of the Wind\",\"description\":\"Segelurlaub mit der Eye of the Wind: Segelt\u00f6rns zwischen Ostsee, Kanaren und Karibik. Jeder kann mitsegeln! Mehr zu Ihrer Segelreise.\",\"publisher\":{\"@id\":\"https:\\\/\\\/eyeofthewind.net\\\/#organization\"},\"potentialAction\":[{\"@type\":\"SearchAction\",\"target\":{\"@type\":\"EntryPoint\",\"urlTemplate\":\"https:\\\/\\\/eyeofthewind.net\\\/?s={search_term_string}\"},\"query-input\":{\"@type\":\"PropertyValueSpecification\",\"valueRequired\":true,\"valueName\":\"search_term_string\"}}],\"inLanguage\":\"en-GB\"},{\"@type\":\"Organization\",\"@id\":\"https:\\\/\\\/eyeofthewind.net\\\/#organization\",\"name\":\"Segelschiff Charter &amp; Reisen - Eye of the Wind\",\"url\":\"https:\\\/\\\/eyeofthewind.net\\\/\",\"logo\":{\"@type\":\"ImageObject\",\"inLanguage\":\"en-GB\",\"@id\":\"https:\\\/\\\/eyeofthewind.net\\\/#\\\/schema\\\/logo\\\/image\\\/\",\"url\":\"https:\\\/\\\/eyeofthewind.net\\\/wp-content\\\/uploads\\\/2024\\\/10\\\/L_Eye_weiss.svg\",\"contentUrl\":\"https:\\\/\\\/eyeofthewind.net\\\/wp-content\\\/uploads\\\/2024\\\/10\\\/L_Eye_weiss.svg\",\"width\":202,\"height\":123,\"caption\":\"Segelschiff Charter &amp; Reisen - Eye of the Wind\"},\"image\":{\"@id\":\"https:\\\/\\\/eyeofthewind.net\\\/#\\\/schema\\\/logo\\\/image\\\/\"}}]}<\/script>\n<!-- \/ Yoast SEO plugin. -->","yoast_head_json":{"title":"\u201eOpen Ship\" - Sightseeing - Bremerhaven - Sailing Ship Charter &amp; Travel - Eye of the Wind","description":"\u201eOpen Ship\" - ship tour in Bremerhaven: free admission to the sailing ship Eye of the Wind. Leisure tip for the whole family.","robots":{"index":"index","follow":"follow","max-snippet":"max-snippet:-1","max-image-preview":"max-image-preview:large","max-video-preview":"max-video-preview:-1"},"canonical":"https:\/\/eyeofthewind.net\/en\/product\/open-ship-tour-bremerhaven\/","og_locale":"en_GB","og_type":"article","og_title":"\u201eOpen Ship\" \u2013 Schiffsbesichtigung \u2013 Bremerhaven - Segelschiff Charter &amp; Reisen - Eye of the Wind","og_description":"\u201eOpen Ship\" \u2013 Schiffsbesichtigung in Bremerhaven: Eintritt frei auf dem Segelschiff Eye of the Wind. Freizeittipp f\u00fcr die ganze Familie.","og_url":"https:\/\/eyeofthewind.net\/en\/product\/open-ship-tour-bremerhaven\/","og_site_name":"Segelschiff Charter &amp; Reisen - Eye of the Wind","article_modified_time":"2026-04-02T09:42:53+00:00","og_image":[{"width":1280,"height":960,"url":"https:\/\/eyeofthewind.net\/wp-content\/uploads\/2025\/09\/P1020088.jpg","type":"image\/jpeg"}],"twitter_card":"summary_large_image","twitter_misc":{"Estimated reading time":"1 minute"},"schema":{"@context":"https:\/\/schema.org","@graph":[{"@type":"WebPage","@id":"https:\/\/eyeofthewind.net\/produkt\/open-ship-schiffsbesichtigung-bremerhaven\/","url":"https:\/\/eyeofthewind.net\/produkt\/open-ship-schiffsbesichtigung-bremerhaven\/","name":"\u201eOpen Ship\" - Sightseeing - Bremerhaven - Sailing Ship Charter &amp; Travel - Eye of the Wind","isPartOf":{"@id":"https:\/\/eyeofthewind.net\/#website"},"primaryImageOfPage":{"@id":"https:\/\/eyeofthewind.net\/produkt\/open-ship-schiffsbesichtigung-bremerhaven\/#primaryimage"},"image":{"@id":"https:\/\/eyeofthewind.net\/produkt\/open-ship-schiffsbesichtigung-bremerhaven\/#primaryimage"},"thumbnailUrl":"https:\/\/eyeofthewind.net\/wp-content\/uploads\/2025\/09\/P1020088.jpg","datePublished":"2026-03-19T09:44:41+00:00","dateModified":"2026-04-02T09:42:53+00:00","description":"\u201eOpen Ship\" - ship tour in Bremerhaven: free admission to the sailing ship Eye of the Wind. Leisure tip for the whole family.","breadcrumb":{"@id":"https:\/\/eyeofthewind.net\/produkt\/open-ship-schiffsbesichtigung-bremerhaven\/#breadcrumb"},"inLanguage":"en-GB","potentialAction":[{"@type":"ReadAction","target":["https:\/\/eyeofthewind.net\/produkt\/open-ship-schiffsbesichtigung-bremerhaven\/"]}]},{"@type":"ImageObject","inLanguage":"en-GB","@id":"https:\/\/eyeofthewind.net\/produkt\/open-ship-schiffsbesichtigung-bremerhaven\/#primaryimage","url":"https:\/\/eyeofthewind.net\/wp-content\/uploads\/2025\/09\/P1020088.jpg","contentUrl":"https:\/\/eyeofthewind.net\/wp-content\/uploads\/2025\/09\/P1020088.jpg","width":1280,"height":960,"caption":"Open Ship - Schiffsbesichtigung"},{"@type":"BreadcrumbList","@id":"https:\/\/eyeofthewind.net\/produkt\/open-ship-schiffsbesichtigung-bremerhaven\/#breadcrumb","itemListElement":[{"@type":"ListItem","position":1,"name":"Startseite","item":"https:\/\/eyeofthewind.net\/"},{"@type":"ListItem","position":2,"name":"Shop","item":"https:\/\/eyeofthewind.net\/shop\/"},{"@type":"ListItem","position":3,"name":"\u201eOpen Ship&#8220; \u2013 Schiffsbesichtigung \u2013 Bremerhaven"}]},{"@type":"WebSite","@id":"https:\/\/eyeofthewind.net\/#website","url":"https:\/\/eyeofthewind.net\/","name":"Sailing Ship Charter &amp; Travelling - Eye of the Wind","description":"Sailing holidays with the Eye of the Wind: sailing trips between the Baltic Sea, Canary Islands and Caribbean. Anyone can sail with us! More about your sailing holiday.","publisher":{"@id":"https:\/\/eyeofthewind.net\/#organization"},"potentialAction":[{"@type":"SearchAction","target":{"@type":"EntryPoint","urlTemplate":"https:\/\/eyeofthewind.net\/?s={search_term_string}"},"query-input":{"@type":"PropertyValueSpecification","valueRequired":true,"valueName":"search_term_string"}}],"inLanguage":"en-GB"},{"@type":"Organization","@id":"https:\/\/eyeofthewind.net\/#organization","name":"Sailing Ship Charter &amp; Travelling - Eye of the Wind","url":"https:\/\/eyeofthewind.net\/","logo":{"@type":"ImageObject","inLanguage":"en-GB","@id":"https:\/\/eyeofthewind.net\/#\/schema\/logo\/image\/","url":"https:\/\/eyeofthewind.net\/wp-content\/uploads\/2024\/10\/L_Eye_weiss.svg","contentUrl":"https:\/\/eyeofthewind.net\/wp-content\/uploads\/2024\/10\/L_Eye_weiss.svg","width":202,"height":123,"caption":"Segelschiff Charter &amp; Reisen - Eye of the Wind"},"image":{"@id":"https:\/\/eyeofthewind.net\/#\/schema\/logo\/image\/"}}]}},"_links":{"self":[{"href":"https:\/\/eyeofthewind.net\/en\/wp-json\/wp\/v2\/product\/6243","targetHints":{"allow":["GET"]}}],"collection":[{"href":"https:\/\/eyeofthewind.net\/en\/wp-json\/wp\/v2\/product"}],"about":[{"href":"https:\/\/eyeofthewind.net\/en\/wp-json\/wp\/v2\/types\/product"}],"wp:featuredmedia":[{"embeddable":true,"href":"https:\/\/eyeofthewind.net\/en\/wp-json\/wp\/v2\/media\/4437"}],"wp:attachment":[{"href":"https:\/\/eyeofthewind.net\/en\/wp-json\/wp\/v2\/media?parent=6243"}],"wp:term":[{"taxonomy":"product_brand","embeddable":true,"href":"https:\/\/eyeofthewind.net\/en\/wp-json\/wp\/v2\/product_brand?post=6243"},{"taxonomy":"product_cat","embeddable":true,"href":"https:\/\/eyeofthewind.net\/en\/wp-json\/wp\/v2\/product_cat?post=6243"},{"taxonomy":"product_tag","embeddable":true,"href":"https:\/\/eyeofthewind.net\/en\/wp-json\/wp\/v2\/product_tag?post=6243"}],"curies":[{"name":"wp","href":"https:\/\/api.w.org\/{rel}","templated":true}]}}